{"id":7445,"date":"2026-01-23T15:58:46","date_gmt":"2026-01-23T15:58:46","guid":{"rendered":"https:\/\/mapospheres.eu\/?post_type=product&#038;p=7445"},"modified":"2026-01-27T16:31:46","modified_gmt":"2026-01-27T16:31:46","slug":"poster-of-rostock-germany","status":"publish","type":"product","link":"https:\/\/mapospheres.eu\/es\/product\/poster-de-rostock-alemania\/","title":{"rendered":"Poster de Rostock | Alemania"},"content":{"rendered":"<p><strong>City Map Poster de Rostock, Mecklemburgo-Pomerania Occidental: situada a lo largo de la pintoresca costa de Mecklemburgo-Pomerania Occidental, Alemania, es una cautivadora combinaci\u00f3n de encanto mar\u00edtimo, arquitectura hist\u00f3rica y cultura vibrante, convirti\u00e9ndola en una opci\u00f3n atractiva para la decoraci\u00f3n de paredes<\/strong><\/p>\n<p>En el coraz\u00f3n del mapa se encuentra la bulliciosa Altstadt (Casco Antiguo), un laberinto de estrechas calles empedradas y coloridas casas con frontones que datan de siglos atr\u00e1s. Dominando el horizonte se encuentra la imponente Iglesia de Santa Mar\u00eda, con sus altas torres y su intrincada arquitectura g\u00f3tica, sirviendo como un destacado punto central en el distrito hist\u00f3rico.<\/p>\n<p>Extendi\u00e9ndose a lo largo de las orillas del r\u00edo Warnow, el mapa muestra el animado puerto de Rostock, donde atracan barcos de todos los tama\u00f1os contra un tel\u00f3n de fondo de encanto industrial y actividad mar\u00edtima. El ic\u00f3nico Ayuntamiento de Rostock, con su distintiva fachada de ladrillo rojo y ornamentados frontones, a\u00f1ade un toque de grandeza arquitect\u00f3nica al mapa.<\/p>\n<p>M\u00e1s all\u00e1 del centro de la ciudad, el mapa destaca los frondosos parques y espacios verdes de Rostock, como el extenso Bosque Barnstorfer y el id\u00edlico Volkspark, que ofrecen retiros tranquilos en medio de la vida urbana. La cercana costa est\u00e1 salpicada de pintorescas playas y paseos mar\u00edtimos, ofreciendo vistas panor\u00e1micas del mar B\u00e1ltico y oportunidades para paseos relajantes. El mapa captura el din\u00e1mico paisaje de la regi\u00f3n, desde las colinas ondulantes del Distrito de Lagos de Mecklemburgo hasta las arenosas costas del B\u00e1ltico.<\/p>\n<p>En resumen, el mapa de Rostock es un homenaje cautivador a esta hist\u00f3rica ciudad hanse\u00e1tica, capturando su esplendor arquitect\u00f3nico, belleza natural y vibrante cultura en una presentaci\u00f3n visualmente atractiva que seguramente realzar\u00e1 cualquier pared.<\/p>\n","protected":false},"excerpt":{"rendered":"<p>Consigue un City Map (mapa mural de ciudad) impreso de Rostock, Alemania. \u00a1Elige el tama\u00f1o, el color y el dise\u00f1o de tu mapa a continuaci\u00f3n!<\/p>\n","protected":false},"featured_media":8290,"template":"","meta":{"_uag_custom_page_level_css":"","_monsterinsights_skip_tracking":false,"_monsterinsights_sitenote_active":false,"_monsterinsights_sitenote_note":"","_monsterinsights_sitenote_category":0,"site-sidebar-layout":"default","site-content-layout":"","ast-site-content-layout":"default","site-content-style":"default","site-sidebar-style":"default","ast-global-header-display":"","ast-banner-title-visibility":"","ast-main-header-display":"","ast-hfb-above-header-display":"","ast-hfb-below-header-display":"","ast-hfb-mobile-header-display":"","site-post-title":"","ast-breadcrumbs-content":"","ast-featured-img":"","footer-sml-layout":"","ast-disable-related-posts":"","theme-transparent-header-meta":"default","adv-header-id-meta":"","stick-header-meta":"","header-above-stick-meta":"","header-main-stick-meta":"","header-below-stick-meta":"","astra-migrate-meta-layouts":"set","ast-page-background-enabled":"default","ast-page-background-meta":{"desktop":{"background-color":"","background-image":"","background-repeat":"repeat","background-position":"center center","background-size":"auto","background-attachment":"scroll","background-type":"","background-media":"","overlay-type":"","overlay-color":"","overlay-opacity":"","overlay-gradient":""},"tablet":{"background-color":"","background-image":"","background-repeat":"repeat","background-position":"center center","background-size":"auto","background-attachment":"scroll","background-type":"","background-media":"","overlay-type":"","overlay-color":"","overlay-opacity":"","overlay-gradient":""},"mobile":{"background-color":"","background-image":"","background-repeat":"repeat","background-position":"center center","background-size":"auto","background-attachment":"scroll","background-type":"","background-media":"","overlay-type":"","overlay-color":"","overlay-opacity":"","overlay-gradient":""}},"ast-content-background-meta":{"desktop":{"background-color":"var(--ast-global-color-5)","background-image":"","background-repeat":"repeat","background-position":"center center","background-size":"auto","background-attachment":"scroll","background-type":"","background-media":"","overlay-type":"","overlay-color":"","overlay-opacity":"","overlay-gradient":""},"tablet":{"background-color":"var(--ast-global-color-5)","background-image":"","background-repeat":"repeat","background-position":"center center","background-size":"auto","background-attachment":"scroll","background-type":"","background-media":"","overlay-type":"","overlay-color":"","overlay-opacity":"","overlay-gradient":""},"mobile":{"background-color":"var(--ast-global-color-5)","background-image":"","background-repeat":"repeat","background-position":"center center","background-size":"auto","background-attachment":"scroll","background-type":"","background-media":"","overlay-type":"","overlay-color":"","overlay-opacity":"","overlay-gradient":""}}},"product_brand":[],"product_cat":[18],"product_tag":[34,35,36,37,39,40,93,173,191,193],"class_list":{"0":"post-7445","1":"product","2":"type-product","3":"status-publish","4":"has-post-thumbnail","6":"product_cat-city-maps","7":"product_tag-30x40","8":"product_tag-40x50","9":"product_tag-50x70","10":"product_tag-70x100","11":"product_tag-canvas","12":"product_tag-city-map","13":"product_tag-europe","14":"product_tag-germany","15":"product_tag-mecklenburg-vorpommern","16":"product_tag-rostock","17":"desktop-align-left","18":"tablet-align-left","19":"mobile-align-left","21":"first","22":"instock","23":"shipping-taxable","24":"purchasable","25":"product-type-variable"},"aioseo_notices":[],"uagb_featured_image_src":{"full":["https:\/\/mapospheres.eu\/wp-content\/uploads\/2026\/01\/CANVAS_13_BW_MP_3-23.jpg",1000,1000,false],"thumbnail":["https:\/\/mapospheres.eu\/wp-content\/uploads\/2026\/01\/CANVAS_13_BW_MP_3-23-150x150.jpg",150,150,true],"medium":["https:\/\/mapospheres.eu\/wp-content\/uploads\/2026\/01\/CANVAS_13_BW_MP_3-23-300x300.jpg",300,300,true],"medium_large":["https:\/\/mapospheres.eu\/wp-content\/uploads\/2026\/01\/CANVAS_13_BW_MP_3-23-768x768.jpg",768,768,true],"large":["https:\/\/mapospheres.eu\/wp-content\/uploads\/2026\/01\/CANVAS_13_BW_MP_3-23.jpg",1000,1000,false],"1536x1536":["https:\/\/mapospheres.eu\/wp-content\/uploads\/2026\/01\/CANVAS_13_BW_MP_3-23.jpg",1000,1000,false],"2048x2048":["https:\/\/mapospheres.eu\/wp-content\/uploads\/2026\/01\/CANVAS_13_BW_MP_3-23.jpg",1000,1000,false],"woocommerce_thumbnail":["https:\/\/mapospheres.eu\/wp-content\/uploads\/2026\/01\/CANVAS_13_BW_MP_3-23-300x300.jpg",300,300,true],"woocommerce_single":["https:\/\/mapospheres.eu\/wp-content\/uploads\/2026\/01\/CANVAS_13_BW_MP_3-23-600x600.jpg",600,600,true],"woocommerce_gallery_thumbnail":["https:\/\/mapospheres.eu\/wp-content\/uploads\/2026\/01\/CANVAS_13_BW_MP_3-23-100x100.jpg",100,100,true]},"uagb_author_info":{"display_name":"sgainot04@gmail.com","author_link":"https:\/\/mapospheres.eu\/es\/author\/"},"uagb_comment_info":0,"uagb_excerpt":"Consigue un City Map (mapa mural de ciudad) impreso de Rostock, Alemania. \u00a1Elige el tama\u00f1o, el color y el dise\u00f1o de tu mapa a continuaci\u00f3n!","_links":{"self":[{"href":"https:\/\/mapospheres.eu\/es\/wp-json\/wp\/v2\/product\/7445","targetHints":{"allow":["GET"]}}],"collection":[{"href":"https:\/\/mapospheres.eu\/es\/wp-json\/wp\/v2\/product"}],"about":[{"href":"https:\/\/mapospheres.eu\/es\/wp-json\/wp\/v2\/types\/product"}],"wp:featuredmedia":[{"embeddable":true,"href":"https:\/\/mapospheres.eu\/es\/wp-json\/wp\/v2\/media\/8290"}],"wp:attachment":[{"href":"https:\/\/mapospheres.eu\/es\/wp-json\/wp\/v2\/media?parent=7445"}],"wp:term":[{"taxonomy":"product_brand","embeddable":true,"href":"https:\/\/mapospheres.eu\/es\/wp-json\/wp\/v2\/product_brand?post=7445"},{"taxonomy":"product_cat","embeddable":true,"href":"https:\/\/mapospheres.eu\/es\/wp-json\/wp\/v2\/product_cat?post=7445"},{"taxonomy":"product_tag","embeddable":true,"href":"https:\/\/mapospheres.eu\/es\/wp-json\/wp\/v2\/product_tag?post=7445"}],"curies":[{"name":"wp","href":"https:\/\/api.w.org\/{rel}","templated":true}]}}