{"id":7450,"date":"2026-01-23T15:58:57","date_gmt":"2026-01-23T15:58:57","guid":{"rendered":"https:\/\/mapospheres.eu\/?post_type=product&#038;p=7450"},"modified":"2026-02-18T15:19:31","modified_gmt":"2026-02-18T15:19:31","slug":"poster-of-bogota-colombia","status":"publish","type":"product","link":"https:\/\/mapospheres.eu\/es\/product\/poster-de-bogota-colombia\/","title":{"rendered":"Poster de Bogot\u00e1 | Colombia"},"content":{"rendered":"<p><strong>Poster City map de Bogot\u00e1, Colombia: ya sea que est\u00e9s admirando el ic\u00f3nico Museo del Oro o el vibrante arte callejero que adorna muchas de las paredes de la ciudad, cada rinc\u00f3n de este mapa cuenta la historia de una ciudad que se trata tanto de su gente como de su territorio.<\/strong><\/p>\n<p>A los pies de los Andes, la ubicaci\u00f3n \u00fanica de Bogot\u00e1 a 2,640 metros (8,660 pies) sobre el nivel del mar le brinda un dram\u00e1tico tel\u00f3n de fondo de picos escarpados y valles amplios. Este mapa captura hermosamente el terreno ondulado, donde la tierra se eleva y desciende como las notas de una sinfon\u00eda bien interpretada, haciendo del trazado de la ciudad un verdadero deleite visual. En el coraz\u00f3n de la ciudad se encuentra el distrito hist\u00f3rico de La Candelaria, un encantador laberinto de calles empedradas, edificios coloniales y murales coloridos. Esta zona est\u00e1 impregnada de historias del pasado de Bogot\u00e1, desde los d\u00edas de las civilizaciones ind\u00edgenas hasta la \u00e9poca colonial y m\u00e1s all\u00e1. Alrededor de este n\u00facleo hist\u00f3rico, espacios verdes como el famoso Parque Sim\u00f3n Bol\u00edvar ofrecen un refrescante contraste con las bulliciosas calles de la ciudad. Aqu\u00ed puedes pasear por amplios y tranquilos jardines o simplemente disfrutar de la vista de los majestuosos Andes al fondo. El ic\u00f3nico Monserrate, ubicado en lo alto de la ciudad, es un elemento destacado en el mapa, ofreciendo tanto un retiro espiritual como vistas panor\u00e1micas de toda la ciudad. La leyenda dice que esta colina ha sido un lugar de peregrinaci\u00f3n durante siglos, con locales y visitantes ascendiendo para experimentar tanto las impresionantes vistas como el sereno santuario en su cima.<\/p>\n","protected":false},"excerpt":{"rendered":"<p>Consigue un City Map (mapa mural de ciudad) impreso de Bogot\u00e1, Colombia. \u00a1Elige el tama\u00f1o, el color y el dise\u00f1o de tu mapa a continuaci\u00f3n!<\/p>\n","protected":false},"featured_media":8051,"template":"","meta":{"_uag_custom_page_level_css":"","_monsterinsights_skip_tracking":false,"_monsterinsights_sitenote_active":false,"_monsterinsights_sitenote_note":"","_monsterinsights_sitenote_category":0,"site-sidebar-layout":"default","site-content-layout":"","ast-site-content-layout":"default","site-content-style":"default","site-sidebar-style":"default","ast-global-header-display":"","ast-banner-title-visibility":"","ast-main-header-display":"","ast-hfb-above-header-display":"","ast-hfb-below-header-display":"","ast-hfb-mobile-header-display":"","site-post-title":"","ast-breadcrumbs-content":"","ast-featured-img":"","footer-sml-layout":"","ast-disable-related-posts":"","theme-transparent-header-meta":"default","adv-header-id-meta":"","stick-header-meta":"","header-above-stick-meta":"","header-main-stick-meta":"","header-below-stick-meta":"","astra-migrate-meta-layouts":"set","ast-page-background-enabled":"default","ast-page-background-meta":{"desktop":{"background-color":"","background-image":"","background-repeat":"repeat","background-position":"center center","background-size":"auto","background-attachment":"scroll","background-type":"","background-media":"","overlay-type":"","overlay-color":"","overlay-opacity":"","overlay-gradient":""},"tablet":{"background-color":"","background-image":"","background-repeat":"repeat","background-position":"center center","background-size":"auto","background-attachment":"scroll","background-type":"","background-media":"","overlay-type":"","overlay-color":"","overlay-opacity":"","overlay-gradient":""},"mobile":{"background-color":"","background-image":"","background-repeat":"repeat","background-position":"center center","background-size":"auto","background-attachment":"scroll","background-type":"","background-media":"","overlay-type":"","overlay-color":"","overlay-opacity":"","overlay-gradient":""}},"ast-content-background-meta":{"desktop":{"background-color":"var(--ast-global-color-5)","background-image":"","background-repeat":"repeat","background-position":"center center","background-size":"auto","background-attachment":"scroll","background-type":"","background-media":"","overlay-type":"","overlay-color":"","overlay-opacity":"","overlay-gradient":""},"tablet":{"background-color":"var(--ast-global-color-5)","background-image":"","background-repeat":"repeat","background-position":"center center","background-size":"auto","background-attachment":"scroll","background-type":"","background-media":"","overlay-type":"","overlay-color":"","overlay-opacity":"","overlay-gradient":""},"mobile":{"background-color":"var(--ast-global-color-5)","background-image":"","background-repeat":"repeat","background-position":"center center","background-size":"auto","background-attachment":"scroll","background-type":"","background-media":"","overlay-type":"","overlay-color":"","overlay-opacity":"","overlay-gradient":""}}},"product_brand":[],"product_cat":[18,465],"product_tag":[34,35,36,37,118,39,40,121,42],"class_list":{"0":"post-7450","1":"product","2":"type-product","3":"status-publish","4":"has-post-thumbnail","6":"product_cat-city-maps","7":"product_cat-featured_esp","8":"product_tag-30x40","9":"product_tag-40x50","10":"product_tag-50x70","11":"product_tag-70x100","12":"product_tag-bogota","13":"product_tag-canvas","14":"product_tag-city-map","15":"product_tag-colombia","16":"product_tag-south-america","17":"desktop-align-left","18":"tablet-align-left","19":"mobile-align-left","21":"first","22":"instock","23":"shipping-taxable","24":"purchasable","25":"product-type-variable"},"aioseo_notices":[],"uagb_featured_image_src":{"full":["https:\/\/mapospheres.eu\/wp-content\/uploads\/2026\/01\/Z22_RED_FULL_-19.jpg",1000,1000,false],"thumbnail":["https:\/\/mapospheres.eu\/wp-content\/uploads\/2026\/01\/Z22_RED_FULL_-19-150x150.jpg",150,150,true],"medium":["https:\/\/mapospheres.eu\/wp-content\/uploads\/2026\/01\/Z22_RED_FULL_-19-300x300.jpg",300,300,true],"medium_large":["https:\/\/mapospheres.eu\/wp-content\/uploads\/2026\/01\/Z22_RED_FULL_-19-768x768.jpg",768,768,true],"large":["https:\/\/mapospheres.eu\/wp-content\/uploads\/2026\/01\/Z22_RED_FULL_-19.jpg",1000,1000,false],"1536x1536":["https:\/\/mapospheres.eu\/wp-content\/uploads\/2026\/01\/Z22_RED_FULL_-19.jpg",1000,1000,false],"2048x2048":["https:\/\/mapospheres.eu\/wp-content\/uploads\/2026\/01\/Z22_RED_FULL_-19.jpg",1000,1000,false],"woocommerce_thumbnail":["https:\/\/mapospheres.eu\/wp-content\/uploads\/2026\/01\/Z22_RED_FULL_-19-300x300.jpg",300,300,true],"woocommerce_single":["https:\/\/mapospheres.eu\/wp-content\/uploads\/2026\/01\/Z22_RED_FULL_-19-600x600.jpg",600,600,true],"woocommerce_gallery_thumbnail":["https:\/\/mapospheres.eu\/wp-content\/uploads\/2026\/01\/Z22_RED_FULL_-19-100x100.jpg",100,100,true]},"uagb_author_info":{"display_name":"sgainot04@gmail.com","author_link":"https:\/\/mapospheres.eu\/es\/author\/"},"uagb_comment_info":0,"uagb_excerpt":"Consigue un City Map (mapa mural de ciudad) impreso de Bogot\u00e1, Colombia. \u00a1Elige el tama\u00f1o, el color y el dise\u00f1o de tu mapa a continuaci\u00f3n!","_links":{"self":[{"href":"https:\/\/mapospheres.eu\/es\/wp-json\/wp\/v2\/product\/7450","targetHints":{"allow":["GET"]}}],"collection":[{"href":"https:\/\/mapospheres.eu\/es\/wp-json\/wp\/v2\/product"}],"about":[{"href":"https:\/\/mapospheres.eu\/es\/wp-json\/wp\/v2\/types\/product"}],"wp:featuredmedia":[{"embeddable":true,"href":"https:\/\/mapospheres.eu\/es\/wp-json\/wp\/v2\/media\/8051"}],"wp:attachment":[{"href":"https:\/\/mapospheres.eu\/es\/wp-json\/wp\/v2\/media?parent=7450"}],"wp:term":[{"taxonomy":"product_brand","embeddable":true,"href":"https:\/\/mapospheres.eu\/es\/wp-json\/wp\/v2\/product_brand?post=7450"},{"taxonomy":"product_cat","embeddable":true,"href":"https:\/\/mapospheres.eu\/es\/wp-json\/wp\/v2\/product_cat?post=7450"},{"taxonomy":"product_tag","embeddable":true,"href":"https:\/\/mapospheres.eu\/es\/wp-json\/wp\/v2\/product_tag?post=7450"}],"curies":[{"name":"wp","href":"https:\/\/api.w.org\/{rel}","templated":true}]}}