{"id":9652,"date":"2026-02-02T15:36:22","date_gmt":"2026-02-02T15:36:22","guid":{"rendered":"https:\/\/mapospheres.eu\/product\/elevation-map-poster-custom-your-maps-2\/"},"modified":"2026-02-06T15:55:05","modified_gmt":"2026-02-06T15:55:05","slug":"elevation-map-poster-custom-your-maps","status":"publish","type":"product","link":"https:\/\/mapospheres.eu\/es\/product\/poster-personalizado-mapa-de-altitud\/","title":{"rendered":"P\u00f3ster personalizado | Mapa de Altitud"},"content":{"rendered":"<p>\u00a1Gracias por su inter\u00e9s en nuestro trabajo! \ud83d\ude42 <\/p>\n<p>Puedes elegir CUALQUIER CIUDAD\/LUGAR DEL MUNDO y pedirnos que creemos tu mapa de altitud con nuestro dise\u00f1o. \u00a1D\u00e9janos una nota con el nombre del lugar al finalizar tu compra!<\/p>\n<p>Por favor, lee la secci\u00f3n <a title=\"FAQ\" href=\"https:\/\/mapospheres.eu\/es\/preguntas-frecuentes\/\" target=\"_blank\">Preguntas Frecuentes<\/a> y no dudes en <a title=\"contact\" href=\"https:\/\/mapospheres.eu\/es\/contacto\/\" target=\"_blank\">contactarme<\/a> si tienes alguna pregunta.<\/p>\n","protected":false},"excerpt":{"rendered":"<p>\u00a1Consigue esta impresi\u00f3n de mapa de altitud de CUALQUIER CIUDAD DEL MUNDO! Puedes elegir el tama\u00f1o o el dise\u00f1o para tu mapa. Dejanos una notita con el nombre de tu ciudad al finalizar tu compra.<\/p>\n","protected":false},"featured_media":9711,"template":"","meta":{"_uag_custom_page_level_css":"","_monsterinsights_skip_tracking":false,"_monsterinsights_sitenote_active":false,"_monsterinsights_sitenote_note":"","_monsterinsights_sitenote_category":0,"site-sidebar-layout":"default","site-content-layout":"","ast-site-content-layout":"default","site-content-style":"default","site-sidebar-style":"default","ast-global-header-display":"","ast-banner-title-visibility":"","ast-main-header-display":"","ast-hfb-above-header-display":"","ast-hfb-below-header-display":"","ast-hfb-mobile-header-display":"","site-post-title":"","ast-breadcrumbs-content":"","ast-featured-img":"","footer-sml-layout":"","ast-disable-related-posts":"","theme-transparent-header-meta":"default","adv-header-id-meta":"","stick-header-meta":"","header-above-stick-meta":"","header-main-stick-meta":"","header-below-stick-meta":"","astra-migrate-meta-layouts":"set","ast-page-background-enabled":"default","ast-page-background-meta":{"desktop":{"background-color":"","background-image":"","background-repeat":"repeat","background-position":"center center","background-size":"auto","background-attachment":"scroll","background-type":"","background-media":"","overlay-type":"","overlay-color":"","overlay-opacity":"","overlay-gradient":""},"tablet":{"background-color":"","background-image":"","background-repeat":"repeat","background-position":"center center","background-size":"auto","background-attachment":"scroll","background-type":"","background-media":"","overlay-type":"","overlay-color":"","overlay-opacity":"","overlay-gradient":""},"mobile":{"background-color":"","background-image":"","background-repeat":"repeat","background-position":"center center","background-size":"auto","background-attachment":"scroll","background-type":"","background-media":"","overlay-type":"","overlay-color":"","overlay-opacity":"","overlay-gradient":""}},"ast-content-background-meta":{"desktop":{"background-color":"var(--ast-global-color-5)","background-image":"","background-repeat":"repeat","background-position":"center center","background-size":"auto","background-attachment":"scroll","background-type":"","background-media":"","overlay-type":"","overlay-color":"","overlay-opacity":"","overlay-gradient":""},"tablet":{"background-color":"var(--ast-global-color-5)","background-image":"","background-repeat":"repeat","background-position":"center center","background-size":"auto","background-attachment":"scroll","background-type":"","background-media":"","overlay-type":"","overlay-color":"","overlay-opacity":"","overlay-gradient":""},"mobile":{"background-color":"var(--ast-global-color-5)","background-image":"","background-repeat":"repeat","background-position":"center center","background-size":"auto","background-attachment":"scroll","background-type":"","background-media":"","overlay-type":"","overlay-color":"","overlay-opacity":"","overlay-gradient":""}}},"product_brand":[],"product_cat":[265],"product_tag":[34,35,36,37,243,39,40,246,247,317,92,258,251,259,252,261,262,254],"class_list":{"0":"post-9652","1":"product","2":"type-product","3":"status-publish","4":"has-post-thumbnail","6":"product_cat-custom-your-maps","7":"product_tag-30x40","8":"product_tag-40x50","9":"product_tag-50x70","10":"product_tag-70x100","11":"product_tag-80x60","12":"product_tag-canvas","13":"product_tag-city-map","14":"product_tag-custom-map","15":"product_tag-decoration","16":"product_tag-elevation","17":"product_tag-elevation-map","18":"product_tag-hand-made","19":"product_tag-mapospheres","20":"product_tag-original-design","21":"product_tag-poster","22":"product_tag-street-art","23":"product_tag-texture","24":"product_tag-wall-map","25":"desktop-align-left","26":"tablet-align-left","27":"mobile-align-left","29":"first","30":"instock","31":"shipping-taxable","32":"purchasable","33":"product-type-variable"},"aioseo_notices":[],"uagb_featured_image_src":{"full":["https:\/\/mapospheres.eu\/wp-content\/uploads\/2026\/02\/ZZ_MAINPIC_HK_CUSTOM.jpg",1000,1000,false],"thumbnail":["https:\/\/mapospheres.eu\/wp-content\/uploads\/2026\/02\/ZZ_MAINPIC_HK_CUSTOM-150x150.jpg",150,150,true],"medium":["https:\/\/mapospheres.eu\/wp-content\/uploads\/2026\/02\/ZZ_MAINPIC_HK_CUSTOM-300x300.jpg",300,300,true],"medium_large":["https:\/\/mapospheres.eu\/wp-content\/uploads\/2026\/02\/ZZ_MAINPIC_HK_CUSTOM-768x768.jpg",768,768,true],"large":["https:\/\/mapospheres.eu\/wp-content\/uploads\/2026\/02\/ZZ_MAINPIC_HK_CUSTOM.jpg",1000,1000,false],"1536x1536":["https:\/\/mapospheres.eu\/wp-content\/uploads\/2026\/02\/ZZ_MAINPIC_HK_CUSTOM.jpg",1000,1000,false],"2048x2048":["https:\/\/mapospheres.eu\/wp-content\/uploads\/2026\/02\/ZZ_MAINPIC_HK_CUSTOM.jpg",1000,1000,false],"woocommerce_thumbnail":["https:\/\/mapospheres.eu\/wp-content\/uploads\/2026\/02\/ZZ_MAINPIC_HK_CUSTOM-300x300.jpg",300,300,true],"woocommerce_single":["https:\/\/mapospheres.eu\/wp-content\/uploads\/2026\/02\/ZZ_MAINPIC_HK_CUSTOM-600x600.jpg",600,600,true],"woocommerce_gallery_thumbnail":["https:\/\/mapospheres.eu\/wp-content\/uploads\/2026\/02\/ZZ_MAINPIC_HK_CUSTOM-100x100.jpg",100,100,true]},"uagb_author_info":{"display_name":"sgainot04@gmail.com","author_link":"https:\/\/mapospheres.eu\/es\/author\/"},"uagb_comment_info":0,"uagb_excerpt":"\u00a1Consigue esta impresi\u00f3n de mapa de altitud de CUALQUIER CIUDAD DEL MUNDO! Puedes elegir el tama\u00f1o o el dise\u00f1o para tu mapa. Dejanos una notita con el nombre de tu ciudad al finalizar tu compra.","_links":{"self":[{"href":"https:\/\/mapospheres.eu\/es\/wp-json\/wp\/v2\/product\/9652","targetHints":{"allow":["GET"]}}],"collection":[{"href":"https:\/\/mapospheres.eu\/es\/wp-json\/wp\/v2\/product"}],"about":[{"href":"https:\/\/mapospheres.eu\/es\/wp-json\/wp\/v2\/types\/product"}],"wp:featuredmedia":[{"embeddable":true,"href":"https:\/\/mapospheres.eu\/es\/wp-json\/wp\/v2\/media\/9711"}],"wp:attachment":[{"href":"https:\/\/mapospheres.eu\/es\/wp-json\/wp\/v2\/media?parent=9652"}],"wp:term":[{"taxonomy":"product_brand","embeddable":true,"href":"https:\/\/mapospheres.eu\/es\/wp-json\/wp\/v2\/product_brand?post=9652"},{"taxonomy":"product_cat","embeddable":true,"href":"https:\/\/mapospheres.eu\/es\/wp-json\/wp\/v2\/product_cat?post=9652"},{"taxonomy":"product_tag","embeddable":true,"href":"https:\/\/mapospheres.eu\/es\/wp-json\/wp\/v2\/product_tag?post=9652"}],"curies":[{"name":"wp","href":"https:\/\/api.w.org\/{rel}","templated":true}]}}