{"id":12404,"date":"2026-02-11T09:17:27","date_gmt":"2026-02-11T09:17:27","guid":{"rendered":"https:\/\/mapospheres.eu\/?page_id=12404"},"modified":"2026-03-19T14:18:11","modified_gmt":"2026-03-19T14:18:11","slug":"get-home-made-and-unique-vintage-map-print-of-running-trails-map-and-frisbee-clubs-map","status":"publish","type":"page","link":"https:\/\/mapospheres.eu\/fr\/maps-vintage\/","title":{"rendered":"Maps Vintage"},"content":{"rendered":"\r\n<div class=\"wp-block-uagb-advanced-heading uagb-block-3af8b3e9\"><div class=\"uagb-separator\"><\/div><h2 class=\"uagb-heading-text\">Maps Vintage<\/h2><\/div>\r\n\r\n\r\n\r\n<div class=\"wp-block-uagb-container uagb-block-19f9b032 alignfull uagb-is-root-container\"><div class=\"uagb-container-inner-blocks-wrap\">\r\n<div class=\"wp-block-uagb-container uagb-block-dcd1d396\">\r\n<div class=\"wp-block-uagb-image uagb-block-853633c4 wp-block-uagb-image--layout-default wp-block-uagb-image--effect-static wp-block-uagb-image--align-none\"><figure class=\"wp-block-uagb-image__figure\"><a class=\"\" href=\"https:\/\/mapospheres.eu\/fr\/product\/running-trails-301-poster-fr\/\" target=\"\" rel=\"noopener\"><img decoding=\"async\" srcset=\"https:\/\/mapospheres.eu\/wp-content\/uploads\/2026\/02\/WoodenFloorSHOPIFY_efa2aae3-e829-4bba-aa39-a47271d447a1.jpg ,https:\/\/mapospheres.eu\/wp-content\/uploads\/2026\/02\/WoodenFloorSHOPIFY_efa2aae3-e829-4bba-aa39-a47271d447a1.jpg 780w, https:\/\/mapospheres.eu\/wp-content\/uploads\/2026\/02\/WoodenFloorSHOPIFY_efa2aae3-e829-4bba-aa39-a47271d447a1.jpg 360w\" sizes=\"auto, (max-width: 480px) 150px\" src=\"https:\/\/mapospheres.eu\/wp-content\/uploads\/2026\/02\/WoodenFloorSHOPIFY_efa2aae3-e829-4bba-aa39-a47271d447a1.jpg\" alt=\"\" class=\"uag-image-13159\" width=\"1000\" height=\"1000\" title=\"WoodenFloorSHOPIFY_efa2aae3-e829-4bba-aa39-a47271d447a1\" loading=\"lazy\" role=\"img\"><\/a><\/figure><\/div>\r\n<\/div>\r\n\r\n\r\n\r\n<div class=\"wp-block-uagb-container uagb-block-cde80a54\">\r\n<div class=\"wp-block-uagb-image uagb-block-f8e1f4a7 wp-block-uagb-image--layout-default wp-block-uagb-image--effect-static wp-block-uagb-image--align-none\"><figure class=\"wp-block-uagb-image__figure\"><a class=\"\" href=\"https:\/\/mapospheres.eu\/fr\/product\/ultimate-frisbee-401-la-carte\/\" target=\"\" rel=\"noopener\"><img decoding=\"async\" srcset=\"https:\/\/mapospheres.eu\/wp-content\/uploads\/2026\/02\/PUB_CARRE_1080px-1024x1024.jpg ,https:\/\/mapospheres.eu\/wp-content\/uploads\/2026\/02\/PUB_CARRE_1080px.jpg 780w, https:\/\/mapospheres.eu\/wp-content\/uploads\/2026\/02\/PUB_CARRE_1080px.jpg 360w\" sizes=\"auto, (max-width: 480px) 150px\" src=\"https:\/\/mapospheres.eu\/wp-content\/uploads\/2026\/02\/PUB_CARRE_1080px-1024x1024.jpg\" alt=\"\" class=\"uag-image-13171\" width=\"1000\" height=\"1000\" title=\"WoodenFloorHanging4\" loading=\"lazy\" role=\"img\"><\/a><\/figure><\/div>\r\n<\/div>\r\n<\/div><\/div>\r\n\r\n\r\n\r\n<div class=\"wp-block-uagb-container uagb-block-0882f62b alignfull uagb-is-root-container\"><div class=\"uagb-container-inner-blocks-wrap\">\r\n<div class=\"wp-block-uagb-container uagb-block-f50034c9\">\r\n<p>Mapospheres est un savant m\u00e9lange de cartographie et de design. Nous avons cr\u00e9\u00e9 2 \u00ab Outdoor maps \u00bb, une carte pour les coureurs aventuriers (<strong><a href=\"https:\/\/mapospheres.eu\/fr\/product\/running-trails-301-poster\/\" title=\"\">Running Trails 301 Poster<\/a><\/strong>) et une carte pour les fans d\u2019Ultimate Frisbee (<strong><a href=\"https:\/\/mapospheres.eu\/fr\/product\/ultimate-frisbee-401-the-map\/\" title=\"\">Ultimate Frisbee 401 &#8211; La Carte<\/a><\/strong>).<\/p>\r\n<\/div>\r\n<\/div><\/div>\r\n\r\n\r\n\r\n<div class=\"wp-block-uagb-container uagb-block-b0d8c1f7 alignfull uagb-is-root-container\"><div class=\"uagb-container-inner-blocks-wrap\">\r\n<div class=\"wp-block-group alignfull is-content-justification-center is-layout-constrained wp-container-core-group-is-layout-df757ecc wp-block-group-is-layout-constrained\" style=\"margin-top:0;margin-bottom:0;padding-top:calc( 0.5 * var(--wp--style--root--padding-right, var(--wp--custom--gap--horizontal)));padding-right:var(--wp--style--root--padding-right, var(--wp--custom--gap--horizontal));padding-bottom:calc( 0.5 * var(--wp--style--root--padding-right, var(--wp--custom--gap--horizontal)));padding-left:var(--wp--style--root--padding-left, var(--wp--custom--gap--horizontal))\">\r\n<div style=\"height:calc( 0.25 * var(--wp--style--root--padding-right, var(--wp--custom--gap--horizontal)))\" aria-hidden=\"true\" class=\"wp-block-spacer\"><\/div>\r\n\r\n\r\n\r\n<div class=\"wp-block-uagb-container uagb-block-5df314b9\"><form role=\"search\" method=\"get\" action=\"https:\/\/mapospheres.eu\/fr\/\" class=\"wp-block-search__button-outside wp-block-search__text-button wp-block-search\"    ><label class=\"wp-block-search__label\" for=\"wp-block-search__input-1\" >Find your map !<\/label><div class=\"wp-block-search__inside-wrapper\" ><input class=\"wp-block-search__input\" id=\"wp-block-search__input-1\" placeholder=\"Search all our maps\u2026\" value=\"\" type=\"search\" name=\"s\" required \/><input type=\"hidden\" name=\"post_type\" value=\"product\" \/><button aria-label=\"Search\" class=\"wp-block-search__button wp-element-button\" type=\"submit\" >Search<\/button><\/div><\/form><\/div>\r\n\r\n\r\n\r\n<div style=\"height:7px\" aria-hidden=\"true\" class=\"wp-block-spacer\"><\/div>\r\n\r\n\r\n\r\n<div class=\"wp-block-uagb-container uagb-block-a2a0bcb3\"><\/div>\r\n<\/div>\r\n<\/div><\/div>\r\n","protected":false},"excerpt":{"rendered":"<p>Maps Vintage Mapospheres est un savant m\u00e9lange de cartographie et de design. Nous avons cr\u00e9\u00e9 2 \u00ab Outdoor maps \u00bb, une carte pour les coureurs aventuriers (Running Trails 301 Poster) et une carte pour les fans d\u2019Ultimate Frisbee (Ultimate Frisbee 401 &#8211; La Carte).<\/p>\n","protected":false},"author":1,"featured_media":0,"parent":0,"menu_order":0,"comment_status":"closed","ping_status":"closed","template":"","meta":{"_uag_custom_page_level_css":"","_monsterinsights_skip_tracking":false,"_monsterinsights_sitenote_active":false,"_monsterinsights_sitenote_note":"","_monsterinsights_sitenote_category":0,"site-sidebar-layout":"default","site-content-layout":"","ast-site-content-layout":"default","site-content-style":"default","site-sidebar-style":"default","ast-global-header-display":"","ast-banner-title-visibility":"","ast-main-header-display":"","ast-hfb-above-header-display":"","ast-hfb-below-header-display":"","ast-hfb-mobile-header-display":"","site-post-title":"disabled","ast-breadcrumbs-content":"","ast-featured-img":"","footer-sml-layout":"","ast-disable-related-posts":"","theme-transparent-header-meta":"","adv-header-id-meta":"","stick-header-meta":"","header-above-stick-meta":"","header-main-stick-meta":"","header-below-stick-meta":"","astra-migrate-meta-layouts":"set","ast-page-background-enabled":"default","ast-page-background-meta":{"desktop":{"background-color":"","background-image":"","background-repeat":"repeat","background-position":"center center","background-size":"auto","background-attachment":"scroll","background-type":"","background-media":"","overlay-type":"","overlay-color":"","overlay-opacity":"","overlay-gradient":""},"tablet":{"background-color":"","background-image":"","background-repeat":"repeat","background-position":"center center","background-size":"auto","background-attachment":"scroll","background-type":"","background-media":"","overlay-type":"","overlay-color":"","overlay-opacity":"","overlay-gradient":""},"mobile":{"background-color":"","background-image":"","background-repeat":"repeat","background-position":"center center","background-size":"auto","background-attachment":"scroll","background-type":"","background-media":"","overlay-type":"","overlay-color":"","overlay-opacity":"","overlay-gradient":""}},"ast-content-background-meta":{"desktop":{"background-color":"var(--ast-global-color-5)","background-image":"","background-repeat":"repeat","background-position":"center center","background-size":"auto","background-attachment":"scroll","background-type":"","background-media":"","overlay-type":"","overlay-color":"","overlay-opacity":"","overlay-gradient":""},"tablet":{"background-color":"var(--ast-global-color-5)","background-image":"","background-repeat":"repeat","background-position":"center center","background-size":"auto","background-attachment":"scroll","background-type":"","background-media":"","overlay-type":"","overlay-color":"","overlay-opacity":"","overlay-gradient":""},"mobile":{"background-color":"var(--ast-global-color-5)","background-image":"","background-repeat":"repeat","background-position":"center center","background-size":"auto","background-attachment":"scroll","background-type":"","background-media":"","overlay-type":"","overlay-color":"","overlay-opacity":"","overlay-gradient":""}},"footnotes":""},"class_list":["post-12404","page","type-page","status-publish","hentry"],"aioseo_notices":[],"_hostinger_reach_plugin_has_subscription_block":false,"_hostinger_reach_plugin_is_elementor":false,"uagb_featured_image_src":{"full":false,"thumbnail":false,"medium":false,"medium_large":false,"large":false,"1536x1536":false,"2048x2048":false,"woocommerce_thumbnail":false,"woocommerce_single":false,"woocommerce_gallery_thumbnail":false},"uagb_author_info":{"display_name":"sgainot04@gmail.com","author_link":"https:\/\/mapospheres.eu\/fr\/author\/sgainot04gmail-com\/"},"uagb_comment_info":0,"uagb_excerpt":"Maps Vintage Mapospheres est un savant m\u00e9lange de cartographie et de design. Nous avons cr\u00e9\u00e9 2 \u00ab Outdoor maps \u00bb, une carte pour les coureurs aventuriers (Running Trails 301 Poster) et une carte pour les fans d\u2019Ultimate Frisbee (Ultimate Frisbee 401 &#8211; La Carte).","_links":{"self":[{"href":"https:\/\/mapospheres.eu\/fr\/wp-json\/wp\/v2\/pages\/12404","targetHints":{"allow":["GET"]}}],"collection":[{"href":"https:\/\/mapospheres.eu\/fr\/wp-json\/wp\/v2\/pages"}],"about":[{"href":"https:\/\/mapospheres.eu\/fr\/wp-json\/wp\/v2\/types\/page"}],"author":[{"embeddable":true,"href":"https:\/\/mapospheres.eu\/fr\/wp-json\/wp\/v2\/users\/1"}],"replies":[{"embeddable":true,"href":"https:\/\/mapospheres.eu\/fr\/wp-json\/wp\/v2\/comments?post=12404"}],"version-history":[{"count":6,"href":"https:\/\/mapospheres.eu\/fr\/wp-json\/wp\/v2\/pages\/12404\/revisions"}],"predecessor-version":[{"id":22630,"href":"https:\/\/mapospheres.eu\/fr\/wp-json\/wp\/v2\/pages\/12404\/revisions\/22630"}],"wp:attachment":[{"href":"https:\/\/mapospheres.eu\/fr\/wp-json\/wp\/v2\/media?parent=12404"}],"curies":[{"name":"wp","href":"https:\/\/api.w.org\/{rel}","templated":true}]}}