{"id":1374,"date":"2026-01-12T16:57:13","date_gmt":"2026-01-12T16:57:13","guid":{"rendered":"https:\/\/mapospheres.eu\/work-with-me\/"},"modified":"2026-03-19T14:50:26","modified_gmt":"2026-03-19T14:50:26","slug":"faq","status":"publish","type":"page","link":"https:\/\/mapospheres.eu\/fr\/faq\/","title":{"rendered":"FAQ"},"content":{"rendered":"\r\n<div class=\"wp-block-uagb-container uagb-block-7a256846 alignfull uagb-is-root-container\"><div class=\"uagb-container-inner-blocks-wrap\">\r\n<div class=\"wp-block-uagb-advanced-heading uagb-block-3af8b3e9\"><div class=\"uagb-separator\"><\/div><h2 class=\"uagb-heading-text\">Questions fr\u00e9quentes<\/h2><\/div>\r\n<\/div><\/div>\r\n\r\n\r\n\r\n<div class=\"wp-block-uagb-container uagb-block-e35e5166 alignfull uagb-is-root-container\"><div class=\"uagb-container-inner-blocks-wrap\">\r\n<div class=\"wp-block-uagb-container uagb-block-1b474e35\"><\/div>\r\n\r\n\r\n\r\n<p><strong>Les CADRES pour les CARTES SUR TOILES sont inclus. En revanche, les CADRES pour les CARTES SUR PAPIER sont pr\u00e9sent\u00e9s \u00e0 titre d&rsquo;illustration uniquement et ne sont PAS INCLUS.<\/strong><br><strong>Les couleurs peuvent l\u00e9g\u00e8rement varier en raison des param\u00e8tres de votre \u00e9cran, mais cela n&rsquo;alt\u00e9rera pas la finition g\u00e9n\u00e9rale.<\/strong>.<\/p>\r\n\r\n\r\n\r\n<p><strong>Comment commander:<\/strong><\/p>\r\n\r\n\r\n\r\n<p>1. Choisissez dans le menu d\u00e9roulant la taille que vous souhaitez obtenir en centim\u00e8tres, le motif et le design de votre impression de carte ou d&rsquo;astrolabe.<br>2. Tapez les mots de remplacement que vous souhaitez voir imprimer comme titre de votre carte ou au dos de votre astrolabe dans la section \u00ab\u00a0personnalisation\u00a0\u00bb.<br>3. Ajoutez cet article au panier pour l&rsquo;acheter et cliquez sur le bouton&#038;nbsp<em>COMMANDER<\/em><\/p>\r\n<\/div><\/div>\r\n\r\n\r\n\r\n<div class=\"wp-block-uagb-container uagb-block-de34ba98 alignfull uagb-is-root-container\"><div class=\"uagb-container-inner-blocks-wrap\">\r\n<div class=\"wp-block-uagb-advanced-heading uagb-block-8943549f\"><h2 class=\"uagb-heading-text\">Questions sur votre commande<\/h2><\/div>\r\n\r\n\r\n\r\n<div class=\"wp-block-uagb-container uagb-layout-grid uagb-block-bfde782f\">\r\n<div class=\"wp-block-uagb-advanced-heading uagb-block-f503e071\"><h5 class=\"uagb-heading-text\"><strong>Combien de temps cela prend pour imprimer ma commande ?<\/strong><\/h5><p class=\"uagb-desc-text\">L&rsquo;impression est effectu\u00e9e sous 2 \u00e0 3 jours ouvr\u00e9s apr\u00e8s r\u00e9ception du paiement. Nous vous contacterons en cas de retard.<\/p><\/div>\r\n\r\n\r\n\r\n<div class=\"wp-block-uagb-advanced-heading uagb-block-0bb35252\"><h5 class=\"uagb-heading-text\">Je veux changer quelque chose dans le titre de ma carte&#8230;<\/h5><p class=\"uagb-desc-text\">N\u2019h\u00e9sitez pas \u00e0 l\u2019indiquer dans la section \u00ab Paiement \u00bb. Nous vous recontacterons pour confirmer que nous avons bien pris en compte vos besoins.\r\n<\/p><\/div>\r\n\r\n\r\n\r\n<div class=\"wp-block-uagb-advanced-heading uagb-block-327cc9bf\"><h5 class=\"uagb-heading-text\">J&rsquo;ai besoin de ma commande dans deux semaines pour l&rsquo;anniversaire de ma tante\u2026 Est-ce faisable ?<\/h5><p class=\"uagb-desc-text\">Contactez-nous rapidement apr\u00e8s votre paiement et donnez-nous plus de d\u00e9tails ! \ud83d\ude42 Nous pouvons acc\u00e9l\u00e9rer le processus, passer \u00e0 une livraison plus rapide, vous envoyer des fichiers num\u00e9riques de remplacement\u2026 Nous trouverons une solution !<\/p><\/div>\r\n\r\n\r\n\r\n<div class=\"wp-block-uagb-advanced-heading uagb-block-4c9adb75\"><h5 class=\"uagb-heading-text\">J&rsquo;ai re\u00e7u ma commande\u2026 mais quelqu&rsquo;un l&rsquo;a apparemment ouverte avant moi\u2026 Que dois-je faire ?<\/h5><p class=\"uagb-desc-text\">Il arrive parfois que nos colis, pourtant soigneusement emball\u00e9s, soient endommag\u00e9s lors du transport ou du d\u00e9douanement. N&rsquo;h\u00e9sitez pas \u00e0 nous contacter : nous discuterons de l&rsquo;envoi de nouveaux produits ou du remboursement. Vous serez ravis de votre carte ou de votre astrolabe !<\/p><\/div>\r\n<\/div>\r\n<\/div><\/div>\r\n","protected":false},"excerpt":{"rendered":"<p>Questions fr\u00e9quentes Les CADRES pour les CARTES SUR TOILES sont inclus. En revanche, les CADRES pour les CARTES SUR PAPIER sont pr\u00e9sent\u00e9s \u00e0 titre d&rsquo;illustration uniquement et ne sont PAS INCLUS.Les couleurs peuvent l\u00e9g\u00e8rement varier en raison des param\u00e8tres de votre \u00e9cran, mais cela n&rsquo;alt\u00e9rera pas la finition g\u00e9n\u00e9rale.. Comment commander: 1. Choisissez dans le [&hellip;]<\/p>\n","protected":false},"author":1,"featured_media":0,"parent":0,"menu_order":0,"comment_status":"closed","ping_status":"closed","template":"","meta":{"_uag_custom_page_level_css":"","_monsterinsights_skip_tracking":false,"_monsterinsights_sitenote_active":false,"_monsterinsights_sitenote_note":"","_monsterinsights_sitenote_category":0,"site-sidebar-layout":"no-sidebar","site-content-layout":"plain-container","ast-site-content-layout":"normal-width-container","site-content-style":"unboxed","site-sidebar-style":"unboxed","ast-global-header-display":"","ast-banner-title-visibility":"","ast-main-header-display":"","ast-hfb-above-header-display":"","ast-hfb-below-header-display":"","ast-hfb-mobile-header-display":"","site-post-title":"disabled","ast-breadcrumbs-content":"","ast-featured-img":"disabled","footer-sml-layout":"","ast-disable-related-posts":"","theme-transparent-header-meta":"default","adv-header-id-meta":"","stick-header-meta":"","header-above-stick-meta":"","header-main-stick-meta":"","header-below-stick-meta":"","astra-migrate-meta-layouts":"set","ast-page-background-enabled":"default","ast-page-background-meta":{"desktop":{"background-color":"","background-image":"","background-repeat":"repeat","background-position":"center center","background-size":"auto","background-attachment":"scroll","background-type":"","background-media":"","overlay-type":"","overlay-color":"","overlay-opacity":"","overlay-gradient":""},"tablet":{"background-color":"","background-image":"","background-repeat":"repeat","background-position":"center center","background-size":"auto","background-attachment":"scroll","background-type":"","background-media":"","overlay-type":"","overlay-color":"","overlay-opacity":"","overlay-gradient":""},"mobile":{"background-color":"","background-image":"","background-repeat":"repeat","background-position":"center center","background-size":"auto","background-attachment":"scroll","background-type":"","background-media":"","overlay-type":"","overlay-color":"","overlay-opacity":"","overlay-gradient":""}},"ast-content-background-meta":{"desktop":{"background-color":"var(--ast-global-color-5)","background-image":"","background-repeat":"repeat","background-position":"center center","background-size":"auto","background-attachment":"scroll","background-type":"","background-media":"","overlay-type":"","overlay-color":"","overlay-opacity":"","overlay-gradient":""},"tablet":{"background-color":"var(--ast-global-color-5)","background-image":"","background-repeat":"repeat","background-position":"center center","background-size":"auto","background-attachment":"scroll","background-type":"","background-media":"","overlay-type":"","overlay-color":"","overlay-opacity":"","overlay-gradient":""},"mobile":{"background-color":"var(--ast-global-color-5)","background-image":"","background-repeat":"repeat","background-position":"center center","background-size":"auto","background-attachment":"scroll","background-type":"","background-media":"","overlay-type":"","overlay-color":"","overlay-opacity":"","overlay-gradient":""}},"footnotes":""},"class_list":["post-1374","page","type-page","status-publish","hentry"],"aioseo_notices":[],"_hostinger_reach_plugin_has_subscription_block":false,"_hostinger_reach_plugin_is_elementor":false,"uagb_featured_image_src":{"full":false,"thumbnail":false,"medium":false,"medium_large":false,"large":false,"1536x1536":false,"2048x2048":false,"woocommerce_thumbnail":false,"woocommerce_single":false,"woocommerce_gallery_thumbnail":false},"uagb_author_info":{"display_name":"sgainot04@gmail.com","author_link":"https:\/\/mapospheres.eu\/fr\/author\/sgainot04gmail-com\/"},"uagb_comment_info":0,"uagb_excerpt":"Questions fr\u00e9quentes Les CADRES pour les CARTES SUR TOILES sont inclus. En revanche, les CADRES pour les CARTES SUR PAPIER sont pr\u00e9sent\u00e9s \u00e0 titre d&rsquo;illustration uniquement et ne sont PAS INCLUS.Les couleurs peuvent l\u00e9g\u00e8rement varier en raison des param\u00e8tres de votre \u00e9cran, mais cela n&rsquo;alt\u00e9rera pas la finition g\u00e9n\u00e9rale.. Comment commander: 1. Choisissez dans le\u2026","_links":{"self":[{"href":"https:\/\/mapospheres.eu\/fr\/wp-json\/wp\/v2\/pages\/1374","targetHints":{"allow":["GET"]}}],"collection":[{"href":"https:\/\/mapospheres.eu\/fr\/wp-json\/wp\/v2\/pages"}],"about":[{"href":"https:\/\/mapospheres.eu\/fr\/wp-json\/wp\/v2\/types\/page"}],"author":[{"embeddable":true,"href":"https:\/\/mapospheres.eu\/fr\/wp-json\/wp\/v2\/users\/1"}],"replies":[{"embeddable":true,"href":"https:\/\/mapospheres.eu\/fr\/wp-json\/wp\/v2\/comments?post=1374"}],"version-history":[{"count":11,"href":"https:\/\/mapospheres.eu\/fr\/wp-json\/wp\/v2\/pages\/1374\/revisions"}],"predecessor-version":[{"id":22644,"href":"https:\/\/mapospheres.eu\/fr\/wp-json\/wp\/v2\/pages\/1374\/revisions\/22644"}],"wp:attachment":[{"href":"https:\/\/mapospheres.eu\/fr\/wp-json\/wp\/v2\/media?parent=1374"}],"curies":[{"name":"wp","href":"https:\/\/api.w.org\/{rel}","templated":true}]}}