{"id":2665,"date":"2026-01-13T08:00:48","date_gmt":"2026-01-13T08:00:48","guid":{"rendered":"https:\/\/mapospheres.eu\/about-us\/"},"modified":"2026-03-19T14:03:18","modified_gmt":"2026-03-19T14:03:18","slug":"about-us","status":"publish","type":"page","link":"https:\/\/mapospheres.eu\/fr\/qui-sommes-nous\/","title":{"rendered":"Qui sommes nous ?"},"content":{"rendered":"\r\n<div class=\"wp-block-uagb-container uagb-block-7a256846 alignfull uagb-is-root-container\"><div class=\"uagb-container-inner-blocks-wrap\">\r\n<div class=\"wp-block-uagb-advanced-heading uagb-block-3af8b3e9\"><div class=\"uagb-separator\"><\/div><h2 class=\"uagb-heading-text\">Bienvenu.e.s sur mapospheres<\/h2><\/div>\r\n<\/div><\/div>\r\n\r\n\r\n\r\n<div class=\"wp-block-uagb-container uagb-block-e35e5166 alignfull uagb-is-root-container\"><div class=\"uagb-container-inner-blocks-wrap\">\r\n<div class=\"wp-block-uagb-container uagb-block-1b474e35\">\r\n<p>Bonjour !<\/p>\r\n\r\n\r\n\r\n<p>\u00ab\u00a0Aujourd&rsquo;hui, se passionner pour la g\u00e9ographie est devenu tendance\u00a0\u00bb (<a href=\"http:\/\/www.slate.fr\/culture\/73981\/geographie-le-nouveau-cool\" target=\"_blank\" rel=\"noreferrer noopener\">Slate.fr<\/a>)<\/p>\r\n\r\n\r\n\r\n<p>Il y a des si\u00e8cles, seules quelques personnes \u00e9taient capables de r\u00e9aliser des cartes : elles les dessinaient \u00e0 la main avec une grande pr\u00e9cision, et rares \u00e9taient celles qui savaient les lire ou les utiliser. Or, la cartographie a connu un \u00e2ge d&rsquo;or ces vingt derni\u00e8res ann\u00e9es gr\u00e2ce au d\u00e9veloppement des services de g\u00e9olocalisation, de la gestion des donn\u00e9es spatiales et des logiciels de visualisation. N\u00e9e en m\u00eame temps que les math\u00e9matiques et l&rsquo;astronomie, la cartographie a toujours \u00e9t\u00e9, dans la pratique, une science de pointe en mati\u00e8re de communication et de conception.<\/p>\r\n\r\n\r\n\r\n<p>Mapospheres est une entreprise qui ambitionne de rendre les repr\u00e9sentations du monde plus captivantes et plus diversifi\u00e9es. Repr\u00e9senter notre plan\u00e8te, c&rsquo;est un appel \u00e0 l&rsquo;exploration. C&rsquo;est aussi une fa\u00e7on d&rsquo;affirmer notre refus de d\u00e9naturer sa beaut\u00e9. En un sens, la cartographie est une forme d&rsquo;activisme.<\/p>\r\n\r\n\r\n\r\n<p>Mapospheres s&rsquo;attache \u00e0 mettre en valeur les lieux o\u00f9 vous vivez, tant pour leur esth\u00e9tique que pour leur valeur sentimentale. La plupart des \u00e9tudes r\u00e9v\u00e8lent que les lieux et les environnements dans lesquels nous vivons occupent une place centrale dans notre vie et contribuent \u00e0 forger notre identit\u00e9. Il est donc important de les honorer comme il se doit, et nos affiches de haute qualit\u00e9, imprim\u00e9es sur papier satin\u00e9 ou sur toile fine, c\u00e9l\u00e9breront vos endroits pr\u00e9f\u00e9r\u00e9s dans les endroits o\u00f9 vous vivez !<\/p>\r\n\r\n\r\n\r\n<p>Donnons une place plus importante aux cartes et \u00e0 la g\u00e9olocalisation dans notre soci\u00e9t\u00e9.<\/p>\r\n<\/div>\r\n\r\n\r\n\r\n<div class=\"wp-block-uagb-container uagb-block-331c7fa1 alignfull uagb-is-root-container\"><div class=\"uagb-container-inner-blocks-wrap\">\r\n<p class=\"has-text-align-center\">&nbsp;<br>Ils parlent de nous :<\/p>\r\n<\/div><\/div>\r\n\r\n\r\n\r\n<div class=\"wp-block-uagb-container uagb-block-2e119fff alignfull uagb-is-root-container\"><div class=\"uagb-container-inner-blocks-wrap\">\r\n<div class=\"wp-block-uagb-container uagb-block-666a8a5c\">\r\n<div class=\"wp-block-uagb-image uagb-block-592f5a24 wp-block-uagb-image--layout-default wp-block-uagb-image--effect-static wp-block-uagb-image--align-none\"><figure class=\"wp-block-uagb-image__figure\"><a class=\"\" href=\"https:\/\/lepetitjournal.com\/varsovie\/communaute\/stephane-gainot-japporte-de-la-fantaisie-dans-votre-geographie-275089\" target=\"_blank\" rel=\"noreferrer noopener\"><img decoding=\"async\" srcset=\"https:\/\/mapospheres.eu\/wp-content\/uploads\/2026\/01\/PETITJOURNAL.png ,https:\/\/mapospheres.eu\/wp-content\/uploads\/2026\/01\/PETITJOURNAL.png 780w, https:\/\/mapospheres.eu\/wp-content\/uploads\/2026\/01\/PETITJOURNAL.png 360w\" sizes=\"auto, (max-width: 480px) 150px\" src=\"https:\/\/mapospheres.eu\/wp-content\/uploads\/2026\/01\/PETITJOURNAL.png\" alt=\"\" class=\"uag-image-5539\" width=\"402\" height=\"62\" title=\"PETITJOURNAL\" loading=\"lazy\" role=\"img\"><\/a><\/figure><\/div>\r\n<\/div>\r\n\r\n\r\n\r\n<div class=\"wp-block-uagb-container uagb-block-a1c8678c\">\r\n<div class=\"wp-block-uagb-image uagb-block-5d5acd7e wp-block-uagb-image--layout-default wp-block-uagb-image--effect-static wp-block-uagb-image--align-none\"><figure class=\"wp-block-uagb-image__figure\"><a class=\"\" href=\"https:\/\/www.skyatnightmagazine.com\/top-astronomy-kit\/astrolabe\" target=\"_blank\" rel=\"noreferrer noopener\"><img decoding=\"async\" srcset=\"https:\/\/mapospheres.eu\/wp-content\/uploads\/2026\/01\/SKYATNIGHT.png ,https:\/\/mapospheres.eu\/wp-content\/uploads\/2026\/01\/SKYATNIGHT.png 780w, https:\/\/mapospheres.eu\/wp-content\/uploads\/2026\/01\/SKYATNIGHT.png 360w\" sizes=\"auto, (max-width: 480px) 150px\" src=\"https:\/\/mapospheres.eu\/wp-content\/uploads\/2026\/01\/SKYATNIGHT.png\" alt=\"\" class=\"uag-image-5540\" width=\"283\" height=\"124\" title=\"SKYATNIGHT\" loading=\"lazy\" role=\"img\"><\/a><\/figure><\/div>\r\n<\/div>\r\n<\/div><\/div>\r\n<\/div><\/div>\r\n","protected":false},"excerpt":{"rendered":"<p>Bienvenu.e.s sur mapospheres Bonjour ! \u00ab\u00a0Aujourd&rsquo;hui, se passionner pour la g\u00e9ographie est devenu tendance\u00a0\u00bb (Slate.fr) Il y a des si\u00e8cles, seules quelques personnes \u00e9taient capables de r\u00e9aliser des cartes : elles les dessinaient \u00e0 la main avec une grande pr\u00e9cision, et rares \u00e9taient celles qui savaient les lire ou les utiliser. Or, la cartographie a [&hellip;]<\/p>\n","protected":false},"author":1,"featured_media":0,"parent":0,"menu_order":0,"comment_status":"closed","ping_status":"closed","template":"","meta":{"_uag_custom_page_level_css":"","_monsterinsights_skip_tracking":false,"_monsterinsights_sitenote_active":false,"_monsterinsights_sitenote_note":"","_monsterinsights_sitenote_category":0,"site-sidebar-layout":"default","site-content-layout":"","ast-site-content-layout":"default","site-content-style":"default","site-sidebar-style":"default","ast-global-header-display":"","ast-banner-title-visibility":"","ast-main-header-display":"","ast-hfb-above-header-display":"","ast-hfb-below-header-display":"","ast-hfb-mobile-header-display":"","site-post-title":"disabled","ast-breadcrumbs-content":"","ast-featured-img":"","footer-sml-layout":"","ast-disable-related-posts":"","theme-transparent-header-meta":"","adv-header-id-meta":"","stick-header-meta":"","header-above-stick-meta":"","header-main-stick-meta":"","header-below-stick-meta":"","astra-migrate-meta-layouts":"set","ast-page-background-enabled":"default","ast-page-background-meta":{"desktop":{"background-color":"","background-image":"","background-repeat":"repeat","background-position":"center center","background-size":"auto","background-attachment":"scroll","background-type":"","background-media":"","overlay-type":"","overlay-color":"","overlay-opacity":"","overlay-gradient":""},"tablet":{"background-color":"","background-image":"","background-repeat":"repeat","background-position":"center center","background-size":"auto","background-attachment":"scroll","background-type":"","background-media":"","overlay-type":"","overlay-color":"","overlay-opacity":"","overlay-gradient":""},"mobile":{"background-color":"","background-image":"","background-repeat":"repeat","background-position":"center center","background-size":"auto","background-attachment":"scroll","background-type":"","background-media":"","overlay-type":"","overlay-color":"","overlay-opacity":"","overlay-gradient":""}},"ast-content-background-meta":{"desktop":{"background-color":"var(--ast-global-color-5)","background-image":"","background-repeat":"repeat","background-position":"center center","background-size":"auto","background-attachment":"scroll","background-type":"","background-media":"","overlay-type":"","overlay-color":"","overlay-opacity":"","overlay-gradient":""},"tablet":{"background-color":"var(--ast-global-color-5)","background-image":"","background-repeat":"repeat","background-position":"center center","background-size":"auto","background-attachment":"scroll","background-type":"","background-media":"","overlay-type":"","overlay-color":"","overlay-opacity":"","overlay-gradient":""},"mobile":{"background-color":"var(--ast-global-color-5)","background-image":"","background-repeat":"repeat","background-position":"center center","background-size":"auto","background-attachment":"scroll","background-type":"","background-media":"","overlay-type":"","overlay-color":"","overlay-opacity":"","overlay-gradient":""}},"footnotes":""},"class_list":["post-2665","page","type-page","status-publish","hentry"],"aioseo_notices":[],"_hostinger_reach_plugin_has_subscription_block":false,"_hostinger_reach_plugin_is_elementor":false,"uagb_featured_image_src":{"full":false,"thumbnail":false,"medium":false,"medium_large":false,"large":false,"1536x1536":false,"2048x2048":false,"woocommerce_thumbnail":false,"woocommerce_single":false,"woocommerce_gallery_thumbnail":false},"uagb_author_info":{"display_name":"sgainot04@gmail.com","author_link":"https:\/\/mapospheres.eu\/fr\/author\/sgainot04gmail-com\/"},"uagb_comment_info":0,"uagb_excerpt":"Bienvenu.e.s sur mapospheres Bonjour ! \u00ab\u00a0Aujourd&rsquo;hui, se passionner pour la g\u00e9ographie est devenu tendance\u00a0\u00bb (Slate.fr) Il y a des si\u00e8cles, seules quelques personnes \u00e9taient capables de r\u00e9aliser des cartes : elles les dessinaient \u00e0 la main avec une grande pr\u00e9cision, et rares \u00e9taient celles qui savaient les lire ou les utiliser. Or, la cartographie a\u2026","_links":{"self":[{"href":"https:\/\/mapospheres.eu\/fr\/wp-json\/wp\/v2\/pages\/2665","targetHints":{"allow":["GET"]}}],"collection":[{"href":"https:\/\/mapospheres.eu\/fr\/wp-json\/wp\/v2\/pages"}],"about":[{"href":"https:\/\/mapospheres.eu\/fr\/wp-json\/wp\/v2\/types\/page"}],"author":[{"embeddable":true,"href":"https:\/\/mapospheres.eu\/fr\/wp-json\/wp\/v2\/users\/1"}],"replies":[{"embeddable":true,"href":"https:\/\/mapospheres.eu\/fr\/wp-json\/wp\/v2\/comments?post=2665"}],"version-history":[{"count":22,"href":"https:\/\/mapospheres.eu\/fr\/wp-json\/wp\/v2\/pages\/2665\/revisions"}],"predecessor-version":[{"id":22623,"href":"https:\/\/mapospheres.eu\/fr\/wp-json\/wp\/v2\/pages\/2665\/revisions\/22623"}],"wp:attachment":[{"href":"https:\/\/mapospheres.eu\/fr\/wp-json\/wp\/v2\/media?parent=2665"}],"curies":[{"name":"wp","href":"https:\/\/api.w.org\/{rel}","templated":true}]}}