{"id":2667,"date":"2026-01-13T08:00:48","date_gmt":"2026-01-13T08:00:48","guid":{"rendered":"https:\/\/mapospheres.eu\/our-products\/"},"modified":"2026-03-19T14:11:31","modified_gmt":"2026-03-19T14:11:31","slug":"our-products","status":"publish","type":"page","link":"https:\/\/mapospheres.eu\/fr\/nos-produits\/","title":{"rendered":"Nos produits - Qualit\u00e9 et d\u00e9tails"},"content":{"rendered":"\r\n<div class=\"wp-block-uagb-container uagb-block-7a256846 alignfull uagb-is-root-container\"><div class=\"uagb-container-inner-blocks-wrap\">\r\n<div class=\"wp-block-uagb-advanced-heading uagb-block-3af8b3e9\"><div class=\"uagb-separator\"><\/div><h2 class=\"uagb-heading-text\">Nos produits &#8211; Qualit\u00e9 et d\u00e9tails<\/h2><\/div>\r\n<\/div><\/div>\r\n\r\n\r\n<h3 dir=\"auto\">&nbsp;<\/h3>\r\n<p class=\"body-large\" dir=\"auto\"><strong>NOS CARTES<\/strong> &#8211;<em> Affichez votre g\u00e9ographie intime avec nos affiches uniques qui mettent en valeur les espaces verts urbains et observez vraiment votre ville pr\u00e9f\u00e9r\u00e9e gr\u00e2ce \u00e0 ces cartes de grandes tailles, color\u00e9es, imprim\u00e9es \u00e0 la demande et faciles \u00e0 commander !<\/em><\/p>\r\n<p class=\"body-large\" dir=\"auto\">Vous pouvez choisir N&rsquo;IMPORTE QUELLE VILLE DU MONDE pour \u00e9gayer votre maison ou votre bureau avec une City Map de grande taille. Cartographiez vos destinations de voyage \u00ab coup de foudre \u00bb, affichez votre ville natale sur votre lieu de travail ou m\u00eame un endroit o\u00f9 vous n&rsquo;\u00eates (encore) jamais all\u00e9s&#8230;<br>Mapospheres a cr\u00e9\u00e9 un savant m\u00e9lange de cartographie (ces posters sont de v\u00e9ritables cartes !) et de design. Vous pouvez vous procurer des cartes de ville &#8211; City Maps &#8211; en rouge fonc\u00e9, en noir et blanc ou en design nocturne, des cartes romantiques &#8211; Love Maps &#8211; ou des cartes d&rsquo;altitude &#8211; Elevation Maps &#8211; au format PLEINE-PAGE ou ROND. Ces cartes sont \u00e0 la fois pr\u00e9cises et d\u00e9coratives, car elles ont \u00e9t\u00e9 soigneusement v\u00e9rifi\u00e9es par un cartographe et adapt\u00e9es aux sp\u00e9cificit\u00e9s g\u00e9ographiques de chaque ville. La durabilit\u00e9 de nos cartes murales et de nos toiles est garantie gr\u00e2ce \u00e0 une encre gel UV sp\u00e9ciale. Votre poster ou votre toile vous suivra lors de vos d\u00e9m\u00e9nagements et s&rsquo;harmonisera parfaitement avec votre mobilier.<\/p>\r\n<p class=\"body-large\" dir=\"auto\">&#8211; <strong><u>D\u00e9tails des cartes<\/u><\/strong><\/p>\r\n<p>Toutes nos cartes sont r\u00e9alis\u00e9es en interne et respectent scrupuleusement la philosophie et les aspects juridiques des donn\u00e9es \u00ab\u00a0open source\u00a0\u00bb. Les donn\u00e9es utilis\u00e9es pour cr\u00e9er ces cartes proviennent d&rsquo;OpenStreetMap et sont sous licence \u00ab\u00a0Creative Commons 4.0\u00a0\u00bb (Attribution-NonCommercial-ShareAlike 4.0 International &#8211; CC BY-NC-SA 4.0).<br><strong>Nos cartes en papier<\/strong> sont imprim\u00e9es professionnellement par notre partenaire sur du papier satin\u00e9 de 180 g\/m\u00b2 avec une encre gel UV \u00e9cologique de haute qualit\u00e9 qui conf\u00e8re \u00e0 la carte un certain relief.<br><strong>Nos canvas ou toiles<\/strong> sont imprim\u00e9s, encadr\u00e9s et exp\u00e9di\u00e9s par un autre partenaire polonais &#8211; impression \u00e0 une r\u00e9solution de 1440 dpi r\u00e9sistante aux rayons UV, toile de coton de haute qualit\u00e9 285 g\/m2, pas besoin de l&rsquo;encadrer !<br>L&rsquo;\u00e9chelle varie de 1:50000 \u00e0 1:100000 (rarement 1:25000 ou 1:150000) selon la topographie ou le rendu de la ville s\u00e9lectionn\u00e9e.<br>Vous pouvez choisir un format PLEINE-PAGE ou de FORME RONDE. Mapospheres a pour objectif de promouvoir la diversit\u00e9 culturelle ! Le nom de la ville sera affich\u00e9 par d\u00e9faut en anglais (ex. : CONSTANCE\/GERMANY). N&rsquo;h\u00e9sitez pas \u00e0 l&rsquo;indiquer dans <em>VOTRE PANIER<\/em> si vous souhaitez une autre langue (ex. : KONSTANZ\/DEUTSCHLAND).<\/p>\r\n<p class=\"body-large\" dir=\"auto\">&#8212;&#8212;&#8212;&#8212;&#8212;&#8212;&#8212;&#8212;-<\/p>\r\n<p><strong>NOS ASTROLABES<\/strong> &#8211; <em>Ils sont fabriqu\u00e9s en contreplaqu\u00e9 de r\u00e9sineux d&rsquo;\u00e9pic\u00e9a. Ils sont livr\u00e9s avec des \u00e9tiquettes lamin\u00e9es de haute qualit\u00e9 ou imprim\u00e9s par transfert avec une finition sur bois, en quatre versions diff\u00e9rentes :<\/em><br \/>&#8211; Astrolabe standard: Votre astrolabe en bois vous sera livr\u00e9 pr\u00eat \u00e0 l&#8217;emploi avec son manuel d&rsquo;utilisation. <br \/>&#8211; Astrolabe en Kit : pr\u00e9parez-le vous-m\u00eame et apprenez en assemblant votre astrolabe.<br \/>&#8211; Astrolabe avec transfert sur bois : impression de qualit\u00e9 vintage gr\u00e2ce \u00e0 une technique de transfert sur bois. <br \/>&#8211; Astrolabe avec transfert sur bois personnalis\u00e9 : ajoutez une personnalisation au dos de votre astrolabe.<\/p>\r\n<p>&#8212;&#8212;&#8212;&#8212;&#8212;&#8212;&#8212;&#8212;-<br>Veuillez lire notre rubrique <a title=\"FAQ\" href=\"https:\/\/mapospheres.eu\/fr\/faq\/\" target=\"_self\" rel=\"noopener noreferrer\">FAQ<\/a> et n&rsquo;h\u00e9sitez pas \u00e0 nous envoyer un <a title=\"contact\" href=\"https:\/\/mapospheres.eu\/fr\/contact\/\" target=\"_self\" rel=\"noopener noreferrer\">message<\/a> si vous avez des questions<\/p>\r\n<p class=\"body-large\" dir=\"auto\">\r\n\r\n\r\n<\/p><div class=\"wp-block-uagb-container uagb-block-c2caf6d0 alignfull uagb-is-root-container\"><div class=\"uagb-container-inner-blocks-wrap\">\r\n<div class=\"wp-block-uagb-container uagb-block-0e63000d\">\r\n<figure class=\"wp-block-image size-large is-resized has-custom-border\" style=\"margin-right:0;margin-left:0\"><img loading=\"lazy\" decoding=\"async\" width=\"1024\" height=\"614\" src=\"https:\/\/mapospheres.eu\/wp-content\/uploads\/2026\/01\/ManWithBeard-2-1024x614.jpg\" alt=\"\" class=\"wp-image-5560\" style=\"border-style:none;border-width:0px;object-fit:cover;width:480px;height:280px\" srcset=\"https:\/\/mapospheres.eu\/wp-content\/uploads\/2026\/01\/ManWithBeard-2-1024x614.jpg 1024w, https:\/\/mapospheres.eu\/wp-content\/uploads\/2026\/01\/ManWithBeard-2-300x180.jpg 300w, https:\/\/mapospheres.eu\/wp-content\/uploads\/2026\/01\/ManWithBeard-2-768x461.jpg 768w, https:\/\/mapospheres.eu\/wp-content\/uploads\/2026\/01\/ManWithBeard-2-600x360.jpg 600w, https:\/\/mapospheres.eu\/wp-content\/uploads\/2026\/01\/ManWithBeard-2.jpg 1200w\" sizes=\"auto, (max-width: 1024px) 100vw, 1024px\" \/><\/figure>\r\n<\/div>\r\n\r\n\r\n\r\n<div class=\"wp-block-uagb-container uagb-block-4b9610b7\">\r\n<figure class=\"wp-block-image size-full is-resized\"><img loading=\"lazy\" decoding=\"async\" width=\"1000\" height=\"667\" src=\"https:\/\/mapospheres.eu\/wp-content\/uploads\/2026\/01\/RunnerSmiling.jpg\" alt=\"\" class=\"wp-image-2848\" style=\"object-fit:cover;width:480px;height:280px\" srcset=\"https:\/\/mapospheres.eu\/wp-content\/uploads\/2026\/01\/RunnerSmiling.jpg 1000w, https:\/\/mapospheres.eu\/wp-content\/uploads\/2026\/01\/RunnerSmiling-300x200.jpg 300w, https:\/\/mapospheres.eu\/wp-content\/uploads\/2026\/01\/RunnerSmiling-768x512.jpg 768w, https:\/\/mapospheres.eu\/wp-content\/uploads\/2026\/01\/RunnerSmiling-600x400.jpg 600w\" sizes=\"auto, (max-width: 1000px) 100vw, 1000px\" \/><\/figure>\r\n<\/div>\r\n<\/div><\/div>\r\n\r\n\r\n\r\n<div class=\"wp-block-uagb-container uagb-block-6a0243c0 alignfull uagb-is-root-container\"><div class=\"uagb-container-inner-blocks-wrap\"><\/div><\/div>\r\n","protected":false},"excerpt":{"rendered":"<p>Nos produits &#8211; Qualit\u00e9 et d\u00e9tails &nbsp; NOS CARTES &#8211; Affichez votre g\u00e9ographie intime avec nos affiches uniques qui mettent en valeur les espaces verts urbains et observez vraiment votre ville pr\u00e9f\u00e9r\u00e9e gr\u00e2ce \u00e0 ces cartes de grandes tailles, color\u00e9es, imprim\u00e9es \u00e0 la demande et faciles \u00e0 commander ! Vous pouvez choisir N&rsquo;IMPORTE QUELLE VILLE [&hellip;]<\/p>\n","protected":false},"author":1,"featured_media":0,"parent":0,"menu_order":0,"comment_status":"closed","ping_status":"closed","template":"","meta":{"_uag_custom_page_level_css":"","_monsterinsights_skip_tracking":false,"_monsterinsights_sitenote_active":false,"_monsterinsights_sitenote_note":"","_monsterinsights_sitenote_category":0,"site-sidebar-layout":"default","site-content-layout":"","ast-site-content-layout":"default","site-content-style":"default","site-sidebar-style":"default","ast-global-header-display":"","ast-banner-title-visibility":"","ast-main-header-display":"","ast-hfb-above-header-display":"","ast-hfb-below-header-display":"","ast-hfb-mobile-header-display":"","site-post-title":"disabled","ast-breadcrumbs-content":"","ast-featured-img":"","footer-sml-layout":"","ast-disable-related-posts":"","theme-transparent-header-meta":"","adv-header-id-meta":"","stick-header-meta":"","header-above-stick-meta":"","header-main-stick-meta":"","header-below-stick-meta":"","astra-migrate-meta-layouts":"set","ast-page-background-enabled":"default","ast-page-background-meta":{"desktop":{"background-color":"","background-image":"","background-repeat":"repeat","background-position":"center center","background-size":"auto","background-attachment":"scroll","background-type":"","background-media":"","overlay-type":"","overlay-color":"","overlay-opacity":"","overlay-gradient":""},"tablet":{"background-color":"","background-image":"","background-repeat":"repeat","background-position":"center center","background-size":"auto","background-attachment":"scroll","background-type":"","background-media":"","overlay-type":"","overlay-color":"","overlay-opacity":"","overlay-gradient":""},"mobile":{"background-color":"","background-image":"","background-repeat":"repeat","background-position":"center center","background-size":"auto","background-attachment":"scroll","background-type":"","background-media":"","overlay-type":"","overlay-color":"","overlay-opacity":"","overlay-gradient":""}},"ast-content-background-meta":{"desktop":{"background-color":"var(--ast-global-color-5)","background-image":"","background-repeat":"repeat","background-position":"center center","background-size":"auto","background-attachment":"scroll","background-type":"","background-media":"","overlay-type":"","overlay-color":"","overlay-opacity":"","overlay-gradient":""},"tablet":{"background-color":"var(--ast-global-color-5)","background-image":"","background-repeat":"repeat","background-position":"center center","background-size":"auto","background-attachment":"scroll","background-type":"","background-media":"","overlay-type":"","overlay-color":"","overlay-opacity":"","overlay-gradient":""},"mobile":{"background-color":"var(--ast-global-color-5)","background-image":"","background-repeat":"repeat","background-position":"center center","background-size":"auto","background-attachment":"scroll","background-type":"","background-media":"","overlay-type":"","overlay-color":"","overlay-opacity":"","overlay-gradient":""}},"footnotes":""},"class_list":["post-2667","page","type-page","status-publish","hentry"],"aioseo_notices":[],"_hostinger_reach_plugin_has_subscription_block":false,"_hostinger_reach_plugin_is_elementor":false,"uagb_featured_image_src":{"full":false,"thumbnail":false,"medium":false,"medium_large":false,"large":false,"1536x1536":false,"2048x2048":false,"woocommerce_thumbnail":false,"woocommerce_single":false,"woocommerce_gallery_thumbnail":false},"uagb_author_info":{"display_name":"sgainot04@gmail.com","author_link":"https:\/\/mapospheres.eu\/fr\/author\/sgainot04gmail-com\/"},"uagb_comment_info":0,"uagb_excerpt":"Nos produits &#8211; Qualit\u00e9 et d\u00e9tails &nbsp; NOS CARTES &#8211; Affichez votre g\u00e9ographie intime avec nos affiches uniques qui mettent en valeur les espaces verts urbains et observez vraiment votre ville pr\u00e9f\u00e9r\u00e9e gr\u00e2ce \u00e0 ces cartes de grandes tailles, color\u00e9es, imprim\u00e9es \u00e0 la demande et faciles \u00e0 commander ! Vous pouvez choisir N&rsquo;IMPORTE QUELLE VILLE\u2026","_links":{"self":[{"href":"https:\/\/mapospheres.eu\/fr\/wp-json\/wp\/v2\/pages\/2667","targetHints":{"allow":["GET"]}}],"collection":[{"href":"https:\/\/mapospheres.eu\/fr\/wp-json\/wp\/v2\/pages"}],"about":[{"href":"https:\/\/mapospheres.eu\/fr\/wp-json\/wp\/v2\/types\/page"}],"author":[{"embeddable":true,"href":"https:\/\/mapospheres.eu\/fr\/wp-json\/wp\/v2\/users\/1"}],"replies":[{"embeddable":true,"href":"https:\/\/mapospheres.eu\/fr\/wp-json\/wp\/v2\/comments?post=2667"}],"version-history":[{"count":11,"href":"https:\/\/mapospheres.eu\/fr\/wp-json\/wp\/v2\/pages\/2667\/revisions"}],"predecessor-version":[{"id":22627,"href":"https:\/\/mapospheres.eu\/fr\/wp-json\/wp\/v2\/pages\/2667\/revisions\/22627"}],"wp:attachment":[{"href":"https:\/\/mapospheres.eu\/fr\/wp-json\/wp\/v2\/media?parent=2667"}],"curies":[{"name":"wp","href":"https:\/\/api.w.org\/{rel}","templated":true}]}}