{"id":2670,"date":"2026-01-13T08:00:48","date_gmt":"2026-01-13T08:00:48","guid":{"rendered":"https:\/\/mapospheres.eu\/our-partnerships\/"},"modified":"2026-03-19T14:08:44","modified_gmt":"2026-03-19T14:08:44","slug":"our-partnerships","status":"publish","type":"page","link":"https:\/\/mapospheres.eu\/fr\/partenariats\/","title":{"rendered":"Partenariats"},"content":{"rendered":"\r\n<div class=\"wp-block-uagb-container uagb-block-7a256846 alignfull uagb-is-root-container\"><div class=\"uagb-container-inner-blocks-wrap\">\r\n<div class=\"wp-block-uagb-advanced-heading uagb-block-3af8b3e9\"><div class=\"uagb-separator\"><\/div><h2 class=\"uagb-heading-text\">Nos partenariats<\/h2><\/div>\r\n\r\n\r\n\r\n<div class=\"wp-block-uagb-container uagb-block-dcad8aef\"><\/div>\r\n<\/div><\/div>\r\n\r\n\r\n\r\n<div class=\"wp-block-uagb-container uagb-block-6a511612 alignfull uagb-is-root-container\"><div class=\"uagb-container-inner-blocks-wrap\">\r\n<div class=\"wp-block-uagb-container uagb-block-5eff0295\">\r\n<div class=\"wp-block-uagb-container uagb-block-1f1f7ee6\">\r\n<div class=\"wp-block-uagb-image uagb-block-c1996f13 wp-block-uagb-image--layout-default wp-block-uagb-image--effect-static wp-block-uagb-image--align-none\"><figure class=\"wp-block-uagb-image__figure\"><a class=\"\" href=\"https:\/\/ecotree.green\/\" target=\"_blank\" rel=\"noreferrer noopener\"><img decoding=\"async\" srcset=\"https:\/\/mapospheres.eu\/wp-content\/uploads\/2026\/01\/LOGO2-1.png ,https:\/\/mapospheres.eu\/wp-content\/uploads\/2026\/01\/LOGO2-1.png 780w, https:\/\/mapospheres.eu\/wp-content\/uploads\/2026\/01\/LOGO2-1.png 360w\" sizes=\"auto, (max-width: 480px) 150px\" src=\"https:\/\/mapospheres.eu\/wp-content\/uploads\/2026\/01\/LOGO2-1.png\" alt=\"\" class=\"uag-image-5586\" width=\"150\" height=\"150\" title=\"LOGO2\" loading=\"lazy\" role=\"img\"><\/a><\/figure><\/div>\r\n<\/div>\r\n<\/div>\r\n\r\n\r\n\r\n<div class=\"wp-block-uagb-container uagb-block-0478083b\">\r\n<p>Ecotree est une entreprise d\u00e9di\u00e9e au <strong>d\u00e9veloppement environnemental et \u00e9conomique<\/strong>des for\u00eats et \u00e0 la<strong>biodiversit\u00e9 en Europe&nbsp;<\/strong>(<a href=\"https:\/\/ecotree.green\/en\/?_forceLocale=en\" target=\"_blank\" rel=\"noreferrer noopener\">Ecotree&rsquo;s&nbsp;website<\/a>).Plusieurs hectares de for\u00eat sont renouvel\u00e9s chaque ann\u00e9e, et de nombreux projets de biodiversit\u00e9 voient le jour afin de revitaliser les&nbsp;<strong>\u00e9cosyst\u00e8mes forestiers endommag\u00e9s ou en sommeil<\/strong>.<\/p>\r\n\r\n\r\n\r\n<p>Mapospheres s&rsquo;est engag\u00e9 \u00e0 consacrer &nbsp;<strong>2 % de son chiffre d&rsquo;affaires<\/strong>&nbsp;\u00e0 cette entreprise d\u00e9but 2022 et a contribu\u00e9 \u00e0 la plantation de 33 arbres de vari\u00e9t\u00e9s diverses pour compenser ses nombreux produits en bois (cartes en papier, astrolabes&#8230;).<\/p>\r\n<\/div>\r\n<\/div><\/div>\r\n\r\n\r\n\r\n<div class=\"wp-block-uagb-container uagb-block-80d6fa9e alignfull uagb-is-root-container\"><div class=\"uagb-container-inner-blocks-wrap\">\r\n<div class=\"wp-block-uagb-container uagb-block-0eb2834c\">\r\n<div class=\"wp-block-uagb-container uagb-block-49335768\">\r\n<div class=\"wp-block-uagb-image uagb-block-ac8603bb wp-block-uagb-image--layout-default wp-block-uagb-image--effect-static wp-block-uagb-image--align-none\"><figure class=\"wp-block-uagb-image__figure\"><a class=\"\" href=\"https:\/\/www.leko-organisme.fr\/clients\/#english\" target=\"_blank\" rel=\"noreferrer noopener\"><img decoding=\"async\" srcset=\"https:\/\/mapospheres.eu\/wp-content\/uploads\/2026\/01\/LOGO_LEKO-1.png ,https:\/\/mapospheres.eu\/wp-content\/uploads\/2026\/01\/LOGO_LEKO-1.png 780w, https:\/\/mapospheres.eu\/wp-content\/uploads\/2026\/01\/LOGO_LEKO-1.png 360w\" sizes=\"auto, (max-width: 480px) 150px\" src=\"https:\/\/mapospheres.eu\/wp-content\/uploads\/2026\/01\/LOGO_LEKO-1.png\" alt=\"\" class=\"uag-image-5585\" width=\"150\" height=\"150\" title=\"LOGO_LEKO\" loading=\"lazy\" role=\"img\"><\/a><\/figure><\/div>\r\n<\/div>\r\n<\/div>\r\n\r\n\r\n\r\n<div class=\"wp-block-uagb-container uagb-block-5e0a4421\">\r\n<p>L\u00e9ko est un &nbsp;<strong>organisme de responsabilit\u00e9 \u00e9largie des producteurs (ORE)<\/strong>&nbsp;agr\u00e9\u00e9 par l&rsquo;\u00c9tat fran\u00e7ais, charg\u00e9 de la gestion de la responsabilit\u00e9 \u00e9largie des producteurs (REP) pour les emballages m\u00e9nagers au nom des entreprises qui produisent ou&nbsp;<strong>importent des produits emball\u00e9s sur le territoire fran\u00e7ais.<\/strong>&nbsp;(<a href=\"https:\/\/www.leko-organisme.fr\/clients\/#english\" target=\"_blank\" rel=\"noreferrer noopener\">Leko&rsquo;s&nbsp;website<\/a>).<\/p>\r\n\r\n\r\n\r\n<p>Mapospheres a sign\u00e9 un accord avec Leko en 2022 pour &nbsp;to&nbsp;<strong>pr\u00e9venir, collecter et recycler ses emballages de cartes.<\/strong>.<\/p>\r\n<\/div>\r\n<\/div><\/div>\r\n","protected":false},"excerpt":{"rendered":"<p>Nos partenariats Ecotree est une entreprise d\u00e9di\u00e9e au d\u00e9veloppement environnemental et \u00e9conomiquedes for\u00eats et \u00e0 labiodiversit\u00e9 en Europe&nbsp;(Ecotree&rsquo;s&nbsp;website).Plusieurs hectares de for\u00eat sont renouvel\u00e9s chaque ann\u00e9e, et de nombreux projets de biodiversit\u00e9 voient le jour afin de revitaliser les&nbsp;\u00e9cosyst\u00e8mes forestiers endommag\u00e9s ou en sommeil. Mapospheres s&rsquo;est engag\u00e9 \u00e0 consacrer &nbsp;2 % de son chiffre d&rsquo;affaires&nbsp;\u00e0 cette [&hellip;]<\/p>\n","protected":false},"author":1,"featured_media":0,"parent":0,"menu_order":0,"comment_status":"closed","ping_status":"closed","template":"","meta":{"_uag_custom_page_level_css":"","_monsterinsights_skip_tracking":false,"_monsterinsights_sitenote_active":false,"_monsterinsights_sitenote_note":"","_monsterinsights_sitenote_category":0,"site-sidebar-layout":"default","site-content-layout":"","ast-site-content-layout":"default","site-content-style":"default","site-sidebar-style":"default","ast-global-header-display":"","ast-banner-title-visibility":"","ast-main-header-display":"","ast-hfb-above-header-display":"","ast-hfb-below-header-display":"","ast-hfb-mobile-header-display":"","site-post-title":"disabled","ast-breadcrumbs-content":"","ast-featured-img":"","footer-sml-layout":"","ast-disable-related-posts":"","theme-transparent-header-meta":"","adv-header-id-meta":"","stick-header-meta":"","header-above-stick-meta":"","header-main-stick-meta":"","header-below-stick-meta":"","astra-migrate-meta-layouts":"set","ast-page-background-enabled":"default","ast-page-background-meta":{"desktop":{"background-color":"","background-image":"","background-repeat":"repeat","background-position":"center center","background-size":"auto","background-attachment":"scroll","background-type":"","background-media":"","overlay-type":"","overlay-color":"","overlay-opacity":"","overlay-gradient":""},"tablet":{"background-color":"","background-image":"","background-repeat":"repeat","background-position":"center center","background-size":"auto","background-attachment":"scroll","background-type":"","background-media":"","overlay-type":"","overlay-color":"","overlay-opacity":"","overlay-gradient":""},"mobile":{"background-color":"","background-image":"","background-repeat":"repeat","background-position":"center center","background-size":"auto","background-attachment":"scroll","background-type":"","background-media":"","overlay-type":"","overlay-color":"","overlay-opacity":"","overlay-gradient":""}},"ast-content-background-meta":{"desktop":{"background-color":"var(--ast-global-color-5)","background-image":"","background-repeat":"repeat","background-position":"center center","background-size":"auto","background-attachment":"scroll","background-type":"","background-media":"","overlay-type":"","overlay-color":"","overlay-opacity":"","overlay-gradient":""},"tablet":{"background-color":"var(--ast-global-color-5)","background-image":"","background-repeat":"repeat","background-position":"center center","background-size":"auto","background-attachment":"scroll","background-type":"","background-media":"","overlay-type":"","overlay-color":"","overlay-opacity":"","overlay-gradient":""},"mobile":{"background-color":"var(--ast-global-color-5)","background-image":"","background-repeat":"repeat","background-position":"center center","background-size":"auto","background-attachment":"scroll","background-type":"","background-media":"","overlay-type":"","overlay-color":"","overlay-opacity":"","overlay-gradient":""}},"footnotes":""},"class_list":["post-2670","page","type-page","status-publish","hentry"],"aioseo_notices":[],"_hostinger_reach_plugin_has_subscription_block":false,"_hostinger_reach_plugin_is_elementor":false,"uagb_featured_image_src":{"full":false,"thumbnail":false,"medium":false,"medium_large":false,"large":false,"1536x1536":false,"2048x2048":false,"woocommerce_thumbnail":false,"woocommerce_single":false,"woocommerce_gallery_thumbnail":false},"uagb_author_info":{"display_name":"sgainot04@gmail.com","author_link":"https:\/\/mapospheres.eu\/fr\/author\/sgainot04gmail-com\/"},"uagb_comment_info":0,"uagb_excerpt":"Nos partenariats Ecotree est une entreprise d\u00e9di\u00e9e au d\u00e9veloppement environnemental et \u00e9conomiquedes for\u00eats et \u00e0 labiodiversit\u00e9 en Europe&nbsp;(Ecotree&rsquo;s&nbsp;website).Plusieurs hectares de for\u00eat sont renouvel\u00e9s chaque ann\u00e9e, et de nombreux projets de biodiversit\u00e9 voient le jour afin de revitaliser les&nbsp;\u00e9cosyst\u00e8mes forestiers endommag\u00e9s ou en sommeil. Mapospheres s&rsquo;est engag\u00e9 \u00e0 consacrer &nbsp;2 % de son chiffre d&rsquo;affaires&nbsp;\u00e0 cette\u2026","_links":{"self":[{"href":"https:\/\/mapospheres.eu\/fr\/wp-json\/wp\/v2\/pages\/2670","targetHints":{"allow":["GET"]}}],"collection":[{"href":"https:\/\/mapospheres.eu\/fr\/wp-json\/wp\/v2\/pages"}],"about":[{"href":"https:\/\/mapospheres.eu\/fr\/wp-json\/wp\/v2\/types\/page"}],"author":[{"embeddable":true,"href":"https:\/\/mapospheres.eu\/fr\/wp-json\/wp\/v2\/users\/1"}],"replies":[{"embeddable":true,"href":"https:\/\/mapospheres.eu\/fr\/wp-json\/wp\/v2\/comments?post=2670"}],"version-history":[{"count":8,"href":"https:\/\/mapospheres.eu\/fr\/wp-json\/wp\/v2\/pages\/2670\/revisions"}],"predecessor-version":[{"id":22625,"href":"https:\/\/mapospheres.eu\/fr\/wp-json\/wp\/v2\/pages\/2670\/revisions\/22625"}],"wp:attachment":[{"href":"https:\/\/mapospheres.eu\/fr\/wp-json\/wp\/v2\/media?parent=2670"}],"curies":[{"name":"wp","href":"https:\/\/api.w.org\/{rel}","templated":true}]}}