{"id":2673,"date":"2026-01-13T08:00:48","date_gmt":"2026-01-13T08:00:48","guid":{"rendered":"https:\/\/mapospheres.eu\/shipping\/"},"modified":"2026-03-19T14:41:12","modified_gmt":"2026-03-19T14:41:12","slug":"shipping","status":"publish","type":"page","link":"https:\/\/mapospheres.eu\/fr\/envois\/","title":{"rendered":"Envois"},"content":{"rendered":"\r\n<div class=\"wp-block-uagb-container uagb-block-7a256846 alignfull uagb-is-root-container\"><div class=\"uagb-container-inner-blocks-wrap\">\r\n<div class=\"wp-block-uagb-advanced-heading uagb-block-3af8b3e9\"><div class=\"uagb-separator\"><\/div><h2 class=\"uagb-heading-text\">Exp\u00e9dition &#8211; Emballages et estimations pour les livraisons<\/h2><\/div>\r\n<\/div><\/div>\r\n\r\n\r\n<br><br>\r\n<p class=\"body-large\" dir=\"auto\">&#8211; Exp\u00e9dition et emballage &#8211;<\/p>\r\n<p class=\"body-large\" dir=\"auto\">Les cartes papier sont imprim\u00e9es avec soin, puis emball\u00e9es dans du papier protecteur et roul\u00e9es dans un tube postal en carton rigide pour l&rsquo;exp\u00e9dition depuis la Pologne. Les astrolabes et les toiles seront exp\u00e9di\u00e9s dans des colis postaux en carton protecteurs d\u00e9di\u00e9s depuis la Pologne.<\/p>\r\n<p dir=\"auto\">&nbsp;<\/p>\r\n<p class=\"body-large\" dir=\"auto\">&#8211; Estimations de livraison &#8211;<\/p>\r\n<p class=\"body-large\" dir=\"auto\">Europe : entre 5 et 10 jours ouvrables apr\u00e8s exp\u00e9dition ;<\/p>\r\n<p class=\"body-large\" dir=\"auto\">Reste du monde : 8 \u00e0 20 jours ouvrables apr\u00e8s exp\u00e9dition.<\/p>\r\n<p class=\"body-large\" dir=\"auto\">Les d\u00e9lais de livraison \u00e0 l&rsquo;international sont donn\u00e9s \u00e0 titre indicatif et ne peuvent \u00eatre garantis, car ils d\u00e9pendent des services postaux et douaniers locaux. Si votre colis est perdu ou endommag\u00e9 pendant le transport, nous vous enverrons un remplacement d\u00e8s confirmation du transporteur. Dans tous les cas, nous trouverons toujours une solution satisfaisante et raisonnable !<\/p>","protected":false},"excerpt":{"rendered":"<p>Exp\u00e9dition &#8211; Emballages et estimations pour les livraisons &#8211; Exp\u00e9dition et emballage &#8211; Les cartes papier sont imprim\u00e9es avec soin, puis emball\u00e9es dans du papier protecteur et roul\u00e9es dans un tube postal en carton rigide pour l&rsquo;exp\u00e9dition depuis la Pologne. Les astrolabes et les toiles seront exp\u00e9di\u00e9s dans des colis postaux en carton protecteurs d\u00e9di\u00e9s [&hellip;]<\/p>\n","protected":false},"author":1,"featured_media":0,"parent":0,"menu_order":0,"comment_status":"closed","ping_status":"closed","template":"","meta":{"_uag_custom_page_level_css":"","_monsterinsights_skip_tracking":false,"_monsterinsights_sitenote_active":false,"_monsterinsights_sitenote_note":"","_monsterinsights_sitenote_category":0,"site-sidebar-layout":"default","site-content-layout":"","ast-site-content-layout":"default","site-content-style":"default","site-sidebar-style":"default","ast-global-header-display":"","ast-banner-title-visibility":"","ast-main-header-display":"","ast-hfb-above-header-display":"","ast-hfb-below-header-display":"","ast-hfb-mobile-header-display":"","site-post-title":"disabled","ast-breadcrumbs-content":"","ast-featured-img":"","footer-sml-layout":"","ast-disable-related-posts":"","theme-transparent-header-meta":"","adv-header-id-meta":"","stick-header-meta":"","header-above-stick-meta":"","header-main-stick-meta":"","header-below-stick-meta":"","astra-migrate-meta-layouts":"set","ast-page-background-enabled":"default","ast-page-background-meta":{"desktop":{"background-color":"","background-image":"","background-repeat":"repeat","background-position":"center center","background-size":"auto","background-attachment":"scroll","background-type":"","background-media":"","overlay-type":"","overlay-color":"","overlay-opacity":"","overlay-gradient":""},"tablet":{"background-color":"","background-image":"","background-repeat":"repeat","background-position":"center center","background-size":"auto","background-attachment":"scroll","background-type":"","background-media":"","overlay-type":"","overlay-color":"","overlay-opacity":"","overlay-gradient":""},"mobile":{"background-color":"","background-image":"","background-repeat":"repeat","background-position":"center center","background-size":"auto","background-attachment":"scroll","background-type":"","background-media":"","overlay-type":"","overlay-color":"","overlay-opacity":"","overlay-gradient":""}},"ast-content-background-meta":{"desktop":{"background-color":"var(--ast-global-color-5)","background-image":"","background-repeat":"repeat","background-position":"center center","background-size":"auto","background-attachment":"scroll","background-type":"","background-media":"","overlay-type":"","overlay-color":"","overlay-opacity":"","overlay-gradient":""},"tablet":{"background-color":"var(--ast-global-color-5)","background-image":"","background-repeat":"repeat","background-position":"center center","background-size":"auto","background-attachment":"scroll","background-type":"","background-media":"","overlay-type":"","overlay-color":"","overlay-opacity":"","overlay-gradient":""},"mobile":{"background-color":"var(--ast-global-color-5)","background-image":"","background-repeat":"repeat","background-position":"center center","background-size":"auto","background-attachment":"scroll","background-type":"","background-media":"","overlay-type":"","overlay-color":"","overlay-opacity":"","overlay-gradient":""}},"footnotes":""},"class_list":["post-2673","page","type-page","status-publish","hentry"],"aioseo_notices":[],"_hostinger_reach_plugin_has_subscription_block":false,"_hostinger_reach_plugin_is_elementor":false,"uagb_featured_image_src":{"full":false,"thumbnail":false,"medium":false,"medium_large":false,"large":false,"1536x1536":false,"2048x2048":false,"woocommerce_thumbnail":false,"woocommerce_single":false,"woocommerce_gallery_thumbnail":false},"uagb_author_info":{"display_name":"sgainot04@gmail.com","author_link":"https:\/\/mapospheres.eu\/fr\/author\/sgainot04gmail-com\/"},"uagb_comment_info":0,"uagb_excerpt":"Exp\u00e9dition &#8211; Emballages et estimations pour les livraisons &#8211; Exp\u00e9dition et emballage &#8211; Les cartes papier sont imprim\u00e9es avec soin, puis emball\u00e9es dans du papier protecteur et roul\u00e9es dans un tube postal en carton rigide pour l&rsquo;exp\u00e9dition depuis la Pologne. Les astrolabes et les toiles seront exp\u00e9di\u00e9s dans des colis postaux en carton protecteurs d\u00e9di\u00e9s\u2026","_links":{"self":[{"href":"https:\/\/mapospheres.eu\/fr\/wp-json\/wp\/v2\/pages\/2673","targetHints":{"allow":["GET"]}}],"collection":[{"href":"https:\/\/mapospheres.eu\/fr\/wp-json\/wp\/v2\/pages"}],"about":[{"href":"https:\/\/mapospheres.eu\/fr\/wp-json\/wp\/v2\/types\/page"}],"author":[{"embeddable":true,"href":"https:\/\/mapospheres.eu\/fr\/wp-json\/wp\/v2\/users\/1"}],"replies":[{"embeddable":true,"href":"https:\/\/mapospheres.eu\/fr\/wp-json\/wp\/v2\/comments?post=2673"}],"version-history":[{"count":7,"href":"https:\/\/mapospheres.eu\/fr\/wp-json\/wp\/v2\/pages\/2673\/revisions"}],"predecessor-version":[{"id":22642,"href":"https:\/\/mapospheres.eu\/fr\/wp-json\/wp\/v2\/pages\/2673\/revisions\/22642"}],"wp:attachment":[{"href":"https:\/\/mapospheres.eu\/fr\/wp-json\/wp\/v2\/media?parent=2673"}],"curies":[{"name":"wp","href":"https:\/\/api.w.org\/{rel}","templated":true}]}}