{"id":3,"date":"2026-01-12T16:56:00","date_gmt":"2026-01-12T16:56:00","guid":{"rendered":"https:\/\/mapospheres.eu\/?page_id=3"},"modified":"2026-02-05T13:54:53","modified_gmt":"2026-02-05T13:54:53","slug":"privacy-policy","status":"publish","type":"page","link":"https:\/\/mapospheres.eu\/fr\/politique-de-confidentialite\/","title":{"rendered":"Politique de confidentialit\u00e9"},"content":{"rendered":"\r\n<div class=\"wp-block-uagb-container uagb-block-920f2e3f alignfull uagb-is-root-container\">\r\n<div class=\"uagb-container-inner-blocks-wrap\">\r\n\r\n\r\n<div class=\"wp-block-uagb-advanced-heading uagb-block-ed8a34db\">\r\n<div class=\"uagb-separator\">&nbsp;<\/div>\r\n<h2 class=\"uagb-heading-text\">Politique de confidentialit\u00e9<\/h2>\r\n<\/div>\r\n\r\n\r\n<\/div>\r\n<\/div>\r\n\r\n\r\n\r\n<div class=\"wp-block-uagb-container uagb-block-7db4d005 alignfull uagb-is-root-container\">\r\n<div class=\"uagb-container-inner-blocks-wrap\">\r\n\r\n\r\n\r\n<hr class=\"wp-block-separator has-alpha-channel-opacity\" \/>\r\n\r\n\r\n\r\n<\/div>\r\n<\/div>\r\n\r\n\r\n\r\n\r\nLa pr\u00e9sente politique de confidentialit\u00e9 d\u00e9crit comment www.mapospheres.eu (le \u00ab Site \u00bb ou \u00ab nous \u00bb) collecte, utilise et divulgue vos informations personnelles lorsque vous visitez le Site ou y effectuez un achat.\r\n\r\n\r\n\r\n\r\n<h2 class=\"wp-block-heading\">Contact<\/h2>\r\n\r\n\r\n\r\n\r\nApr\u00e8s avoir pris connaissance de cette politique, si vous avez des questions suppl\u00e9mentaires, souhaitez obtenir plus d&rsquo;informations sur nos pratiques en mati\u00e8re de confidentialit\u00e9 ou souhaitez d\u00e9poser une plainte, veuillez nous contacter par courriel ou par courrier postal en utilisant les coordonn\u00e9es fournies ci-dessous :\r\n\r\n\r\n\r\n\r\n\r\nMapospheres, 128 rue de la Boetie, 75008 PARIS, France\r\n\r\n\r\n\r\n\r\n<h2 class=\"wp-block-heading\">Collecte d&rsquo;informations personnelles<\/h2>\r\n\r\n\r\n\r\n\r\nLorsque vous consultez notre Site, nous recueillons certaines informations concernant votre appareil, votre interaction avec le Site et les informations n\u00e9cessaires au traitement de vos achats. Nous pouvons \u00e9galement recueillir des informations suppl\u00e9mentaires si vous nous contactez pour obtenir de l&rsquo;aide. Dans la pr\u00e9sente Politique de confidentialit\u00e9, nous d\u00e9signons par \u00ab Informations personnelles \u00bb toute information concernant une personne physique identifiable (y compris les informations ci-dessous). Consultez la liste ci-dessous pour en savoir plus sur les Informations personnelles que nous recueillons et pourquoi.\r\n\r\n\r\n\r\n\r\n\r\n<strong>Informations personnelles collect\u00e9es :<\/strong>&nbsp;nom, adresse de facturation, adresse de livraison, informations de paiement, adresse e-mail et num\u00e9ro de t\u00e9l\u00e9phone.\r\n\r\n\r\n\r\n\r\n\r\n<strong>Informations sur l&rsquo;appareil<\/strong>\r\n\r\n\r\n\r\n\r\n\r\n<strong>Finalit\u00e9 de la collecte :<\/strong>&nbsp;charger le Site correctement pour vous et effectuer des analyses sur l\u2019utilisation du Site afin d\u2019optimiser notre Site.\r\n\r\n\r\n\r\n\r\n\r\n<strong>Source de collecte :<\/strong>&nbsp;Collect\u00e9es automatiquement lorsque vous acc\u00e9dez \u00e0 notre Site \u00e0 l\u2019aide de cookies, de fichiers journaux ou de pixels.\r\n\r\n\r\n\r\n\r\n\r\n<strong>Informations personnelles collect\u00e9es :<\/strong>&nbsp;les sites ou produits que vous consultez, les termes de recherche et la mani\u00e8re dont vous interagissez avec le Site.\r\n\r\n\r\n\r\n\r\n\r\n<strong>Informations sur la commande<\/strong>\r\n\r\n\r\n\r\n\r\n\r\n<strong>Finalit\u00e9 de la collecte :<\/strong>&nbsp;vous fournir des produits ou des services pour ex\u00e9cuter notre contrat, traiter vos informations de paiement, organiser l\u2019exp\u00e9dition, vous fournir des factures et\/ou des confirmations de commande, communiquer avec vous, v\u00e9rifier nos commandes pour d\u00e9tecter tout risque potentiel ou toute fraude, et, conform\u00e9ment aux pr\u00e9f\u00e9rences que vous nous avez communiqu\u00e9es, vous fournir des informations ou des publicit\u00e9s relatives \u00e0 nos produits ou services.\r\n\r\n\r\n\r\n\r\n\r\n<strong>Source de la collecte :<\/strong>&nbsp;collect\u00e9e aupr\u00e8s de vous.\r\n\r\n\r\n\r\n\r\n\r\n<strong>Divulgation \u00e0 des fins commerciales :<\/strong>&nbsp;partag\u00e9e avec notre prestataire de paiement Stripe\r\n\r\n\r\n\r\n\r\n<h3 class=\"wp-block-heading\">Mineurs<\/h3>\r\n\r\n\r\n\r\n\r\nNous ne recueillons pas intentionnellement de renseignements personnels aupr\u00e8s d&rsquo;enfants. Si vous \u00eates le parent ou le tuteur et pensez que votre enfant nous a communiqu\u00e9 des renseignements personnels, veuillez communiquer avec nous \u00e0 l&rsquo;adresse ci-dessus pour en demander la suppression.\r\n\r\n\r\n\r\n\r\n<h2 class=\"wp-block-heading\">Partage d&rsquo;informations personnelles<\/h2>\r\n\r\n\r\n\r\n\r\n<strong class=\"privacy-policy-tutorial\">Les articles de ce site peuvent inclure du contenu int\u00e9gr\u00e9 (par exemple, des vid\u00e9os, des images, des articles, etc.). Le contenu int\u00e9gr\u00e9 provenant d&rsquo;autres sites web se comporte exactement de la m\u00eame mani\u00e8re que si le visiteur avait consult\u00e9 directement ces sites.\r\n\r\n\r\n\r\n\r\n\r\n\r\nCes sites web peuvent collecter des donn\u00e9es vous concernant, utiliser des cookies, int\u00e9grer des outils de suivi tiers suppl\u00e9mentaires et surveiller votre interaction avec ce contenu int\u00e9gr\u00e9, y compris le suivi de votre interaction avec le contenu int\u00e9gr\u00e9 si vous poss\u00e9dez un compte et \u00eates connect\u00e9 \u00e0 ce site web.\r\n\r\n\r\n\r\n\r\n<h2 class=\"wp-block-heading\">Avec qui partageons-nous vos donn\u00e9es ?<\/h2>\r\n\r\n\r\n\r\n\r\nNous partageons vos informations personnelles avec des prestataires de services afin de nous aider \u00e0 vous fournir nos services et \u00e0 ex\u00e9cuter nos contrats avec vous, comme d\u00e9crit ci-dessus. Par exemple :\r\n\r\n\r\n\r\n\r\n<ul class=\"wp-block-list\">\r\n \t<li style=\"list-style-type: none;\">\r\n<ul class=\"wp-block-list\">\r\n \t<li>Nous pouvons partager vos renseignements personnels afin de nous conformer aux lois et r\u00e8glements applicables, de r\u00e9pondre \u00e0 une assignation \u00e0 compara\u00eetre, \u00e0 un mandat de perquisition ou \u00e0 toute autre demande l\u00e9gale de renseignements que nous recevons, ou encore de prot\u00e9ger nos droits.<\/li>\r\n<\/ul>\r\n<\/li>\r\n<\/ul>\r\n\r\n\r\n\r\n\r\n\r\n<h2 class=\"wp-block-heading\">Publicit\u00e9 comportementale<\/h2>\r\n\r\n\r\n\r\n\r\nComme d\u00e9crit ci-dessus, nous utilisons vos informations personnelles pour vous proposer des publicit\u00e9s cibl\u00e9es ou des communications marketing susceptibles de vous int\u00e9resser. Par exemple :\r\n\r\n\r\n\r\n\r\n<ul class=\"wp-block-list\">\r\n \t<li style=\"list-style-type: none;\">\r\n<ul class=\"wp-block-list\">\r\n \t<li>Nous utilisons Google Analytics pour mieux comprendre comment nos clients utilisent le Site. Pour en savoir plus sur l&rsquo;utilisation de vos donn\u00e9es personnelles par Google, cliquez ici.:&nbsp;<a href=\"https:\/\/www.google.com\/intl\/en\/policies\/privacy\/\" target=\"_blank\" rel=\"noreferrer noopener\">https:\/\/www.google.com\/intl\/en\/policies\/privacy\/<\/a>. Vous pouvez \u00e9galement d\u00e9sactiver Google Analytics ici:&nbsp;<a href=\"https:\/\/tools.google.com\/dlpage\/gaoptout\" target=\"_blank\" rel=\"noreferrer noopener\">https:\/\/tools.google.com\/dlpage\/gaoptout<\/a>.<\/li>\r\n<\/ul>\r\n<\/li>\r\n<\/ul>\r\n\r\n\r\n\r\n\r\n\r\n\r\nPour plus d&rsquo;informations sur le fonctionnement de la publicit\u00e9 cibl\u00e9e, vous pouvez consulter le site web suivant : Network Advertising Initiative\u2019s (\u201cNAI\u201d) educational page at&nbsp;<a href=\"https:\/\/www.networkadvertising.org\/understanding-online-advertising\/how-does-it-work\" target=\"_blank\" rel=\"noreferrer noopener\">https:\/\/www.networkadvertising.org\/understanding-online-advertising\/how-does-it-work<\/a>.\r\n\r\n\r\n\r\n\r\n\r\nDe plus, vous pouvez vous d\u00e9sinscrire de certains de ces services en visitant le portail de d\u00e9sinscription de la Digital Advertising Alliance \u00e0 l&rsquo;adresse suivante :&nbsp;<a href=\"https:\/\/optout.aboutads.info\/\" target=\"_blank\" rel=\"noreferrer noopener\">https:\/\/optout.aboutads.info\/<\/a>.\r\n\r\n\r\n\r\n\r\n<h2 class=\"wp-block-heading\">Utilisation des informations personnelles<\/h2>\r\n\r\n\r\n\r\n\r\nNous utilisons vos informations personnelles pour vous fournir nos services, notamment : la vente de produits, le traitement des paiements, l\u2019exp\u00e9dition et l\u2019ex\u00e9cution de votre commande, et la mise \u00e0 jour de vos informations sur les nouveaux produits, services et offres.\r\n\r\n\r\n\r\n\r\n<h3 class=\"wp-block-heading\">Base l\u00e9gale<\/h3>\r\n\r\n\r\n\r\n\r\nConform\u00e9ment au R\u00e8glement g\u00e9n\u00e9ral sur la protection des donn\u00e9es (\u00ab RGPD \u00bb), si vous r\u00e9sidez dans l\u2019Espace \u00e9conomique europ\u00e9en (\u00ab EEE \u00bb), nous traitons vos donn\u00e9es personnelles sur la base des fondements juridiques suivants :\r\n\r\n\r\n\r\n\r\n<ul class=\"wp-block-list\">\r\n \t<li style=\"list-style-type: none;\">\r\n<ul class=\"wp-block-list\">\r\n \t<li>Votre consentement;<\/li>\r\n<\/ul>\r\n<\/li>\r\n<\/ul>\r\n\r\n\r\n\r\n<ul class=\"wp-block-list\">\r\n \t<li style=\"list-style-type: none;\">\r\n<ul class=\"wp-block-list\">\r\n \t<li>L\u2019ex\u00e9cution du contrat entre vous et le Site ;<\/li>\r\n<\/ul>\r\n<\/li>\r\n<\/ul>\r\n\r\n\r\n\r\n<ul class=\"wp-block-list\">\r\n \t<li style=\"list-style-type: none;\">\r\n<ul class=\"wp-block-list\">\r\n \t<li>Respect de nos obligations l\u00e9gales ;<\/li>\r\n<\/ul>\r\n<\/li>\r\n<\/ul>\r\n\r\n\r\n\r\n<ul class=\"wp-block-list\">\r\n \t<li style=\"list-style-type: none;\">\r\n<ul class=\"wp-block-list\">\r\n \t<li>Pour prot\u00e9ger vos int\u00e9r\u00eats vitaux ;<\/li>\r\n<\/ul>\r\n<\/li>\r\n<\/ul>\r\n\r\n\r\n\r\n<ul class=\"wp-block-list\">\r\n \t<li style=\"list-style-type: none;\">\r\n<ul class=\"wp-block-list\">\r\n \t<li>Accomplir une t\u00e2che r\u00e9alis\u00e9e dans l&rsquo;int\u00e9r\u00eat public ;<\/li>\r\n<\/ul>\r\n<\/li>\r\n<\/ul>\r\n\r\n\r\n\r\n<ul class=\"wp-block-list\">\r\n \t<li style=\"list-style-type: none;\">\r\n<ul class=\"wp-block-list\">\r\n \t<li>Pour nos int\u00e9r\u00eats l\u00e9gitimes, qui ne portent pas atteinte \u00e0 vos droits et libert\u00e9s fondamentaux.<\/li>\r\n<\/ul>\r\n<\/li>\r\n<\/ul>\r\n\r\n\r\n\r\n\r\n\r\n<h3 class=\"wp-block-heading\">Retention<\/h3>\r\n\r\n\r\n\r\n\r\nLorsque vous passez une commande sur le Site, nous conservons vos donn\u00e9es personnelles dans nos archives, sauf si vous nous demandez de les supprimer. Pour plus d&rsquo;informations sur votre droit \u00e0 l&rsquo;effacement, veuillez consulter la section \u00ab Vos droits \u00bb ci-dessous.\r\n\r\n\r\n\r\n\r\n\r\n<h3 class=\"wp-block-heading\">Prise de d\u00e9cision automatique<\/h3>\r\n\r\n\r\n\r\n\r\nSi vous r\u00e9sidez dans l&rsquo;EEE, vous avez le droit de vous opposer \u00e0 un traitement fond\u00e9 exclusivement sur une prise de d\u00e9cision automatis\u00e9e (y compris le profilage), lorsque cette prise de d\u00e9cision produit des effets juridiques vous concernant ou vous affecte de mani\u00e8re significative.\r\n\r\n\r\n\r\n\r\n\r\nNotre prestataire de services de paiement utilise un syst\u00e8me de d\u00e9cision automatis\u00e9 limit\u00e9 pour pr\u00e9venir la fraude, sans incidence juridique ou autre significative sur vous.\r\n\r\n\r\n\r\n<h2 class=\"wp-block-heading\">Vos droits<\/h2>\r\n\r\n\r\n\r\n<h3 class=\"wp-block-heading\">RGPD<\/h3>\r\n\r\n\r\n\r\n\r\nSi vous r\u00e9sidez dans l&rsquo;EEE, vous avez le droit d&rsquo;acc\u00e9der aux informations personnelles que nous d\u00e9tenons vous concernant, de les transf\u00e9rer \u00e0 un autre service et de demander leur rectification, leur mise \u00e0 jour ou leur suppression. Pour exercer ces droits, veuillez nous contacter aux coordonn\u00e9es indiqu\u00e9es ci-dessus.&nbsp;\r\n\r\n\r\n\r\n\r\n\r\nVos informations personnelles seront initialement trait\u00e9es en Irlande, puis transf\u00e9r\u00e9es hors d&rsquo;Europe pour y \u00eatre stock\u00e9es et trait\u00e9es ult\u00e9rieurement, notamment au Canada et aux \u00c9tats-Unis.\r\n\r\n\r\n\r\n\r\n<h2 class=\"wp-block-heading\">Cookies<\/h2>\r\n\r\n\r\n\r\n\r\nUn cookie est un petit fichier d&rsquo;informations t\u00e9l\u00e9charg\u00e9 sur votre ordinateur ou appareil lorsque vous visitez notre site. Nous utilisons diff\u00e9rents types de cookies, notamment des cookies fonctionnels, de performance, publicitaires et de r\u00e9seaux sociaux ou de contenu. Les cookies am\u00e9liorent votre exp\u00e9rience de navigation en permettant au site web de m\u00e9moriser vos actions et pr\u00e9f\u00e9rences (comme votre identifiant et votre r\u00e9gion). Ainsi, vous n&rsquo;avez pas besoin de saisir \u00e0 nouveau ces informations lorsque vous revenez sur le site ou naviguez d&rsquo;une page \u00e0 l&rsquo;autre. Les cookies fournissent \u00e9galement des informations sur la fa\u00e7on dont les utilisateurs naviguent sur le site, par exemple s&rsquo;il s&rsquo;agit de leur premi\u00e8re visite ou s&rsquo;ils sont des visiteurs r\u00e9guliers.\r\n\r\n\r\n\r\n\r\n\r\nLa dur\u00e9e de conservation d&rsquo;un cookie sur votre ordinateur ou appareil mobile d\u00e9pend de son type : \u00ab cookie persistant \u00bb ou \u00ab cookie de session \u00bb. Les cookies de session expirent lorsque vous fermez votre navigateur, tandis que les cookies persistants restent jusqu&rsquo;\u00e0 leur expiration ou leur suppression. La plupart des cookies que nous utilisons sont persistants et expirent entre 30 minutes et deux ans apr\u00e8s leur t\u00e9l\u00e9chargement sur votre appareil.\r\n\r\n\r\n\r\n\r\n\r\nVous pouvez contr\u00f4ler et g\u00e9rer les cookies de diff\u00e9rentes mani\u00e8res. Veuillez noter que la suppression ou le blocage des cookies peut nuire \u00e0 votre exp\u00e9rience utilisateur et rendre certaines parties de notre site web inaccessibles.\r\n\r\n\r\n\r\n\r\n\r\nLa plupart des navigateurs acceptent automatiquement les cookies, mais vous pouvez choisir de les accepter ou non via les param\u00e8tres de votre navigateur, g\u00e9n\u00e9ralement accessibles dans le menu \u00ab Outils \u00bb ou \u00ab Pr\u00e9f\u00e9rences \u00bb. Pour plus d\u2019informations sur la modification des param\u00e8tres de votre navigateur ou sur la mani\u00e8re de bloquer, g\u00e9rer ou filtrer les cookies, consultez l\u2019aide de votre navigateur ou des sites web tels que :&nbsp;<a href=\"https:\/\/www.mapospheres.eu\/policies\/www.allaboutcookies.org\" target=\"_blank\" rel=\"noreferrer noopener\">www.allaboutcookies.org<\/a>.\r\n\r\n\r\n\r\n\r\n\r\nVeuillez noter \u00e9galement que le blocage des cookies ne vous emp\u00eachera pas totalement de partager vos informations avec des tiers, tels que nos partenaires publicitaires. Pour exercer vos droits ou vous opposer \u00e0 certaines utilisations de vos informations par ces tiers, veuillez suivre les instructions de la section \u00ab Publicit\u00e9 comportementale \u00bb ci-dessus.\r\n\r\n\r\n\r\n<h2 class=\"wp-block-heading\">Changement<\/h2>\r\n\r\n\r\n\r\n\r\nNous pouvons mettre \u00e0 jour la pr\u00e9sente politique de confidentialit\u00e9 de temps \u00e0 autre afin de refl\u00e9ter, par exemple, des changements dans nos pratiques ou pour d&rsquo;autres raisons op\u00e9rationnelles, juridiques ou r\u00e9glementaires.\r\n\r\n\r\n\r\n\r\n<h2 class=\"wp-block-heading\">Plaintes<\/h2>\r\n\r\n\r\n\r\n\r\nComme indiqu\u00e9 ci-dessus, si vous souhaitez d\u00e9poser une r\u00e9clamation, veuillez nous contacter par e-mail ou par courrier en utilisant les coordonn\u00e9es fournies dans la section \u00ab Contact \u00bb ci-dessus.\r\n\r\n\r\n\r\n\r\n\r\nSi notre r\u00e9ponse \u00e0 votre r\u00e9clamation ne vous satisfait pas, vous avez le droit de la d\u00e9poser aupr\u00e8s de l&rsquo;autorit\u00e9 de protection des donn\u00e9es comp\u00e9tente. Vous pouvez contacter votre autorit\u00e9 locale de protection des donn\u00e9es.\r\n\r\n\r\n\r\n\r\n\r\nLast updated:&nbsp;<em>20\/01\/2026<\/em>\r\n\r\n","protected":false},"excerpt":{"rendered":"<p>&nbsp; Politique de confidentialit\u00e9 La pr\u00e9sente politique de confidentialit\u00e9 d\u00e9crit comment www.mapospheres.eu (le \u00ab Site \u00bb ou \u00ab nous \u00bb) collecte, utilise et divulgue vos informations personnelles lorsque vous visitez le Site ou y effectuez un achat. Contact Apr\u00e8s avoir pris connaissance de cette politique, si vous avez des questions suppl\u00e9mentaires, souhaitez obtenir plus d&rsquo;informations [&hellip;]<\/p>\n","protected":false},"author":1,"featured_media":0,"parent":0,"menu_order":0,"comment_status":"closed","ping_status":"open","template":"","meta":{"_uag_custom_page_level_css":"","_monsterinsights_skip_tracking":false,"_monsterinsights_sitenote_active":false,"_monsterinsights_sitenote_note":"","_monsterinsights_sitenote_category":0,"site-sidebar-layout":"default","site-content-layout":"","ast-site-content-layout":"default","site-content-style":"default","site-sidebar-style":"default","ast-global-header-display":"","ast-banner-title-visibility":"","ast-main-header-display":"","ast-hfb-above-header-display":"","ast-hfb-below-header-display":"","ast-hfb-mobile-header-display":"","site-post-title":"disabled","ast-breadcrumbs-content":"","ast-featured-img":"","footer-sml-layout":"","ast-disable-related-posts":"","theme-transparent-header-meta":"","adv-header-id-meta":"","stick-header-meta":"","header-above-stick-meta":"","header-main-stick-meta":"","header-below-stick-meta":"","astra-migrate-meta-layouts":"set","ast-page-background-enabled":"default","ast-page-background-meta":{"desktop":{"background-color":"","background-image":"","background-repeat":"repeat","background-position":"center center","background-size":"auto","background-attachment":"scroll","background-type":"","background-media":"","overlay-type":"","overlay-color":"","overlay-opacity":"","overlay-gradient":""},"tablet":{"background-color":"","background-image":"","background-repeat":"repeat","background-position":"center center","background-size":"auto","background-attachment":"scroll","background-type":"","background-media":"","overlay-type":"","overlay-color":"","overlay-opacity":"","overlay-gradient":""},"mobile":{"background-color":"","background-image":"","background-repeat":"repeat","background-position":"center center","background-size":"auto","background-attachment":"scroll","background-type":"","background-media":"","overlay-type":"","overlay-color":"","overlay-opacity":"","overlay-gradient":""}},"ast-content-background-meta":{"desktop":{"background-color":"var(--ast-global-color-5)","background-image":"","background-repeat":"repeat","background-position":"center center","background-size":"auto","background-attachment":"scroll","background-type":"","background-media":"","overlay-type":"","overlay-color":"","overlay-opacity":"","overlay-gradient":""},"tablet":{"background-color":"var(--ast-global-color-5)","background-image":"","background-repeat":"repeat","background-position":"center center","background-size":"auto","background-attachment":"scroll","background-type":"","background-media":"","overlay-type":"","overlay-color":"","overlay-opacity":"","overlay-gradient":""},"mobile":{"background-color":"var(--ast-global-color-5)","background-image":"","background-repeat":"repeat","background-position":"center center","background-size":"auto","background-attachment":"scroll","background-type":"","background-media":"","overlay-type":"","overlay-color":"","overlay-opacity":"","overlay-gradient":""}},"footnotes":""},"class_list":["post-3","page","type-page","status-publish","hentry"],"aioseo_notices":[],"_hostinger_reach_plugin_has_subscription_block":false,"_hostinger_reach_plugin_is_elementor":false,"uagb_featured_image_src":{"full":false,"thumbnail":false,"medium":false,"medium_large":false,"large":false,"1536x1536":false,"2048x2048":false,"woocommerce_thumbnail":false,"woocommerce_single":false,"woocommerce_gallery_thumbnail":false},"uagb_author_info":{"display_name":"sgainot04@gmail.com","author_link":"https:\/\/mapospheres.eu\/fr\/author\/sgainot04gmail-com\/"},"uagb_comment_info":0,"uagb_excerpt":"&nbsp; Politique de confidentialit\u00e9 La pr\u00e9sente politique de confidentialit\u00e9 d\u00e9crit comment www.mapospheres.eu (le \u00ab Site \u00bb ou \u00ab nous \u00bb) collecte, utilise et divulgue vos informations personnelles lorsque vous visitez le Site ou y effectuez un achat. Contact Apr\u00e8s avoir pris connaissance de cette politique, si vous avez des questions suppl\u00e9mentaires, souhaitez obtenir plus d&rsquo;informations\u2026","_links":{"self":[{"href":"https:\/\/mapospheres.eu\/fr\/wp-json\/wp\/v2\/pages\/3","targetHints":{"allow":["GET"]}}],"collection":[{"href":"https:\/\/mapospheres.eu\/fr\/wp-json\/wp\/v2\/pages"}],"about":[{"href":"https:\/\/mapospheres.eu\/fr\/wp-json\/wp\/v2\/types\/page"}],"author":[{"embeddable":true,"href":"https:\/\/mapospheres.eu\/fr\/wp-json\/wp\/v2\/users\/1"}],"replies":[{"embeddable":true,"href":"https:\/\/mapospheres.eu\/fr\/wp-json\/wp\/v2\/comments?post=3"}],"version-history":[{"count":6,"href":"https:\/\/mapospheres.eu\/fr\/wp-json\/wp\/v2\/pages\/3\/revisions"}],"predecessor-version":[{"id":9870,"href":"https:\/\/mapospheres.eu\/fr\/wp-json\/wp\/v2\/pages\/3\/revisions\/9870"}],"wp:attachment":[{"href":"https:\/\/mapospheres.eu\/fr\/wp-json\/wp\/v2\/media?parent=3"}],"curies":[{"name":"wp","href":"https:\/\/api.w.org\/{rel}","templated":true}]}}