{"id":12354,"date":"2026-02-11T08:58:51","date_gmt":"2026-02-11T08:58:51","guid":{"rendered":"https:\/\/mapospheres.eu\/product\/poster-of-liege-belgium\/"},"modified":"2026-03-04T15:24:54","modified_gmt":"2026-03-04T15:24:54","slug":"poster-of-liege-belgium","status":"publish","type":"product","link":"https:\/\/mapospheres.eu\/fr\/product\/poster-de-liege-belgique\/","title":{"rendered":"Poster de Li\u00e8ge | Belgique"},"content":{"rendered":"<p><strong>Poster City map de Li\u00e8ge, Belgique : bienvenus dans la l\u00e9gende de Tchantch\u00e8s, le h\u00e9ros local t\u00eatu \u00e0 la voix r\u00e2peuse et amateur de bonne bi\u00e8re, dont l\u2019esprit semble encore errer dans les rues sinueuses de la ville. Il rirait probablement de voir sa ville natale se d\u00e9ployer si soigneusement sur une carte.<\/strong><\/p>\n<p>La City map de Li\u00e8ge se d\u00e9ploie le long des courbes paresseuses de la Meuse, un fil d\u2019argent qui fa\u00e7onne l\u2019histoire de la ville depuis plus de mille ans. Vue d\u2019en haut, l\u2019eau se plie et scintille au c\u0153ur de la vall\u00e9e, tenant les ponts comme des joyaux sur un fil \u2014 chacun ayant sa propre histoire de marchands, de moines et de l\u2019\u00e9tudiant occasionnel en retard. Li\u00e8ge se niche confortablement entre de douces collines, un paysage qui fait vivre la carte avec relief et texture. Les Coteaux de la Citadelle s\u2019\u00e9l\u00e8vent au-dessus des vieux quartiers, o\u00f9 marches sinueuses et jardins secrets grimpent vers les vestiges de la citadelle, veillant toujours silencieusement sur les toits en contrebas. Au nord et \u00e0 l\u2019est, des \u00eelots verts rompent le rythme de la ville : le parc de la Boverie repose \u00e9l\u00e9gamment sur une \u00eele au milieu de la rivi\u00e8re, tandis que le Jardin botanique dissimule ses all\u00e9es tranquilles non loin du bourdonnement du centre. Du point de vue du cartographe, les rep\u00e8res donnent \u00e0 Li\u00e8ge son rythme \u2014 la fi\u00e8re tour de la cath\u00e9drale Saint-Paul, la grande courbe de la gare des Guillemins (merveille moderne qui semble pr\u00eate \u00e0 d\u00e9coller \u00e0 tout instant), et la Place Saint-Lambert anim\u00e9e, o\u00f9 se dressait autrefois une cath\u00e9drale si vaste qu\u2019elle aurait pu jeter son ombre sur la moiti\u00e9 de la ville.<\/p>\n","protected":false},"excerpt":{"rendered":"<p>Obtenez une City Map \u2013 Carte murale &#8211; imprim\u00e9e de la ville de Li\u00e8ge, Belgique.<br \/>\nChoisissez ci-dessous la taille, la couleur et le design de votre carte !<\/p>\n","protected":false},"featured_media":14340,"template":"","meta":{"_uag_custom_page_level_css":"","_monsterinsights_skip_tracking":false,"_monsterinsights_sitenote_active":false,"_monsterinsights_sitenote_note":"","_monsterinsights_sitenote_category":0,"site-sidebar-layout":"default","site-content-layout":"","ast-site-content-layout":"default","site-content-style":"default","site-sidebar-style":"default","ast-global-header-display":"","ast-banner-title-visibility":"","ast-main-header-display":"","ast-hfb-above-header-display":"","ast-hfb-below-header-display":"","ast-hfb-mobile-header-display":"","site-post-title":"","ast-breadcrumbs-content":"","ast-featured-img":"","footer-sml-layout":"","ast-disable-related-posts":"","theme-transparent-header-meta":"default","adv-header-id-meta":"","stick-header-meta":"","header-above-stick-meta":"","header-main-stick-meta":"","header-below-stick-meta":"","astra-migrate-meta-layouts":"set","ast-page-background-enabled":"default","ast-page-background-meta":{"desktop":{"background-color":"","background-image":"","background-repeat":"repeat","background-position":"center center","background-size":"auto","background-attachment":"scroll","background-type":"","background-media":"","overlay-type":"","overlay-color":"","overlay-opacity":"","overlay-gradient":""},"tablet":{"background-color":"","background-image":"","background-repeat":"repeat","background-position":"center center","background-size":"auto","background-attachment":"scroll","background-type":"","background-media":"","overlay-type":"","overlay-color":"","overlay-opacity":"","overlay-gradient":""},"mobile":{"background-color":"","background-image":"","background-repeat":"repeat","background-position":"center center","background-size":"auto","background-attachment":"scroll","background-type":"","background-media":"","overlay-type":"","overlay-color":"","overlay-opacity":"","overlay-gradient":""}},"ast-content-background-meta":{"desktop":{"background-color":"var(--ast-global-color-5)","background-image":"","background-repeat":"repeat","background-position":"center center","background-size":"auto","background-attachment":"scroll","background-type":"","background-media":"","overlay-type":"","overlay-color":"","overlay-opacity":"","overlay-gradient":""},"tablet":{"background-color":"var(--ast-global-color-5)","background-image":"","background-repeat":"repeat","background-position":"center center","background-size":"auto","background-attachment":"scroll","background-type":"","background-media":"","overlay-type":"","overlay-color":"","overlay-opacity":"","overlay-gradient":""},"mobile":{"background-color":"var(--ast-global-color-5)","background-image":"","background-repeat":"repeat","background-position":"center center","background-size":"auto","background-attachment":"scroll","background-type":"","background-media":"","overlay-type":"","overlay-color":"","overlay-opacity":"","overlay-gradient":""}}},"product_brand":[],"product_cat":[18],"product_tag":[34,35,36,184,40,93,547],"class_list":{"0":"post-12354","1":"product","2":"type-product","3":"status-publish","4":"has-post-thumbnail","6":"product_cat-city-maps","7":"product_tag-30x40","8":"product_tag-40x50","9":"product_tag-50x70","10":"product_tag-belgium","11":"product_tag-city-map","12":"product_tag-europe","13":"product_tag-liege","14":"desktop-align-left","15":"tablet-align-left","16":"mobile-align-left","18":"first","19":"instock","20":"shipping-taxable","21":"purchasable","22":"product-type-variable"},"aioseo_notices":[],"uagb_featured_image_src":{"full":["https:\/\/mapospheres.eu\/wp-content\/uploads\/2026\/02\/RED_FULL_LIEGE.jpg",1000,1000,false],"thumbnail":["https:\/\/mapospheres.eu\/wp-content\/uploads\/2026\/02\/RED_FULL_LIEGE-150x150.jpg",150,150,true],"medium":["https:\/\/mapospheres.eu\/wp-content\/uploads\/2026\/02\/RED_FULL_LIEGE-300x300.jpg",300,300,true],"medium_large":["https:\/\/mapospheres.eu\/wp-content\/uploads\/2026\/02\/RED_FULL_LIEGE-768x768.jpg",768,768,true],"large":["https:\/\/mapospheres.eu\/wp-content\/uploads\/2026\/02\/RED_FULL_LIEGE.jpg",1000,1000,false],"1536x1536":["https:\/\/mapospheres.eu\/wp-content\/uploads\/2026\/02\/RED_FULL_LIEGE.jpg",1000,1000,false],"2048x2048":["https:\/\/mapospheres.eu\/wp-content\/uploads\/2026\/02\/RED_FULL_LIEGE.jpg",1000,1000,false],"woocommerce_thumbnail":["https:\/\/mapospheres.eu\/wp-content\/uploads\/2026\/02\/RED_FULL_LIEGE-300x300.jpg",300,300,true],"woocommerce_single":["https:\/\/mapospheres.eu\/wp-content\/uploads\/2026\/02\/RED_FULL_LIEGE-600x600.jpg",600,600,true],"woocommerce_gallery_thumbnail":["https:\/\/mapospheres.eu\/wp-content\/uploads\/2026\/02\/RED_FULL_LIEGE-100x100.jpg",100,100,true]},"uagb_author_info":{"display_name":"sgainot04@gmail.com","author_link":"https:\/\/mapospheres.eu\/fr\/author\/"},"uagb_comment_info":0,"uagb_excerpt":"Obtenez une City Map \u2013 Carte murale - imprim\u00e9e de la ville de Li\u00e8ge, Belgique. Choisissez ci-dessous la taille, la couleur et le design de votre carte !","_links":{"self":[{"href":"https:\/\/mapospheres.eu\/fr\/wp-json\/wp\/v2\/product\/12354","targetHints":{"allow":["GET"]}}],"collection":[{"href":"https:\/\/mapospheres.eu\/fr\/wp-json\/wp\/v2\/product"}],"about":[{"href":"https:\/\/mapospheres.eu\/fr\/wp-json\/wp\/v2\/types\/product"}],"wp:featuredmedia":[{"embeddable":true,"href":"https:\/\/mapospheres.eu\/fr\/wp-json\/wp\/v2\/media\/14340"}],"wp:attachment":[{"href":"https:\/\/mapospheres.eu\/fr\/wp-json\/wp\/v2\/media?parent=12354"}],"wp:term":[{"taxonomy":"product_brand","embeddable":true,"href":"https:\/\/mapospheres.eu\/fr\/wp-json\/wp\/v2\/product_brand?post=12354"},{"taxonomy":"product_cat","embeddable":true,"href":"https:\/\/mapospheres.eu\/fr\/wp-json\/wp\/v2\/product_cat?post=12354"},{"taxonomy":"product_tag","embeddable":true,"href":"https:\/\/mapospheres.eu\/fr\/wp-json\/wp\/v2\/product_tag?post=12354"}],"curies":[{"name":"wp","href":"https:\/\/api.w.org\/{rel}","templated":true}]}}