{"id":12355,"date":"2026-02-11T08:58:55","date_gmt":"2026-02-11T08:58:55","guid":{"rendered":"https:\/\/mapospheres.eu\/product\/poster-of-palermo-italy\/"},"modified":"2026-03-04T15:25:02","modified_gmt":"2026-03-04T15:25:02","slug":"poster-of-palermo-italy","status":"publish","type":"product","link":"https:\/\/mapospheres.eu\/fr\/product\/poster-de-palerme-italie\/","title":{"rendered":"Poster de Palermeo | Italie"},"content":{"rendered":"<p><strong>Poster City map de Palerme, Italie : la carte de Palerme s\u2019ouvre comme une sc\u00e8ne entre montagne et mer, o\u00f9 chaque ligne et courbe raconte des si\u00e8cles pass\u00e9s \u00e0 \u00e9quilibrer beaut\u00e9 et chaos.<\/strong><\/p>\n<p>La vaste \u00e9tendue bleue de la mer Tyrrh\u00e9nienne encadre le bord nord de la ville, calme seulement \u00e0 premi\u00e8re vue, tandis qu\u2019\u00e0 l\u2019arri\u00e8re les pentes calcaires du Monte Pellegrino s\u2019\u00e9l\u00e8vent fi\u00e8rement \u2014 Goethe l\u2019a un jour qualifi\u00e9 de \u00ab promontoire le plus beau du monde \u00bb, bien qu\u2019il aurait lui-m\u00eame peut-\u00eatre manqu\u00e9 de souffle en gravissant ses flancs. La ville elle-m\u00eame se d\u00e9ploie comme une mosa\u00efque d\u2019histoires. Vue d\u2019en haut, ses rues forment un patchwork o\u00f9 les r\u00eaves arabes, normands et baroques continuent de discuter poliment pour savoir qui a construit le meilleur arc. Le vieux port de La Cala se courbe gracieusement vers l\u2019int\u00e9rieur, jadis refuge s\u00fbr pour les commer\u00e7ants et, si la rumeur dit vrai, quelques pirates amateurs de vin sicilien plut\u00f4t que de travail honn\u00eate. Les espaces verts adoucissent l\u2019entrelacs urbain. Le grand Foro Italico s\u2019\u00e9tire le long du front de mer, un long ruban de palmiers et de brises, tandis que le Giardino Inglese et la Villa Giulia fleurissent \u00e0 l\u2019int\u00e9rieur des terres, offrant un calme \u00e0 quiconque se lasse des march\u00e9s et des motos. La Conca d\u2019Oro \u2014 le Bassin d\u2019Or \u2014 entoure Palermo de douces collines o\u00f9 les vergers d\u2019agrumes brillent encore sous le soleil, rappelant que le paradis peut parfois sentir l\u00e9g\u00e8rement l\u2019\u00e9corce d\u2019orange. Sur la carte, les grandes formes de la cath\u00e9drale, du palais normand et du Teatro Massimo se distinguent comme des points cardinaux de culture et de fiert\u00e9. Et, veillant \u00e0 la lisi\u00e8re, le Monte Pellegrino garde son regard solennel, bien que la l\u00e9gende locale raconte que la montagne abrite de vieux esprits qui, certaines nuits, chuchotent encore \u00e0 la mer.<\/p>\n","protected":false},"excerpt":{"rendered":"<p>Obtenez une City Map \u2013 Carte murale &#8211; imprim\u00e9e de la ville de Palerme, Italie.<br \/>\nChoisissez ci-dessous la taille, la couleur et le design de votre carte !<\/p>\n","protected":false},"featured_media":14335,"template":"","meta":{"_uag_custom_page_level_css":"","_monsterinsights_skip_tracking":false,"_monsterinsights_sitenote_active":false,"_monsterinsights_sitenote_note":"","_monsterinsights_sitenote_category":0,"site-sidebar-layout":"default","site-content-layout":"","ast-site-content-layout":"default","site-content-style":"default","site-sidebar-style":"default","ast-global-header-display":"","ast-banner-title-visibility":"","ast-main-header-display":"","ast-hfb-above-header-display":"","ast-hfb-below-header-display":"","ast-hfb-mobile-header-display":"","site-post-title":"","ast-breadcrumbs-content":"","ast-featured-img":"","footer-sml-layout":"","ast-disable-related-posts":"","theme-transparent-header-meta":"default","adv-header-id-meta":"","stick-header-meta":"","header-above-stick-meta":"","header-main-stick-meta":"","header-below-stick-meta":"","astra-migrate-meta-layouts":"set","ast-page-background-enabled":"default","ast-page-background-meta":{"desktop":{"background-color":"","background-image":"","background-repeat":"repeat","background-position":"center center","background-size":"auto","background-attachment":"scroll","background-type":"","background-media":"","overlay-type":"","overlay-color":"","overlay-opacity":"","overlay-gradient":""},"tablet":{"background-color":"","background-image":"","background-repeat":"repeat","background-position":"center center","background-size":"auto","background-attachment":"scroll","background-type":"","background-media":"","overlay-type":"","overlay-color":"","overlay-opacity":"","overlay-gradient":""},"mobile":{"background-color":"","background-image":"","background-repeat":"repeat","background-position":"center center","background-size":"auto","background-attachment":"scroll","background-type":"","background-media":"","overlay-type":"","overlay-color":"","overlay-opacity":"","overlay-gradient":""}},"ast-content-background-meta":{"desktop":{"background-color":"var(--ast-global-color-5)","background-image":"","background-repeat":"repeat","background-position":"center center","background-size":"auto","background-attachment":"scroll","background-type":"","background-media":"","overlay-type":"","overlay-color":"","overlay-opacity":"","overlay-gradient":""},"tablet":{"background-color":"var(--ast-global-color-5)","background-image":"","background-repeat":"repeat","background-position":"center center","background-size":"auto","background-attachment":"scroll","background-type":"","background-media":"","overlay-type":"","overlay-color":"","overlay-opacity":"","overlay-gradient":""},"mobile":{"background-color":"var(--ast-global-color-5)","background-image":"","background-repeat":"repeat","background-position":"center center","background-size":"auto","background-attachment":"scroll","background-type":"","background-media":"","overlay-type":"","overlay-color":"","overlay-opacity":"","overlay-gradient":""}}},"product_brand":[],"product_cat":[18],"product_tag":[34,35,36,40,93,181,545,546],"class_list":{"0":"post-12355","1":"product","2":"type-product","3":"status-publish","4":"has-post-thumbnail","6":"product_cat-city-maps","7":"product_tag-30x40","8":"product_tag-40x50","9":"product_tag-50x70","10":"product_tag-city-map","11":"product_tag-europe","12":"product_tag-italy","13":"product_tag-palermo","14":"product_tag-sicily","15":"desktop-align-left","16":"tablet-align-left","17":"mobile-align-left","19":"first","20":"instock","21":"shipping-taxable","22":"purchasable","23":"product-type-variable"},"aioseo_notices":[],"uagb_featured_image_src":{"full":["https:\/\/mapospheres.eu\/wp-content\/uploads\/2026\/02\/Z27_BW_ROUND__PALERMO.jpg",1000,1000,false],"thumbnail":["https:\/\/mapospheres.eu\/wp-content\/uploads\/2026\/02\/Z27_BW_ROUND__PALERMO-150x150.jpg",150,150,true],"medium":["https:\/\/mapospheres.eu\/wp-content\/uploads\/2026\/02\/Z27_BW_ROUND__PALERMO-300x300.jpg",300,300,true],"medium_large":["https:\/\/mapospheres.eu\/wp-content\/uploads\/2026\/02\/Z27_BW_ROUND__PALERMO-768x768.jpg",768,768,true],"large":["https:\/\/mapospheres.eu\/wp-content\/uploads\/2026\/02\/Z27_BW_ROUND__PALERMO.jpg",1000,1000,false],"1536x1536":["https:\/\/mapospheres.eu\/wp-content\/uploads\/2026\/02\/Z27_BW_ROUND__PALERMO.jpg",1000,1000,false],"2048x2048":["https:\/\/mapospheres.eu\/wp-content\/uploads\/2026\/02\/Z27_BW_ROUND__PALERMO.jpg",1000,1000,false],"woocommerce_thumbnail":["https:\/\/mapospheres.eu\/wp-content\/uploads\/2026\/02\/Z27_BW_ROUND__PALERMO-300x300.jpg",300,300,true],"woocommerce_single":["https:\/\/mapospheres.eu\/wp-content\/uploads\/2026\/02\/Z27_BW_ROUND__PALERMO-600x600.jpg",600,600,true],"woocommerce_gallery_thumbnail":["https:\/\/mapospheres.eu\/wp-content\/uploads\/2026\/02\/Z27_BW_ROUND__PALERMO-100x100.jpg",100,100,true]},"uagb_author_info":{"display_name":"sgainot04@gmail.com","author_link":"https:\/\/mapospheres.eu\/fr\/author\/"},"uagb_comment_info":0,"uagb_excerpt":"Obtenez une City Map \u2013 Carte murale - imprim\u00e9e de la ville de Palerme, Italie. Choisissez ci-dessous la taille, la couleur et le design de votre carte !","_links":{"self":[{"href":"https:\/\/mapospheres.eu\/fr\/wp-json\/wp\/v2\/product\/12355","targetHints":{"allow":["GET"]}}],"collection":[{"href":"https:\/\/mapospheres.eu\/fr\/wp-json\/wp\/v2\/product"}],"about":[{"href":"https:\/\/mapospheres.eu\/fr\/wp-json\/wp\/v2\/types\/product"}],"wp:featuredmedia":[{"embeddable":true,"href":"https:\/\/mapospheres.eu\/fr\/wp-json\/wp\/v2\/media\/14335"}],"wp:attachment":[{"href":"https:\/\/mapospheres.eu\/fr\/wp-json\/wp\/v2\/media?parent=12355"}],"wp:term":[{"taxonomy":"product_brand","embeddable":true,"href":"https:\/\/mapospheres.eu\/fr\/wp-json\/wp\/v2\/product_brand?post=12355"},{"taxonomy":"product_cat","embeddable":true,"href":"https:\/\/mapospheres.eu\/fr\/wp-json\/wp\/v2\/product_cat?post=12355"},{"taxonomy":"product_tag","embeddable":true,"href":"https:\/\/mapospheres.eu\/fr\/wp-json\/wp\/v2\/product_tag?post=12355"}],"curies":[{"name":"wp","href":"https:\/\/api.w.org\/{rel}","templated":true}]}}