{"id":12358,"date":"2026-02-11T08:59:07","date_gmt":"2026-02-11T08:59:07","guid":{"rendered":"https:\/\/mapospheres.eu\/product\/poster-of-malmo-sweden\/"},"modified":"2026-03-04T15:25:15","modified_gmt":"2026-03-04T15:25:15","slug":"poster-of-malmo-sweden","status":"publish","type":"product","link":"https:\/\/mapospheres.eu\/fr\/product\/poster-de-malmo-suede\/","title":{"rendered":"Poster de Malm\u00f6 | Su\u00e8de"},"content":{"rendered":"<p><strong>Poster City map de Malm\u00f6, Su\u00e8de : elle se tient \u00e0 la pointe sud de la Su\u00e8de comme une observatrice tranquille face \u00e0 la mer, regardant le Danemark avec l\u2019assurance calme d\u2019une ville qui a vu des empires na\u00eetre et dispara\u00eetre \u2014 et qui se souvient toujours de l\u2019endroit o\u00f9 elle a trac\u00e9 ses pistes cyclables.<\/strong><\/p>\n<p>Cette carte r\u00e9v\u00e8le clairement le caract\u00e8re de la ville : plat, ouvert et empreint d\u2019un design r\u00e9fl\u00e9chi, avec des parcs et des voies d\u2019eau tiss\u00e9s comme des fils verts et bleus \u00e0 travers un patchwork de rues. Le littoral attire d\u2019abord le regard, la mer venant doucement border les quartiers modernes de V\u00e4stra Hamnen. L\u00e0, la Turning Torso s\u2019\u00e9l\u00e8ve comme un point d\u2019exclamation torsad\u00e9 \u2014 preuve que m\u00eame \u00e0 Malm\u00f6, o\u00f9 les choses se font g\u00e9n\u00e9ralement avec un charme discret, il y a place pour une touche d\u2019audace architecturale. Au large, le c\u00e9l\u00e8bre pont de l\u2019\u00d8resund s\u2019\u00e9tire vers Copenhague, moiti\u00e9 route, moiti\u00e9 science-fiction, disparaissant \u00e0 l\u2019horizon comme une promesse. En suivant les canaux vers l\u2019int\u00e9rieur, on d\u00e9couvre le c\u0153ur ancien de Malm\u00f6, o\u00f9 le trac\u00e9 m\u00e9di\u00e9val des rues subsiste encore sous les si\u00e8cles de transformations. Stortorget et Lilla Torg reposent comme des pi\u00e8ces patin\u00e9es par le temps, entour\u00e9es de b\u00e2timents qui ont vu passer marchands hans\u00e9atiques et touristes affam\u00e9s. M\u00eame vue d\u2019en haut, on croit presque entendre l\u2019\u00e9cho des sabots sur les pav\u00e9s. Les parcs sont partout, s\u2019\u00e9tendant comme des bras ouverts. Slottsparken et Kungsparken forment un \u00e9crin de verdure au centre, enlac\u00e9 autour des douves du ch\u00e2teau comme pour prot\u00e9ger Malm\u00f6hus, l\u2019ancienne forteresse devenue mus\u00e9e qui d\u00e9fendit autrefois la Su\u00e8de \u2014 et parfois le Danemark \u2014 l\u2019un contre l\u2019autre. Plus loin, champs et quartiers se fondent doucement dans la campagne de Scanie, plate comme une cr\u00eape mais riche d\u2019histoires silencieuses.<\/p><\/p>\n","protected":false},"excerpt":{"rendered":"<p>Obtenez une City Map \u2013 Carte murale &#8211; imprim\u00e9e de la ville de Malm\u00f6, Su\u00e8de.<br \/>\nChoisissez ci-dessous la taille, la couleur et le design de votre carte !<\/p>\n","protected":false},"featured_media":14300,"template":"","meta":{"_uag_custom_page_level_css":"","_monsterinsights_skip_tracking":false,"_monsterinsights_sitenote_active":false,"_monsterinsights_sitenote_note":"","_monsterinsights_sitenote_category":0,"site-sidebar-layout":"default","site-content-layout":"","ast-site-content-layout":"default","site-content-style":"default","site-sidebar-style":"default","ast-global-header-display":"","ast-banner-title-visibility":"","ast-main-header-display":"","ast-hfb-above-header-display":"","ast-hfb-below-header-display":"","ast-hfb-mobile-header-display":"","site-post-title":"","ast-breadcrumbs-content":"","ast-featured-img":"","footer-sml-layout":"","ast-disable-related-posts":"","theme-transparent-header-meta":"default","adv-header-id-meta":"","stick-header-meta":"","header-above-stick-meta":"","header-main-stick-meta":"","header-below-stick-meta":"","astra-migrate-meta-layouts":"set","ast-page-background-enabled":"default","ast-page-background-meta":{"desktop":{"background-color":"","background-image":"","background-repeat":"repeat","background-position":"center center","background-size":"auto","background-attachment":"scroll","background-type":"","background-media":"","overlay-type":"","overlay-color":"","overlay-opacity":"","overlay-gradient":""},"tablet":{"background-color":"","background-image":"","background-repeat":"repeat","background-position":"center center","background-size":"auto","background-attachment":"scroll","background-type":"","background-media":"","overlay-type":"","overlay-color":"","overlay-opacity":"","overlay-gradient":""},"mobile":{"background-color":"","background-image":"","background-repeat":"repeat","background-position":"center center","background-size":"auto","background-attachment":"scroll","background-type":"","background-media":"","overlay-type":"","overlay-color":"","overlay-opacity":"","overlay-gradient":""}},"ast-content-background-meta":{"desktop":{"background-color":"var(--ast-global-color-5)","background-image":"","background-repeat":"repeat","background-position":"center center","background-size":"auto","background-attachment":"scroll","background-type":"","background-media":"","overlay-type":"","overlay-color":"","overlay-opacity":"","overlay-gradient":""},"tablet":{"background-color":"var(--ast-global-color-5)","background-image":"","background-repeat":"repeat","background-position":"center center","background-size":"auto","background-attachment":"scroll","background-type":"","background-media":"","overlay-type":"","overlay-color":"","overlay-opacity":"","overlay-gradient":""},"mobile":{"background-color":"var(--ast-global-color-5)","background-image":"","background-repeat":"repeat","background-position":"center center","background-size":"auto","background-attachment":"scroll","background-type":"","background-media":"","overlay-type":"","overlay-color":"","overlay-opacity":"","overlay-gradient":""}}},"product_brand":[],"product_cat":[18],"product_tag":[34,35,36,40,93,542,527],"class_list":{"0":"post-12358","1":"product","2":"type-product","3":"status-publish","4":"has-post-thumbnail","6":"product_cat-city-maps","7":"product_tag-30x40","8":"product_tag-40x50","9":"product_tag-50x70","10":"product_tag-city-map","11":"product_tag-europe","12":"product_tag-malmo","13":"product_tag-sweden","14":"desktop-align-left","15":"tablet-align-left","16":"mobile-align-left","18":"first","19":"instock","20":"shipping-taxable","21":"purchasable","22":"product-type-variable"},"aioseo_notices":[],"uagb_featured_image_src":{"full":["https:\/\/mapospheres.eu\/wp-content\/uploads\/2026\/02\/BW_ROUND_MALMO.jpg",1250,1500,false],"thumbnail":["https:\/\/mapospheres.eu\/wp-content\/uploads\/2026\/02\/BW_ROUND_MALMO-150x150.jpg",150,150,true],"medium":["https:\/\/mapospheres.eu\/wp-content\/uploads\/2026\/02\/BW_ROUND_MALMO-250x300.jpg",250,300,true],"medium_large":["https:\/\/mapospheres.eu\/wp-content\/uploads\/2026\/02\/BW_ROUND_MALMO-768x922.jpg",768,922,true],"large":["https:\/\/mapospheres.eu\/wp-content\/uploads\/2026\/02\/BW_ROUND_MALMO-853x1024.jpg",853,1024,true],"1536x1536":["https:\/\/mapospheres.eu\/wp-content\/uploads\/2026\/02\/BW_ROUND_MALMO.jpg",1250,1500,false],"2048x2048":["https:\/\/mapospheres.eu\/wp-content\/uploads\/2026\/02\/BW_ROUND_MALMO.jpg",1250,1500,false],"woocommerce_thumbnail":["https:\/\/mapospheres.eu\/wp-content\/uploads\/2026\/02\/BW_ROUND_MALMO-300x300.jpg",300,300,true],"woocommerce_single":["https:\/\/mapospheres.eu\/wp-content\/uploads\/2026\/02\/BW_ROUND_MALMO-600x720.jpg",600,720,true],"woocommerce_gallery_thumbnail":["https:\/\/mapospheres.eu\/wp-content\/uploads\/2026\/02\/BW_ROUND_MALMO-100x100.jpg",100,100,true]},"uagb_author_info":{"display_name":"sgainot04@gmail.com","author_link":"https:\/\/mapospheres.eu\/fr\/author\/"},"uagb_comment_info":0,"uagb_excerpt":"Obtenez une City Map \u2013 Carte murale - imprim\u00e9e de la ville de Malm\u00f6, Su\u00e8de. Choisissez ci-dessous la taille, la couleur et le design de votre carte !","_links":{"self":[{"href":"https:\/\/mapospheres.eu\/fr\/wp-json\/wp\/v2\/product\/12358","targetHints":{"allow":["GET"]}}],"collection":[{"href":"https:\/\/mapospheres.eu\/fr\/wp-json\/wp\/v2\/product"}],"about":[{"href":"https:\/\/mapospheres.eu\/fr\/wp-json\/wp\/v2\/types\/product"}],"wp:featuredmedia":[{"embeddable":true,"href":"https:\/\/mapospheres.eu\/fr\/wp-json\/wp\/v2\/media\/14300"}],"wp:attachment":[{"href":"https:\/\/mapospheres.eu\/fr\/wp-json\/wp\/v2\/media?parent=12358"}],"wp:term":[{"taxonomy":"product_brand","embeddable":true,"href":"https:\/\/mapospheres.eu\/fr\/wp-json\/wp\/v2\/product_brand?post=12358"},{"taxonomy":"product_cat","embeddable":true,"href":"https:\/\/mapospheres.eu\/fr\/wp-json\/wp\/v2\/product_cat?post=12358"},{"taxonomy":"product_tag","embeddable":true,"href":"https:\/\/mapospheres.eu\/fr\/wp-json\/wp\/v2\/product_tag?post=12358"}],"curies":[{"name":"wp","href":"https:\/\/api.w.org\/{rel}","templated":true}]}}