{"id":12359,"date":"2026-02-11T08:59:11","date_gmt":"2026-02-11T08:59:11","guid":{"rendered":"https:\/\/mapospheres.eu\/product\/poster-of-whitby-england-uk\/"},"modified":"2026-03-04T15:25:19","modified_gmt":"2026-03-04T15:25:19","slug":"poster-of-whitby-england-uk","status":"publish","type":"product","link":"https:\/\/mapospheres.eu\/fr\/product\/poster-of-whitby-angleterre-gb\/","title":{"rendered":"Poster of Whitby | Angleterre - GB"},"content":{"rendered":"<p><strong>Poster City map de Whitby, Angleterre, Royaume-Uni : les North York Moors effleurent le bord de la carte, tout en bruy\u00e8res et sentiers cach\u00e9s, promettant l\u2019aventure \u00e0 quiconque se lasse du fish and chips. Et la mer elle-m\u00eame ? Une pr\u00e9sence constante. Parfois calme, parfois rugissante, toujours l\u00e0 \u2014 tout comme les histoires que Whitby ne cesse de raconter.<\/strong><\/p>\n<p>Perch\u00e9e l\u00e0 o\u00f9 les North York Moors rencontrent la mer du Nord, Whitby est une ville fa\u00e7onn\u00e9e par les falaises, les mar\u00e9es et les r\u00e9cits qui persistent comme une brume marine. Cette carte en r\u00e9v\u00e8le chaque d\u00e9tail \u2014 la rivi\u00e8re Esk serpentant en son centre tel un marin calme et d\u00e9termin\u00e9 gagnant le port, et la ville se d\u00e9ployant de part et d\u2019autre, comme h\u00e9sitante \u00e0 quitter l\u2019abri de la terre. Ici, le paysage n\u2019est jamais immobile. Les collines s\u2019\u00e9l\u00e8vent doucement derri\u00e8re les toits, les anciens chemins suivent les courbes du relief, et le littoral refuse les lignes droites. \u00c0 l\u2019est, le promontoire se dresse fi\u00e8rement, couronn\u00e9 par les vestiges envo\u00fbtants de l\u2019abbaye de Whitby \u2014 un monument aussi c\u00e9l\u00e8bre pour sa silhouette que pour son r\u00f4le marquant dans Dracula. M\u00eame vue d\u2019en haut, on croit presque entendre les pages se tourner. En contrebas, le port abrite toutes sortes d\u2019embarcations, des bateaux de p\u00eache patin\u00e9s par le temps aux plaisanciers du week-end, tandis que les jet\u00e9es s\u2019\u00e9tirent comme des bras vers la mer, guidant les navires vers un retour s\u00fbr ou les invitant doucement \u00e0 poursuivre leur route. Regardez attentivement, et vous apercevrez les 199 marches \u2014 oui, chacune d\u2019elles \u2014 grimpant du niveau de la mer jusqu\u2019au sommet de la falaise, un chemin \u00e0 mi-chemin entre p\u00e8lerinage et exercice pour les mollets. \u00c0 l\u2019ouest, la ville s\u2019\u00e9tend paisiblement, ses toits \u00e9pousant les collines, tandis que l\u2019\u00e9tendue de West Cliff s\u2019ouvre en espace vert au-dessus de la plage \u2014 un lieu id\u00e9al pour une promenade ou un pique-nique sous le regard de la statue du capitaine Cook, qui garde un \u0153il sur la mer et l\u2019autre, sans doute, sur la Nouvelle-Z\u00e9lande.<\/p>\n","protected":false},"excerpt":{"rendered":"<p>Obtenez une City Map \u2013 Carte murale &#8211; imprim\u00e9e de la ville de Whitby, Angleterre, GB.<br \/>\nChoisissez ci-dessous la taille, la couleur et le design de votre carte !<\/p>\n","protected":false},"featured_media":14109,"template":"","meta":{"_uag_custom_page_level_css":"","_monsterinsights_skip_tracking":false,"_monsterinsights_sitenote_active":false,"_monsterinsights_sitenote_note":"","_monsterinsights_sitenote_category":0,"site-sidebar-layout":"default","site-content-layout":"","ast-site-content-layout":"default","site-content-style":"default","site-sidebar-style":"default","ast-global-header-display":"","ast-banner-title-visibility":"","ast-main-header-display":"","ast-hfb-above-header-display":"","ast-hfb-below-header-display":"","ast-hfb-mobile-header-display":"","site-post-title":"","ast-breadcrumbs-content":"","ast-featured-img":"","footer-sml-layout":"","ast-disable-related-posts":"","theme-transparent-header-meta":"default","adv-header-id-meta":"","stick-header-meta":"","header-above-stick-meta":"","header-main-stick-meta":"","header-below-stick-meta":"","astra-migrate-meta-layouts":"set","ast-page-background-enabled":"default","ast-page-background-meta":{"desktop":{"background-color":"","background-image":"","background-repeat":"repeat","background-position":"center center","background-size":"auto","background-attachment":"scroll","background-type":"","background-media":"","overlay-type":"","overlay-color":"","overlay-opacity":"","overlay-gradient":""},"tablet":{"background-color":"","background-image":"","background-repeat":"repeat","background-position":"center center","background-size":"auto","background-attachment":"scroll","background-type":"","background-media":"","overlay-type":"","overlay-color":"","overlay-opacity":"","overlay-gradient":""},"mobile":{"background-color":"","background-image":"","background-repeat":"repeat","background-position":"center center","background-size":"auto","background-attachment":"scroll","background-type":"","background-media":"","overlay-type":"","overlay-color":"","overlay-opacity":"","overlay-gradient":""}},"ast-content-background-meta":{"desktop":{"background-color":"var(--ast-global-color-5)","background-image":"","background-repeat":"repeat","background-position":"center center","background-size":"auto","background-attachment":"scroll","background-type":"","background-media":"","overlay-type":"","overlay-color":"","overlay-opacity":"","overlay-gradient":""},"tablet":{"background-color":"var(--ast-global-color-5)","background-image":"","background-repeat":"repeat","background-position":"center center","background-size":"auto","background-attachment":"scroll","background-type":"","background-media":"","overlay-type":"","overlay-color":"","overlay-opacity":"","overlay-gradient":""},"mobile":{"background-color":"var(--ast-global-color-5)","background-image":"","background-repeat":"repeat","background-position":"center center","background-size":"auto","background-attachment":"scroll","background-type":"","background-media":"","overlay-type":"","overlay-color":"","overlay-opacity":"","overlay-gradient":""}}},"product_brand":[],"product_cat":[18],"product_tag":[34,35,186,93,117,541],"class_list":{"0":"post-12359","1":"product","2":"type-product","3":"status-publish","4":"has-post-thumbnail","6":"product_cat-city-maps","7":"product_tag-30x40","8":"product_tag-40x50","9":"product_tag-england","10":"product_tag-europe","11":"product_tag-uk","12":"product_tag-whitby","13":"desktop-align-left","14":"tablet-align-left","15":"mobile-align-left","17":"first","18":"instock","19":"shipping-taxable","20":"purchasable","21":"product-type-variable"},"aioseo_notices":[],"uagb_featured_image_src":{"full":["https:\/\/mapospheres.eu\/wp-content\/uploads\/2026\/02\/BW_ROUND_WHITBY.jpg",1250,1500,false],"thumbnail":["https:\/\/mapospheres.eu\/wp-content\/uploads\/2026\/02\/BW_ROUND_WHITBY-150x150.jpg",150,150,true],"medium":["https:\/\/mapospheres.eu\/wp-content\/uploads\/2026\/02\/BW_ROUND_WHITBY-250x300.jpg",250,300,true],"medium_large":["https:\/\/mapospheres.eu\/wp-content\/uploads\/2026\/02\/BW_ROUND_WHITBY-768x922.jpg",768,922,true],"large":["https:\/\/mapospheres.eu\/wp-content\/uploads\/2026\/02\/BW_ROUND_WHITBY-853x1024.jpg",853,1024,true],"1536x1536":["https:\/\/mapospheres.eu\/wp-content\/uploads\/2026\/02\/BW_ROUND_WHITBY.jpg",1250,1500,false],"2048x2048":["https:\/\/mapospheres.eu\/wp-content\/uploads\/2026\/02\/BW_ROUND_WHITBY.jpg",1250,1500,false],"woocommerce_thumbnail":["https:\/\/mapospheres.eu\/wp-content\/uploads\/2026\/02\/BW_ROUND_WHITBY-300x300.jpg",300,300,true],"woocommerce_single":["https:\/\/mapospheres.eu\/wp-content\/uploads\/2026\/02\/BW_ROUND_WHITBY-600x720.jpg",600,720,true],"woocommerce_gallery_thumbnail":["https:\/\/mapospheres.eu\/wp-content\/uploads\/2026\/02\/BW_ROUND_WHITBY-100x100.jpg",100,100,true]},"uagb_author_info":{"display_name":"sgainot04@gmail.com","author_link":"https:\/\/mapospheres.eu\/fr\/author\/"},"uagb_comment_info":0,"uagb_excerpt":"Obtenez une City Map \u2013 Carte murale - imprim\u00e9e de la ville de Whitby, Angleterre, GB. Choisissez ci-dessous la taille, la couleur et le design de votre carte !","_links":{"self":[{"href":"https:\/\/mapospheres.eu\/fr\/wp-json\/wp\/v2\/product\/12359","targetHints":{"allow":["GET"]}}],"collection":[{"href":"https:\/\/mapospheres.eu\/fr\/wp-json\/wp\/v2\/product"}],"about":[{"href":"https:\/\/mapospheres.eu\/fr\/wp-json\/wp\/v2\/types\/product"}],"wp:featuredmedia":[{"embeddable":true,"href":"https:\/\/mapospheres.eu\/fr\/wp-json\/wp\/v2\/media\/14109"}],"wp:attachment":[{"href":"https:\/\/mapospheres.eu\/fr\/wp-json\/wp\/v2\/media?parent=12359"}],"wp:term":[{"taxonomy":"product_brand","embeddable":true,"href":"https:\/\/mapospheres.eu\/fr\/wp-json\/wp\/v2\/product_brand?post=12359"},{"taxonomy":"product_cat","embeddable":true,"href":"https:\/\/mapospheres.eu\/fr\/wp-json\/wp\/v2\/product_cat?post=12359"},{"taxonomy":"product_tag","embeddable":true,"href":"https:\/\/mapospheres.eu\/fr\/wp-json\/wp\/v2\/product_tag?post=12359"}],"curies":[{"name":"wp","href":"https:\/\/api.w.org\/{rel}","templated":true}]}}