{"id":12363,"date":"2026-02-11T08:59:27","date_gmt":"2026-02-11T08:59:27","guid":{"rendered":"https:\/\/mapospheres.eu\/product\/poster-of-trondheim-norway\/"},"modified":"2026-03-04T15:25:43","modified_gmt":"2026-03-04T15:25:43","slug":"poster-of-trondheim-norway","status":"publish","type":"product","link":"https:\/\/mapospheres.eu\/fr\/product\/poster-de-trondheim-norvege\/","title":{"rendered":"Poster de Trondheim | Norv\u00e8ge"},"content":{"rendered":"<p><strong>Poster City map de Trondheim, Norv\u00e8ge : Le charme de Trondheim r\u00e9side dans son alliance entre la terre et la vie : fjord, for\u00eat, colline et port \u2014 r\u00e9unis en un seul lieu o\u00f9 les trolls semblent encore se tapir dans l\u2019ombre, et o\u00f9 le vent porte les senteurs de pin et de mer.<\/strong><\/p>\n<p>Nich\u00e9e l\u00e0 o\u00f9 la rivi\u00e8re Nidelva rejoint la large \u00e9treinte du fjord, la ville de Trondheim se d\u00e9ploie comme un conte paisible venu du Nord \u2014 fait de collines douces, de sentiers anciens et du rythme constant de la nature. Cette carte capture la topographie unique de la ville, o\u00f9 les reliefs ondulants laissent place \u00e0 des \u00e9crins de verdure, et o\u00f9 la terre s\u2019incline doucement vers la mer. En son c\u0153ur se dresse la majestueuse cath\u00e9drale de Nidaros, autrefois \u00e9tape pour les p\u00e8lerins et aujourd\u2019hui sentinelle de pierre veillant sur des si\u00e8cles d\u2019histoire. Autour d\u2019elle, les rues de la ville serpentent comme de vieux r\u00e9cits, tandis que les quais en bois le long de la rivi\u00e8re murmurent encore des histoires de commerce, de poissons et de fortunes. Au sud, la ville s\u2019\u00e9tend vers Bymarka, vaste \u00e9tendue verdoyante o\u00f9 les habitants skient \u00e0 travers les for\u00eats en hiver et randonnent sous le soleil de minuit lorsque vient l\u2019\u00e9t\u00e9. Les collines s\u2019\u00e9l\u00e8vent juste assez pour donner du relief \u00e0 la carte et au paysage sa discr\u00e8te intensit\u00e9. Et tandis que votre regard suit les courbes du terrain, vous apercevrez l\u2019ancienne forteresse de Kristiansten \u2014 construite pour tenir les Su\u00e9dois \u00e0 distance, mais aujourd\u2019hui surtout admir\u00e9e pour la vue.<\/p>\n","protected":false},"excerpt":{"rendered":"<p>Obtenez une City Map \u2013 Carte murale &#8211; imprim\u00e9e de la ville de Trondheim, Norv\u00e8ge.<br \/>\nChoisissez ci-dessous la taille, la couleur et le design de votre carte !<\/p>\n","protected":false},"featured_media":14079,"template":"","meta":{"_uag_custom_page_level_css":"","_monsterinsights_skip_tracking":false,"_monsterinsights_sitenote_active":false,"_monsterinsights_sitenote_note":"","_monsterinsights_sitenote_category":0,"site-sidebar-layout":"default","site-content-layout":"","ast-site-content-layout":"default","site-content-style":"default","site-sidebar-style":"default","ast-global-header-display":"","ast-banner-title-visibility":"","ast-main-header-display":"","ast-hfb-above-header-display":"","ast-hfb-below-header-display":"","ast-hfb-mobile-header-display":"","site-post-title":"","ast-breadcrumbs-content":"","ast-featured-img":"","footer-sml-layout":"","ast-disable-related-posts":"","theme-transparent-header-meta":"default","adv-header-id-meta":"","stick-header-meta":"","header-above-stick-meta":"","header-main-stick-meta":"","header-below-stick-meta":"","astra-migrate-meta-layouts":"set","ast-page-background-enabled":"default","ast-page-background-meta":{"desktop":{"background-color":"","background-image":"","background-repeat":"repeat","background-position":"center center","background-size":"auto","background-attachment":"scroll","background-type":"","background-media":"","overlay-type":"","overlay-color":"","overlay-opacity":"","overlay-gradient":""},"tablet":{"background-color":"","background-image":"","background-repeat":"repeat","background-position":"center center","background-size":"auto","background-attachment":"scroll","background-type":"","background-media":"","overlay-type":"","overlay-color":"","overlay-opacity":"","overlay-gradient":""},"mobile":{"background-color":"","background-image":"","background-repeat":"repeat","background-position":"center center","background-size":"auto","background-attachment":"scroll","background-type":"","background-media":"","overlay-type":"","overlay-color":"","overlay-opacity":"","overlay-gradient":""}},"ast-content-background-meta":{"desktop":{"background-color":"var(--ast-global-color-5)","background-image":"","background-repeat":"repeat","background-position":"center center","background-size":"auto","background-attachment":"scroll","background-type":"","background-media":"","overlay-type":"","overlay-color":"","overlay-opacity":"","overlay-gradient":""},"tablet":{"background-color":"var(--ast-global-color-5)","background-image":"","background-repeat":"repeat","background-position":"center center","background-size":"auto","background-attachment":"scroll","background-type":"","background-media":"","overlay-type":"","overlay-color":"","overlay-opacity":"","overlay-gradient":""},"mobile":{"background-color":"var(--ast-global-color-5)","background-image":"","background-repeat":"repeat","background-position":"center center","background-size":"auto","background-attachment":"scroll","background-type":"","background-media":"","overlay-type":"","overlay-color":"","overlay-opacity":"","overlay-gradient":""}}},"product_brand":[],"product_cat":[18],"product_tag":[34,35,36,40,93,473,537],"class_list":{"0":"post-12363","1":"product","2":"type-product","3":"status-publish","4":"has-post-thumbnail","6":"product_cat-city-maps","7":"product_tag-30x40","8":"product_tag-40x50","9":"product_tag-50x70","10":"product_tag-city-map","11":"product_tag-europe","12":"product_tag-norway","13":"product_tag-trondheim","14":"desktop-align-left","15":"tablet-align-left","16":"mobile-align-left","18":"first","19":"instock","20":"shipping-taxable","21":"purchasable","22":"product-type-variable"},"aioseo_notices":[],"uagb_featured_image_src":{"full":["https:\/\/mapospheres.eu\/wp-content\/uploads\/2026\/02\/BW_ROUND_TRONDHEIM.jpg",1250,1500,false],"thumbnail":["https:\/\/mapospheres.eu\/wp-content\/uploads\/2026\/02\/BW_ROUND_TRONDHEIM-150x150.jpg",150,150,true],"medium":["https:\/\/mapospheres.eu\/wp-content\/uploads\/2026\/02\/BW_ROUND_TRONDHEIM-250x300.jpg",250,300,true],"medium_large":["https:\/\/mapospheres.eu\/wp-content\/uploads\/2026\/02\/BW_ROUND_TRONDHEIM-768x922.jpg",768,922,true],"large":["https:\/\/mapospheres.eu\/wp-content\/uploads\/2026\/02\/BW_ROUND_TRONDHEIM-853x1024.jpg",853,1024,true],"1536x1536":["https:\/\/mapospheres.eu\/wp-content\/uploads\/2026\/02\/BW_ROUND_TRONDHEIM.jpg",1250,1500,false],"2048x2048":["https:\/\/mapospheres.eu\/wp-content\/uploads\/2026\/02\/BW_ROUND_TRONDHEIM.jpg",1250,1500,false],"woocommerce_thumbnail":["https:\/\/mapospheres.eu\/wp-content\/uploads\/2026\/02\/BW_ROUND_TRONDHEIM-300x300.jpg",300,300,true],"woocommerce_single":["https:\/\/mapospheres.eu\/wp-content\/uploads\/2026\/02\/BW_ROUND_TRONDHEIM-600x720.jpg",600,720,true],"woocommerce_gallery_thumbnail":["https:\/\/mapospheres.eu\/wp-content\/uploads\/2026\/02\/BW_ROUND_TRONDHEIM-100x100.jpg",100,100,true]},"uagb_author_info":{"display_name":"sgainot04@gmail.com","author_link":"https:\/\/mapospheres.eu\/fr\/author\/"},"uagb_comment_info":0,"uagb_excerpt":"Obtenez une City Map \u2013 Carte murale - imprim\u00e9e de la ville de Trondheim, Norv\u00e8ge. Choisissez ci-dessous la taille, la couleur et le design de votre carte !","_links":{"self":[{"href":"https:\/\/mapospheres.eu\/fr\/wp-json\/wp\/v2\/product\/12363","targetHints":{"allow":["GET"]}}],"collection":[{"href":"https:\/\/mapospheres.eu\/fr\/wp-json\/wp\/v2\/product"}],"about":[{"href":"https:\/\/mapospheres.eu\/fr\/wp-json\/wp\/v2\/types\/product"}],"wp:featuredmedia":[{"embeddable":true,"href":"https:\/\/mapospheres.eu\/fr\/wp-json\/wp\/v2\/media\/14079"}],"wp:attachment":[{"href":"https:\/\/mapospheres.eu\/fr\/wp-json\/wp\/v2\/media?parent=12363"}],"wp:term":[{"taxonomy":"product_brand","embeddable":true,"href":"https:\/\/mapospheres.eu\/fr\/wp-json\/wp\/v2\/product_brand?post=12363"},{"taxonomy":"product_cat","embeddable":true,"href":"https:\/\/mapospheres.eu\/fr\/wp-json\/wp\/v2\/product_cat?post=12363"},{"taxonomy":"product_tag","embeddable":true,"href":"https:\/\/mapospheres.eu\/fr\/wp-json\/wp\/v2\/product_tag?post=12363"}],"curies":[{"name":"wp","href":"https:\/\/api.w.org\/{rel}","templated":true}]}}