{"id":12365,"date":"2026-02-11T08:59:33","date_gmt":"2026-02-11T08:59:33","guid":{"rendered":"https:\/\/mapospheres.eu\/product\/poster-of-cluj-napoca-rumania\/"},"modified":"2026-03-04T15:25:56","modified_gmt":"2026-03-04T15:25:56","slug":"poster-of-cluj-napoca-rumania","status":"publish","type":"product","link":"https:\/\/mapospheres.eu\/fr\/product\/poster-de-cluj-napoca-roumanie\/","title":{"rendered":"Poster de Cluj-Napoca | Roumanie"},"content":{"rendered":"<p><strong>Poster City map de Cluj-Napoca, Roumanie : ses r\u00e9cits murmur\u00e9s de Daces et de ducs, cette carte de Cluj-Napoca est une c\u00e9l\u00e9bration discr\u00e8te d\u2019une ville qui se tient fi\u00e8rement entre le mythe et la vie quotidienne. Et non, il n\u2019y a pas de vampire sur la carte \u2014 mais on ne peut pas promettre qu\u2019il n\u2019est pas dans les parages.<\/strong><\/p>\n<p>Situ\u00e9e au c\u0153ur de la Transylvanie \u2014 oui, cette Transylvanie \u2014 Cluj-Napoca s\u2019\u00e9tend \u00e0 travers collines et vall\u00e9es avec la confiance tranquille d\u2019une ville qui a vu des empires na\u00eetre et dispara\u00eetre, tout en parvenant \u00e0 garder ses caf\u00e9s pleins. Cette carte capture le rythme naturel de la ville, o\u00f9 les rues suivent les douces mont\u00e9es et descentes du terrain, et o\u00f9 les espaces verts se glissent proprement entre les toits et les rives. La rivi\u00e8re Some\u0219ul Mic serpente \u00e0 travers la ville comme une vieille histoire, stable et un peu t\u00eatue, refl\u00e9t\u00e9e par les rues qui se sont d\u00e9velopp\u00e9es le long d\u2019elle. Les collines environnantes, surtout \u00e0 l\u2019ouest et au sud, s\u2019\u00e9l\u00e8vent juste assez pour donner \u00e0 la carte sa texture \u2014 ombr\u00e9es doucement pour sugg\u00e9rer o\u00f9 la vue devient meilleure (et o\u00f9 le cyclisme devient plus difficile). La for\u00eat de F\u0103get effleure le bord de la ville, un vert sombre rappelant que m\u00eame dans le Cluj moderne, la nature n\u2019est pas loin. Au centre, les monuments s\u2019\u00e9l\u00e8vent avec fiert\u00e9 : l\u2019\u00e9glise Saint-Michel, haute et indiff\u00e9rente au temps, et la colline de l\u2019ancienne forteresse, qui surveillait autrefois la ville et veille maintenant surtout sur les joggeurs et les photographes. Le Jardin botanique, plus jungle que jardin certains jours, ajoute une touche luxuriante aux pentes sud, tandis que le parc central offre un terrain plat pour se promener \u2014 et planifier des escapades de week-end.<\/p>\n","protected":false},"excerpt":{"rendered":"<p>Procurez-vous ce Poster City Map de Cluj Napoca, Roumanie, en tant que carte murale. Vous pouvez choisir la taille, la couleur ou le design de votre carte\u00a0!<\/p>\n","protected":false},"featured_media":13882,"template":"","meta":{"_uag_custom_page_level_css":"","_monsterinsights_skip_tracking":false,"_monsterinsights_sitenote_active":false,"_monsterinsights_sitenote_note":"","_monsterinsights_sitenote_category":0,"site-sidebar-layout":"default","site-content-layout":"","ast-site-content-layout":"default","site-content-style":"default","site-sidebar-style":"default","ast-global-header-display":"","ast-banner-title-visibility":"","ast-main-header-display":"","ast-hfb-above-header-display":"","ast-hfb-below-header-display":"","ast-hfb-mobile-header-display":"","site-post-title":"","ast-breadcrumbs-content":"","ast-featured-img":"","footer-sml-layout":"","ast-disable-related-posts":"","theme-transparent-header-meta":"default","adv-header-id-meta":"","stick-header-meta":"","header-above-stick-meta":"","header-main-stick-meta":"","header-below-stick-meta":"","astra-migrate-meta-layouts":"set","ast-page-background-enabled":"default","ast-page-background-meta":{"desktop":{"background-color":"","background-image":"","background-repeat":"repeat","background-position":"center center","background-size":"auto","background-attachment":"scroll","background-type":"","background-media":"","overlay-type":"","overlay-color":"","overlay-opacity":"","overlay-gradient":""},"tablet":{"background-color":"","background-image":"","background-repeat":"repeat","background-position":"center center","background-size":"auto","background-attachment":"scroll","background-type":"","background-media":"","overlay-type":"","overlay-color":"","overlay-opacity":"","overlay-gradient":""},"mobile":{"background-color":"","background-image":"","background-repeat":"repeat","background-position":"center center","background-size":"auto","background-attachment":"scroll","background-type":"","background-media":"","overlay-type":"","overlay-color":"","overlay-opacity":"","overlay-gradient":""}},"ast-content-background-meta":{"desktop":{"background-color":"var(--ast-global-color-5)","background-image":"","background-repeat":"repeat","background-position":"center center","background-size":"auto","background-attachment":"scroll","background-type":"","background-media":"","overlay-type":"","overlay-color":"","overlay-opacity":"","overlay-gradient":""},"tablet":{"background-color":"var(--ast-global-color-5)","background-image":"","background-repeat":"repeat","background-position":"center center","background-size":"auto","background-attachment":"scroll","background-type":"","background-media":"","overlay-type":"","overlay-color":"","overlay-opacity":"","overlay-gradient":""},"mobile":{"background-color":"var(--ast-global-color-5)","background-image":"","background-repeat":"repeat","background-position":"center center","background-size":"auto","background-attachment":"scroll","background-type":"","background-media":"","overlay-type":"","overlay-color":"","overlay-opacity":"","overlay-gradient":""}}},"product_brand":[],"product_cat":[18],"product_tag":[34,35,36,40,532,93,533],"class_list":{"0":"post-12365","1":"product","2":"type-product","3":"status-publish","4":"has-post-thumbnail","6":"product_cat-city-maps","7":"product_tag-30x40","8":"product_tag-40x50","9":"product_tag-50x70","10":"product_tag-city-map","11":"product_tag-cluj-napoca","12":"product_tag-europe","13":"product_tag-rumania","14":"desktop-align-left","15":"tablet-align-left","16":"mobile-align-left","18":"first","19":"instock","20":"shipping-taxable","21":"purchasable","22":"product-type-variable"},"aioseo_notices":[],"uagb_featured_image_src":{"full":["https:\/\/mapospheres.eu\/wp-content\/uploads\/2026\/02\/BW_ROUND_CLUJNAPOCA.jpg",1250,1500,false],"thumbnail":["https:\/\/mapospheres.eu\/wp-content\/uploads\/2026\/02\/BW_ROUND_CLUJNAPOCA-150x150.jpg",150,150,true],"medium":["https:\/\/mapospheres.eu\/wp-content\/uploads\/2026\/02\/BW_ROUND_CLUJNAPOCA-250x300.jpg",250,300,true],"medium_large":["https:\/\/mapospheres.eu\/wp-content\/uploads\/2026\/02\/BW_ROUND_CLUJNAPOCA-768x922.jpg",768,922,true],"large":["https:\/\/mapospheres.eu\/wp-content\/uploads\/2026\/02\/BW_ROUND_CLUJNAPOCA-853x1024.jpg",853,1024,true],"1536x1536":["https:\/\/mapospheres.eu\/wp-content\/uploads\/2026\/02\/BW_ROUND_CLUJNAPOCA.jpg",1250,1500,false],"2048x2048":["https:\/\/mapospheres.eu\/wp-content\/uploads\/2026\/02\/BW_ROUND_CLUJNAPOCA.jpg",1250,1500,false],"woocommerce_thumbnail":["https:\/\/mapospheres.eu\/wp-content\/uploads\/2026\/02\/BW_ROUND_CLUJNAPOCA-300x300.jpg",300,300,true],"woocommerce_single":["https:\/\/mapospheres.eu\/wp-content\/uploads\/2026\/02\/BW_ROUND_CLUJNAPOCA-600x720.jpg",600,720,true],"woocommerce_gallery_thumbnail":["https:\/\/mapospheres.eu\/wp-content\/uploads\/2026\/02\/BW_ROUND_CLUJNAPOCA-100x100.jpg",100,100,true]},"uagb_author_info":{"display_name":"sgainot04@gmail.com","author_link":"https:\/\/mapospheres.eu\/fr\/author\/"},"uagb_comment_info":0,"uagb_excerpt":"Procurez-vous ce Poster City Map de Cluj Napoca, Roumanie, en tant que carte murale. Vous pouvez choisir la taille, la couleur ou le design de votre carte\u00a0!","_links":{"self":[{"href":"https:\/\/mapospheres.eu\/fr\/wp-json\/wp\/v2\/product\/12365","targetHints":{"allow":["GET"]}}],"collection":[{"href":"https:\/\/mapospheres.eu\/fr\/wp-json\/wp\/v2\/product"}],"about":[{"href":"https:\/\/mapospheres.eu\/fr\/wp-json\/wp\/v2\/types\/product"}],"wp:featuredmedia":[{"embeddable":true,"href":"https:\/\/mapospheres.eu\/fr\/wp-json\/wp\/v2\/media\/13882"}],"wp:attachment":[{"href":"https:\/\/mapospheres.eu\/fr\/wp-json\/wp\/v2\/media?parent=12365"}],"wp:term":[{"taxonomy":"product_brand","embeddable":true,"href":"https:\/\/mapospheres.eu\/fr\/wp-json\/wp\/v2\/product_brand?post=12365"},{"taxonomy":"product_cat","embeddable":true,"href":"https:\/\/mapospheres.eu\/fr\/wp-json\/wp\/v2\/product_cat?post=12365"},{"taxonomy":"product_tag","embeddable":true,"href":"https:\/\/mapospheres.eu\/fr\/wp-json\/wp\/v2\/product_tag?post=12365"}],"curies":[{"name":"wp","href":"https:\/\/api.w.org\/{rel}","templated":true}]}}