{"id":12371,"date":"2026-02-11T09:00:00","date_gmt":"2026-02-11T09:00:00","guid":{"rendered":"https:\/\/mapospheres.eu\/product\/poster-of-washington-district-of-columbia-us\/"},"modified":"2026-03-04T15:26:27","modified_gmt":"2026-03-04T15:26:27","slug":"poster-of-washington-district-of-columbia-us","status":"publish","type":"product","link":"https:\/\/mapospheres.eu\/fr\/product\/poster-de-washington-district-de-columbia-usa\/","title":{"rendered":"Poster de Washington | District de Columbia - Etats-Unis"},"content":{"rendered":"<p><strong>Poster City map de Washington DC, Etats-Unis : Washington, D.C. \u2014 une ville construite sur des mar\u00e9cages et de l\u2019ambition \u2014 se d\u00e9ploie sur cette carte avec toute l\u2019allure d\u2019une capitale dessin\u00e9e avant m\u00eame de na\u00eetre.<\/strong><\/p>\n<p>\u00c0 premi\u00e8re vue, sa g\u00e9om\u00e9trie soign\u00e9e attire le regard : de larges avenues traversant un patchwork de quadrants, tous centr\u00e9s autour d\u2019un grand mall qui n\u2019est ni un centre commercial ni particuli\u00e8rement modeste en taille. Ici, la g\u00e9ographie et le pouvoir se serrent la main. Le terrain vibre doucement sous tout cela. La rivi\u00e8re Potomac serpente le long de la ville comme un ruban jet\u00e9 au hasard, ses rives s\u2019\u00e9levant juste assez pour sur\u00e9lever les monuments au-dessus de la plaine inondable \u2014 peut-\u00eatre pour que Lincoln puisse rester au sec, regardant la circulation passer. Au nord-ouest, le terrain se rassemble en douces collines, conf\u00e9rant une dignit\u00e9 tranquille \u00e0 Rock Creek Park, une longue colonne vert\u00e9brale verte qui traverse la ville comme si elle avait oubli\u00e9 d\u2019\u00eatre une for\u00eat ailleurs. Dans cette \u00e9tendue bois\u00e9e, des cerfs se prom\u00e8nent encore pr\u00e8s de diplomates en jogging, tous deux l\u00e9g\u00e8rement hors de leur place. Au sud, l\u00e0 o\u00f9 coule la rivi\u00e8re Anacostia, le terrain s\u2019aplatit \u00e0 nouveau, presque comme s\u2019il s\u2019incline devant le d\u00f4me du Capitole qui s\u2019\u00e9l\u00e8ve non pas sur une montagne, mais sur Capitol Hill \u2014 une \u00ab colline \u00bb seulement si l\u2019on plisse les yeux et y croit. Les monuments qui ponctuent le National Mall semblent d\u00e9filer en file, de l\u2019ob\u00e9lisque du Washington Monument au calme bassin r\u00e9fl\u00e9chissant, puis vers Lincoln, toujours m\u00e9ditatif. Et entre les deux, des milliers de sentiers se croisent \u00e0 travers pelouses et m\u00e9moriaux o\u00f9 les touristes errent, les \u00e9cureuils complotent, et l\u2019histoire tr\u00e9buche parfois en avant.<\/p>\n","protected":false},"excerpt":{"rendered":"<p>Procurez-vous ce Poster City Map de Washington, District de Columbia, Etats-Unis, en tant que carte murale. Vous pouvez choisir la taille, la couleur ou le design de votre carte\u00a0!<\/p>\n","protected":false},"featured_media":13612,"template":"","meta":{"_uag_custom_page_level_css":"","_monsterinsights_skip_tracking":false,"_monsterinsights_sitenote_active":false,"_monsterinsights_sitenote_note":"","_monsterinsights_sitenote_category":0,"site-sidebar-layout":"default","site-content-layout":"","ast-site-content-layout":"default","site-content-style":"default","site-sidebar-style":"default","ast-global-header-display":"","ast-banner-title-visibility":"","ast-main-header-display":"","ast-hfb-above-header-display":"","ast-hfb-below-header-display":"","ast-hfb-mobile-header-display":"","site-post-title":"","ast-breadcrumbs-content":"","ast-featured-img":"","footer-sml-layout":"","ast-disable-related-posts":"","theme-transparent-header-meta":"default","adv-header-id-meta":"","stick-header-meta":"","header-above-stick-meta":"","header-main-stick-meta":"","header-below-stick-meta":"","astra-migrate-meta-layouts":"set","ast-page-background-enabled":"default","ast-page-background-meta":{"desktop":{"background-color":"","background-image":"","background-repeat":"repeat","background-position":"center center","background-size":"auto","background-attachment":"scroll","background-type":"","background-media":"","overlay-type":"","overlay-color":"","overlay-opacity":"","overlay-gradient":""},"tablet":{"background-color":"","background-image":"","background-repeat":"repeat","background-position":"center center","background-size":"auto","background-attachment":"scroll","background-type":"","background-media":"","overlay-type":"","overlay-color":"","overlay-opacity":"","overlay-gradient":""},"mobile":{"background-color":"","background-image":"","background-repeat":"repeat","background-position":"center center","background-size":"auto","background-attachment":"scroll","background-type":"","background-media":"","overlay-type":"","overlay-color":"","overlay-opacity":"","overlay-gradient":""}},"ast-content-background-meta":{"desktop":{"background-color":"var(--ast-global-color-5)","background-image":"","background-repeat":"repeat","background-position":"center center","background-size":"auto","background-attachment":"scroll","background-type":"","background-media":"","overlay-type":"","overlay-color":"","overlay-opacity":"","overlay-gradient":""},"tablet":{"background-color":"var(--ast-global-color-5)","background-image":"","background-repeat":"repeat","background-position":"center center","background-size":"auto","background-attachment":"scroll","background-type":"","background-media":"","overlay-type":"","overlay-color":"","overlay-opacity":"","overlay-gradient":""},"mobile":{"background-color":"var(--ast-global-color-5)","background-image":"","background-repeat":"repeat","background-position":"center center","background-size":"auto","background-attachment":"scroll","background-type":"","background-media":"","overlay-type":"","overlay-color":"","overlay-opacity":"","overlay-gradient":""}}},"product_brand":[],"product_cat":[18,338],"product_tag":[34,35,36,40,523,323,168,169],"class_list":{"0":"post-12371","1":"product","2":"type-product","3":"status-publish","4":"has-post-thumbnail","6":"product_cat-city-maps","7":"product_cat-featured_eng","8":"product_tag-30x40","9":"product_tag-40x50","10":"product_tag-50x70","11":"product_tag-city-map","12":"product_tag-dc","13":"product_tag-north-america","14":"product_tag-us","15":"product_tag-washington","16":"desktop-align-left","17":"tablet-align-left","18":"mobile-align-left","20":"first","21":"instock","22":"shipping-taxable","23":"purchasable","24":"product-type-variable"},"aioseo_notices":[],"uagb_featured_image_src":{"full":["https:\/\/mapospheres.eu\/wp-content\/uploads\/2026\/02\/CANVAS_3_BWROUND_WASHINGTON.jpg",1000,1000,false],"thumbnail":["https:\/\/mapospheres.eu\/wp-content\/uploads\/2026\/02\/CANVAS_3_BWROUND_WASHINGTON-150x150.jpg",150,150,true],"medium":["https:\/\/mapospheres.eu\/wp-content\/uploads\/2026\/02\/CANVAS_3_BWROUND_WASHINGTON-300x300.jpg",300,300,true],"medium_large":["https:\/\/mapospheres.eu\/wp-content\/uploads\/2026\/02\/CANVAS_3_BWROUND_WASHINGTON-768x768.jpg",768,768,true],"large":["https:\/\/mapospheres.eu\/wp-content\/uploads\/2026\/02\/CANVAS_3_BWROUND_WASHINGTON.jpg",1000,1000,false],"1536x1536":["https:\/\/mapospheres.eu\/wp-content\/uploads\/2026\/02\/CANVAS_3_BWROUND_WASHINGTON.jpg",1000,1000,false],"2048x2048":["https:\/\/mapospheres.eu\/wp-content\/uploads\/2026\/02\/CANVAS_3_BWROUND_WASHINGTON.jpg",1000,1000,false],"woocommerce_thumbnail":["https:\/\/mapospheres.eu\/wp-content\/uploads\/2026\/02\/CANVAS_3_BWROUND_WASHINGTON-300x300.jpg",300,300,true],"woocommerce_single":["https:\/\/mapospheres.eu\/wp-content\/uploads\/2026\/02\/CANVAS_3_BWROUND_WASHINGTON-600x600.jpg",600,600,true],"woocommerce_gallery_thumbnail":["https:\/\/mapospheres.eu\/wp-content\/uploads\/2026\/02\/CANVAS_3_BWROUND_WASHINGTON-100x100.jpg",100,100,true]},"uagb_author_info":{"display_name":"sgainot04@gmail.com","author_link":"https:\/\/mapospheres.eu\/fr\/author\/"},"uagb_comment_info":0,"uagb_excerpt":"Procurez-vous ce Poster City Map de Washington, District de Columbia, Etats-Unis, en tant que carte murale. Vous pouvez choisir la taille, la couleur ou le design de votre carte\u00a0!","_links":{"self":[{"href":"https:\/\/mapospheres.eu\/fr\/wp-json\/wp\/v2\/product\/12371","targetHints":{"allow":["GET"]}}],"collection":[{"href":"https:\/\/mapospheres.eu\/fr\/wp-json\/wp\/v2\/product"}],"about":[{"href":"https:\/\/mapospheres.eu\/fr\/wp-json\/wp\/v2\/types\/product"}],"wp:featuredmedia":[{"embeddable":true,"href":"https:\/\/mapospheres.eu\/fr\/wp-json\/wp\/v2\/media\/13612"}],"wp:attachment":[{"href":"https:\/\/mapospheres.eu\/fr\/wp-json\/wp\/v2\/media?parent=12371"}],"wp:term":[{"taxonomy":"product_brand","embeddable":true,"href":"https:\/\/mapospheres.eu\/fr\/wp-json\/wp\/v2\/product_brand?post=12371"},{"taxonomy":"product_cat","embeddable":true,"href":"https:\/\/mapospheres.eu\/fr\/wp-json\/wp\/v2\/product_cat?post=12371"},{"taxonomy":"product_tag","embeddable":true,"href":"https:\/\/mapospheres.eu\/fr\/wp-json\/wp\/v2\/product_tag?post=12371"}],"curies":[{"name":"wp","href":"https:\/\/api.w.org\/{rel}","templated":true}]}}