{"id":12372,"date":"2026-02-11T09:00:03","date_gmt":"2026-02-11T09:00:03","guid":{"rendered":"https:\/\/mapospheres.eu\/product\/poster-of-mumbai-india\/"},"modified":"2026-03-04T15:26:31","modified_gmt":"2026-03-04T15:26:31","slug":"poster-of-mumbai-india","status":"publish","type":"product","link":"https:\/\/mapospheres.eu\/fr\/product\/poster-de-mumbai-inde\/","title":{"rendered":"Poster de Mumbai | Inde"},"content":{"rendered":"<p><strong>Poster City map of Mumbai, Inde : une ville de moussons et de cin\u00e9ma, de r\u00eaves, de dabbawalas et d\u2019une agitation d\u00e9licieuse.<\/strong><\/p>\n<p>Voici Mumbai d\u00e9voil\u00e9e dans toute sa v\u00e9rit\u00e9 topographique. Cette City Map ne se contente pas de montrer des routes et des b\u00e2timents, elle capture la forme m\u00eame du terrain : le l\u00e9ger gonflement des Sept \u00celes r\u00e9unies en une seule, les contours naturels qui s\u2019\u00e9l\u00e8vent juste assez pour laisser le puissant parc national Sanjay Gandhi respirer au c\u0153ur de la ville comme un poumon vert. Au nord, les collines de Borivali ondulent tranquillement, comme si elles prenaient poliment leurs distances avec la symphonie de klaxons du sud. Le parc s\u2019\u00e9tend comme un tapis doux et mousseux, cachant d\u2019anciennes grottes bouddhistes qui ont \u00e9cout\u00e9 les si\u00e8cles passer en silence. Au sud, le terrain s\u2019aplanit comme pour laisser place aux grandes entr\u00e9es du Gateway of India, du Chhatrapati Shivaji Terminus et au drame gothique victorien du Fort \u2014 o\u00f9 l\u2019histoire insiste pour rester dans les colonnades. La c\u00f4te s\u2019enroule et se courbe avec la gr\u00e2ce des mar\u00e9es, entourant l\u2019arc majestueux de Marine Drive qui, la nuit, comme on le dit, se transforme en Queen\u2019s Necklace \u2014 m\u00eame si elle a probablement \u00e9gar\u00e9 quelques diamants au fil des ann\u00e9es. Des salines de Chembur aux mangroves de Versova, chaque \u00e9l\u00e9ment naturel laisse sa marque discr\u00e8te, rappelant qu\u2019avant les sc\u00e9narios de Bollywood ou les r\u00eaves de start-up, cette terre avait d\u00e9j\u00e0 une histoire \u00e9crite dans la pierre et le sol.<\/p>\n","protected":false},"excerpt":{"rendered":"<p>Procurez-vous ce Poster City Map de Mumbai, Inde, en tant que carte murale. Vous pouvez choisir la taille, la couleur ou le design de votre carte\u00a0!<\/p>\n","protected":false},"featured_media":13605,"template":"","meta":{"_uag_custom_page_level_css":"","_monsterinsights_skip_tracking":false,"_monsterinsights_sitenote_active":false,"_monsterinsights_sitenote_note":"","_monsterinsights_sitenote_category":0,"site-sidebar-layout":"default","site-content-layout":"","ast-site-content-layout":"default","site-content-style":"default","site-sidebar-style":"default","ast-global-header-display":"","ast-banner-title-visibility":"","ast-main-header-display":"","ast-hfb-above-header-display":"","ast-hfb-below-header-display":"","ast-hfb-mobile-header-display":"","site-post-title":"","ast-breadcrumbs-content":"","ast-featured-img":"","footer-sml-layout":"","ast-disable-related-posts":"","theme-transparent-header-meta":"default","adv-header-id-meta":"","stick-header-meta":"","header-above-stick-meta":"","header-main-stick-meta":"","header-below-stick-meta":"","astra-migrate-meta-layouts":"set","ast-page-background-enabled":"default","ast-page-background-meta":{"desktop":{"background-color":"","background-image":"","background-repeat":"repeat","background-position":"center center","background-size":"auto","background-attachment":"scroll","background-type":"","background-media":"","overlay-type":"","overlay-color":"","overlay-opacity":"","overlay-gradient":""},"tablet":{"background-color":"","background-image":"","background-repeat":"repeat","background-position":"center center","background-size":"auto","background-attachment":"scroll","background-type":"","background-media":"","overlay-type":"","overlay-color":"","overlay-opacity":"","overlay-gradient":""},"mobile":{"background-color":"","background-image":"","background-repeat":"repeat","background-position":"center center","background-size":"auto","background-attachment":"scroll","background-type":"","background-media":"","overlay-type":"","overlay-color":"","overlay-opacity":"","overlay-gradient":""}},"ast-content-background-meta":{"desktop":{"background-color":"var(--ast-global-color-5)","background-image":"","background-repeat":"repeat","background-position":"center center","background-size":"auto","background-attachment":"scroll","background-type":"","background-media":"","overlay-type":"","overlay-color":"","overlay-opacity":"","overlay-gradient":""},"tablet":{"background-color":"var(--ast-global-color-5)","background-image":"","background-repeat":"repeat","background-position":"center center","background-size":"auto","background-attachment":"scroll","background-type":"","background-media":"","overlay-type":"","overlay-color":"","overlay-opacity":"","overlay-gradient":""},"mobile":{"background-color":"var(--ast-global-color-5)","background-image":"","background-repeat":"repeat","background-position":"center center","background-size":"auto","background-attachment":"scroll","background-type":"","background-media":"","overlay-type":"","overlay-color":"","overlay-opacity":"","overlay-gradient":""}}},"product_brand":[],"product_cat":[18],"product_tag":[34,35,36,226,40,521,522],"class_list":{"0":"post-12372","1":"product","2":"type-product","3":"status-publish","4":"has-post-thumbnail","6":"product_cat-city-maps","7":"product_tag-30x40","8":"product_tag-40x50","9":"product_tag-50x70","10":"product_tag-asia","11":"product_tag-city-map","12":"product_tag-india","13":"product_tag-mumbai","14":"desktop-align-left","15":"tablet-align-left","16":"mobile-align-left","18":"first","19":"instock","20":"shipping-taxable","21":"purchasable","22":"product-type-variable"},"aioseo_notices":[],"uagb_featured_image_src":{"full":["https:\/\/mapospheres.eu\/wp-content\/uploads\/2026\/02\/BW_FULL_MUMBAI.jpg",1250,1500,false],"thumbnail":["https:\/\/mapospheres.eu\/wp-content\/uploads\/2026\/02\/BW_FULL_MUMBAI-150x150.jpg",150,150,true],"medium":["https:\/\/mapospheres.eu\/wp-content\/uploads\/2026\/02\/BW_FULL_MUMBAI-250x300.jpg",250,300,true],"medium_large":["https:\/\/mapospheres.eu\/wp-content\/uploads\/2026\/02\/BW_FULL_MUMBAI-768x922.jpg",768,922,true],"large":["https:\/\/mapospheres.eu\/wp-content\/uploads\/2026\/02\/BW_FULL_MUMBAI-853x1024.jpg",853,1024,true],"1536x1536":["https:\/\/mapospheres.eu\/wp-content\/uploads\/2026\/02\/BW_FULL_MUMBAI.jpg",1250,1500,false],"2048x2048":["https:\/\/mapospheres.eu\/wp-content\/uploads\/2026\/02\/BW_FULL_MUMBAI.jpg",1250,1500,false],"woocommerce_thumbnail":["https:\/\/mapospheres.eu\/wp-content\/uploads\/2026\/02\/BW_FULL_MUMBAI-300x300.jpg",300,300,true],"woocommerce_single":["https:\/\/mapospheres.eu\/wp-content\/uploads\/2026\/02\/BW_FULL_MUMBAI-600x720.jpg",600,720,true],"woocommerce_gallery_thumbnail":["https:\/\/mapospheres.eu\/wp-content\/uploads\/2026\/02\/BW_FULL_MUMBAI-100x100.jpg",100,100,true]},"uagb_author_info":{"display_name":"sgainot04@gmail.com","author_link":"https:\/\/mapospheres.eu\/fr\/author\/"},"uagb_comment_info":0,"uagb_excerpt":"Procurez-vous ce Poster City Map de Mumbai, Inde, en tant que carte murale. Vous pouvez choisir la taille, la couleur ou le design de votre carte\u00a0!","_links":{"self":[{"href":"https:\/\/mapospheres.eu\/fr\/wp-json\/wp\/v2\/product\/12372","targetHints":{"allow":["GET"]}}],"collection":[{"href":"https:\/\/mapospheres.eu\/fr\/wp-json\/wp\/v2\/product"}],"about":[{"href":"https:\/\/mapospheres.eu\/fr\/wp-json\/wp\/v2\/types\/product"}],"wp:featuredmedia":[{"embeddable":true,"href":"https:\/\/mapospheres.eu\/fr\/wp-json\/wp\/v2\/media\/13605"}],"wp:attachment":[{"href":"https:\/\/mapospheres.eu\/fr\/wp-json\/wp\/v2\/media?parent=12372"}],"wp:term":[{"taxonomy":"product_brand","embeddable":true,"href":"https:\/\/mapospheres.eu\/fr\/wp-json\/wp\/v2\/product_brand?post=12372"},{"taxonomy":"product_cat","embeddable":true,"href":"https:\/\/mapospheres.eu\/fr\/wp-json\/wp\/v2\/product_cat?post=12372"},{"taxonomy":"product_tag","embeddable":true,"href":"https:\/\/mapospheres.eu\/fr\/wp-json\/wp\/v2\/product_tag?post=12372"}],"curies":[{"name":"wp","href":"https:\/\/api.w.org\/{rel}","templated":true}]}}