{"id":12375,"date":"2026-02-11T09:00:18","date_gmt":"2026-02-11T09:00:18","guid":{"rendered":"https:\/\/mapospheres.eu\/product\/poster-of-dushanbe-tadjikistan\/"},"modified":"2026-03-04T15:26:50","modified_gmt":"2026-03-04T15:26:50","slug":"poster-of-dushanbe-tadjikistan","status":"publish","type":"product","link":"https:\/\/mapospheres.eu\/fr\/product\/poster-de-douchanbe-tadjikistan\/","title":{"rendered":"Poster de Douchanb\u00e9 | Tadjikistan"},"content":{"rendered":"<p><strong>Poster City map de Doushanb\u00e9, Tadjikistan : elle montre Douchanb\u00e9 non seulement telle qu\u2019elle est, mais telle qu\u2019elle a \u00e9t\u00e9 \u2014 \u00e0 moiti\u00e9 jardin, \u00e0 moiti\u00e9 forteresse, \u00e0 moiti\u00e9 conte murmur\u00e9.<\/strong><\/p>\n<p>Blottie entre les bras protecteurs des montagnes, Douchanb\u00e9 \u2014 le c\u0153ur doux du Tadjikistan \u2014 se d\u00e9ploie comme une histoire oubli\u00e9e sur une carte de la route de la soie. La ville se situe dans une large vall\u00e9e, ses quartiers s\u2019inclinant doucement vers les collines, avec la rivi\u00e8re Varzob qui la traverse comme une aiguille d\u2019argent. Le terrain s\u2019\u00e9l\u00e8ve rapidement sur le bord nord, o\u00f9 les ombres verdoyantes de la cha\u00eene du Hissar commencent \u00e0 s\u2019\u00e9veiller \u2014 on peut presque entendre les anciennes l\u00e9gendes montagnardes r\u00e9sonner dans les cr\u00eates. La carte r\u00e9v\u00e8le ces hautes terres non seulement comme des \u00e9l\u00e9vations, mais comme les t\u00e9moins silencieux de si\u00e8cles. Dans la ville m\u00eame, des boulevards bord\u00e9s d\u2019arbres s\u2019\u00e9tirent comme des vers bien r\u00e9p\u00e9t\u00e9s, tandis que des \u00eelots de verdure \u2014 le jardin botanique, le parc Rudaki \u2014 apparaissent comme des virgules de calme. Ces lieux ne sont pas seulement des parcs ; ce sont des endroits o\u00f9 des po\u00e8tes ont peut-\u00eatre jadis err\u00e9, et o\u00f9 des enfants m\u00e8nent d\u00e9sormais des batailles quotidiennes contre les pigeons et les glaces. Le palais pr\u00e9sidentiel se dresse carr\u00e9 et solide, clin d\u2019\u0153il \u00e0 une histoire plus r\u00e9cente, tandis que le m\u00e2t du drapeau \u2014 autrefois le plus haut du monde \u2014 transperce la carte comme une aiguille \u00e0 travers le temps, \u00e9trangement fier et un peu comp\u00e9titif. On rep\u00e8re aussi la grande statue de Somoni, marquant le c\u0153ur de la ville et les r\u00eaves d\u2019empire qui l\u2019accompagnent.<\/p>\n","protected":false},"excerpt":{"rendered":"<p>Procurez-vous ce Poster City Map de Douchanb\u00e9, Tadjikistan, en tant que carte murale. Vous pouvez choisir la taille, la couleur ou le design de votre carte\u00a0!<\/p>\n","protected":false},"featured_media":13408,"template":"","meta":{"_uag_custom_page_level_css":"","_monsterinsights_skip_tracking":false,"_monsterinsights_sitenote_active":false,"_monsterinsights_sitenote_note":"","_monsterinsights_sitenote_category":0,"site-sidebar-layout":"default","site-content-layout":"","ast-site-content-layout":"default","site-content-style":"default","site-sidebar-style":"default","ast-global-header-display":"","ast-banner-title-visibility":"","ast-main-header-display":"","ast-hfb-above-header-display":"","ast-hfb-below-header-display":"","ast-hfb-mobile-header-display":"","site-post-title":"","ast-breadcrumbs-content":"","ast-featured-img":"","footer-sml-layout":"","ast-disable-related-posts":"","theme-transparent-header-meta":"default","adv-header-id-meta":"","stick-header-meta":"","header-above-stick-meta":"","header-main-stick-meta":"","header-below-stick-meta":"","astra-migrate-meta-layouts":"set","ast-page-background-enabled":"default","ast-page-background-meta":{"desktop":{"background-color":"","background-image":"","background-repeat":"repeat","background-position":"center center","background-size":"auto","background-attachment":"scroll","background-type":"","background-media":"","overlay-type":"","overlay-color":"","overlay-opacity":"","overlay-gradient":""},"tablet":{"background-color":"","background-image":"","background-repeat":"repeat","background-position":"center center","background-size":"auto","background-attachment":"scroll","background-type":"","background-media":"","overlay-type":"","overlay-color":"","overlay-opacity":"","overlay-gradient":""},"mobile":{"background-color":"","background-image":"","background-repeat":"repeat","background-position":"center center","background-size":"auto","background-attachment":"scroll","background-type":"","background-media":"","overlay-type":"","overlay-color":"","overlay-opacity":"","overlay-gradient":""}},"ast-content-background-meta":{"desktop":{"background-color":"var(--ast-global-color-5)","background-image":"","background-repeat":"repeat","background-position":"center center","background-size":"auto","background-attachment":"scroll","background-type":"","background-media":"","overlay-type":"","overlay-color":"","overlay-opacity":"","overlay-gradient":""},"tablet":{"background-color":"var(--ast-global-color-5)","background-image":"","background-repeat":"repeat","background-position":"center center","background-size":"auto","background-attachment":"scroll","background-type":"","background-media":"","overlay-type":"","overlay-color":"","overlay-opacity":"","overlay-gradient":""},"mobile":{"background-color":"var(--ast-global-color-5)","background-image":"","background-repeat":"repeat","background-position":"center center","background-size":"auto","background-attachment":"scroll","background-type":"","background-media":"","overlay-type":"","overlay-color":"","overlay-opacity":"","overlay-gradient":""}}},"product_brand":[],"product_cat":[18],"product_tag":[34,35,36,226,40,515,516],"class_list":{"0":"post-12375","1":"product","2":"type-product","3":"status-publish","4":"has-post-thumbnail","6":"product_cat-city-maps","7":"product_tag-30x40","8":"product_tag-40x50","9":"product_tag-50x70","10":"product_tag-asia","11":"product_tag-city-map","12":"product_tag-dushanbe","13":"product_tag-tadjikistan","14":"desktop-align-left","15":"tablet-align-left","16":"mobile-align-left","18":"first","19":"instock","20":"shipping-taxable","21":"purchasable","22":"product-type-variable"},"aioseo_notices":[],"uagb_featured_image_src":{"full":["https:\/\/mapospheres.eu\/wp-content\/uploads\/2026\/02\/BW_ROUND_ASHGABAT.jpg",1250,1500,false],"thumbnail":["https:\/\/mapospheres.eu\/wp-content\/uploads\/2026\/02\/BW_ROUND_ASHGABAT-150x150.jpg",150,150,true],"medium":["https:\/\/mapospheres.eu\/wp-content\/uploads\/2026\/02\/BW_ROUND_ASHGABAT-250x300.jpg",250,300,true],"medium_large":["https:\/\/mapospheres.eu\/wp-content\/uploads\/2026\/02\/BW_ROUND_ASHGABAT-768x922.jpg",768,922,true],"large":["https:\/\/mapospheres.eu\/wp-content\/uploads\/2026\/02\/BW_ROUND_ASHGABAT-853x1024.jpg",853,1024,true],"1536x1536":["https:\/\/mapospheres.eu\/wp-content\/uploads\/2026\/02\/BW_ROUND_ASHGABAT.jpg",1250,1500,false],"2048x2048":["https:\/\/mapospheres.eu\/wp-content\/uploads\/2026\/02\/BW_ROUND_ASHGABAT.jpg",1250,1500,false],"woocommerce_thumbnail":["https:\/\/mapospheres.eu\/wp-content\/uploads\/2026\/02\/BW_ROUND_ASHGABAT-300x300.jpg",300,300,true],"woocommerce_single":["https:\/\/mapospheres.eu\/wp-content\/uploads\/2026\/02\/BW_ROUND_ASHGABAT-600x720.jpg",600,720,true],"woocommerce_gallery_thumbnail":["https:\/\/mapospheres.eu\/wp-content\/uploads\/2026\/02\/BW_ROUND_ASHGABAT-100x100.jpg",100,100,true]},"uagb_author_info":{"display_name":"sgainot04@gmail.com","author_link":"https:\/\/mapospheres.eu\/fr\/author\/"},"uagb_comment_info":0,"uagb_excerpt":"Procurez-vous ce Poster City Map de Douchanb\u00e9, Tadjikistan, en tant que carte murale. Vous pouvez choisir la taille, la couleur ou le design de votre carte\u00a0!","_links":{"self":[{"href":"https:\/\/mapospheres.eu\/fr\/wp-json\/wp\/v2\/product\/12375","targetHints":{"allow":["GET"]}}],"collection":[{"href":"https:\/\/mapospheres.eu\/fr\/wp-json\/wp\/v2\/product"}],"about":[{"href":"https:\/\/mapospheres.eu\/fr\/wp-json\/wp\/v2\/types\/product"}],"wp:featuredmedia":[{"embeddable":true,"href":"https:\/\/mapospheres.eu\/fr\/wp-json\/wp\/v2\/media\/13408"}],"wp:attachment":[{"href":"https:\/\/mapospheres.eu\/fr\/wp-json\/wp\/v2\/media?parent=12375"}],"wp:term":[{"taxonomy":"product_brand","embeddable":true,"href":"https:\/\/mapospheres.eu\/fr\/wp-json\/wp\/v2\/product_brand?post=12375"},{"taxonomy":"product_cat","embeddable":true,"href":"https:\/\/mapospheres.eu\/fr\/wp-json\/wp\/v2\/product_cat?post=12375"},{"taxonomy":"product_tag","embeddable":true,"href":"https:\/\/mapospheres.eu\/fr\/wp-json\/wp\/v2\/product_tag?post=12375"}],"curies":[{"name":"wp","href":"https:\/\/api.w.org\/{rel}","templated":true}]}}