{"id":12376,"date":"2026-02-11T09:00:21","date_gmt":"2026-02-11T09:00:21","guid":{"rendered":"https:\/\/mapospheres.eu\/product\/poster-of-hanoi-vietnam\/"},"modified":"2026-03-04T15:26:54","modified_gmt":"2026-03-04T15:26:54","slug":"poster-of-hanoi-vietnam","status":"publish","type":"product","link":"https:\/\/mapospheres.eu\/fr\/product\/poster-d-hanoi-vietnam\/","title":{"rendered":"Poster d'Hanoi | Vietnam"},"content":{"rendered":"<p><strong>Poster City map d&rsquo;Hanoi, Vietnam : imprim\u00e9e comme une pi\u00e8ce murale d\u00e9corative, cette carte offre plus que de la g\u00e9ographie \u2014 elle invite le spectateur \u00e0 se perdre dans les textures superpos\u00e9es de Hano\u00ef : la douce mont\u00e9e du terrain, le patchwork d\u2019espaces verts, la pr\u00e9sence discr\u00e8te de l\u2019eau.<\/strong><\/p>\n<p>Cette City Map de Hano\u00ef capture le drame silencieux d\u2019un lieu o\u00f9 rivi\u00e8res, lacs et l\u00e9gendes fa\u00e7onnent le paysage depuis plus de mille ans. Nich\u00e9e dans le delta du fleuve Rouge, Hano\u00ef s\u2019\u00e9tend avec l\u2019aisance d\u2019une histoire bien racont\u00e9e \u2014 ses rues sinueuses r\u00e9sonnant des tournants des anciens contes et des intrigues dynastiques. La carte r\u00e9v\u00e8le la douce ondulation du terrain, des terres basses aliment\u00e9es par le fleuve Rouge aux petites \u00e9l\u00e9vations qui sugg\u00e8rent d\u2019anciennes fortifications et des temples us\u00e9s par le temps. En son c\u0153ur se trouve la douce lueur du lac de l\u2019Ouest, un vaste miroir paisible qui a refl\u00e9t\u00e9 empereurs, po\u00e8tes, et un nombre assez cons\u00e9quent de tortues espi\u00e8gles. Autour de lui s\u2019\u00e9panouissent les poumons verts de la ville \u2014 jardins botaniques, boulevards bord\u00e9s d\u2019arbres, et les terrains majestueux des anciennes villas coloniales. Le lac Hoan Kiem, plus petit mais non moins l\u00e9gendaire, repose comme un murmure discret dans la vieille ville, avec sa c\u00e9l\u00e8bre histoire de l\u2019\u00e9p\u00e9e rendue flottant juste sous la surface. Du haut du drapeau de la tour \u00e0 la s\u00e9r\u00e9nit\u00e9 moussu du Temple de la Litt\u00e9rature, les monuments indiqu\u00e9s ici sont plus que de la pierre et de la m\u00e9moire \u2014 ils donnent \u00e0 la carte son rythme, un \u00e9quilibre entre le naturel et le construit, l\u2019ancien et l\u2019\u00e9ternellement curieux. Les routes se tordent et serpentent non pas par confusion, mais peut-\u00eatre par un refus ancien de se h\u00e2ter.<\/p>\n","protected":false},"excerpt":{"rendered":"<p>Procurez-vous ce Poster City Map d\u2019Hanoi, Vietnam, en tant que carte murale. Vous pouvez choisir la taille, la couleur ou le design de votre carte\u00a0!<\/p>\n","protected":false},"featured_media":13396,"template":"","meta":{"_uag_custom_page_level_css":"","_monsterinsights_skip_tracking":false,"_monsterinsights_sitenote_active":false,"_monsterinsights_sitenote_note":"","_monsterinsights_sitenote_category":0,"site-sidebar-layout":"default","site-content-layout":"","ast-site-content-layout":"default","site-content-style":"default","site-sidebar-style":"default","ast-global-header-display":"","ast-banner-title-visibility":"","ast-main-header-display":"","ast-hfb-above-header-display":"","ast-hfb-below-header-display":"","ast-hfb-mobile-header-display":"","site-post-title":"","ast-breadcrumbs-content":"","ast-featured-img":"","footer-sml-layout":"","ast-disable-related-posts":"","theme-transparent-header-meta":"default","adv-header-id-meta":"","stick-header-meta":"","header-above-stick-meta":"","header-main-stick-meta":"","header-below-stick-meta":"","astra-migrate-meta-layouts":"set","ast-page-background-enabled":"default","ast-page-background-meta":{"desktop":{"background-color":"","background-image":"","background-repeat":"repeat","background-position":"center center","background-size":"auto","background-attachment":"scroll","background-type":"","background-media":"","overlay-type":"","overlay-color":"","overlay-opacity":"","overlay-gradient":""},"tablet":{"background-color":"","background-image":"","background-repeat":"repeat","background-position":"center center","background-size":"auto","background-attachment":"scroll","background-type":"","background-media":"","overlay-type":"","overlay-color":"","overlay-opacity":"","overlay-gradient":""},"mobile":{"background-color":"","background-image":"","background-repeat":"repeat","background-position":"center center","background-size":"auto","background-attachment":"scroll","background-type":"","background-media":"","overlay-type":"","overlay-color":"","overlay-opacity":"","overlay-gradient":""}},"ast-content-background-meta":{"desktop":{"background-color":"var(--ast-global-color-5)","background-image":"","background-repeat":"repeat","background-position":"center center","background-size":"auto","background-attachment":"scroll","background-type":"","background-media":"","overlay-type":"","overlay-color":"","overlay-opacity":"","overlay-gradient":""},"tablet":{"background-color":"var(--ast-global-color-5)","background-image":"","background-repeat":"repeat","background-position":"center center","background-size":"auto","background-attachment":"scroll","background-type":"","background-media":"","overlay-type":"","overlay-color":"","overlay-opacity":"","overlay-gradient":""},"mobile":{"background-color":"var(--ast-global-color-5)","background-image":"","background-repeat":"repeat","background-position":"center center","background-size":"auto","background-attachment":"scroll","background-type":"","background-media":"","overlay-type":"","overlay-color":"","overlay-opacity":"","overlay-gradient":""}}},"product_brand":[],"product_cat":[18,464],"product_tag":[34,35,36,226,39,40,469,470],"class_list":{"0":"post-12376","1":"product","2":"type-product","3":"status-publish","4":"has-post-thumbnail","6":"product_cat-city-maps","7":"product_cat-featured_fr","8":"product_tag-30x40","9":"product_tag-40x50","10":"product_tag-50x70","11":"product_tag-asia","12":"product_tag-canvas","13":"product_tag-city-map","14":"product_tag-hanoi","15":"product_tag-vietnam","16":"desktop-align-left","17":"tablet-align-left","18":"mobile-align-left","20":"first","21":"instock","22":"shipping-taxable","23":"purchasable","24":"product-type-variable"},"aioseo_notices":[],"uagb_featured_image_src":{"full":["https:\/\/mapospheres.eu\/wp-content\/uploads\/2026\/02\/Z2_BW_ROUND_HANOI_HANOI.jpg",1000,1000,false],"thumbnail":["https:\/\/mapospheres.eu\/wp-content\/uploads\/2026\/02\/Z2_BW_ROUND_HANOI_HANOI-150x150.jpg",150,150,true],"medium":["https:\/\/mapospheres.eu\/wp-content\/uploads\/2026\/02\/Z2_BW_ROUND_HANOI_HANOI-300x300.jpg",300,300,true],"medium_large":["https:\/\/mapospheres.eu\/wp-content\/uploads\/2026\/02\/Z2_BW_ROUND_HANOI_HANOI-768x768.jpg",768,768,true],"large":["https:\/\/mapospheres.eu\/wp-content\/uploads\/2026\/02\/Z2_BW_ROUND_HANOI_HANOI.jpg",1000,1000,false],"1536x1536":["https:\/\/mapospheres.eu\/wp-content\/uploads\/2026\/02\/Z2_BW_ROUND_HANOI_HANOI.jpg",1000,1000,false],"2048x2048":["https:\/\/mapospheres.eu\/wp-content\/uploads\/2026\/02\/Z2_BW_ROUND_HANOI_HANOI.jpg",1000,1000,false],"woocommerce_thumbnail":["https:\/\/mapospheres.eu\/wp-content\/uploads\/2026\/02\/Z2_BW_ROUND_HANOI_HANOI-300x300.jpg",300,300,true],"woocommerce_single":["https:\/\/mapospheres.eu\/wp-content\/uploads\/2026\/02\/Z2_BW_ROUND_HANOI_HANOI-600x600.jpg",600,600,true],"woocommerce_gallery_thumbnail":["https:\/\/mapospheres.eu\/wp-content\/uploads\/2026\/02\/Z2_BW_ROUND_HANOI_HANOI-100x100.jpg",100,100,true]},"uagb_author_info":{"display_name":"sgainot04@gmail.com","author_link":"https:\/\/mapospheres.eu\/fr\/author\/"},"uagb_comment_info":0,"uagb_excerpt":"Procurez-vous ce Poster City Map d\u2019Hanoi, Vietnam, en tant que carte murale. Vous pouvez choisir la taille, la couleur ou le design de votre carte\u00a0!","_links":{"self":[{"href":"https:\/\/mapospheres.eu\/fr\/wp-json\/wp\/v2\/product\/12376","targetHints":{"allow":["GET"]}}],"collection":[{"href":"https:\/\/mapospheres.eu\/fr\/wp-json\/wp\/v2\/product"}],"about":[{"href":"https:\/\/mapospheres.eu\/fr\/wp-json\/wp\/v2\/types\/product"}],"wp:featuredmedia":[{"embeddable":true,"href":"https:\/\/mapospheres.eu\/fr\/wp-json\/wp\/v2\/media\/13396"}],"wp:attachment":[{"href":"https:\/\/mapospheres.eu\/fr\/wp-json\/wp\/v2\/media?parent=12376"}],"wp:term":[{"taxonomy":"product_brand","embeddable":true,"href":"https:\/\/mapospheres.eu\/fr\/wp-json\/wp\/v2\/product_brand?post=12376"},{"taxonomy":"product_cat","embeddable":true,"href":"https:\/\/mapospheres.eu\/fr\/wp-json\/wp\/v2\/product_cat?post=12376"},{"taxonomy":"product_tag","embeddable":true,"href":"https:\/\/mapospheres.eu\/fr\/wp-json\/wp\/v2\/product_tag?post=12376"}],"curies":[{"name":"wp","href":"https:\/\/api.w.org\/{rel}","templated":true}]}}