{"id":12377,"date":"2026-02-11T09:00:25","date_gmt":"2026-02-11T09:00:25","guid":{"rendered":"https:\/\/mapospheres.eu\/product\/poster-of-abuja-nigeria\/"},"modified":"2026-03-04T15:26:58","modified_gmt":"2026-03-04T15:26:58","slug":"poster-of-abuja-nigeria","status":"publish","type":"product","link":"https:\/\/mapospheres.eu\/fr\/product\/poster-of-abuja-nigeria\/","title":{"rendered":"Poster of Abuja | Nigeria"},"content":{"rendered":"<p><strong>Poster City map d\u2019Abuja, Nigeria : Cette carte invite non seulement \u00e0 la navigation, mais aussi \u00e0 la r\u00e9flexion. Avec ses lignes topographiques, elle montre les mont\u00e9es et les descentes du terrain ; avec son trac\u00e9, elle sugg\u00e8re l\u2019essor d\u2019une nation qui \u00e9crit encore sa propre \u00e9pop\u00e9e.<\/strong><\/p>\n<p>La carte d\u2019Abuja est une rencontre \u00e9l\u00e9gante entre terre et design, capturant une ville soigneusement sculpt\u00e9e au centre du Nigeria, o\u00f9 les collines s\u2019\u00e9l\u00e8vent comme des anciens vigilants et o\u00f9 les rues suivent des plans plus d\u00e9lib\u00e9r\u00e9s que la plupart. N\u00e9e non pas de si\u00e8cles de chaos, mais d\u2019une planche \u00e0 dessin, Abuja est l\u2019une des rares villes au monde \u00e0 avoir commenc\u00e9 comme une id\u00e9e \u2014 et \u00e0 \u00eatre devenue une capitale. Cette carte murale r\u00e9v\u00e8le la force tranquille du relief : la masse solide de l\u2019Aso Rock se dresse juste \u00e0 l\u2019est du c\u0153ur de la ville, non seulement comme une formation g\u00e9ologique, mais comme un t\u00e9moin silencieux du pouvoir et du changement. Autour d\u2019elle, le terrain ondule doucement, parsem\u00e9 d\u2019espaces verts qui sont plus que de simples d\u00e9corations \u2014 ils font partie du rythme de la ville. Du parc Millennium aux vastes \u00e9tendues de verdure de la Three Arms Zone, la nature et le gouvernement partagent plus qu\u2019une simple fronti\u00e8re. Les routes se dessinent avec intention ici, suivant les courbes des collines et la logique des planificateurs, mais il reste encore une place pour le myst\u00e8re. La Grande Mosqu\u00e9e nationale et le National Christian Centre se dressent comme des marque-pages de pierre et de foi, leurs fl\u00e8ches s\u2019\u00e9levant vers le ciel comme dans un d\u00e9bat silencieux. Entre eux coule la s\u00e8ve d\u2019une jeune ville \u00e0 l\u2019\u00e2me ancienne \u2014 ses chemins, ses lacs et ses quartiers trouvant tous leur place dans un paysage qui \u00e9quilibre ambition et calme.<\/p>\n","protected":false},"excerpt":{"rendered":"<p>Procurez-vous ce Poster City Map d\u2019Abuja, Nigeria, en tant que carte murale. Vous pouvez choisir la taille, la couleur ou le design de votre carte\u00a0!<\/p>\n","protected":false},"featured_media":13386,"template":"","meta":{"_uag_custom_page_level_css":"","_monsterinsights_skip_tracking":false,"_monsterinsights_sitenote_active":false,"_monsterinsights_sitenote_note":"","_monsterinsights_sitenote_category":0,"site-sidebar-layout":"default","site-content-layout":"","ast-site-content-layout":"default","site-content-style":"default","site-sidebar-style":"default","ast-global-header-display":"","ast-banner-title-visibility":"","ast-main-header-display":"","ast-hfb-above-header-display":"","ast-hfb-below-header-display":"","ast-hfb-mobile-header-display":"","site-post-title":"","ast-breadcrumbs-content":"","ast-featured-img":"","footer-sml-layout":"","ast-disable-related-posts":"","theme-transparent-header-meta":"default","adv-header-id-meta":"","stick-header-meta":"","header-above-stick-meta":"","header-main-stick-meta":"","header-below-stick-meta":"","astra-migrate-meta-layouts":"set","ast-page-background-enabled":"default","ast-page-background-meta":{"desktop":{"background-color":"","background-image":"","background-repeat":"repeat","background-position":"center center","background-size":"auto","background-attachment":"scroll","background-type":"","background-media":"","overlay-type":"","overlay-color":"","overlay-opacity":"","overlay-gradient":""},"tablet":{"background-color":"","background-image":"","background-repeat":"repeat","background-position":"center center","background-size":"auto","background-attachment":"scroll","background-type":"","background-media":"","overlay-type":"","overlay-color":"","overlay-opacity":"","overlay-gradient":""},"mobile":{"background-color":"","background-image":"","background-repeat":"repeat","background-position":"center center","background-size":"auto","background-attachment":"scroll","background-type":"","background-media":"","overlay-type":"","overlay-color":"","overlay-opacity":"","overlay-gradient":""}},"ast-content-background-meta":{"desktop":{"background-color":"var(--ast-global-color-5)","background-image":"","background-repeat":"repeat","background-position":"center center","background-size":"auto","background-attachment":"scroll","background-type":"","background-media":"","overlay-type":"","overlay-color":"","overlay-opacity":"","overlay-gradient":""},"tablet":{"background-color":"var(--ast-global-color-5)","background-image":"","background-repeat":"repeat","background-position":"center center","background-size":"auto","background-attachment":"scroll","background-type":"","background-media":"","overlay-type":"","overlay-color":"","overlay-opacity":"","overlay-gradient":""},"mobile":{"background-color":"var(--ast-global-color-5)","background-image":"","background-repeat":"repeat","background-position":"center center","background-size":"auto","background-attachment":"scroll","background-type":"","background-media":"","overlay-type":"","overlay-color":"","overlay-opacity":"","overlay-gradient":""}}},"product_brand":[],"product_cat":[18],"product_tag":[34,35,36,513,97,40,514],"class_list":{"0":"post-12377","1":"product","2":"type-product","3":"status-publish","4":"has-post-thumbnail","6":"product_cat-city-maps","7":"product_tag-30x40","8":"product_tag-40x50","9":"product_tag-50x70","10":"product_tag-abuja","11":"product_tag-africa","12":"product_tag-city-map","13":"product_tag-nigeria","14":"desktop-align-left","15":"tablet-align-left","16":"mobile-align-left","18":"first","19":"instock","20":"shipping-taxable","21":"purchasable","22":"product-type-variable"},"aioseo_notices":[],"uagb_featured_image_src":{"full":["https:\/\/mapospheres.eu\/wp-content\/uploads\/2026\/02\/RED_FULL_ABUJA_ABUJA.jpg",1000,1000,false],"thumbnail":["https:\/\/mapospheres.eu\/wp-content\/uploads\/2026\/02\/RED_FULL_ABUJA_ABUJA-150x150.jpg",150,150,true],"medium":["https:\/\/mapospheres.eu\/wp-content\/uploads\/2026\/02\/RED_FULL_ABUJA_ABUJA-300x300.jpg",300,300,true],"medium_large":["https:\/\/mapospheres.eu\/wp-content\/uploads\/2026\/02\/RED_FULL_ABUJA_ABUJA-768x768.jpg",768,768,true],"large":["https:\/\/mapospheres.eu\/wp-content\/uploads\/2026\/02\/RED_FULL_ABUJA_ABUJA.jpg",1000,1000,false],"1536x1536":["https:\/\/mapospheres.eu\/wp-content\/uploads\/2026\/02\/RED_FULL_ABUJA_ABUJA.jpg",1000,1000,false],"2048x2048":["https:\/\/mapospheres.eu\/wp-content\/uploads\/2026\/02\/RED_FULL_ABUJA_ABUJA.jpg",1000,1000,false],"woocommerce_thumbnail":["https:\/\/mapospheres.eu\/wp-content\/uploads\/2026\/02\/RED_FULL_ABUJA_ABUJA-300x300.jpg",300,300,true],"woocommerce_single":["https:\/\/mapospheres.eu\/wp-content\/uploads\/2026\/02\/RED_FULL_ABUJA_ABUJA-600x600.jpg",600,600,true],"woocommerce_gallery_thumbnail":["https:\/\/mapospheres.eu\/wp-content\/uploads\/2026\/02\/RED_FULL_ABUJA_ABUJA-100x100.jpg",100,100,true]},"uagb_author_info":{"display_name":"sgainot04@gmail.com","author_link":"https:\/\/mapospheres.eu\/fr\/author\/"},"uagb_comment_info":0,"uagb_excerpt":"Procurez-vous ce Poster City Map d\u2019Abuja, Nigeria, en tant que carte murale. Vous pouvez choisir la taille, la couleur ou le design de votre carte\u00a0!","_links":{"self":[{"href":"https:\/\/mapospheres.eu\/fr\/wp-json\/wp\/v2\/product\/12377","targetHints":{"allow":["GET"]}}],"collection":[{"href":"https:\/\/mapospheres.eu\/fr\/wp-json\/wp\/v2\/product"}],"about":[{"href":"https:\/\/mapospheres.eu\/fr\/wp-json\/wp\/v2\/types\/product"}],"wp:featuredmedia":[{"embeddable":true,"href":"https:\/\/mapospheres.eu\/fr\/wp-json\/wp\/v2\/media\/13386"}],"wp:attachment":[{"href":"https:\/\/mapospheres.eu\/fr\/wp-json\/wp\/v2\/media?parent=12377"}],"wp:term":[{"taxonomy":"product_brand","embeddable":true,"href":"https:\/\/mapospheres.eu\/fr\/wp-json\/wp\/v2\/product_brand?post=12377"},{"taxonomy":"product_cat","embeddable":true,"href":"https:\/\/mapospheres.eu\/fr\/wp-json\/wp\/v2\/product_cat?post=12377"},{"taxonomy":"product_tag","embeddable":true,"href":"https:\/\/mapospheres.eu\/fr\/wp-json\/wp\/v2\/product_tag?post=12377"}],"curies":[{"name":"wp","href":"https:\/\/api.w.org\/{rel}","templated":true}]}}