{"id":12378,"date":"2026-02-11T09:00:28","date_gmt":"2026-02-11T09:00:28","guid":{"rendered":"https:\/\/mapospheres.eu\/product\/poster-of-kinshasa-drc\/"},"modified":"2026-03-04T15:27:03","modified_gmt":"2026-03-04T15:27:03","slug":"poster-of-kinshasa-drc","status":"publish","type":"product","link":"https:\/\/mapospheres.eu\/fr\/product\/poster-de-kinshasa-rdc\/","title":{"rendered":"Poster de Kinshasa | RDC"},"content":{"rendered":"<p><strong>Poster City map de Kinshasa, RDC : Accrochez cette carte \u00e0 votre mur, et vous accrochez un morceau de g\u00e9ographie vivante : une ville dessin\u00e9e non seulement par les urbanistes et les rivi\u00e8res, mais par la m\u00e9moire des royaumes, le rythme du soukous et l\u2019\u0153il toujours curieux du voyageur.<\/strong><\/p>\n<p>Cette carte de Kinshasa, audacieuse et tentaculaire le long des rives du puissant fleuve Congo, est plus qu\u2019une vue d\u2019ensemble \u2014 c\u2019est un portrait de rythme, de terre et de l\u00e9gende. Ici, le fleuve ne se contente pas de passer ; il commande la sc\u00e8ne. Large, puissant et jamais vraiment press\u00e9, le Congo serpente le long du bord de la ville comme un conteur prenant son temps. Le relief raconte aussi sa propre histoire silencieuse. De douces mont\u00e9es et vall\u00e9es fa\u00e7onnent le terrain, notamment \u00e0 l\u2019est o\u00f9 de faibles collines ondulent comme les plis d\u2019un vieux parchemin. Entre les deux, la ville s\u2019\u00e9tire et se balance, un peu comme sa musique, avec de larges boulevards, des march\u00e9s anim\u00e9s et des quartiers qui ne suivent aucune r\u00e8gle, sauf la leur. Regardez de plus pr\u00e8s, et la carte r\u00e9v\u00e8le des poches de verdure \u2014 des lieux comme la for\u00eat Ma Vall\u00e9e et le Jardin zoologique \u2014 o\u00f9 Kinshasa prend une respiration au milieu du bourdonnement de la vie quotidienne. Au centre de tout, des monuments fiers et singuliers : le Mus\u00e9e National se dresse avec une dignit\u00e9 tranquille, tandis que, de l\u2019autre c\u00f4t\u00e9 de la carte, la silhouette imposante du Palais du Peuple veille attentivement, moiti\u00e9 Parlement, moiti\u00e9 po\u00e9sie. Non loin, l\u2019Acad\u00e9mie des Beaux-Arts entretient sa propre r\u00e9volution \u2014 avec des pinceaux, pas des balles. De l\u2019autre c\u00f4t\u00e9 du fleuve se trouve Brazzaville, assez proche pour s\u2019y faire signe, mais capitale totalement diff\u00e9rente \u2014 preuve, peut-\u00eatre, que le Congo ne divise pas tant qu\u2019il relie.<\/p>\n","protected":false},"excerpt":{"rendered":"<p>Procurez-vous de Poster City Map de Kinshasa, RDC, en tant que carte murale. Vous pouvez choisir la taille, la couleur ou le motif de votre carte !<\/p>\n","protected":false},"featured_media":13379,"template":"","meta":{"_uag_custom_page_level_css":"","_monsterinsights_skip_tracking":false,"_monsterinsights_sitenote_active":false,"_monsterinsights_sitenote_note":"","_monsterinsights_sitenote_category":0,"site-sidebar-layout":"default","site-content-layout":"","ast-site-content-layout":"default","site-content-style":"default","site-sidebar-style":"default","ast-global-header-display":"","ast-banner-title-visibility":"","ast-main-header-display":"","ast-hfb-above-header-display":"","ast-hfb-below-header-display":"","ast-hfb-mobile-header-display":"","site-post-title":"","ast-breadcrumbs-content":"","ast-featured-img":"","footer-sml-layout":"","ast-disable-related-posts":"","theme-transparent-header-meta":"default","adv-header-id-meta":"","stick-header-meta":"","header-above-stick-meta":"","header-main-stick-meta":"","header-below-stick-meta":"","astra-migrate-meta-layouts":"set","ast-page-background-enabled":"default","ast-page-background-meta":{"desktop":{"background-color":"","background-image":"","background-repeat":"repeat","background-position":"center center","background-size":"auto","background-attachment":"scroll","background-type":"","background-media":"","overlay-type":"","overlay-color":"","overlay-opacity":"","overlay-gradient":""},"tablet":{"background-color":"","background-image":"","background-repeat":"repeat","background-position":"center center","background-size":"auto","background-attachment":"scroll","background-type":"","background-media":"","overlay-type":"","overlay-color":"","overlay-opacity":"","overlay-gradient":""},"mobile":{"background-color":"","background-image":"","background-repeat":"repeat","background-position":"center center","background-size":"auto","background-attachment":"scroll","background-type":"","background-media":"","overlay-type":"","overlay-color":"","overlay-opacity":"","overlay-gradient":""}},"ast-content-background-meta":{"desktop":{"background-color":"var(--ast-global-color-5)","background-image":"","background-repeat":"repeat","background-position":"center center","background-size":"auto","background-attachment":"scroll","background-type":"","background-media":"","overlay-type":"","overlay-color":"","overlay-opacity":"","overlay-gradient":""},"tablet":{"background-color":"var(--ast-global-color-5)","background-image":"","background-repeat":"repeat","background-position":"center center","background-size":"auto","background-attachment":"scroll","background-type":"","background-media":"","overlay-type":"","overlay-color":"","overlay-opacity":"","overlay-gradient":""},"mobile":{"background-color":"var(--ast-global-color-5)","background-image":"","background-repeat":"repeat","background-position":"center center","background-size":"auto","background-attachment":"scroll","background-type":"","background-media":"","overlay-type":"","overlay-color":"","overlay-opacity":"","overlay-gradient":""}}},"product_brand":[],"product_cat":[18,464],"product_tag":[34,35,36,97,40,512,509,510,511],"class_list":{"0":"post-12378","1":"product","2":"type-product","3":"status-publish","4":"has-post-thumbnail","6":"product_cat-city-maps","7":"product_cat-featured_fr","8":"product_tag-30x40","9":"product_tag-40x50","10":"product_tag-50x70","11":"product_tag-africa","12":"product_tag-city-map","13":"product_tag-democratic-republic-of-congo","14":"product_tag-drc","15":"product_tag-kinshasa","16":"product_tag-rdc","17":"desktop-align-left","18":"tablet-align-left","19":"mobile-align-left","21":"first","22":"instock","23":"shipping-taxable","24":"purchasable","25":"product-type-variable"},"aioseo_notices":[],"uagb_featured_image_src":{"full":["https:\/\/mapospheres.eu\/wp-content\/uploads\/2026\/02\/ZZ_PIC3_BW_KINSHASA.jpg",1000,1000,false],"thumbnail":["https:\/\/mapospheres.eu\/wp-content\/uploads\/2026\/02\/ZZ_PIC3_BW_KINSHASA-150x150.jpg",150,150,true],"medium":["https:\/\/mapospheres.eu\/wp-content\/uploads\/2026\/02\/ZZ_PIC3_BW_KINSHASA-300x300.jpg",300,300,true],"medium_large":["https:\/\/mapospheres.eu\/wp-content\/uploads\/2026\/02\/ZZ_PIC3_BW_KINSHASA-768x768.jpg",768,768,true],"large":["https:\/\/mapospheres.eu\/wp-content\/uploads\/2026\/02\/ZZ_PIC3_BW_KINSHASA.jpg",1000,1000,false],"1536x1536":["https:\/\/mapospheres.eu\/wp-content\/uploads\/2026\/02\/ZZ_PIC3_BW_KINSHASA.jpg",1000,1000,false],"2048x2048":["https:\/\/mapospheres.eu\/wp-content\/uploads\/2026\/02\/ZZ_PIC3_BW_KINSHASA.jpg",1000,1000,false],"woocommerce_thumbnail":["https:\/\/mapospheres.eu\/wp-content\/uploads\/2026\/02\/ZZ_PIC3_BW_KINSHASA-300x300.jpg",300,300,true],"woocommerce_single":["https:\/\/mapospheres.eu\/wp-content\/uploads\/2026\/02\/ZZ_PIC3_BW_KINSHASA-600x600.jpg",600,600,true],"woocommerce_gallery_thumbnail":["https:\/\/mapospheres.eu\/wp-content\/uploads\/2026\/02\/ZZ_PIC3_BW_KINSHASA-100x100.jpg",100,100,true]},"uagb_author_info":{"display_name":"sgainot04@gmail.com","author_link":"https:\/\/mapospheres.eu\/fr\/author\/"},"uagb_comment_info":0,"uagb_excerpt":"Procurez-vous de Poster City Map de Kinshasa, RDC, en tant que carte murale. Vous pouvez choisir la taille, la couleur ou le motif de votre carte !","_links":{"self":[{"href":"https:\/\/mapospheres.eu\/fr\/wp-json\/wp\/v2\/product\/12378","targetHints":{"allow":["GET"]}}],"collection":[{"href":"https:\/\/mapospheres.eu\/fr\/wp-json\/wp\/v2\/product"}],"about":[{"href":"https:\/\/mapospheres.eu\/fr\/wp-json\/wp\/v2\/types\/product"}],"wp:featuredmedia":[{"embeddable":true,"href":"https:\/\/mapospheres.eu\/fr\/wp-json\/wp\/v2\/media\/13379"}],"wp:attachment":[{"href":"https:\/\/mapospheres.eu\/fr\/wp-json\/wp\/v2\/media?parent=12378"}],"wp:term":[{"taxonomy":"product_brand","embeddable":true,"href":"https:\/\/mapospheres.eu\/fr\/wp-json\/wp\/v2\/product_brand?post=12378"},{"taxonomy":"product_cat","embeddable":true,"href":"https:\/\/mapospheres.eu\/fr\/wp-json\/wp\/v2\/product_cat?post=12378"},{"taxonomy":"product_tag","embeddable":true,"href":"https:\/\/mapospheres.eu\/fr\/wp-json\/wp\/v2\/product_tag?post=12378"}],"curies":[{"name":"wp","href":"https:\/\/api.w.org\/{rel}","templated":true}]}}