{"id":12379,"date":"2026-02-11T09:00:32","date_gmt":"2026-02-11T09:00:32","guid":{"rendered":"https:\/\/mapospheres.eu\/product\/poster-of-addis-ababa-ethiopia\/"},"modified":"2026-03-04T15:27:07","modified_gmt":"2026-03-04T15:27:07","slug":"poster-of-addis-ababa-ethiopia","status":"publish","type":"product","link":"https:\/\/mapospheres.eu\/fr\/product\/poster-dof-addis-abeba-ethiopie\/","title":{"rendered":"Poster d'Addis Abeba | Ethiopie"},"content":{"rendered":"<p><strong>Poster City map d\u2019Addis-Abeba, \u00c9thiopie : Cette carte capture la ville telle qu\u2019elle se pr\u00e9sente r\u00e9ellement \u2014 berc\u00e9e par les montagnes, envelopp\u00e9e d\u2019eucalyptus, et vibrante de la force tranquille de si\u00e8cles pass\u00e9s et de futurs imagin\u00e9s.<\/strong><\/p>\n<p>Addis-Abeba, la capitale africaine au toit \u00e9lev\u00e9, s\u2019\u00e9l\u00e8ve l\u00e0 o\u00f9 l\u2019air se rar\u00e9fie et o\u00f9 les histoires deviennent plus \u00e9paisses. Situ\u00e9e \u00e0 plus de 2 300 m\u00e8tres d\u2019altitude, Addis s\u2019accroche aux collines comme un penseur plong\u00e9 dans ses r\u00e9flexions. Le relief monte et descend avec intention, de l\u2019espace vert ouvert de la place Meskel aux hauteurs bois\u00e9es d\u2019Entoto, o\u00f9 les empereurs observaient autrefois leur royaume et d\u00e9cidaient o\u00f9 poser la premi\u00e8re pierre. On peut presque entendre le tintement de la tasse de th\u00e9 de Menelik II alors qu\u2019il contemplait ce qui deviendrait une capitale \u2014 non seulement de l\u2019\u00c9thiopie, mais des espoirs d\u2019un continent entier. Les espaces verts sont ici bien plus que de simples ornements \u2014 ce sont des poumons. La ville respire \u00e0 travers ses for\u00eats et ses jardins, avec Jan Meda et Unity Park offrant des moments de calme entre la danse quotidienne des taxis, des vendeurs de caf\u00e9 et des pi\u00e9tons pleins d\u2019\u00e9nergie. Et si l\u2019on suit le terrain vers le nord, le relief s\u2019\u00e9l\u00e8ve comme un ancien hymne vers les montagnes d\u2019Entoto, murmurant des brises fra\u00eeches et des r\u00e9cits de saints et de soldats. Accroch\u00e9e au mur, cette carte devient plus qu\u2019une d\u00e9coration \u2014 elle devient le portrait d\u2019une ville qui n\u2019a jamais \u00e9t\u00e9 conquise par le temps, mais seulement fa\u00e7onn\u00e9e par lui. Un lieu o\u00f9 le sol lui-m\u00eame raconte des histoires, et o\u00f9 chaque colline a quelque chose \u00e0 dire.<\/p>\n","protected":false},"excerpt":{"rendered":"<p>Procurez-vous de Poster City Map d&rsquo;Addis Abeba, Ethiopie, en tant que carte murale. Vous pouvez choisir la taille, la couleur ou le motif de votre carte !<\/p>\n","protected":false},"featured_media":13292,"template":"","meta":{"_uag_custom_page_level_css":"","_monsterinsights_skip_tracking":false,"_monsterinsights_sitenote_active":false,"_monsterinsights_sitenote_note":"","_monsterinsights_sitenote_category":0,"site-sidebar-layout":"default","site-content-layout":"","ast-site-content-layout":"default","site-content-style":"default","site-sidebar-style":"default","ast-global-header-display":"","ast-banner-title-visibility":"","ast-main-header-display":"","ast-hfb-above-header-display":"","ast-hfb-below-header-display":"","ast-hfb-mobile-header-display":"","site-post-title":"","ast-breadcrumbs-content":"","ast-featured-img":"","footer-sml-layout":"","ast-disable-related-posts":"","theme-transparent-header-meta":"default","adv-header-id-meta":"","stick-header-meta":"","header-above-stick-meta":"","header-main-stick-meta":"","header-below-stick-meta":"","astra-migrate-meta-layouts":"set","ast-page-background-enabled":"default","ast-page-background-meta":{"desktop":{"background-color":"","background-image":"","background-repeat":"repeat","background-position":"center center","background-size":"auto","background-attachment":"scroll","background-type":"","background-media":"","overlay-type":"","overlay-color":"","overlay-opacity":"","overlay-gradient":""},"tablet":{"background-color":"","background-image":"","background-repeat":"repeat","background-position":"center center","background-size":"auto","background-attachment":"scroll","background-type":"","background-media":"","overlay-type":"","overlay-color":"","overlay-opacity":"","overlay-gradient":""},"mobile":{"background-color":"","background-image":"","background-repeat":"repeat","background-position":"center center","background-size":"auto","background-attachment":"scroll","background-type":"","background-media":"","overlay-type":"","overlay-color":"","overlay-opacity":"","overlay-gradient":""}},"ast-content-background-meta":{"desktop":{"background-color":"var(--ast-global-color-5)","background-image":"","background-repeat":"repeat","background-position":"center center","background-size":"auto","background-attachment":"scroll","background-type":"","background-media":"","overlay-type":"","overlay-color":"","overlay-opacity":"","overlay-gradient":""},"tablet":{"background-color":"var(--ast-global-color-5)","background-image":"","background-repeat":"repeat","background-position":"center center","background-size":"auto","background-attachment":"scroll","background-type":"","background-media":"","overlay-type":"","overlay-color":"","overlay-opacity":"","overlay-gradient":""},"mobile":{"background-color":"var(--ast-global-color-5)","background-image":"","background-repeat":"repeat","background-position":"center center","background-size":"auto","background-attachment":"scroll","background-type":"","background-media":"","overlay-type":"","overlay-color":"","overlay-opacity":"","overlay-gradient":""}}},"product_brand":[],"product_cat":[18,338,464,465],"product_tag":[34,35,36,507,97,39,40,508],"class_list":{"0":"post-12379","1":"product","2":"type-product","3":"status-publish","4":"has-post-thumbnail","6":"product_cat-city-maps","7":"product_cat-featured_eng","8":"product_cat-featured_fr","9":"product_cat-featured_esp","10":"product_tag-30x40","11":"product_tag-40x50","12":"product_tag-50x70","13":"product_tag-addis-ababa","14":"product_tag-africa","15":"product_tag-canvas","16":"product_tag-city-map","17":"product_tag-ethiopia","18":"desktop-align-left","19":"tablet-align-left","20":"mobile-align-left","22":"first","23":"instock","24":"shipping-taxable","25":"purchasable","26":"product-type-variable"},"aioseo_notices":[],"uagb_featured_image_src":{"full":["https:\/\/mapospheres.eu\/wp-content\/uploads\/2026\/02\/ZZ_PIC3_BW_ADDISABABA.jpg",1000,1000,false],"thumbnail":["https:\/\/mapospheres.eu\/wp-content\/uploads\/2026\/02\/ZZ_PIC3_BW_ADDISABABA-150x150.jpg",150,150,true],"medium":["https:\/\/mapospheres.eu\/wp-content\/uploads\/2026\/02\/ZZ_PIC3_BW_ADDISABABA-300x300.jpg",300,300,true],"medium_large":["https:\/\/mapospheres.eu\/wp-content\/uploads\/2026\/02\/ZZ_PIC3_BW_ADDISABABA-768x768.jpg",768,768,true],"large":["https:\/\/mapospheres.eu\/wp-content\/uploads\/2026\/02\/ZZ_PIC3_BW_ADDISABABA.jpg",1000,1000,false],"1536x1536":["https:\/\/mapospheres.eu\/wp-content\/uploads\/2026\/02\/ZZ_PIC3_BW_ADDISABABA.jpg",1000,1000,false],"2048x2048":["https:\/\/mapospheres.eu\/wp-content\/uploads\/2026\/02\/ZZ_PIC3_BW_ADDISABABA.jpg",1000,1000,false],"woocommerce_thumbnail":["https:\/\/mapospheres.eu\/wp-content\/uploads\/2026\/02\/ZZ_PIC3_BW_ADDISABABA-300x300.jpg",300,300,true],"woocommerce_single":["https:\/\/mapospheres.eu\/wp-content\/uploads\/2026\/02\/ZZ_PIC3_BW_ADDISABABA-600x600.jpg",600,600,true],"woocommerce_gallery_thumbnail":["https:\/\/mapospheres.eu\/wp-content\/uploads\/2026\/02\/ZZ_PIC3_BW_ADDISABABA-100x100.jpg",100,100,true]},"uagb_author_info":{"display_name":"sgainot04@gmail.com","author_link":"https:\/\/mapospheres.eu\/fr\/author\/"},"uagb_comment_info":0,"uagb_excerpt":"Procurez-vous de Poster City Map d'Addis Abeba, Ethiopie, en tant que carte murale. Vous pouvez choisir la taille, la couleur ou le motif de votre carte !","_links":{"self":[{"href":"https:\/\/mapospheres.eu\/fr\/wp-json\/wp\/v2\/product\/12379","targetHints":{"allow":["GET"]}}],"collection":[{"href":"https:\/\/mapospheres.eu\/fr\/wp-json\/wp\/v2\/product"}],"about":[{"href":"https:\/\/mapospheres.eu\/fr\/wp-json\/wp\/v2\/types\/product"}],"wp:featuredmedia":[{"embeddable":true,"href":"https:\/\/mapospheres.eu\/fr\/wp-json\/wp\/v2\/media\/13292"}],"wp:attachment":[{"href":"https:\/\/mapospheres.eu\/fr\/wp-json\/wp\/v2\/media?parent=12379"}],"wp:term":[{"taxonomy":"product_brand","embeddable":true,"href":"https:\/\/mapospheres.eu\/fr\/wp-json\/wp\/v2\/product_brand?post=12379"},{"taxonomy":"product_cat","embeddable":true,"href":"https:\/\/mapospheres.eu\/fr\/wp-json\/wp\/v2\/product_cat?post=12379"},{"taxonomy":"product_tag","embeddable":true,"href":"https:\/\/mapospheres.eu\/fr\/wp-json\/wp\/v2\/product_tag?post=12379"}],"curies":[{"name":"wp","href":"https:\/\/api.w.org\/{rel}","templated":true}]}}