{"id":12381,"date":"2026-02-11T09:00:50","date_gmt":"2026-02-11T09:00:50","guid":{"rendered":"https:\/\/mapospheres.eu\/product\/poster-of-rome-italy\/"},"modified":"2026-03-04T15:27:20","modified_gmt":"2026-03-04T15:27:20","slug":"poster-of-rome-italy","status":"publish","type":"product","link":"https:\/\/mapospheres.eu\/fr\/product\/poster-de-rome-italie\/","title":{"rendered":"Poster de Rome | Italie"},"content":{"rendered":"<p><strong>Poster City map de Rome, Italie : Rome ne s\u2019est pas construite en un jour, mais cette carte pourrait vous donner l\u2019impression qu\u2019elle a \u00e9t\u00e9 dessin\u00e9e rien que pour vous.<\/strong><\/p>\n<p>Voici Rome, la Ville \u00c9ternelle \u2014 grav\u00e9e non seulement dans les annales de l\u2019histoire, mais aussi sur votre mur, avec une finesse cartographique remarquable. Cette carte n\u2019est pas seulement faite de rues et de pierres ; c\u2019est un hommage aux sept collines qui bercent le c\u0153ur de l\u2019ambition antique, et au doux cours du Tibre, qui serpente encore paresseusement \u00e0 travers les si\u00e8cles d\u2019empereurs, de po\u00e8tes et de p\u00e2tes. De la Villa Borgh\u00e8se bord\u00e9e de pins aux ruines imposantes du Forum Romain, les parcelles de verdure et les fant\u00f4mes de marbre partagent l\u2019espace dans une r\u00e9bellion paisible contre le temps. Le Vatican se tient fi\u00e8rement, nich\u00e9 comme un royaume au c\u0153ur de la ville, tandis que le Colis\u00e9e baille dans une attente \u00e9ternelle de son prochain gladiateur (ou d\u2019un touriste avec un gelato). M\u00eame les ruelles tortueuses de Trastevere font leur apparition, suffisamment indisciplin\u00e9es pour vous rappeler que Rome s\u2019est construite plus par amour que par logique. Cette carte r\u00e9v\u00e8le le relief tel qu\u2019il est r\u00e9ellement \u2014 montant et descendant avec le drame des r\u00e9cits romains, comme si la terre elle-m\u00eame se souvenait de l\u2019assurance de C\u00e9sar et du violon de N\u00e9ron. Con\u00e7ue pour le mur, elle est \u00e0 la fois une fen\u00eatre sur l\u2019histoire et un d\u00e9clencheur de conversation \u2014 surtout avec quiconque s\u2019est d\u00e9j\u00e0 perdu en cherchant le Panth\u00e9on et a fini par trouver un tiramisu \u00e0 la place.<\/p>\n","protected":false},"excerpt":{"rendered":"<p>Procurez-vous de Poster City Map de Rome, Italie, en tant que carte murale. Vous pouvez choisir la taille, la couleur ou le motif de votre carte !<\/p>\n","protected":false},"featured_media":13194,"template":"","meta":{"_uag_custom_page_level_css":"","_monsterinsights_skip_tracking":false,"_monsterinsights_sitenote_active":false,"_monsterinsights_sitenote_note":"","_monsterinsights_sitenote_category":0,"site-sidebar-layout":"default","site-content-layout":"","ast-site-content-layout":"default","site-content-style":"default","site-sidebar-style":"default","ast-global-header-display":"","ast-banner-title-visibility":"","ast-main-header-display":"","ast-hfb-above-header-display":"","ast-hfb-below-header-display":"","ast-hfb-mobile-header-display":"","site-post-title":"","ast-breadcrumbs-content":"","ast-featured-img":"","footer-sml-layout":"","ast-disable-related-posts":"","theme-transparent-header-meta":"default","adv-header-id-meta":"","stick-header-meta":"","header-above-stick-meta":"","header-main-stick-meta":"","header-below-stick-meta":"","astra-migrate-meta-layouts":"set","ast-page-background-enabled":"default","ast-page-background-meta":{"desktop":{"background-color":"","background-image":"","background-repeat":"repeat","background-position":"center center","background-size":"auto","background-attachment":"scroll","background-type":"","background-media":"","overlay-type":"","overlay-color":"","overlay-opacity":"","overlay-gradient":""},"tablet":{"background-color":"","background-image":"","background-repeat":"repeat","background-position":"center center","background-size":"auto","background-attachment":"scroll","background-type":"","background-media":"","overlay-type":"","overlay-color":"","overlay-opacity":"","overlay-gradient":""},"mobile":{"background-color":"","background-image":"","background-repeat":"repeat","background-position":"center center","background-size":"auto","background-attachment":"scroll","background-type":"","background-media":"","overlay-type":"","overlay-color":"","overlay-opacity":"","overlay-gradient":""}},"ast-content-background-meta":{"desktop":{"background-color":"var(--ast-global-color-5)","background-image":"","background-repeat":"repeat","background-position":"center center","background-size":"auto","background-attachment":"scroll","background-type":"","background-media":"","overlay-type":"","overlay-color":"","overlay-opacity":"","overlay-gradient":""},"tablet":{"background-color":"var(--ast-global-color-5)","background-image":"","background-repeat":"repeat","background-position":"center center","background-size":"auto","background-attachment":"scroll","background-type":"","background-media":"","overlay-type":"","overlay-color":"","overlay-opacity":"","overlay-gradient":""},"mobile":{"background-color":"var(--ast-global-color-5)","background-image":"","background-repeat":"repeat","background-position":"center center","background-size":"auto","background-attachment":"scroll","background-type":"","background-media":"","overlay-type":"","overlay-color":"","overlay-opacity":"","overlay-gradient":""}}},"product_brand":[],"product_cat":[18,464],"product_tag":[34,35,36,37,40,93,181,504],"class_list":{"0":"post-12381","1":"product","2":"type-product","3":"status-publish","4":"has-post-thumbnail","6":"product_cat-city-maps","7":"product_cat-featured_fr","8":"product_tag-30x40","9":"product_tag-40x50","10":"product_tag-50x70","11":"product_tag-70x100","12":"product_tag-city-map","13":"product_tag-europe","14":"product_tag-italy","15":"product_tag-rome","16":"desktop-align-left","17":"tablet-align-left","18":"mobile-align-left","20":"first","21":"instock","22":"shipping-taxable","23":"purchasable","24":"product-type-variable"},"aioseo_notices":[],"uagb_featured_image_src":{"full":["https:\/\/mapospheres.eu\/wp-content\/uploads\/2026\/02\/CANVAS_11_NIGHT_3RD_1_ROME.jpg",1000,1000,false],"thumbnail":["https:\/\/mapospheres.eu\/wp-content\/uploads\/2026\/02\/CANVAS_11_NIGHT_3RD_1_ROME-150x150.jpg",150,150,true],"medium":["https:\/\/mapospheres.eu\/wp-content\/uploads\/2026\/02\/CANVAS_11_NIGHT_3RD_1_ROME-300x300.jpg",300,300,true],"medium_large":["https:\/\/mapospheres.eu\/wp-content\/uploads\/2026\/02\/CANVAS_11_NIGHT_3RD_1_ROME-768x768.jpg",768,768,true],"large":["https:\/\/mapospheres.eu\/wp-content\/uploads\/2026\/02\/CANVAS_11_NIGHT_3RD_1_ROME.jpg",1000,1000,false],"1536x1536":["https:\/\/mapospheres.eu\/wp-content\/uploads\/2026\/02\/CANVAS_11_NIGHT_3RD_1_ROME.jpg",1000,1000,false],"2048x2048":["https:\/\/mapospheres.eu\/wp-content\/uploads\/2026\/02\/CANVAS_11_NIGHT_3RD_1_ROME.jpg",1000,1000,false],"woocommerce_thumbnail":["https:\/\/mapospheres.eu\/wp-content\/uploads\/2026\/02\/CANVAS_11_NIGHT_3RD_1_ROME-300x300.jpg",300,300,true],"woocommerce_single":["https:\/\/mapospheres.eu\/wp-content\/uploads\/2026\/02\/CANVAS_11_NIGHT_3RD_1_ROME-600x600.jpg",600,600,true],"woocommerce_gallery_thumbnail":["https:\/\/mapospheres.eu\/wp-content\/uploads\/2026\/02\/CANVAS_11_NIGHT_3RD_1_ROME-100x100.jpg",100,100,true]},"uagb_author_info":{"display_name":"sgainot04@gmail.com","author_link":"https:\/\/mapospheres.eu\/fr\/author\/"},"uagb_comment_info":0,"uagb_excerpt":"Procurez-vous de Poster City Map de Rome, Italie, en tant que carte murale. Vous pouvez choisir la taille, la couleur ou le motif de votre carte !","_links":{"self":[{"href":"https:\/\/mapospheres.eu\/fr\/wp-json\/wp\/v2\/product\/12381","targetHints":{"allow":["GET"]}}],"collection":[{"href":"https:\/\/mapospheres.eu\/fr\/wp-json\/wp\/v2\/product"}],"about":[{"href":"https:\/\/mapospheres.eu\/fr\/wp-json\/wp\/v2\/types\/product"}],"wp:featuredmedia":[{"embeddable":true,"href":"https:\/\/mapospheres.eu\/fr\/wp-json\/wp\/v2\/media\/13194"}],"wp:attachment":[{"href":"https:\/\/mapospheres.eu\/fr\/wp-json\/wp\/v2\/media?parent=12381"}],"wp:term":[{"taxonomy":"product_brand","embeddable":true,"href":"https:\/\/mapospheres.eu\/fr\/wp-json\/wp\/v2\/product_brand?post=12381"},{"taxonomy":"product_cat","embeddable":true,"href":"https:\/\/mapospheres.eu\/fr\/wp-json\/wp\/v2\/product_cat?post=12381"},{"taxonomy":"product_tag","embeddable":true,"href":"https:\/\/mapospheres.eu\/fr\/wp-json\/wp\/v2\/product_tag?post=12381"}],"curies":[{"name":"wp","href":"https:\/\/api.w.org\/{rel}","templated":true}]}}