{"id":12385,"date":"2026-02-11T09:01:10","date_gmt":"2026-02-11T09:01:10","guid":{"rendered":"https:\/\/mapospheres.eu\/product\/poster-of-wellington-new-zealand\/"},"modified":"2026-02-12T14:45:47","modified_gmt":"2026-02-12T14:45:47","slug":"poster-of-wellington-new-zealand","status":"publish","type":"product","link":"https:\/\/mapospheres.eu\/fr\/product\/poster-de-wellington-nouvelle-zelande\/","title":{"rendered":"Poster de Wellington | Nouvelle Z\u00e9lande"},"content":{"rendered":"<p><strong>Poster City map de Wellington, Nouvelle-Z\u00e9lande : Parfaite pour \u00eatre accroch\u00e9e au mur de tout voyageur, penseur ou amateur de vent.<\/strong><\/p>\n<p>Perch\u00e9e au bord du monde, l\u00e0 o\u00f9 les collines se penchent vers la mer et o\u00f9 le vent a sa propre personnalit\u00e9, Wellington se d\u00e9ploie comme un amphith\u00e9\u00e2tre naturel sculpt\u00e9 par le temps et les mouvements tectoniques. Cette City Map capture la topographie audacieuse qui d\u00e9finit la capitale de la Nouvelle-Z\u00e9lande \u2014 un berceau de pentes abruptes, de vall\u00e9es cach\u00e9es et d\u2019un port d\u2019un bleu si intense qu\u2019on dirait qu\u2019il a \u00e9t\u00e9 peint dans un \u00e9lan d\u2019optimisme. Le relief n\u2019est pas un simple d\u00e9cor ici. Il fa\u00e7onne tout \u2014 du charme tortueux des maisons perch\u00e9es sur les collines, accroch\u00e9es comme des ch\u00e8vres d\u00e9termin\u00e9es, aux routes sinueuses qui semblent h\u00e9siter quant \u00e0 leur destination. Le mont Victoria s\u2019\u00e9l\u00e8ve \u00e0 l\u2019est, offrant un belv\u00e9d\u00e8re \u00e0 ceux qui aiment les couchers de soleil dramatiques et les panoramas m\u00e9rit\u00e9s \u00e0 force de marche. Pendant ce temps, les collines de Tinakori et la ceinture verte du Town Belt enveloppent la ville dans un patchwork de bush, comme si la nature n\u2019avait jamais vraiment quitt\u00e9 la sc\u00e8ne. Cette carte fait ressortir les rythmes de la ville \u2014 le c\u0153ur en quadrillage de Te Aro, la c\u00f4te serpentant de Oriental Bay, et les doigts feuillus du jardin botanique s\u2019\u00e9tendant depuis les hauteurs de Kelburn. Rep\u00e9rez la forme de Zealandia, le sanctuaire urbain o\u00f9 les oiseaux ont des opinions plus fortes que la plupart des politiciens, et les b\u00e2timents du Parlement un peu en contrebas, dont le fameux Beehive \u2014 preuve que l\u2019architecture aussi a un sens de l\u2019humour. L\u2019histoire de Wellington est cousue dans la terre elle-m\u00eame. Les l\u00e9gendes m\u0101ories parlent des taniwha qui ont sculpt\u00e9 le port, et des r\u00e9cits plus r\u00e9cents r\u00e9sonnent des jours des baleiniers, des chercheurs d\u2019or et des cin\u00e9astes avec des elfes et des orcs dans leurs castings.<\/p>\n","protected":false},"excerpt":{"rendered":"<p>Procurez-vous de Poster City Map de Wellington, Nouvelle Z\u00e9lande, en tant que carte murale. Vous pouvez choisir la taille, la couleur ou le motif de votre carte !<\/p>\n","protected":false},"featured_media":12990,"template":"","meta":{"_uag_custom_page_level_css":"","_monsterinsights_skip_tracking":false,"_monsterinsights_sitenote_active":false,"_monsterinsights_sitenote_note":"","_monsterinsights_sitenote_category":0,"site-sidebar-layout":"default","site-content-layout":"","ast-site-content-layout":"default","site-content-style":"default","site-sidebar-style":"default","ast-global-header-display":"","ast-banner-title-visibility":"","ast-main-header-display":"","ast-hfb-above-header-display":"","ast-hfb-below-header-display":"","ast-hfb-mobile-header-display":"","site-post-title":"","ast-breadcrumbs-content":"","ast-featured-img":"","footer-sml-layout":"","ast-disable-related-posts":"","theme-transparent-header-meta":"default","adv-header-id-meta":"","stick-header-meta":"","header-above-stick-meta":"","header-main-stick-meta":"","header-below-stick-meta":"","astra-migrate-meta-layouts":"set","ast-page-background-enabled":"default","ast-page-background-meta":{"desktop":{"background-color":"","background-image":"","background-repeat":"repeat","background-position":"center center","background-size":"auto","background-attachment":"scroll","background-type":"","background-media":"","overlay-type":"","overlay-color":"","overlay-opacity":"","overlay-gradient":""},"tablet":{"background-color":"","background-image":"","background-repeat":"repeat","background-position":"center center","background-size":"auto","background-attachment":"scroll","background-type":"","background-media":"","overlay-type":"","overlay-color":"","overlay-opacity":"","overlay-gradient":""},"mobile":{"background-color":"","background-image":"","background-repeat":"repeat","background-position":"center center","background-size":"auto","background-attachment":"scroll","background-type":"","background-media":"","overlay-type":"","overlay-color":"","overlay-opacity":"","overlay-gradient":""}},"ast-content-background-meta":{"desktop":{"background-color":"var(--ast-global-color-5)","background-image":"","background-repeat":"repeat","background-position":"center center","background-size":"auto","background-attachment":"scroll","background-type":"","background-media":"","overlay-type":"","overlay-color":"","overlay-opacity":"","overlay-gradient":""},"tablet":{"background-color":"var(--ast-global-color-5)","background-image":"","background-repeat":"repeat","background-position":"center center","background-size":"auto","background-attachment":"scroll","background-type":"","background-media":"","overlay-type":"","overlay-color":"","overlay-opacity":"","overlay-gradient":""},"mobile":{"background-color":"var(--ast-global-color-5)","background-image":"","background-repeat":"repeat","background-position":"center center","background-size":"auto","background-attachment":"scroll","background-type":"","background-media":"","overlay-type":"","overlay-color":"","overlay-opacity":"","overlay-gradient":""}}},"product_brand":[],"product_cat":[18,338],"product_tag":[34,35,36,40,393,334,489],"class_list":{"0":"post-12385","1":"product","2":"type-product","3":"status-publish","4":"has-post-thumbnail","6":"product_cat-city-maps","7":"product_cat-featured_eng","8":"product_tag-30x40","9":"product_tag-40x50","10":"product_tag-50x70","11":"product_tag-city-map","12":"product_tag-new-zealand","13":"product_tag-oceania","14":"product_tag-wellington","15":"desktop-align-left","16":"tablet-align-left","17":"mobile-align-left","19":"first","20":"instock","21":"shipping-taxable","22":"purchasable","23":"product-type-variable"},"aioseo_notices":[],"uagb_featured_image_src":{"full":["https:\/\/mapospheres.eu\/wp-content\/uploads\/2026\/02\/ZZ_PIC4_NIGHT_WELLINGTON.jpg",1000,1000,false],"thumbnail":["https:\/\/mapospheres.eu\/wp-content\/uploads\/2026\/02\/ZZ_PIC4_NIGHT_WELLINGTON-150x150.jpg",150,150,true],"medium":["https:\/\/mapospheres.eu\/wp-content\/uploads\/2026\/02\/ZZ_PIC4_NIGHT_WELLINGTON-300x300.jpg",300,300,true],"medium_large":["https:\/\/mapospheres.eu\/wp-content\/uploads\/2026\/02\/ZZ_PIC4_NIGHT_WELLINGTON-768x768.jpg",768,768,true],"large":["https:\/\/mapospheres.eu\/wp-content\/uploads\/2026\/02\/ZZ_PIC4_NIGHT_WELLINGTON.jpg",1000,1000,false],"1536x1536":["https:\/\/mapospheres.eu\/wp-content\/uploads\/2026\/02\/ZZ_PIC4_NIGHT_WELLINGTON.jpg",1000,1000,false],"2048x2048":["https:\/\/mapospheres.eu\/wp-content\/uploads\/2026\/02\/ZZ_PIC4_NIGHT_WELLINGTON.jpg",1000,1000,false],"woocommerce_thumbnail":["https:\/\/mapospheres.eu\/wp-content\/uploads\/2026\/02\/ZZ_PIC4_NIGHT_WELLINGTON-300x300.jpg",300,300,true],"woocommerce_single":["https:\/\/mapospheres.eu\/wp-content\/uploads\/2026\/02\/ZZ_PIC4_NIGHT_WELLINGTON-600x600.jpg",600,600,true],"woocommerce_gallery_thumbnail":["https:\/\/mapospheres.eu\/wp-content\/uploads\/2026\/02\/ZZ_PIC4_NIGHT_WELLINGTON-100x100.jpg",100,100,true]},"uagb_author_info":{"display_name":"sgainot04@gmail.com","author_link":"https:\/\/mapospheres.eu\/fr\/author\/"},"uagb_comment_info":0,"uagb_excerpt":"Procurez-vous de Poster City Map de Wellington, Nouvelle Z\u00e9lande, en tant que carte murale. Vous pouvez choisir la taille, la couleur ou le motif de votre carte !","_links":{"self":[{"href":"https:\/\/mapospheres.eu\/fr\/wp-json\/wp\/v2\/product\/12385","targetHints":{"allow":["GET"]}}],"collection":[{"href":"https:\/\/mapospheres.eu\/fr\/wp-json\/wp\/v2\/product"}],"about":[{"href":"https:\/\/mapospheres.eu\/fr\/wp-json\/wp\/v2\/types\/product"}],"wp:featuredmedia":[{"embeddable":true,"href":"https:\/\/mapospheres.eu\/fr\/wp-json\/wp\/v2\/media\/12990"}],"wp:attachment":[{"href":"https:\/\/mapospheres.eu\/fr\/wp-json\/wp\/v2\/media?parent=12385"}],"wp:term":[{"taxonomy":"product_brand","embeddable":true,"href":"https:\/\/mapospheres.eu\/fr\/wp-json\/wp\/v2\/product_brand?post=12385"},{"taxonomy":"product_cat","embeddable":true,"href":"https:\/\/mapospheres.eu\/fr\/wp-json\/wp\/v2\/product_cat?post=12385"},{"taxonomy":"product_tag","embeddable":true,"href":"https:\/\/mapospheres.eu\/fr\/wp-json\/wp\/v2\/product_tag?post=12385"}],"curies":[{"name":"wp","href":"https:\/\/api.w.org\/{rel}","templated":true}]}}