{"id":12386,"date":"2026-02-11T09:01:15","date_gmt":"2026-02-11T09:01:15","guid":{"rendered":"https:\/\/mapospheres.eu\/product\/poster-of-tabriz-iran\/"},"modified":"2026-02-12T14:45:21","modified_gmt":"2026-02-12T14:45:21","slug":"poster-of-tabriz-iran","status":"publish","type":"product","link":"https:\/\/mapospheres.eu\/fr\/product\/poster-de-tabriz-iran\/","title":{"rendered":"Poster de Tabriz | Iran"},"content":{"rendered":"<p><strong>Poster City map de Tabriz, Iran : Des jardins qui ont autrefois entendu la po\u00e9sie de Shahriyar, \u00e0 la mont\u00e9e angulaire de la Mosqu\u00e9e Bleue \u2014 autrefois resplendissante de ses carreaux turquoise avant que les tremblements de terre ne testent sa patience \u2014 cette carte capture non seulement les rues et les formes, mais aussi l\u2019\u00e2me d\u2019un lieu o\u00f9 le mythe et la montagne se rencontrent.<\/strong><\/p>\n<p>Nich\u00e9e sous la longue ombre du mont Sahand, Tabriz s\u2019\u00e9tend \u00e0 travers les plaines du nord-ouest de l\u2019Iran comme une tapisserie intemporelle. Cette City Map fait vivre le relief ondulant qui berce la ville \u2014 des collines douces qui arrivent du sud, la l\u00e9g\u00e8re descente du plateau vers le nord, et le cours sinueux de la rivi\u00e8re Aji tra\u00e7ant un chemin silencieux \u00e0 travers la terre, comme si elle \u00e9tait en retard depuis des si\u00e8cles. Dans cette impression finement dessin\u00e9e, la topographie de Tabriz occupe le devant de la sc\u00e8ne, donnant profondeur et dramaturgie \u00e0 la position de la ville entre montagnes et steppe. Vous remarquerez les espaces verts g\u00e9n\u00e9reux qui respirent entre les quartiers \u2014 le grand parc El Goli avec son lac l\u00e9gendaire et son pavillon, autrefois refuge estival de la royaut\u00e9 et aujourd\u2019hui escapade du week-end pour paniers de pique-nique et rires. Il y a quelque chose d\u2019\u00e9trangement po\u00e9tique dans une ville qui peut contenir des si\u00e8cles d\u2019empire et avoir encore de la place pour des canards. En regardant de plus pr\u00e8s, la carte r\u00e9v\u00e8le le trac\u00e9 des anciennes routes et des lignes de bazar \u2014 comme une calligraphie ancienne chuchotant encore des secrets commerciaux depuis l\u2019\u00e9poque o\u00f9 Tabriz, fi\u00e8re sur la route de la soie, r\u00e9coltait soie, \u00e9pices et plus de comm\u00e9rages qu\u2019une cour royale. Le bazar de Tabriz lui-m\u00eame, aujourd\u2019hui site du patrimoine mondial de l\u2019UNESCO, serpente \u00e0 travers la ville comme un dragon endormi, avec ses toits en d\u00f4me et ses ruelles qui se souviennent de plus d\u2019histoire que la plupart des biblioth\u00e8ques.<\/p>\n","protected":false},"excerpt":{"rendered":"<p>Procurez-vous de Poster City Map de Tabriz, Iran, en tant que carte murale. Vous pouvez choisir la taille, la couleur ou le motif de votre carte !<\/p>\n","protected":false},"featured_media":12980,"template":"","meta":{"_uag_custom_page_level_css":"","_monsterinsights_skip_tracking":false,"_monsterinsights_sitenote_active":false,"_monsterinsights_sitenote_note":"","_monsterinsights_sitenote_category":0,"site-sidebar-layout":"default","site-content-layout":"","ast-site-content-layout":"default","site-content-style":"default","site-sidebar-style":"default","ast-global-header-display":"","ast-banner-title-visibility":"","ast-main-header-display":"","ast-hfb-above-header-display":"","ast-hfb-below-header-display":"","ast-hfb-mobile-header-display":"","site-post-title":"","ast-breadcrumbs-content":"","ast-featured-img":"","footer-sml-layout":"","ast-disable-related-posts":"","theme-transparent-header-meta":"default","adv-header-id-meta":"","stick-header-meta":"","header-above-stick-meta":"","header-main-stick-meta":"","header-below-stick-meta":"","astra-migrate-meta-layouts":"set","ast-page-background-enabled":"default","ast-page-background-meta":{"desktop":{"background-color":"","background-image":"","background-repeat":"repeat","background-position":"center center","background-size":"auto","background-attachment":"scroll","background-type":"","background-media":"","overlay-type":"","overlay-color":"","overlay-opacity":"","overlay-gradient":""},"tablet":{"background-color":"","background-image":"","background-repeat":"repeat","background-position":"center center","background-size":"auto","background-attachment":"scroll","background-type":"","background-media":"","overlay-type":"","overlay-color":"","overlay-opacity":"","overlay-gradient":""},"mobile":{"background-color":"","background-image":"","background-repeat":"repeat","background-position":"center center","background-size":"auto","background-attachment":"scroll","background-type":"","background-media":"","overlay-type":"","overlay-color":"","overlay-opacity":"","overlay-gradient":""}},"ast-content-background-meta":{"desktop":{"background-color":"var(--ast-global-color-5)","background-image":"","background-repeat":"repeat","background-position":"center center","background-size":"auto","background-attachment":"scroll","background-type":"","background-media":"","overlay-type":"","overlay-color":"","overlay-opacity":"","overlay-gradient":""},"tablet":{"background-color":"var(--ast-global-color-5)","background-image":"","background-repeat":"repeat","background-position":"center center","background-size":"auto","background-attachment":"scroll","background-type":"","background-media":"","overlay-type":"","overlay-color":"","overlay-opacity":"","overlay-gradient":""},"mobile":{"background-color":"var(--ast-global-color-5)","background-image":"","background-repeat":"repeat","background-position":"center center","background-size":"auto","background-attachment":"scroll","background-type":"","background-media":"","overlay-type":"","overlay-color":"","overlay-opacity":"","overlay-gradient":""}}},"product_brand":[],"product_cat":[18],"product_tag":[34,35,36,226,40,326,488],"class_list":{"0":"post-12386","1":"product","2":"type-product","3":"status-publish","4":"has-post-thumbnail","6":"product_cat-city-maps","7":"product_tag-30x40","8":"product_tag-40x50","9":"product_tag-50x70","10":"product_tag-asia","11":"product_tag-city-map","12":"product_tag-iran","13":"product_tag-tabriz","14":"desktop-align-left","15":"tablet-align-left","16":"mobile-align-left","18":"first","19":"instock","20":"shipping-taxable","21":"purchasable","22":"product-type-variable"},"aioseo_notices":[],"uagb_featured_image_src":{"full":["https:\/\/mapospheres.eu\/wp-content\/uploads\/2026\/02\/RED_FULL_TABRIZ.jpg",1000,1000,false],"thumbnail":["https:\/\/mapospheres.eu\/wp-content\/uploads\/2026\/02\/RED_FULL_TABRIZ-150x150.jpg",150,150,true],"medium":["https:\/\/mapospheres.eu\/wp-content\/uploads\/2026\/02\/RED_FULL_TABRIZ-300x300.jpg",300,300,true],"medium_large":["https:\/\/mapospheres.eu\/wp-content\/uploads\/2026\/02\/RED_FULL_TABRIZ-768x768.jpg",768,768,true],"large":["https:\/\/mapospheres.eu\/wp-content\/uploads\/2026\/02\/RED_FULL_TABRIZ.jpg",1000,1000,false],"1536x1536":["https:\/\/mapospheres.eu\/wp-content\/uploads\/2026\/02\/RED_FULL_TABRIZ.jpg",1000,1000,false],"2048x2048":["https:\/\/mapospheres.eu\/wp-content\/uploads\/2026\/02\/RED_FULL_TABRIZ.jpg",1000,1000,false],"woocommerce_thumbnail":["https:\/\/mapospheres.eu\/wp-content\/uploads\/2026\/02\/RED_FULL_TABRIZ-300x300.jpg",300,300,true],"woocommerce_single":["https:\/\/mapospheres.eu\/wp-content\/uploads\/2026\/02\/RED_FULL_TABRIZ-600x600.jpg",600,600,true],"woocommerce_gallery_thumbnail":["https:\/\/mapospheres.eu\/wp-content\/uploads\/2026\/02\/RED_FULL_TABRIZ-100x100.jpg",100,100,true]},"uagb_author_info":{"display_name":"sgainot04@gmail.com","author_link":"https:\/\/mapospheres.eu\/fr\/author\/"},"uagb_comment_info":0,"uagb_excerpt":"Procurez-vous de Poster City Map de Tabriz, Iran, en tant que carte murale. Vous pouvez choisir la taille, la couleur ou le motif de votre carte !","_links":{"self":[{"href":"https:\/\/mapospheres.eu\/fr\/wp-json\/wp\/v2\/product\/12386","targetHints":{"allow":["GET"]}}],"collection":[{"href":"https:\/\/mapospheres.eu\/fr\/wp-json\/wp\/v2\/product"}],"about":[{"href":"https:\/\/mapospheres.eu\/fr\/wp-json\/wp\/v2\/types\/product"}],"wp:featuredmedia":[{"embeddable":true,"href":"https:\/\/mapospheres.eu\/fr\/wp-json\/wp\/v2\/media\/12980"}],"wp:attachment":[{"href":"https:\/\/mapospheres.eu\/fr\/wp-json\/wp\/v2\/media?parent=12386"}],"wp:term":[{"taxonomy":"product_brand","embeddable":true,"href":"https:\/\/mapospheres.eu\/fr\/wp-json\/wp\/v2\/product_brand?post=12386"},{"taxonomy":"product_cat","embeddable":true,"href":"https:\/\/mapospheres.eu\/fr\/wp-json\/wp\/v2\/product_cat?post=12386"},{"taxonomy":"product_tag","embeddable":true,"href":"https:\/\/mapospheres.eu\/fr\/wp-json\/wp\/v2\/product_tag?post=12386"}],"curies":[{"name":"wp","href":"https:\/\/api.w.org\/{rel}","templated":true}]}}