{"id":12387,"date":"2026-02-11T09:01:19","date_gmt":"2026-02-11T09:01:19","guid":{"rendered":"https:\/\/mapospheres.eu\/product\/poster-of-tokyo-japan\/"},"modified":"2026-02-12T14:45:32","modified_gmt":"2026-02-12T14:45:32","slug":"poster-of-tokyo-japan","status":"publish","type":"product","link":"https:\/\/mapospheres.eu\/fr\/product\/poster-de-tokyo-japon\/","title":{"rendered":"Poster de Tokyo | Japon"},"content":{"rendered":"<p><strong>Poster City map de Tokyo, Japon : voici l\u2019immense merveille qu\u2019est Tokyo, une ville qui rena\u00eet comme un ph\u00e9nix de si\u00e8cles d\u2019histoire, nich\u00e9e entre l\u2019ombre des montagnes et les mar\u00e9es murmurantes de la baie de Tokyo.<\/strong><\/p>\n<p>Cette carte murale capture les secrets topographiques de la ville \u2014 des pentes douces et des rivi\u00e8res sinueuses qui retracent les pas des samoura\u00efs, des marchands et des r\u00eaveurs. Vous verrez les poumons verts de la ville respirer calmement au milieu du labyrinthe de b\u00e9ton : l\u2019immense \u00e9tendue du parc Yoyogi, le calme soigneusement ratiss\u00e9 des jardins du palais imp\u00e9rial, et la s\u00e9r\u00e9nit\u00e9 s\u00e9culaire du parc Ueno o\u00f9 les cerisiers offrent chaque ann\u00e9e un spectacle plus flamboyant qu\u2019un acteur de kabuki. Le mont Fuji n\u2019appara\u00eet pas directement dans la ville, bien s\u00fbr, mais sa pr\u00e9sence plane spirituellement \u00e0 l\u2019ouest, comme un dieu montagneux bienveillant veillant sur la danse sans fin de Tokyo. \u00c0 l\u2019est, la rivi\u00e8re Sumida serpente \u00e0 travers la ville comme un vieux conteur, murmurant des r\u00e9cits de maisons de th\u00e9 flottantes et de feux d\u2019artifice de l\u2019\u00e9poque d\u2019Edo. Des monuments tels que la SkyTree et la Tokyo Tower s\u2019\u00e9l\u00e8vent comme des points d\u2019exclamation au-dessus des douces ondulations du relief urbain, tandis que le c\u00e9l\u00e8bre carrefour de Shibuya pulse comme un c\u0153ur moderne construit sur des couches de sol volcanique et d\u2019anciens sentiers de village. Cette carte ne se contente pas de tracer des rues et des espaces \u2014 elle vibre de l\u2019\u00e9nergie discr\u00e8te d\u2019une ville qui \u00e9quilibre jardins zen et lumi\u00e8res n\u00e9on, rizi\u00e8res disparues et trains \u00e0 grande vitesse arrivant toujours \u00e0 l\u2019heure. Une pi\u00e8ce pour votre mur, mais aussi une porte ouverte sur des histoires grav\u00e9es dans la pierre, l\u2019eau et les collines bord\u00e9es d\u2019arbres. Accrochez-la, et laissez votre pi\u00e8ce \u00e9couter le bavardage intemporel de Tokyo.<\/p>\n","protected":false},"excerpt":{"rendered":"<p>Procurez-vous de Poster City Map de Tokyo, Japan, en tant que carte murale. Vous pouvez choisir la taille, la couleur ou le motif de votre carte !<\/p>\n","protected":false},"featured_media":12976,"template":"","meta":{"_uag_custom_page_level_css":"","_monsterinsights_skip_tracking":false,"_monsterinsights_sitenote_active":false,"_monsterinsights_sitenote_note":"","_monsterinsights_sitenote_category":0,"site-sidebar-layout":"default","site-content-layout":"","ast-site-content-layout":"default","site-content-style":"default","site-sidebar-style":"default","ast-global-header-display":"","ast-banner-title-visibility":"","ast-main-header-display":"","ast-hfb-above-header-display":"","ast-hfb-below-header-display":"","ast-hfb-mobile-header-display":"","site-post-title":"","ast-breadcrumbs-content":"","ast-featured-img":"","footer-sml-layout":"","ast-disable-related-posts":"","theme-transparent-header-meta":"default","adv-header-id-meta":"","stick-header-meta":"","header-above-stick-meta":"","header-main-stick-meta":"","header-below-stick-meta":"","astra-migrate-meta-layouts":"set","ast-page-background-enabled":"default","ast-page-background-meta":{"desktop":{"background-color":"","background-image":"","background-repeat":"repeat","background-position":"center center","background-size":"auto","background-attachment":"scroll","background-type":"","background-media":"","overlay-type":"","overlay-color":"","overlay-opacity":"","overlay-gradient":""},"tablet":{"background-color":"","background-image":"","background-repeat":"repeat","background-position":"center center","background-size":"auto","background-attachment":"scroll","background-type":"","background-media":"","overlay-type":"","overlay-color":"","overlay-opacity":"","overlay-gradient":""},"mobile":{"background-color":"","background-image":"","background-repeat":"repeat","background-position":"center center","background-size":"auto","background-attachment":"scroll","background-type":"","background-media":"","overlay-type":"","overlay-color":"","overlay-opacity":"","overlay-gradient":""}},"ast-content-background-meta":{"desktop":{"background-color":"var(--ast-global-color-5)","background-image":"","background-repeat":"repeat","background-position":"center center","background-size":"auto","background-attachment":"scroll","background-type":"","background-media":"","overlay-type":"","overlay-color":"","overlay-opacity":"","overlay-gradient":""},"tablet":{"background-color":"var(--ast-global-color-5)","background-image":"","background-repeat":"repeat","background-position":"center center","background-size":"auto","background-attachment":"scroll","background-type":"","background-media":"","overlay-type":"","overlay-color":"","overlay-opacity":"","overlay-gradient":""},"mobile":{"background-color":"var(--ast-global-color-5)","background-image":"","background-repeat":"repeat","background-position":"center center","background-size":"auto","background-attachment":"scroll","background-type":"","background-media":"","overlay-type":"","overlay-color":"","overlay-opacity":"","overlay-gradient":""}}},"product_brand":[],"product_cat":[18,338,464],"product_tag":[34,35,36,226,39,40,467,468],"class_list":{"0":"post-12387","1":"product","2":"type-product","3":"status-publish","4":"has-post-thumbnail","6":"product_cat-city-maps","7":"product_cat-featured_eng","8":"product_cat-featured_fr","9":"product_tag-30x40","10":"product_tag-40x50","11":"product_tag-50x70","12":"product_tag-asia","13":"product_tag-canvas","14":"product_tag-city-map","15":"product_tag-japan","16":"product_tag-tokyo","17":"desktop-align-left","18":"tablet-align-left","19":"mobile-align-left","21":"first","22":"instock","23":"shipping-taxable","24":"purchasable","25":"product-type-variable"},"aioseo_notices":[],"uagb_featured_image_src":{"full":["https:\/\/mapospheres.eu\/wp-content\/uploads\/2026\/02\/ZZ_PIC3_NIGHT_TOKYO.jpg",1000,1000,false],"thumbnail":["https:\/\/mapospheres.eu\/wp-content\/uploads\/2026\/02\/ZZ_PIC3_NIGHT_TOKYO-150x150.jpg",150,150,true],"medium":["https:\/\/mapospheres.eu\/wp-content\/uploads\/2026\/02\/ZZ_PIC3_NIGHT_TOKYO-300x300.jpg",300,300,true],"medium_large":["https:\/\/mapospheres.eu\/wp-content\/uploads\/2026\/02\/ZZ_PIC3_NIGHT_TOKYO-768x768.jpg",768,768,true],"large":["https:\/\/mapospheres.eu\/wp-content\/uploads\/2026\/02\/ZZ_PIC3_NIGHT_TOKYO.jpg",1000,1000,false],"1536x1536":["https:\/\/mapospheres.eu\/wp-content\/uploads\/2026\/02\/ZZ_PIC3_NIGHT_TOKYO.jpg",1000,1000,false],"2048x2048":["https:\/\/mapospheres.eu\/wp-content\/uploads\/2026\/02\/ZZ_PIC3_NIGHT_TOKYO.jpg",1000,1000,false],"woocommerce_thumbnail":["https:\/\/mapospheres.eu\/wp-content\/uploads\/2026\/02\/ZZ_PIC3_NIGHT_TOKYO-300x300.jpg",300,300,true],"woocommerce_single":["https:\/\/mapospheres.eu\/wp-content\/uploads\/2026\/02\/ZZ_PIC3_NIGHT_TOKYO-600x600.jpg",600,600,true],"woocommerce_gallery_thumbnail":["https:\/\/mapospheres.eu\/wp-content\/uploads\/2026\/02\/ZZ_PIC3_NIGHT_TOKYO-100x100.jpg",100,100,true]},"uagb_author_info":{"display_name":"sgainot04@gmail.com","author_link":"https:\/\/mapospheres.eu\/fr\/author\/"},"uagb_comment_info":0,"uagb_excerpt":"Procurez-vous de Poster City Map de Tokyo, Japan, en tant que carte murale. Vous pouvez choisir la taille, la couleur ou le motif de votre carte !","_links":{"self":[{"href":"https:\/\/mapospheres.eu\/fr\/wp-json\/wp\/v2\/product\/12387","targetHints":{"allow":["GET"]}}],"collection":[{"href":"https:\/\/mapospheres.eu\/fr\/wp-json\/wp\/v2\/product"}],"about":[{"href":"https:\/\/mapospheres.eu\/fr\/wp-json\/wp\/v2\/types\/product"}],"wp:featuredmedia":[{"embeddable":true,"href":"https:\/\/mapospheres.eu\/fr\/wp-json\/wp\/v2\/media\/12976"}],"wp:attachment":[{"href":"https:\/\/mapospheres.eu\/fr\/wp-json\/wp\/v2\/media?parent=12387"}],"wp:term":[{"taxonomy":"product_brand","embeddable":true,"href":"https:\/\/mapospheres.eu\/fr\/wp-json\/wp\/v2\/product_brand?post=12387"},{"taxonomy":"product_cat","embeddable":true,"href":"https:\/\/mapospheres.eu\/fr\/wp-json\/wp\/v2\/product_cat?post=12387"},{"taxonomy":"product_tag","embeddable":true,"href":"https:\/\/mapospheres.eu\/fr\/wp-json\/wp\/v2\/product_tag?post=12387"}],"curies":[{"name":"wp","href":"https:\/\/api.w.org\/{rel}","templated":true}]}}