{"id":12389,"date":"2026-02-11T09:01:26","date_gmt":"2026-02-11T09:01:26","guid":{"rendered":"https:\/\/mapospheres.eu\/product\/poster-of-rotterdam-netherlands\/"},"modified":"2026-02-12T14:45:09","modified_gmt":"2026-02-12T14:45:09","slug":"poster-of-rotterdam-netherlands","status":"publish","type":"product","link":"https:\/\/mapospheres.eu\/fr\/product\/poster-de-rotterdam-paysbas\/","title":{"rendered":"Poster de Rotterdam | Pays Bas"},"content":{"rendered":"<p><strong>Poster City map de Rotterdam, Pays-Bas : une ville qui s\u2019est un jour effondr\u00e9e puis a d\u00e9cid\u00e9 de se reconstruire avec des lignes droites et des id\u00e9es audacieuses, s\u2019\u00e9tend sur cette carte comme une histoire qui commence dans l\u2019eau et se termine dans l\u2019acier.<\/strong><\/p>\n<p>Situ\u00e9e bas et au niveau de la mer \u2014 comme la plupart des villes n\u00e9erlandaises \u2014 c\u2019est un lieu o\u00f9 rivi\u00e8res, routes et ambition semblent couler dans la m\u00eame direction. En son c\u0153ur s\u2019\u00e9tire la Nieuwe Maas, large et solennelle, divisant la ville en deux tel un trait de pinceau parfaitement dessin\u00e9. Des ponts la franchissent \u2014 chacun avec son histoire \u2014 le plus c\u00e9l\u00e8bre \u00e9tant l\u2019Erasmusbrug, surnomm\u00e9 \u00ab Le Cygne \u00bb pour son cou fier et son \u00e9l\u00e9gance discr\u00e8te. La ville s\u2019\u00e9l\u00e8ve sur ses deux rives, moderne et pr\u00e9cise, avec des blocs et des tours qui semblent avoir \u00e9t\u00e9 dessin\u00e9s \u00e0 la r\u00e8gle et avec un certain sens de l\u2019humour. Pourtant, malgr\u00e9 ses lignes affirm\u00e9es, la ville respire. Les parcs s\u2019\u00e9tendent comme des pages ouvertes \u2014 le calme verdoyant de Het Park pr\u00e8s de l\u2019Euromast, l\u2019\u00e9tendue paisible du Kralingse Bos, et les eaux tranquilles du lac Kralingen o\u00f9 les v\u00e9liplanchistes glissent aujourd\u2019hui l\u00e0 o\u00f9 tournaient autrefois les moulins. Cette City Map capture la beaut\u00e9 singuli\u00e8re de Rotterdam, un lieu qui a troqu\u00e9 le charme d\u2019antan contre une vision tourn\u00e9e vers l\u2019avenir. Mais l\u2019histoire n\u2019a pas disparu \u2014 elle subsiste dans les rares b\u00e2timents anciens ayant surv\u00e9cu \u00e0 la guerre et dans la silhouette de son port, toujours l\u2019un des plus actifs au monde, o\u00f9 les navires vont et viennent avec une pr\u00e9cision d\u2019horloge.<\/p>\n","protected":false},"excerpt":{"rendered":"<p>Obtenez cette impression Poster City Map de Rotterdam, Pays Bas, en tant que carte murale. Vous pouvez choisir la taille, la couleur ou le motif de votre carte !<\/p>\n","protected":false},"featured_media":12830,"template":"","meta":{"_uag_custom_page_level_css":"","_monsterinsights_skip_tracking":false,"_monsterinsights_sitenote_active":false,"_monsterinsights_sitenote_note":"","_monsterinsights_sitenote_category":0,"site-sidebar-layout":"default","site-content-layout":"","ast-site-content-layout":"default","site-content-style":"default","site-sidebar-style":"default","ast-global-header-display":"","ast-banner-title-visibility":"","ast-main-header-display":"","ast-hfb-above-header-display":"","ast-hfb-below-header-display":"","ast-hfb-mobile-header-display":"","site-post-title":"","ast-breadcrumbs-content":"","ast-featured-img":"","footer-sml-layout":"","ast-disable-related-posts":"","theme-transparent-header-meta":"default","adv-header-id-meta":"","stick-header-meta":"","header-above-stick-meta":"","header-main-stick-meta":"","header-below-stick-meta":"","astra-migrate-meta-layouts":"set","ast-page-background-enabled":"default","ast-page-background-meta":{"desktop":{"background-color":"","background-image":"","background-repeat":"repeat","background-position":"center center","background-size":"auto","background-attachment":"scroll","background-type":"","background-media":"","overlay-type":"","overlay-color":"","overlay-opacity":"","overlay-gradient":""},"tablet":{"background-color":"","background-image":"","background-repeat":"repeat","background-position":"center center","background-size":"auto","background-attachment":"scroll","background-type":"","background-media":"","overlay-type":"","overlay-color":"","overlay-opacity":"","overlay-gradient":""},"mobile":{"background-color":"","background-image":"","background-repeat":"repeat","background-position":"center center","background-size":"auto","background-attachment":"scroll","background-type":"","background-media":"","overlay-type":"","overlay-color":"","overlay-opacity":"","overlay-gradient":""}},"ast-content-background-meta":{"desktop":{"background-color":"var(--ast-global-color-5)","background-image":"","background-repeat":"repeat","background-position":"center center","background-size":"auto","background-attachment":"scroll","background-type":"","background-media":"","overlay-type":"","overlay-color":"","overlay-opacity":"","overlay-gradient":""},"tablet":{"background-color":"var(--ast-global-color-5)","background-image":"","background-repeat":"repeat","background-position":"center center","background-size":"auto","background-attachment":"scroll","background-type":"","background-media":"","overlay-type":"","overlay-color":"","overlay-opacity":"","overlay-gradient":""},"mobile":{"background-color":"var(--ast-global-color-5)","background-image":"","background-repeat":"repeat","background-position":"center center","background-size":"auto","background-attachment":"scroll","background-type":"","background-media":"","overlay-type":"","overlay-color":"","overlay-opacity":"","overlay-gradient":""}}},"product_brand":[],"product_cat":[18],"product_tag":[34,35,36,40,93,485,486],"class_list":{"0":"post-12389","1":"product","2":"type-product","3":"status-publish","4":"has-post-thumbnail","6":"product_cat-city-maps","7":"product_tag-30x40","8":"product_tag-40x50","9":"product_tag-50x70","10":"product_tag-city-map","11":"product_tag-europe","12":"product_tag-netherlands","13":"product_tag-rotterdam","14":"desktop-align-left","15":"tablet-align-left","16":"mobile-align-left","18":"first","19":"instock","20":"shipping-taxable","21":"purchasable","22":"product-type-variable"},"aioseo_notices":[],"uagb_featured_image_src":{"full":["https:\/\/mapospheres.eu\/wp-content\/uploads\/2026\/02\/Z2_RED_FULL_ROTTERDAM.jpg",1000,1000,false],"thumbnail":["https:\/\/mapospheres.eu\/wp-content\/uploads\/2026\/02\/Z2_RED_FULL_ROTTERDAM-150x150.jpg",150,150,true],"medium":["https:\/\/mapospheres.eu\/wp-content\/uploads\/2026\/02\/Z2_RED_FULL_ROTTERDAM-300x300.jpg",300,300,true],"medium_large":["https:\/\/mapospheres.eu\/wp-content\/uploads\/2026\/02\/Z2_RED_FULL_ROTTERDAM-768x768.jpg",768,768,true],"large":["https:\/\/mapospheres.eu\/wp-content\/uploads\/2026\/02\/Z2_RED_FULL_ROTTERDAM.jpg",1000,1000,false],"1536x1536":["https:\/\/mapospheres.eu\/wp-content\/uploads\/2026\/02\/Z2_RED_FULL_ROTTERDAM.jpg",1000,1000,false],"2048x2048":["https:\/\/mapospheres.eu\/wp-content\/uploads\/2026\/02\/Z2_RED_FULL_ROTTERDAM.jpg",1000,1000,false],"woocommerce_thumbnail":["https:\/\/mapospheres.eu\/wp-content\/uploads\/2026\/02\/Z2_RED_FULL_ROTTERDAM-300x300.jpg",300,300,true],"woocommerce_single":["https:\/\/mapospheres.eu\/wp-content\/uploads\/2026\/02\/Z2_RED_FULL_ROTTERDAM-600x600.jpg",600,600,true],"woocommerce_gallery_thumbnail":["https:\/\/mapospheres.eu\/wp-content\/uploads\/2026\/02\/Z2_RED_FULL_ROTTERDAM-100x100.jpg",100,100,true]},"uagb_author_info":{"display_name":"sgainot04@gmail.com","author_link":"https:\/\/mapospheres.eu\/fr\/author\/"},"uagb_comment_info":0,"uagb_excerpt":"Obtenez cette impression Poster City Map de Rotterdam, Pays Bas, en tant que carte murale. Vous pouvez choisir la taille, la couleur ou le motif de votre carte !","_links":{"self":[{"href":"https:\/\/mapospheres.eu\/fr\/wp-json\/wp\/v2\/product\/12389","targetHints":{"allow":["GET"]}}],"collection":[{"href":"https:\/\/mapospheres.eu\/fr\/wp-json\/wp\/v2\/product"}],"about":[{"href":"https:\/\/mapospheres.eu\/fr\/wp-json\/wp\/v2\/types\/product"}],"wp:featuredmedia":[{"embeddable":true,"href":"https:\/\/mapospheres.eu\/fr\/wp-json\/wp\/v2\/media\/12830"}],"wp:attachment":[{"href":"https:\/\/mapospheres.eu\/fr\/wp-json\/wp\/v2\/media?parent=12389"}],"wp:term":[{"taxonomy":"product_brand","embeddable":true,"href":"https:\/\/mapospheres.eu\/fr\/wp-json\/wp\/v2\/product_brand?post=12389"},{"taxonomy":"product_cat","embeddable":true,"href":"https:\/\/mapospheres.eu\/fr\/wp-json\/wp\/v2\/product_cat?post=12389"},{"taxonomy":"product_tag","embeddable":true,"href":"https:\/\/mapospheres.eu\/fr\/wp-json\/wp\/v2\/product_tag?post=12389"}],"curies":[{"name":"wp","href":"https:\/\/api.w.org\/{rel}","templated":true}]}}