{"id":12390,"date":"2026-02-11T09:01:29","date_gmt":"2026-02-11T09:01:29","guid":{"rendered":"https:\/\/mapospheres.eu\/product\/poster-of-amsterdam-netherlands\/"},"modified":"2026-02-12T14:43:37","modified_gmt":"2026-02-12T14:43:37","slug":"poster-of-amsterdam-netherlands","status":"publish","type":"product","link":"https:\/\/mapospheres.eu\/fr\/product\/poster-d-amsterdam-paysbas\/","title":{"rendered":"Poster d'Amsterdam | Pays Bas"},"content":{"rendered":"<p><strong>Poster City map d\u2019Amsterdam, Pays-Bas : une ville b\u00e2tie sur l\u2019eau et l\u2019obstination, se d\u00e9ploie ici selon un motif qui d\u00e9concerterait la plupart des rivi\u00e8res et ravirait n\u2019importe quel cartographe.<\/strong><\/p>\n<p>Cette City Map r\u00e9v\u00e8le la g\u00e9om\u00e9trie gracieuse des canaux \u2014 ces demi-lunes entrelac\u00e9es qui donnent \u00e0 la ville l\u2019allure d\u2019un dessin trac\u00e9 au compas par quelqu\u2019un qui aime se perdre lentement. Le relief est bien s\u00fbr c\u00e9l\u00e8bre pour sa platitude, comme si la terre avait cess\u00e9 de d\u00e9battre avec la mer et d\u00e9cid\u00e9 de rester humblement au ras de l\u2019eau. Vue d\u2019en haut, on distingue le Grachtengordel, la ceinture historique des canaux, enveloppant le centre ancien telle une collerette de dentelle. La carte capture chaque courbe \u00e9l\u00e9gante et chaque pont, du majestueux Herengracht au plus anim\u00e9 Jordaan, o\u00f9 les entrep\u00f4ts autrefois anim\u00e9s par le commerce vibrent aujourd\u2019hui au rythme des v\u00e9los et des baristas. Plus au sud, le Vondelpark s\u2019\u00e9tend comme le jardin arri\u00e8re d\u2019Amsterdam \u2014 un lieu o\u00f9 les habitants prennent le soleil pr\u00e8s des canards et o\u00f9 les seules collines sont de discr\u00e8tes ondulations. Et puis il y a l\u2019IJ, la large \u00e9tendue d\u2019eau au nord, autrefois voie de passage des navires en route vers de lointains empires, aujourd\u2019hui davantage fr\u00e9quent\u00e9e par les ferries et quelque cygne \u00e9gar\u00e9. Les monuments de la ville \u00e9mergent avec modestie sur la carte \u2014 comme le Rijksmuseum veillant sur ses tr\u00e9sors ou le Palais Royal, t\u00e9moin de tant de c\u00e9r\u00e9monies\u2026 et de pigeons. Cette carte murale offre plus que des rues et des contours ; c\u2019est une c\u00e9l\u00e9bration discr\u00e8te d\u2019une ville qui flotte, s\u2019incline et parfois vacille \u2014 mais ne sombre jamais. Une fa\u00e7on id\u00e9ale d\u2019apporter chez vous un peu de charme n\u00e9erlandais et de chaos savamment organis\u00e9.<\/p>\n","protected":false},"excerpt":{"rendered":"<p>Obtenez cette impression Poster City Map d&rsquo;Amsterdam, Pays Bas, en tant que carte murale. Vous pouvez choisir la taille, la couleur ou le motif de votre carte !<\/p>\n","protected":false},"featured_media":12693,"template":"","meta":{"_uag_custom_page_level_css":"","_monsterinsights_skip_tracking":false,"_monsterinsights_sitenote_active":false,"_monsterinsights_sitenote_note":"","_monsterinsights_sitenote_category":0,"site-sidebar-layout":"default","site-content-layout":"","ast-site-content-layout":"default","site-content-style":"default","site-sidebar-style":"default","ast-global-header-display":"","ast-banner-title-visibility":"","ast-main-header-display":"","ast-hfb-above-header-display":"","ast-hfb-below-header-display":"","ast-hfb-mobile-header-display":"","site-post-title":"","ast-breadcrumbs-content":"","ast-featured-img":"","footer-sml-layout":"","ast-disable-related-posts":"","theme-transparent-header-meta":"default","adv-header-id-meta":"","stick-header-meta":"","header-above-stick-meta":"","header-main-stick-meta":"","header-below-stick-meta":"","astra-migrate-meta-layouts":"set","ast-page-background-enabled":"default","ast-page-background-meta":{"desktop":{"background-color":"","background-image":"","background-repeat":"repeat","background-position":"center center","background-size":"auto","background-attachment":"scroll","background-type":"","background-media":"","overlay-type":"","overlay-color":"","overlay-opacity":"","overlay-gradient":""},"tablet":{"background-color":"","background-image":"","background-repeat":"repeat","background-position":"center center","background-size":"auto","background-attachment":"scroll","background-type":"","background-media":"","overlay-type":"","overlay-color":"","overlay-opacity":"","overlay-gradient":""},"mobile":{"background-color":"","background-image":"","background-repeat":"repeat","background-position":"center center","background-size":"auto","background-attachment":"scroll","background-type":"","background-media":"","overlay-type":"","overlay-color":"","overlay-opacity":"","overlay-gradient":""}},"ast-content-background-meta":{"desktop":{"background-color":"var(--ast-global-color-5)","background-image":"","background-repeat":"repeat","background-position":"center center","background-size":"auto","background-attachment":"scroll","background-type":"","background-media":"","overlay-type":"","overlay-color":"","overlay-opacity":"","overlay-gradient":""},"tablet":{"background-color":"var(--ast-global-color-5)","background-image":"","background-repeat":"repeat","background-position":"center center","background-size":"auto","background-attachment":"scroll","background-type":"","background-media":"","overlay-type":"","overlay-color":"","overlay-opacity":"","overlay-gradient":""},"mobile":{"background-color":"var(--ast-global-color-5)","background-image":"","background-repeat":"repeat","background-position":"center center","background-size":"auto","background-attachment":"scroll","background-type":"","background-media":"","overlay-type":"","overlay-color":"","overlay-opacity":"","overlay-gradient":""}}},"product_brand":[],"product_cat":[18,338],"product_tag":[34,35,36,484,40,93,485],"class_list":{"0":"post-12390","1":"product","2":"type-product","3":"status-publish","4":"has-post-thumbnail","6":"product_cat-city-maps","7":"product_cat-featured_eng","8":"product_tag-30x40","9":"product_tag-40x50","10":"product_tag-50x70","11":"product_tag-amsterdam","12":"product_tag-city-map","13":"product_tag-europe","14":"product_tag-netherlands","15":"desktop-align-left","16":"tablet-align-left","17":"mobile-align-left","19":"first","20":"instock","21":"shipping-taxable","22":"purchasable","23":"product-type-variable"},"aioseo_notices":[],"uagb_featured_image_src":{"full":["https:\/\/mapospheres.eu\/wp-content\/uploads\/2026\/02\/ZZ_PIC4_BWR_AMSTERDAM.jpg",1000,1000,false],"thumbnail":["https:\/\/mapospheres.eu\/wp-content\/uploads\/2026\/02\/ZZ_PIC4_BWR_AMSTERDAM-150x150.jpg",150,150,true],"medium":["https:\/\/mapospheres.eu\/wp-content\/uploads\/2026\/02\/ZZ_PIC4_BWR_AMSTERDAM-300x300.jpg",300,300,true],"medium_large":["https:\/\/mapospheres.eu\/wp-content\/uploads\/2026\/02\/ZZ_PIC4_BWR_AMSTERDAM-768x768.jpg",768,768,true],"large":["https:\/\/mapospheres.eu\/wp-content\/uploads\/2026\/02\/ZZ_PIC4_BWR_AMSTERDAM.jpg",1000,1000,false],"1536x1536":["https:\/\/mapospheres.eu\/wp-content\/uploads\/2026\/02\/ZZ_PIC4_BWR_AMSTERDAM.jpg",1000,1000,false],"2048x2048":["https:\/\/mapospheres.eu\/wp-content\/uploads\/2026\/02\/ZZ_PIC4_BWR_AMSTERDAM.jpg",1000,1000,false],"woocommerce_thumbnail":["https:\/\/mapospheres.eu\/wp-content\/uploads\/2026\/02\/ZZ_PIC4_BWR_AMSTERDAM-300x300.jpg",300,300,true],"woocommerce_single":["https:\/\/mapospheres.eu\/wp-content\/uploads\/2026\/02\/ZZ_PIC4_BWR_AMSTERDAM-600x600.jpg",600,600,true],"woocommerce_gallery_thumbnail":["https:\/\/mapospheres.eu\/wp-content\/uploads\/2026\/02\/ZZ_PIC4_BWR_AMSTERDAM-100x100.jpg",100,100,true]},"uagb_author_info":{"display_name":"sgainot04@gmail.com","author_link":"https:\/\/mapospheres.eu\/fr\/author\/"},"uagb_comment_info":0,"uagb_excerpt":"Obtenez cette impression Poster City Map d'Amsterdam, Pays Bas, en tant que carte murale. Vous pouvez choisir la taille, la couleur ou le motif de votre carte !","_links":{"self":[{"href":"https:\/\/mapospheres.eu\/fr\/wp-json\/wp\/v2\/product\/12390","targetHints":{"allow":["GET"]}}],"collection":[{"href":"https:\/\/mapospheres.eu\/fr\/wp-json\/wp\/v2\/product"}],"about":[{"href":"https:\/\/mapospheres.eu\/fr\/wp-json\/wp\/v2\/types\/product"}],"wp:featuredmedia":[{"embeddable":true,"href":"https:\/\/mapospheres.eu\/fr\/wp-json\/wp\/v2\/media\/12693"}],"wp:attachment":[{"href":"https:\/\/mapospheres.eu\/fr\/wp-json\/wp\/v2\/media?parent=12390"}],"wp:term":[{"taxonomy":"product_brand","embeddable":true,"href":"https:\/\/mapospheres.eu\/fr\/wp-json\/wp\/v2\/product_brand?post=12390"},{"taxonomy":"product_cat","embeddable":true,"href":"https:\/\/mapospheres.eu\/fr\/wp-json\/wp\/v2\/product_cat?post=12390"},{"taxonomy":"product_tag","embeddable":true,"href":"https:\/\/mapospheres.eu\/fr\/wp-json\/wp\/v2\/product_tag?post=12390"}],"curies":[{"name":"wp","href":"https:\/\/api.w.org\/{rel}","templated":true}]}}