{"id":12393,"date":"2026-02-11T09:01:40","date_gmt":"2026-02-11T09:01:40","guid":{"rendered":"https:\/\/mapospheres.eu\/product\/poster-of-madrid-spain\/"},"modified":"2026-02-12T14:44:40","modified_gmt":"2026-02-12T14:44:40","slug":"poster-of-madrid-spain","status":"publish","type":"product","link":"https:\/\/mapospheres.eu\/fr\/product\/poster-de-madrid-espagne\/","title":{"rendered":"Poster of Madrid | Espagne"},"content":{"rendered":"<p><strong>Poster City map de Madrid, Espagne : elle se trouve au c\u0153ur m\u00eame de l\u2019Espagne, \u00e0 la fois sur la carte et dans l\u2019ambiance.<\/strong><\/p>\n<p>Cette carte murale capture la forme de la ville comme si elle avait \u00e9t\u00e9 dessin\u00e9e par le soleil lui-m\u00eame, retra\u00e7ant chaque mont\u00e9e et chaque creux de son plateau, chaque courbe de ses routes anciennes. Bien qu\u2019elle ne poss\u00e8de pas le drame des falaises c\u00f4ti\u00e8res ou des pentes alpines, le relief de Madrid vibre d\u2019un rythme tranquille \u2014 de larges avenues, des parcs en pente, et une haute plaine qui \u00e9l\u00e8ve la ville juste assez pour donner \u00e0 ses couchers de soleil une pointe de fiert\u00e9. Les espaces verts se d\u00e9tachent comme des soupirs reposants entre la pierre et l\u2019histoire. Le parc du Retiro s\u2019\u00e9tend au centre comme un jardin royal qui a oubli\u00e9 de cesser de grandir, autrefois le jardin priv\u00e9 des rois, aujourd\u2019hui un lieu de barque, de lecture, et parfois de r\u00eaverie comme dans un tableau de Goya. La Casa de Campo, sauvage et g\u00e9n\u00e9reuse, se d\u00e9ploie \u00e0 l\u2019ouest comme une for\u00eat qui s\u2019est approch\u00e9e un peu trop pr\u00e8s des portes du palais et a d\u00e9cid\u00e9 de rester. Vu du ciel \u2014 et sur cette carte \u2014 elle \u00e9quilibre la trame serr\u00e9e des rues de la ville en offrant un espace pour respirer. Les monuments ne marquent pas leur place par leur taille, mais par leur caract\u00e8re. Le Palais Royal se dresse avec gr\u00e2ce, veillant sur la ville comme s\u2019il conservait encore un tr\u00f4ne ou deux. La Gran V\u00eda traverse le paysage comme un d\u00e9fil\u00e9 en mouvement permanent, et la vieille ville, enserr\u00e9e autour de la Plaza Mayor et des rues sinueuses de La Latina, s\u2019accroche \u00e0 ses histoires comme une grand-m\u00e8re \u00e0 la m\u00e9moire vive. M\u00eame les sommets lointains de la Sierra de Guadarrama clignent de l\u2019\u0153il depuis le bord de la carte, rappelant que Madrid, malgr\u00e9 son lustre royal, est une ville qui regarde autant vers l\u2019ext\u00e9rieur que vers l\u2019int\u00e9rieur.<\/p>\n","protected":false},"excerpt":{"rendered":"<p>Obtenez cette impression Poster City Map de Madrid | Espagne, en tant que carte murale. Vous pouvez choisir la taille, la couleur ou le motif de votre carte !<\/p>\n","protected":false},"featured_media":12952,"template":"","meta":{"_uag_custom_page_level_css":"","_monsterinsights_skip_tracking":false,"_monsterinsights_sitenote_active":false,"_monsterinsights_sitenote_note":"","_monsterinsights_sitenote_category":0,"site-sidebar-layout":"default","site-content-layout":"","ast-site-content-layout":"default","site-content-style":"default","site-sidebar-style":"default","ast-global-header-display":"","ast-banner-title-visibility":"","ast-main-header-display":"","ast-hfb-above-header-display":"","ast-hfb-below-header-display":"","ast-hfb-mobile-header-display":"","site-post-title":"","ast-breadcrumbs-content":"","ast-featured-img":"","footer-sml-layout":"","ast-disable-related-posts":"","theme-transparent-header-meta":"default","adv-header-id-meta":"","stick-header-meta":"","header-above-stick-meta":"","header-main-stick-meta":"","header-below-stick-meta":"","astra-migrate-meta-layouts":"set","ast-page-background-enabled":"default","ast-page-background-meta":{"desktop":{"background-color":"","background-image":"","background-repeat":"repeat","background-position":"center center","background-size":"auto","background-attachment":"scroll","background-type":"","background-media":"","overlay-type":"","overlay-color":"","overlay-opacity":"","overlay-gradient":""},"tablet":{"background-color":"","background-image":"","background-repeat":"repeat","background-position":"center center","background-size":"auto","background-attachment":"scroll","background-type":"","background-media":"","overlay-type":"","overlay-color":"","overlay-opacity":"","overlay-gradient":""},"mobile":{"background-color":"","background-image":"","background-repeat":"repeat","background-position":"center center","background-size":"auto","background-attachment":"scroll","background-type":"","background-media":"","overlay-type":"","overlay-color":"","overlay-opacity":"","overlay-gradient":""}},"ast-content-background-meta":{"desktop":{"background-color":"var(--ast-global-color-5)","background-image":"","background-repeat":"repeat","background-position":"center center","background-size":"auto","background-attachment":"scroll","background-type":"","background-media":"","overlay-type":"","overlay-color":"","overlay-opacity":"","overlay-gradient":""},"tablet":{"background-color":"var(--ast-global-color-5)","background-image":"","background-repeat":"repeat","background-position":"center center","background-size":"auto","background-attachment":"scroll","background-type":"","background-media":"","overlay-type":"","overlay-color":"","overlay-opacity":"","overlay-gradient":""},"mobile":{"background-color":"var(--ast-global-color-5)","background-image":"","background-repeat":"repeat","background-position":"center center","background-size":"auto","background-attachment":"scroll","background-type":"","background-media":"","overlay-type":"","overlay-color":"","overlay-opacity":"","overlay-gradient":""}}},"product_brand":[],"product_cat":[18,464,465],"product_tag":[34,35,36,37,40,318,319,93,480,99],"class_list":{"0":"post-12393","1":"product","2":"type-product","3":"status-publish","4":"has-post-thumbnail","6":"product_cat-city-maps","7":"product_cat-featured_fr","8":"product_cat-featured_esp","9":"product_tag-30x40","10":"product_tag-40x50","11":"product_tag-50x70","12":"product_tag-70x100","13":"product_tag-city-map","14":"product_tag-espagne","15":"product_tag-espana","16":"product_tag-europe","17":"product_tag-madrid","18":"product_tag-spain","19":"desktop-align-left","20":"tablet-align-left","21":"mobile-align-left","23":"first","24":"instock","25":"shipping-taxable","26":"purchasable","27":"product-type-variable"},"aioseo_notices":[],"uagb_featured_image_src":{"full":["https:\/\/mapospheres.eu\/wp-content\/uploads\/2026\/02\/CANVAS_13_NIGHT_MP_MADRID.jpg",1000,1000,false],"thumbnail":["https:\/\/mapospheres.eu\/wp-content\/uploads\/2026\/02\/CANVAS_13_NIGHT_MP_MADRID-150x150.jpg",150,150,true],"medium":["https:\/\/mapospheres.eu\/wp-content\/uploads\/2026\/02\/CANVAS_13_NIGHT_MP_MADRID-300x300.jpg",300,300,true],"medium_large":["https:\/\/mapospheres.eu\/wp-content\/uploads\/2026\/02\/CANVAS_13_NIGHT_MP_MADRID-768x768.jpg",768,768,true],"large":["https:\/\/mapospheres.eu\/wp-content\/uploads\/2026\/02\/CANVAS_13_NIGHT_MP_MADRID.jpg",1000,1000,false],"1536x1536":["https:\/\/mapospheres.eu\/wp-content\/uploads\/2026\/02\/CANVAS_13_NIGHT_MP_MADRID.jpg",1000,1000,false],"2048x2048":["https:\/\/mapospheres.eu\/wp-content\/uploads\/2026\/02\/CANVAS_13_NIGHT_MP_MADRID.jpg",1000,1000,false],"woocommerce_thumbnail":["https:\/\/mapospheres.eu\/wp-content\/uploads\/2026\/02\/CANVAS_13_NIGHT_MP_MADRID-300x300.jpg",300,300,true],"woocommerce_single":["https:\/\/mapospheres.eu\/wp-content\/uploads\/2026\/02\/CANVAS_13_NIGHT_MP_MADRID-600x600.jpg",600,600,true],"woocommerce_gallery_thumbnail":["https:\/\/mapospheres.eu\/wp-content\/uploads\/2026\/02\/CANVAS_13_NIGHT_MP_MADRID-100x100.jpg",100,100,true]},"uagb_author_info":{"display_name":"sgainot04@gmail.com","author_link":"https:\/\/mapospheres.eu\/fr\/author\/"},"uagb_comment_info":0,"uagb_excerpt":"Obtenez cette impression Poster City Map de Madrid | Espagne, en tant que carte murale. Vous pouvez choisir la taille, la couleur ou le motif de votre carte !","_links":{"self":[{"href":"https:\/\/mapospheres.eu\/fr\/wp-json\/wp\/v2\/product\/12393","targetHints":{"allow":["GET"]}}],"collection":[{"href":"https:\/\/mapospheres.eu\/fr\/wp-json\/wp\/v2\/product"}],"about":[{"href":"https:\/\/mapospheres.eu\/fr\/wp-json\/wp\/v2\/types\/product"}],"wp:featuredmedia":[{"embeddable":true,"href":"https:\/\/mapospheres.eu\/fr\/wp-json\/wp\/v2\/media\/12952"}],"wp:attachment":[{"href":"https:\/\/mapospheres.eu\/fr\/wp-json\/wp\/v2\/media?parent=12393"}],"wp:term":[{"taxonomy":"product_brand","embeddable":true,"href":"https:\/\/mapospheres.eu\/fr\/wp-json\/wp\/v2\/product_brand?post=12393"},{"taxonomy":"product_cat","embeddable":true,"href":"https:\/\/mapospheres.eu\/fr\/wp-json\/wp\/v2\/product_cat?post=12393"},{"taxonomy":"product_tag","embeddable":true,"href":"https:\/\/mapospheres.eu\/fr\/wp-json\/wp\/v2\/product_tag?post=12393"}],"curies":[{"name":"wp","href":"https:\/\/api.w.org\/{rel}","templated":true}]}}