{"id":12394,"date":"2026-02-11T09:01:45","date_gmt":"2026-02-11T09:01:45","guid":{"rendered":"https:\/\/mapospheres.eu\/product\/poster-of-lisbon-portugal\/"},"modified":"2026-02-12T14:44:33","modified_gmt":"2026-02-12T14:44:33","slug":"poster-of-lisbon-portugal","status":"publish","type":"product","link":"https:\/\/mapospheres.eu\/fr\/product\/poster-de-lisbonne-portugal\/","title":{"rendered":"Poster de Lisbonne | Portugal"},"content":{"rendered":"<p><strong>Poster City map de Lisbonne, Portugal : la ville aux sept collines, penche doucement sur le fleuve Tage comme un r\u00eave \u00e9veill\u00e9 qui a oubli\u00e9 de se terminer.<\/strong><\/p>\n<p>Cette carte murale capture le relief de la ville avec soin \u2014 ses pentes abruptes et ses descentes soudaines, la dignit\u00e9 tranquille de ses collines qui ondulent \u00e0 travers le paysage comme les pages d\u2019un livre tr\u00e8s ancien, un peu malicieux. Le relief \u00e0 lui seul raconte des histoires : des marins remontant du port, des tramways jaunes s\u2019accrochant aux rues pav\u00e9es, et des chants de fado r\u00e9sonnant depuis les balcons au cr\u00e9puscule. Les espaces verts donnent vie \u00e0 la carte, depuis l\u2019\u00e9tendue vaste du parc forestier de Monsanto \u2014 une sorte de poumon sauvage \u00e0 l\u2019ouest \u2014 jusqu\u2019\u00e0 la g\u00e9om\u00e9trie soign\u00e9e du parc Eduardo VII, o\u00f9 l\u2019herbe a probablement vu plus de r\u00e9flexions philosophiques que la plupart des caf\u00e9s. Vous verrez comment les jardins et les places publiques se nichent dans l\u2019\u00e9talement urbain comme des chaussures us\u00e9es dans une grande maison ancienne. Les monuments \u00e9mergent de la surface de la carte comme s\u2019ils y avaient \u00e9t\u00e9 dessin\u00e9s par la l\u00e9gende : les fl\u00e8ches du monast\u00e8re des Hi\u00e9ronymites pr\u00e8s de Bel\u00e9m, qui sentent vaguement (nous l\u2019imaginons) la p\u00e2tisserie et l\u2019empire ; le ch\u00e2teau de S\u00e3o Jorge perch\u00e9 en hauteur comme un poste d\u2019observation patient, regardant les navires et les si\u00e8cles passer ; et le pont du 25 avril s\u2019\u00e9tirant au-dessus du fleuve, rouge et en acier, faisant toujours semblant de ne pas \u00eatre un cousin du Golden Gate de San Francisco.<\/p>\n","protected":false},"excerpt":{"rendered":"<p>Obtenez cette impression Poster City Map de Lisbonne | Portugal, en tant que carte murale. Vous pouvez choisir la taille, la couleur ou le motif de votre carte !<\/p>\n","protected":false},"featured_media":12948,"template":"","meta":{"_uag_custom_page_level_css":"","_monsterinsights_skip_tracking":false,"_monsterinsights_sitenote_active":false,"_monsterinsights_sitenote_note":"","_monsterinsights_sitenote_category":0,"site-sidebar-layout":"default","site-content-layout":"","ast-site-content-layout":"default","site-content-style":"default","site-sidebar-style":"default","ast-global-header-display":"","ast-banner-title-visibility":"","ast-main-header-display":"","ast-hfb-above-header-display":"","ast-hfb-below-header-display":"","ast-hfb-mobile-header-display":"","site-post-title":"","ast-breadcrumbs-content":"","ast-featured-img":"","footer-sml-layout":"","ast-disable-related-posts":"","theme-transparent-header-meta":"default","adv-header-id-meta":"","stick-header-meta":"","header-above-stick-meta":"","header-main-stick-meta":"","header-below-stick-meta":"","astra-migrate-meta-layouts":"set","ast-page-background-enabled":"default","ast-page-background-meta":{"desktop":{"background-color":"","background-image":"","background-repeat":"repeat","background-position":"center center","background-size":"auto","background-attachment":"scroll","background-type":"","background-media":"","overlay-type":"","overlay-color":"","overlay-opacity":"","overlay-gradient":""},"tablet":{"background-color":"","background-image":"","background-repeat":"repeat","background-position":"center center","background-size":"auto","background-attachment":"scroll","background-type":"","background-media":"","overlay-type":"","overlay-color":"","overlay-opacity":"","overlay-gradient":""},"mobile":{"background-color":"","background-image":"","background-repeat":"repeat","background-position":"center center","background-size":"auto","background-attachment":"scroll","background-type":"","background-media":"","overlay-type":"","overlay-color":"","overlay-opacity":"","overlay-gradient":""}},"ast-content-background-meta":{"desktop":{"background-color":"var(--ast-global-color-5)","background-image":"","background-repeat":"repeat","background-position":"center center","background-size":"auto","background-attachment":"scroll","background-type":"","background-media":"","overlay-type":"","overlay-color":"","overlay-opacity":"","overlay-gradient":""},"tablet":{"background-color":"var(--ast-global-color-5)","background-image":"","background-repeat":"repeat","background-position":"center center","background-size":"auto","background-attachment":"scroll","background-type":"","background-media":"","overlay-type":"","overlay-color":"","overlay-opacity":"","overlay-gradient":""},"mobile":{"background-color":"var(--ast-global-color-5)","background-image":"","background-repeat":"repeat","background-position":"center center","background-size":"auto","background-attachment":"scroll","background-type":"","background-media":"","overlay-type":"","overlay-color":"","overlay-opacity":"","overlay-gradient":""}}},"product_brand":[],"product_cat":[18,464],"product_tag":[34,35,36,40,93,477,478,479],"class_list":{"0":"post-12394","1":"product","2":"type-product","3":"status-publish","4":"has-post-thumbnail","6":"product_cat-city-maps","7":"product_cat-featured_fr","8":"product_tag-30x40","9":"product_tag-40x50","10":"product_tag-50x70","11":"product_tag-city-map","12":"product_tag-europe","13":"product_tag-lisboa","14":"product_tag-lisbon","15":"product_tag-portugal","16":"desktop-align-left","17":"tablet-align-left","18":"mobile-align-left","20":"first","21":"instock","22":"shipping-taxable","23":"purchasable","24":"product-type-variable"},"aioseo_notices":[],"uagb_featured_image_src":{"full":["https:\/\/mapospheres.eu\/wp-content\/uploads\/2026\/02\/ZZ_PIC3_BW_LISBON.jpg",1000,1000,false],"thumbnail":["https:\/\/mapospheres.eu\/wp-content\/uploads\/2026\/02\/ZZ_PIC3_BW_LISBON-150x150.jpg",150,150,true],"medium":["https:\/\/mapospheres.eu\/wp-content\/uploads\/2026\/02\/ZZ_PIC3_BW_LISBON-300x300.jpg",300,300,true],"medium_large":["https:\/\/mapospheres.eu\/wp-content\/uploads\/2026\/02\/ZZ_PIC3_BW_LISBON-768x768.jpg",768,768,true],"large":["https:\/\/mapospheres.eu\/wp-content\/uploads\/2026\/02\/ZZ_PIC3_BW_LISBON.jpg",1000,1000,false],"1536x1536":["https:\/\/mapospheres.eu\/wp-content\/uploads\/2026\/02\/ZZ_PIC3_BW_LISBON.jpg",1000,1000,false],"2048x2048":["https:\/\/mapospheres.eu\/wp-content\/uploads\/2026\/02\/ZZ_PIC3_BW_LISBON.jpg",1000,1000,false],"woocommerce_thumbnail":["https:\/\/mapospheres.eu\/wp-content\/uploads\/2026\/02\/ZZ_PIC3_BW_LISBON-300x300.jpg",300,300,true],"woocommerce_single":["https:\/\/mapospheres.eu\/wp-content\/uploads\/2026\/02\/ZZ_PIC3_BW_LISBON-600x600.jpg",600,600,true],"woocommerce_gallery_thumbnail":["https:\/\/mapospheres.eu\/wp-content\/uploads\/2026\/02\/ZZ_PIC3_BW_LISBON-100x100.jpg",100,100,true]},"uagb_author_info":{"display_name":"sgainot04@gmail.com","author_link":"https:\/\/mapospheres.eu\/fr\/author\/"},"uagb_comment_info":0,"uagb_excerpt":"Obtenez cette impression Poster City Map de Lisbonne | Portugal, en tant que carte murale. Vous pouvez choisir la taille, la couleur ou le motif de votre carte !","_links":{"self":[{"href":"https:\/\/mapospheres.eu\/fr\/wp-json\/wp\/v2\/product\/12394","targetHints":{"allow":["GET"]}}],"collection":[{"href":"https:\/\/mapospheres.eu\/fr\/wp-json\/wp\/v2\/product"}],"about":[{"href":"https:\/\/mapospheres.eu\/fr\/wp-json\/wp\/v2\/types\/product"}],"wp:featuredmedia":[{"embeddable":true,"href":"https:\/\/mapospheres.eu\/fr\/wp-json\/wp\/v2\/media\/12948"}],"wp:attachment":[{"href":"https:\/\/mapospheres.eu\/fr\/wp-json\/wp\/v2\/media?parent=12394"}],"wp:term":[{"taxonomy":"product_brand","embeddable":true,"href":"https:\/\/mapospheres.eu\/fr\/wp-json\/wp\/v2\/product_brand?post=12394"},{"taxonomy":"product_cat","embeddable":true,"href":"https:\/\/mapospheres.eu\/fr\/wp-json\/wp\/v2\/product_cat?post=12394"},{"taxonomy":"product_tag","embeddable":true,"href":"https:\/\/mapospheres.eu\/fr\/wp-json\/wp\/v2\/product_tag?post=12394"}],"curies":[{"name":"wp","href":"https:\/\/api.w.org\/{rel}","templated":true}]}}