{"id":12395,"date":"2026-02-11T09:01:48","date_gmt":"2026-02-11T09:01:48","guid":{"rendered":"https:\/\/mapospheres.eu\/product\/poster-of-copenhagen-denmark\/"},"modified":"2026-02-12T14:43:52","modified_gmt":"2026-02-12T14:43:52","slug":"poster-of-copenhagen-denmark","status":"publish","type":"product","link":"https:\/\/mapospheres.eu\/fr\/product\/poster-de-copenhague-danemark\/","title":{"rendered":"Poster de Copenhague | Danemark"},"content":{"rendered":"<p><strong>Poster City map de Copenhague, Danemark : une ville de fl\u00e8ches et de bicyclettes, qui s\u2019\u00e9tend sur cette carte comme un morceau de design danois bien pli\u00e9 \u2014 soign\u00e9, astucieux et silencieusement fier de lui.<\/strong><\/p>\n<p>Reposant pr\u00e8s du d\u00e9troit de l\u2019\u00d8resund, o\u00f9 le Danemark fr\u00f4le presque la Su\u00e8de, la ville se d\u00e9veloppe sur des \u00eeles et des canaux, fa\u00e7onn\u00e9e autant par l\u2019eau que par la terre. C\u2019est un endroit plat, oui \u2014 mais ne confondez pas cela avec l\u2019ennui. Comme dans un bon conte de f\u00e9es, il r\u00e9serve ses surprises \u00e0 ceux qui savent observer. Le relief est doux, presque humble, laissant place \u00e0 de larges boulevards, des jardins royaux et des quartiers chaleureux reli\u00e9s par des parcs verts et des pistes cyclables. Regardez de plus pr\u00e8s et vous verrez l\u2019ancienne forteresse \u00e9toil\u00e9e de Kastellet, o\u00f9 les joggeurs sont d\u00e9sormais plus nombreux que les soldats, et la longue courbe des Lacs, o\u00f9 des cygnes glissent devant des citadins faisant semblant de ne pas \u00eatre sur leurs t\u00e9l\u00e9phones. Au c\u0153ur se trouvent les jardins de Tivoli, charmant encore les visiteurs depuis 1843 et probablement toujours hant\u00e9s par les r\u00eaveries de Hans Christian Andersen. Le palais royal se situe \u00e0 proximit\u00e9, veillant sur tout avec une curiosit\u00e9 calme, tandis que la Petite Sir\u00e8ne \u2014 modeste et encore un peu m\u00e9lancolique \u2014 garde sa place au bord du port. Cette carte est plus que des rues et des b\u00e2timents. Elle raconte une ville construite non seulement sur des plans, mais sur des histoires, l\u2019air salin et la ferme conviction qu\u2019une capitale peut encore donner l\u2019impression d\u2019\u00eatre une petite ville \u2014 si l\u2019on ajoute suffisamment de bicyclettes et une pinc\u00e9e de magie. Une pi\u00e8ce parfaite pour tout mur qui a besoin d\u2019un souffle de charme d\u2019antan et d\u2019un soup\u00e7on d\u2019esprit danois.<\/p>\n","protected":false},"excerpt":{"rendered":"<p>Obtenez cette impression Poster City Map de Copenhague, Danemark, en tant que carte murale. Vous pouvez choisir la taille, la couleur ou le motif de votre carte !<\/p>\n","protected":false},"featured_media":12939,"template":"","meta":{"_uag_custom_page_level_css":"","_monsterinsights_skip_tracking":false,"_monsterinsights_sitenote_active":false,"_monsterinsights_sitenote_note":"","_monsterinsights_sitenote_category":0,"site-sidebar-layout":"default","site-content-layout":"","ast-site-content-layout":"default","site-content-style":"default","site-sidebar-style":"default","ast-global-header-display":"","ast-banner-title-visibility":"","ast-main-header-display":"","ast-hfb-above-header-display":"","ast-hfb-below-header-display":"","ast-hfb-mobile-header-display":"","site-post-title":"","ast-breadcrumbs-content":"","ast-featured-img":"","footer-sml-layout":"","ast-disable-related-posts":"","theme-transparent-header-meta":"default","adv-header-id-meta":"","stick-header-meta":"","header-above-stick-meta":"","header-main-stick-meta":"","header-below-stick-meta":"","astra-migrate-meta-layouts":"set","ast-page-background-enabled":"default","ast-page-background-meta":{"desktop":{"background-color":"","background-image":"","background-repeat":"repeat","background-position":"center center","background-size":"auto","background-attachment":"scroll","background-type":"","background-media":"","overlay-type":"","overlay-color":"","overlay-opacity":"","overlay-gradient":""},"tablet":{"background-color":"","background-image":"","background-repeat":"repeat","background-position":"center center","background-size":"auto","background-attachment":"scroll","background-type":"","background-media":"","overlay-type":"","overlay-color":"","overlay-opacity":"","overlay-gradient":""},"mobile":{"background-color":"","background-image":"","background-repeat":"repeat","background-position":"center center","background-size":"auto","background-attachment":"scroll","background-type":"","background-media":"","overlay-type":"","overlay-color":"","overlay-opacity":"","overlay-gradient":""}},"ast-content-background-meta":{"desktop":{"background-color":"var(--ast-global-color-5)","background-image":"","background-repeat":"repeat","background-position":"center center","background-size":"auto","background-attachment":"scroll","background-type":"","background-media":"","overlay-type":"","overlay-color":"","overlay-opacity":"","overlay-gradient":""},"tablet":{"background-color":"var(--ast-global-color-5)","background-image":"","background-repeat":"repeat","background-position":"center center","background-size":"auto","background-attachment":"scroll","background-type":"","background-media":"","overlay-type":"","overlay-color":"","overlay-opacity":"","overlay-gradient":""},"mobile":{"background-color":"var(--ast-global-color-5)","background-image":"","background-repeat":"repeat","background-position":"center center","background-size":"auto","background-attachment":"scroll","background-type":"","background-media":"","overlay-type":"","overlay-color":"","overlay-opacity":"","overlay-gradient":""}}},"product_brand":[],"product_cat":[18,338],"product_tag":[34,35,36,40,475,476,93],"class_list":{"0":"post-12395","1":"product","2":"type-product","3":"status-publish","4":"has-post-thumbnail","6":"product_cat-city-maps","7":"product_cat-featured_eng","8":"product_tag-30x40","9":"product_tag-40x50","10":"product_tag-50x70","11":"product_tag-city-map","12":"product_tag-copenhagen","13":"product_tag-denmark","14":"product_tag-europe","15":"desktop-align-left","16":"tablet-align-left","17":"mobile-align-left","19":"first","20":"instock","21":"shipping-taxable","22":"purchasable","23":"product-type-variable"},"aioseo_notices":[],"uagb_featured_image_src":{"full":["https:\/\/mapospheres.eu\/wp-content\/uploads\/2026\/02\/ZZ_PIC3_BWR_COPENHAGEN.jpg",1000,1000,false],"thumbnail":["https:\/\/mapospheres.eu\/wp-content\/uploads\/2026\/02\/ZZ_PIC3_BWR_COPENHAGEN-150x150.jpg",150,150,true],"medium":["https:\/\/mapospheres.eu\/wp-content\/uploads\/2026\/02\/ZZ_PIC3_BWR_COPENHAGEN-300x300.jpg",300,300,true],"medium_large":["https:\/\/mapospheres.eu\/wp-content\/uploads\/2026\/02\/ZZ_PIC3_BWR_COPENHAGEN-768x768.jpg",768,768,true],"large":["https:\/\/mapospheres.eu\/wp-content\/uploads\/2026\/02\/ZZ_PIC3_BWR_COPENHAGEN.jpg",1000,1000,false],"1536x1536":["https:\/\/mapospheres.eu\/wp-content\/uploads\/2026\/02\/ZZ_PIC3_BWR_COPENHAGEN.jpg",1000,1000,false],"2048x2048":["https:\/\/mapospheres.eu\/wp-content\/uploads\/2026\/02\/ZZ_PIC3_BWR_COPENHAGEN.jpg",1000,1000,false],"woocommerce_thumbnail":["https:\/\/mapospheres.eu\/wp-content\/uploads\/2026\/02\/ZZ_PIC3_BWR_COPENHAGEN-300x300.jpg",300,300,true],"woocommerce_single":["https:\/\/mapospheres.eu\/wp-content\/uploads\/2026\/02\/ZZ_PIC3_BWR_COPENHAGEN-600x600.jpg",600,600,true],"woocommerce_gallery_thumbnail":["https:\/\/mapospheres.eu\/wp-content\/uploads\/2026\/02\/ZZ_PIC3_BWR_COPENHAGEN-100x100.jpg",100,100,true]},"uagb_author_info":{"display_name":"sgainot04@gmail.com","author_link":"https:\/\/mapospheres.eu\/fr\/author\/"},"uagb_comment_info":0,"uagb_excerpt":"Obtenez cette impression Poster City Map de Copenhague, Danemark, en tant que carte murale. Vous pouvez choisir la taille, la couleur ou le motif de votre carte !","_links":{"self":[{"href":"https:\/\/mapospheres.eu\/fr\/wp-json\/wp\/v2\/product\/12395","targetHints":{"allow":["GET"]}}],"collection":[{"href":"https:\/\/mapospheres.eu\/fr\/wp-json\/wp\/v2\/product"}],"about":[{"href":"https:\/\/mapospheres.eu\/fr\/wp-json\/wp\/v2\/types\/product"}],"wp:featuredmedia":[{"embeddable":true,"href":"https:\/\/mapospheres.eu\/fr\/wp-json\/wp\/v2\/media\/12939"}],"wp:attachment":[{"href":"https:\/\/mapospheres.eu\/fr\/wp-json\/wp\/v2\/media?parent=12395"}],"wp:term":[{"taxonomy":"product_brand","embeddable":true,"href":"https:\/\/mapospheres.eu\/fr\/wp-json\/wp\/v2\/product_brand?post=12395"},{"taxonomy":"product_cat","embeddable":true,"href":"https:\/\/mapospheres.eu\/fr\/wp-json\/wp\/v2\/product_cat?post=12395"},{"taxonomy":"product_tag","embeddable":true,"href":"https:\/\/mapospheres.eu\/fr\/wp-json\/wp\/v2\/product_tag?post=12395"}],"curies":[{"name":"wp","href":"https:\/\/api.w.org\/{rel}","templated":true}]}}