{"id":12398,"date":"2026-02-11T09:01:59","date_gmt":"2026-02-11T09:01:59","guid":{"rendered":"https:\/\/mapospheres.eu\/product\/poster-of-aucun-france-elevation-map\/"},"modified":"2026-02-18T10:37:28","modified_gmt":"2026-02-18T10:37:28","slug":"poster-of-aucun-france-elevation-map","status":"publish","type":"product","link":"https:\/\/mapospheres.eu\/fr\/product\/poster-daucun-france-carte-daltitude\/","title":{"rendered":"Poster d'Aucun France | Carte d'altitude"},"content":{"rendered":"<p>Merci de l\u2019int\u00e9r\u00eat que vous portez \u00e0 notre travail ! \ud83d\ude42<\/p>\n<p>Mapospheres est un savant m\u00e9lange de cartographie et de design. Nous avons cr\u00e9\u00e9 une nouvelle s\u00e9rie de cr\u00e9ations qui met en valeur les courbes de niveau observ\u00e9es dans les villes du monde. Des cartes d\u2019\u00e9l\u00e9vation grand format, imprim\u00e9es \u00e0 la demande et faciles \u00e0 commander !<\/p>\n<p>Vous pouvez choisir N\u2019IMPORTE QUELLE VILLE DU MONDE pour donner du style \u00e0 vos pi\u00e8ces, \u00e0 la maison ou au bureau. Cartographiez vos destinations coup de c\u0153ur ou affichez votre ville de naissance sur votre lieu de travail, ou m\u00eame simplement un endroit o\u00f9 vous n\u2019\u00eates encore jamais all\u00e9\u2026 (pour l\u2019instant).<\/p>\n<p>Merci de consulter la section <a title=\"FAQ\" href=\"https:\/\/mapospheres.eu\/faq\/\" target=\"_blank\" rel=\"noopener\">FAQ<\/a> et n\u2019h\u00e9sitez pas \u00e0 me <a title=\"contact\" href=\"https:\/\/mapospheres.eu\/contact\/\" target=\"_blank\" rel=\"noopener\">contacter<\/a> si vous avez la moindre question !<\/p>\n","protected":false},"excerpt":{"rendered":"<p>Procurez-vous ce Poster de la carte d&rsquo;atitude d&rsquo;Aucun, France, en tant que carte murale. Vous pouvez choisir la taille ou le motif de votre carte !<\/p>\n","protected":false},"featured_media":14583,"template":"","meta":{"_uag_custom_page_level_css":"","_monsterinsights_skip_tracking":false,"_monsterinsights_sitenote_active":false,"_monsterinsights_sitenote_note":"","_monsterinsights_sitenote_category":0,"site-sidebar-layout":"default","site-content-layout":"","ast-site-content-layout":"default","site-content-style":"default","site-sidebar-style":"default","ast-global-header-display":"","ast-banner-title-visibility":"","ast-main-header-display":"","ast-hfb-above-header-display":"","ast-hfb-below-header-display":"","ast-hfb-mobile-header-display":"","site-post-title":"","ast-breadcrumbs-content":"","ast-featured-img":"","footer-sml-layout":"","ast-disable-related-posts":"","theme-transparent-header-meta":"default","adv-header-id-meta":"","stick-header-meta":"","header-above-stick-meta":"","header-main-stick-meta":"","header-below-stick-meta":"","astra-migrate-meta-layouts":"set","ast-page-background-enabled":"default","ast-page-background-meta":{"desktop":{"background-color":"","background-image":"","background-repeat":"repeat","background-position":"center center","background-size":"auto","background-attachment":"scroll","background-type":"","background-media":"","overlay-type":"","overlay-color":"","overlay-opacity":"","overlay-gradient":""},"tablet":{"background-color":"","background-image":"","background-repeat":"repeat","background-position":"center center","background-size":"auto","background-attachment":"scroll","background-type":"","background-media":"","overlay-type":"","overlay-color":"","overlay-opacity":"","overlay-gradient":""},"mobile":{"background-color":"","background-image":"","background-repeat":"repeat","background-position":"center center","background-size":"auto","background-attachment":"scroll","background-type":"","background-media":"","overlay-type":"","overlay-color":"","overlay-opacity":"","overlay-gradient":""}},"ast-content-background-meta":{"desktop":{"background-color":"var(--ast-global-color-5)","background-image":"","background-repeat":"repeat","background-position":"center center","background-size":"auto","background-attachment":"scroll","background-type":"","background-media":"","overlay-type":"","overlay-color":"","overlay-opacity":"","overlay-gradient":""},"tablet":{"background-color":"var(--ast-global-color-5)","background-image":"","background-repeat":"repeat","background-position":"center center","background-size":"auto","background-attachment":"scroll","background-type":"","background-media":"","overlay-type":"","overlay-color":"","overlay-opacity":"","overlay-gradient":""},"mobile":{"background-color":"var(--ast-global-color-5)","background-image":"","background-repeat":"repeat","background-position":"center center","background-size":"auto","background-attachment":"scroll","background-type":"","background-media":"","overlay-type":"","overlay-color":"","overlay-opacity":"","overlay-gradient":""}}},"product_brand":[],"product_cat":[90],"product_tag":[34,35,553,92,93,100],"class_list":{"0":"post-12398","1":"product","2":"type-product","3":"status-publish","4":"has-post-thumbnail","6":"product_cat-elevation-maps","7":"product_tag-30x40","8":"product_tag-40x50","9":"product_tag-aucun","10":"product_tag-elevation-map","11":"product_tag-europe","12":"product_tag-france","13":"desktop-align-left","14":"tablet-align-left","15":"mobile-align-left","17":"first","18":"instock","19":"shipping-taxable","20":"purchasable","21":"product-type-variable"},"aioseo_notices":[],"uagb_featured_image_src":{"full":["https:\/\/mapospheres.eu\/wp-content\/uploads\/2026\/02\/ELEV_FANCYVIEW_AUCUN.jpg",1000,1000,false],"thumbnail":["https:\/\/mapospheres.eu\/wp-content\/uploads\/2026\/02\/ELEV_FANCYVIEW_AUCUN-150x150.jpg",150,150,true],"medium":["https:\/\/mapospheres.eu\/wp-content\/uploads\/2026\/02\/ELEV_FANCYVIEW_AUCUN-300x300.jpg",300,300,true],"medium_large":["https:\/\/mapospheres.eu\/wp-content\/uploads\/2026\/02\/ELEV_FANCYVIEW_AUCUN-768x768.jpg",768,768,true],"large":["https:\/\/mapospheres.eu\/wp-content\/uploads\/2026\/02\/ELEV_FANCYVIEW_AUCUN.jpg",1000,1000,false],"1536x1536":["https:\/\/mapospheres.eu\/wp-content\/uploads\/2026\/02\/ELEV_FANCYVIEW_AUCUN.jpg",1000,1000,false],"2048x2048":["https:\/\/mapospheres.eu\/wp-content\/uploads\/2026\/02\/ELEV_FANCYVIEW_AUCUN.jpg",1000,1000,false],"woocommerce_thumbnail":["https:\/\/mapospheres.eu\/wp-content\/uploads\/2026\/02\/ELEV_FANCYVIEW_AUCUN-300x300.jpg",300,300,true],"woocommerce_single":["https:\/\/mapospheres.eu\/wp-content\/uploads\/2026\/02\/ELEV_FANCYVIEW_AUCUN-600x600.jpg",600,600,true],"woocommerce_gallery_thumbnail":["https:\/\/mapospheres.eu\/wp-content\/uploads\/2026\/02\/ELEV_FANCYVIEW_AUCUN-100x100.jpg",100,100,true]},"uagb_author_info":{"display_name":"sgainot04@gmail.com","author_link":"https:\/\/mapospheres.eu\/fr\/author\/"},"uagb_comment_info":0,"uagb_excerpt":"Procurez-vous ce Poster de la carte d'atitude d'Aucun, France, en tant que carte murale. Vous pouvez choisir la taille ou le motif de votre carte !","_links":{"self":[{"href":"https:\/\/mapospheres.eu\/fr\/wp-json\/wp\/v2\/product\/12398","targetHints":{"allow":["GET"]}}],"collection":[{"href":"https:\/\/mapospheres.eu\/fr\/wp-json\/wp\/v2\/product"}],"about":[{"href":"https:\/\/mapospheres.eu\/fr\/wp-json\/wp\/v2\/types\/product"}],"wp:featuredmedia":[{"embeddable":true,"href":"https:\/\/mapospheres.eu\/fr\/wp-json\/wp\/v2\/media\/14583"}],"wp:attachment":[{"href":"https:\/\/mapospheres.eu\/fr\/wp-json\/wp\/v2\/media?parent=12398"}],"wp:term":[{"taxonomy":"product_brand","embeddable":true,"href":"https:\/\/mapospheres.eu\/fr\/wp-json\/wp\/v2\/product_brand?post=12398"},{"taxonomy":"product_cat","embeddable":true,"href":"https:\/\/mapospheres.eu\/fr\/wp-json\/wp\/v2\/product_cat?post=12398"},{"taxonomy":"product_tag","embeddable":true,"href":"https:\/\/mapospheres.eu\/fr\/wp-json\/wp\/v2\/product_tag?post=12398"}],"curies":[{"name":"wp","href":"https:\/\/api.w.org\/{rel}","templated":true}]}}