{"id":13161,"date":"2026-02-11T15:50:48","date_gmt":"2026-02-11T15:50:48","guid":{"rendered":"https:\/\/mapospheres.eu\/product\/ultimate-frisbee-401-the-map\/"},"modified":"2026-02-13T14:10:00","modified_gmt":"2026-02-13T14:10:00","slug":"ultimate-frisbee-401-the-map","status":"publish","type":"product","link":"https:\/\/mapospheres.eu\/fr\/product\/ultimate-frisbee-401-la-carte\/","title":{"rendered":"Ultimate Frisbee 401 - La Carte"},"content":{"rendered":"<p><meta http-equiv=\"CONTENT-TYPE\" content=\"text\/html; charset=utf-8\"><meta name=\"GENERATOR\" content=\"OpenOffice 4.1.6  (Win32)\"><\/p>\n<style type=\"text\/css\"><!--\n@page \n\t\tP \n--><\/style>\n<style><!--\n.embed-container  .embed-container iframe, .embed-container object, .embed-container embed \n--><\/style>\n<div style=\"text-align: center;\">\n<div class=\"embed-container\"><iframe src=\"https:\/\/www.youtube.com\/embed\/FfqEMmVzr1E\" frameborder=\"0\" allowfullscreen=\"\"><\/iframe><\/div>\n<\/div>\n<p><\/p>\n<p><\/p>\n<div style=\"text-align: center;\"><\/div>\n<div style=\"text-align: center;\">\n<span style=\"font-family: 'Arial', serif;\" face=\"Times New Roman, serif\">ULTIMATE FRISBEE\u00a9<\/span> &#8211; 2020 Edition!<\/div>\n<div style=\"text-align: center;\"><\/div>\n<div style=\"text-align: center;\"><\/div>\n<div style=\"text-align: center;\">First paper map about&nbsp;Ultimate Frisbee<\/div>\n<div style=\"text-align: center;\"><span>**FREE worldwide airmail shipping**<\/span><\/div>\n<p style=\"text-align: center;\">&#8211; Mapospheres. Illustrated Maps to say who you are &#8211;<\/p>\n<p><\/p>\n<p>Savant m\u00e9lange de cartographie et de design, Mapospheres a cr\u00e9\u00e9 une Poster City Map du monde pour les joueurs d\u2019ultimate. Elle g\u00e9olocalise 400+ clubs et fournit des informations sur leur historique de victoires au cours des 2 derni\u00e8res ann\u00e9es&#8230; et plus encore. Vous pouvez \u00e9pingler vos clubs favoris avec lesquels vous avez jou\u00e9 ou localiser les prochains \u00e0 l\u2019aide d\u2019un marqueur sur notre film inscriptible. La carte est propos\u00e9e en grand format, imprim\u00e9e \u00e0 la demande et facile \u00e0 commander, que vous soyez d\u00e9butant ou joueur confirm\u00e9 !<\/p>\n<p><\/p>\n<p>Ses illustrations na\u00efves, color\u00e9es et d\u00e9di\u00e9es sont un clin d\u2019\u0153il affectueux aux valeurs de notre sport, \u00e0 l\u2019ambiance des \u00e9co-tournois et \u00e0 toute la communaut\u00e9 du flying disc&nbsp;! Ce sport est encore jeune et relativement amateur, alors pourquoi ne pas le mettre en valeur aupr\u00e8s des autres \u00e0 travers une carte&nbsp;?<\/p>\n<p><\/p>\n<p>&#8211; D\u00e9tails du poster &#8211;<\/p>\n<ul>\n<li>\n<p>92 x 52 cm (36&Prime; x 20.5&Prime;)<\/p>\n<\/li>\n<li>\n<p>Papier sans acide<\/p>\n<\/li>\n<li>\n<p>Rev\u00eatement inscriptible pour ajouter vos propres informations<\/p>\n<\/li>\n<\/ul>\n<p><\/p>\n<p> Merci de consulter la section <a href=\"https:\/\/mapospheres.eu\/faq\/\" title=\"FAQ\" target=\"_blank\">FAQ<\/a> et n\u2019h\u00e9sitez pas \u00e0 me <a href=\"https:\/\/mapospheres.eu\/contact\/\" title=\"contact\" target=\"_blank\">contacter<\/a> si vous avez la moindre question&nbsp;!<\/p>\n","protected":false},"excerpt":{"rendered":"<p>Obtenez cette carte Vintage des clubs d\u2019Ultimate Frisbee dans le monde en 2020 !<\/p>\n","protected":false},"featured_media":13171,"template":"","meta":{"_uag_custom_page_level_css":"","_monsterinsights_skip_tracking":false,"_monsterinsights_sitenote_active":false,"_monsterinsights_sitenote_note":"","_monsterinsights_sitenote_category":0,"site-sidebar-layout":"default","site-content-layout":"","ast-site-content-layout":"default","site-content-style":"default","site-sidebar-style":"default","ast-global-header-display":"","ast-banner-title-visibility":"","ast-main-header-display":"","ast-hfb-above-header-display":"","ast-hfb-below-header-display":"","ast-hfb-mobile-header-display":"","site-post-title":"","ast-breadcrumbs-content":"","ast-featured-img":"","footer-sml-layout":"","ast-disable-related-posts":"","theme-transparent-header-meta":"default","adv-header-id-meta":"","stick-header-meta":"","header-above-stick-meta":"","header-main-stick-meta":"","header-below-stick-meta":"","astra-migrate-meta-layouts":"set","ast-page-background-enabled":"default","ast-page-background-meta":{"desktop":{"background-color":"","background-image":"","background-repeat":"repeat","background-position":"center center","background-size":"auto","background-attachment":"scroll","background-type":"","background-media":"","overlay-type":"","overlay-color":"","overlay-opacity":"","overlay-gradient":""},"tablet":{"background-color":"","background-image":"","background-repeat":"repeat","background-position":"center center","background-size":"auto","background-attachment":"scroll","background-type":"","background-media":"","overlay-type":"","overlay-color":"","overlay-opacity":"","overlay-gradient":""},"mobile":{"background-color":"","background-image":"","background-repeat":"repeat","background-position":"center center","background-size":"auto","background-attachment":"scroll","background-type":"","background-media":"","overlay-type":"","overlay-color":"","overlay-opacity":"","overlay-gradient":""}},"ast-content-background-meta":{"desktop":{"background-color":"var(--ast-global-color-5)","background-image":"","background-repeat":"repeat","background-position":"center center","background-size":"auto","background-attachment":"scroll","background-type":"","background-media":"","overlay-type":"","overlay-color":"","overlay-opacity":"","overlay-gradient":""},"tablet":{"background-color":"var(--ast-global-color-5)","background-image":"","background-repeat":"repeat","background-position":"center center","background-size":"auto","background-attachment":"scroll","background-type":"","background-media":"","overlay-type":"","overlay-color":"","overlay-opacity":"","overlay-gradient":""},"mobile":{"background-color":"var(--ast-global-color-5)","background-image":"","background-repeat":"repeat","background-position":"center center","background-size":"auto","background-attachment":"scroll","background-type":"","background-media":"","overlay-type":"","overlay-color":"","overlay-opacity":"","overlay-gradient":""}}},"product_brand":[],"product_cat":[466],"product_tag":[492,501,61,493,502,500],"class_list":{"0":"post-13161","1":"product","2":"type-product","3":"status-publish","4":"has-post-thumbnail","6":"product_cat-vintage-maps","7":"product_tag-activity-map","8":"product_tag-frisbee","9":"product_tag-map","10":"product_tag-outdoor","11":"product_tag-ultimate","12":"product_tag-world-map","13":"desktop-align-left","14":"tablet-align-left","15":"mobile-align-left","17":"first","18":"instock","19":"shipping-taxable","20":"purchasable","21":"product-type-simple"},"aioseo_notices":[],"uagb_featured_image_src":{"full":["https:\/\/mapospheres.eu\/wp-content\/uploads\/2026\/02\/PUB_CARRE_1080px.jpg",1080,1080,false],"thumbnail":["https:\/\/mapospheres.eu\/wp-content\/uploads\/2026\/02\/PUB_CARRE_1080px-150x150.jpg",150,150,true],"medium":["https:\/\/mapospheres.eu\/wp-content\/uploads\/2026\/02\/PUB_CARRE_1080px-300x300.jpg",300,300,true],"medium_large":["https:\/\/mapospheres.eu\/wp-content\/uploads\/2026\/02\/PUB_CARRE_1080px-768x768.jpg",768,768,true],"large":["https:\/\/mapospheres.eu\/wp-content\/uploads\/2026\/02\/PUB_CARRE_1080px-1024x1024.jpg",1024,1024,true],"1536x1536":["https:\/\/mapospheres.eu\/wp-content\/uploads\/2026\/02\/PUB_CARRE_1080px.jpg",1080,1080,false],"2048x2048":["https:\/\/mapospheres.eu\/wp-content\/uploads\/2026\/02\/PUB_CARRE_1080px.jpg",1080,1080,false],"woocommerce_thumbnail":["https:\/\/mapospheres.eu\/wp-content\/uploads\/2026\/02\/PUB_CARRE_1080px-300x300.jpg",300,300,true],"woocommerce_single":["https:\/\/mapospheres.eu\/wp-content\/uploads\/2026\/02\/PUB_CARRE_1080px-600x600.jpg",600,600,true],"woocommerce_gallery_thumbnail":["https:\/\/mapospheres.eu\/wp-content\/uploads\/2026\/02\/PUB_CARRE_1080px-100x100.jpg",100,100,true]},"uagb_author_info":{"display_name":"sgainot04@gmail.com","author_link":"https:\/\/mapospheres.eu\/fr\/author\/"},"uagb_comment_info":0,"uagb_excerpt":"Obtenez cette carte Vintage des clubs d\u2019Ultimate Frisbee dans le monde en 2020 !","_links":{"self":[{"href":"https:\/\/mapospheres.eu\/fr\/wp-json\/wp\/v2\/product\/13161","targetHints":{"allow":["GET"]}}],"collection":[{"href":"https:\/\/mapospheres.eu\/fr\/wp-json\/wp\/v2\/product"}],"about":[{"href":"https:\/\/mapospheres.eu\/fr\/wp-json\/wp\/v2\/types\/product"}],"wp:featuredmedia":[{"embeddable":true,"href":"https:\/\/mapospheres.eu\/fr\/wp-json\/wp\/v2\/media\/13171"}],"wp:attachment":[{"href":"https:\/\/mapospheres.eu\/fr\/wp-json\/wp\/v2\/media?parent=13161"}],"wp:term":[{"taxonomy":"product_brand","embeddable":true,"href":"https:\/\/mapospheres.eu\/fr\/wp-json\/wp\/v2\/product_brand?post=13161"},{"taxonomy":"product_cat","embeddable":true,"href":"https:\/\/mapospheres.eu\/fr\/wp-json\/wp\/v2\/product_cat?post=13161"},{"taxonomy":"product_tag","embeddable":true,"href":"https:\/\/mapospheres.eu\/fr\/wp-json\/wp\/v2\/product_tag?post=13161"}],"curies":[{"name":"wp","href":"https:\/\/api.w.org\/{rel}","templated":true}]}}