{"id":14711,"date":"2026-02-12T14:52:09","date_gmt":"2026-02-12T14:52:09","guid":{"rendered":"https:\/\/mapospheres.eu\/product\/poster-of-johannesburg-south-africa\/"},"modified":"2026-03-06T15:47:14","modified_gmt":"2026-03-06T15:47:14","slug":"poster-of-johannesburg-south-africa","status":"publish","type":"product","link":"https:\/\/mapospheres.eu\/fr\/product\/poster-de-johannesburg-afrique-du-sud\/","title":{"rendered":"Poster de Johannesburg | Afrique du Sud"},"content":{"rendered":"<p><strong>Poster City map de Johannesburg, Afrique du Sud: \u00ab\u00a0Joburg\u00a0\u00bb, comme on l&rsquo;appelle affectueusement, est une ville b\u00e2tie sur la terre o\u00f9 l&rsquo;or a \u00e9t\u00e9 d\u00e9couvert pour la premi\u00e8re fois, et cette carte capture la beaut\u00e9 rugueuse et l&rsquo;esprit dynamique de la ville dans tous ses d\u00e9tails topographiques.<\/strong><\/p>\n<p>Situ\u00e9e sur le highveld, le paysage de Johannesburg est un patchwork de collines et de vall\u00e9es qui s&rsquo;\u00e9l\u00e8vent des plaines plates, certaines zones se trouvant \u00e0 plus de 6 000 pieds d&rsquo;altitude. Cela conf\u00e8re \u00e0 la ville un m\u00e9lange unique de vues panoramiques et de pentes spectaculaires, notamment dans des zones comme les banlieues verdoyantes du nord, o\u00f9 les collines ondulantes offrent un contraste saisissant avec l&rsquo;expansion urbaine en contrebas. La carte de Johannesburg r\u00e9v\u00e8le non seulement son terrain, mais aussi ses espaces verts, qui offrent une \u00e9chapp\u00e9e \u00e0 l&rsquo;agitation de la ville. Les c\u00e9l\u00e8bres jardins botaniques de Johannesburg, avec leurs lacs paisibles et leurs grands arbres ombrag\u00e9s, constituent une oasis au milieu de l&rsquo;effervescence urbaine. Non loin, la vaste et pittoresque r\u00e9serve naturelle de Klipriviersberg offre une \u00e9chapp\u00e9e plus sauvage, avec des vues sur l&rsquo;\u00e9tendue de la ville et un aper\u00e7u de l&rsquo;histoire de Johannesburg en tant que ville mini\u00e8re d&rsquo;or, avec de vieux puits de mine diss\u00e9min\u00e9s dans la r\u00e9gion. Au c\u0153ur de la ville, les vastes zones urbaines sont entrecoup\u00e9es de parcs et d&rsquo;arbres, avec des sites embl\u00e9matiques comme l&rsquo;iconique Gold Reef City\u2014un parc \u00e0 th\u00e8me construit autour du riche pass\u00e9 minier de Johannesburg. Au sud, le c\u00e9l\u00e8bre township de Soweto se dresse comme un symbole de r\u00e9silience et un rappel de l&rsquo;histoire complexe de la ville, un endroit o\u00f9 l&rsquo;histoire du cheminement de l&rsquo;Afrique du Sud vers la libert\u00e9 est inscrite dans chaque rue.<\/p>\n","protected":false},"excerpt":{"rendered":"<p>Obtenez une City Map \u2013 Carte de ville murale &#8211; imprim\u00e9e de la ville de Johannesburg, Afrique du Sud.<br \/>\nChoisissez ci-dessous la taille, la couleur et le design de votre carte !<\/p>\n","protected":false},"featured_media":16786,"template":"","meta":{"_uag_custom_page_level_css":"","_monsterinsights_skip_tracking":false,"_monsterinsights_sitenote_active":false,"_monsterinsights_sitenote_note":"","_monsterinsights_sitenote_category":0,"site-sidebar-layout":"default","site-content-layout":"","ast-site-content-layout":"default","site-content-style":"default","site-sidebar-style":"default","ast-global-header-display":"","ast-banner-title-visibility":"","ast-main-header-display":"","ast-hfb-above-header-display":"","ast-hfb-below-header-display":"","ast-hfb-mobile-header-display":"","site-post-title":"","ast-breadcrumbs-content":"","ast-featured-img":"","footer-sml-layout":"","ast-disable-related-posts":"","theme-transparent-header-meta":"default","adv-header-id-meta":"","stick-header-meta":"","header-above-stick-meta":"","header-main-stick-meta":"","header-below-stick-meta":"","astra-migrate-meta-layouts":"set","ast-page-background-enabled":"default","ast-page-background-meta":{"desktop":{"background-color":"","background-image":"","background-repeat":"repeat","background-position":"center center","background-size":"auto","background-attachment":"scroll","background-type":"","background-media":"","overlay-type":"","overlay-color":"","overlay-opacity":"","overlay-gradient":""},"tablet":{"background-color":"","background-image":"","background-repeat":"repeat","background-position":"center center","background-size":"auto","background-attachment":"scroll","background-type":"","background-media":"","overlay-type":"","overlay-color":"","overlay-opacity":"","overlay-gradient":""},"mobile":{"background-color":"","background-image":"","background-repeat":"repeat","background-position":"center center","background-size":"auto","background-attachment":"scroll","background-type":"","background-media":"","overlay-type":"","overlay-color":"","overlay-opacity":"","overlay-gradient":""}},"ast-content-background-meta":{"desktop":{"background-color":"var(--ast-global-color-5)","background-image":"","background-repeat":"repeat","background-position":"center center","background-size":"auto","background-attachment":"scroll","background-type":"","background-media":"","overlay-type":"","overlay-color":"","overlay-opacity":"","overlay-gradient":""},"tablet":{"background-color":"var(--ast-global-color-5)","background-image":"","background-repeat":"repeat","background-position":"center center","background-size":"auto","background-attachment":"scroll","background-type":"","background-media":"","overlay-type":"","overlay-color":"","overlay-opacity":"","overlay-gradient":""},"mobile":{"background-color":"var(--ast-global-color-5)","background-image":"","background-repeat":"repeat","background-position":"center center","background-size":"auto","background-attachment":"scroll","background-type":"","background-media":"","overlay-type":"","overlay-color":"","overlay-opacity":"","overlay-gradient":""}}},"product_brand":[],"product_cat":[18,338],"product_tag":[34,35,36,97,39,40,681,671],"class_list":{"0":"post-14711","1":"product","2":"type-product","3":"status-publish","4":"has-post-thumbnail","6":"product_cat-city-maps","7":"product_cat-featured_eng","8":"product_tag-30x40","9":"product_tag-40x50","10":"product_tag-50x70","11":"product_tag-africa","12":"product_tag-canvas","13":"product_tag-city-map","14":"product_tag-johannesburg","15":"product_tag-south-africa","16":"desktop-align-left","17":"tablet-align-left","18":"mobile-align-left","20":"first","21":"instock","22":"shipping-taxable","23":"purchasable","24":"product-type-variable"},"aioseo_notices":[],"uagb_featured_image_src":{"full":["https:\/\/mapospheres.eu\/wp-content\/uploads\/2026\/02\/CANVAS_2_BWROUND_JOHANNESBURG.jpg",1000,1000,false],"thumbnail":["https:\/\/mapospheres.eu\/wp-content\/uploads\/2026\/02\/CANVAS_2_BWROUND_JOHANNESBURG-150x150.jpg",150,150,true],"medium":["https:\/\/mapospheres.eu\/wp-content\/uploads\/2026\/02\/CANVAS_2_BWROUND_JOHANNESBURG-300x300.jpg",300,300,true],"medium_large":["https:\/\/mapospheres.eu\/wp-content\/uploads\/2026\/02\/CANVAS_2_BWROUND_JOHANNESBURG-768x768.jpg",768,768,true],"large":["https:\/\/mapospheres.eu\/wp-content\/uploads\/2026\/02\/CANVAS_2_BWROUND_JOHANNESBURG.jpg",1000,1000,false],"1536x1536":["https:\/\/mapospheres.eu\/wp-content\/uploads\/2026\/02\/CANVAS_2_BWROUND_JOHANNESBURG.jpg",1000,1000,false],"2048x2048":["https:\/\/mapospheres.eu\/wp-content\/uploads\/2026\/02\/CANVAS_2_BWROUND_JOHANNESBURG.jpg",1000,1000,false],"woocommerce_thumbnail":["https:\/\/mapospheres.eu\/wp-content\/uploads\/2026\/02\/CANVAS_2_BWROUND_JOHANNESBURG-300x300.jpg",300,300,true],"woocommerce_single":["https:\/\/mapospheres.eu\/wp-content\/uploads\/2026\/02\/CANVAS_2_BWROUND_JOHANNESBURG-600x600.jpg",600,600,true],"woocommerce_gallery_thumbnail":["https:\/\/mapospheres.eu\/wp-content\/uploads\/2026\/02\/CANVAS_2_BWROUND_JOHANNESBURG-100x100.jpg",100,100,true]},"uagb_author_info":{"display_name":"sgainot04@gmail.com","author_link":"https:\/\/mapospheres.eu\/fr\/author\/"},"uagb_comment_info":0,"uagb_excerpt":"Obtenez une City Map \u2013 Carte de ville murale - imprim\u00e9e de la ville de Johannesburg, Afrique du Sud. Choisissez ci-dessous la taille, la couleur et le design de votre carte !","_links":{"self":[{"href":"https:\/\/mapospheres.eu\/fr\/wp-json\/wp\/v2\/product\/14711","targetHints":{"allow":["GET"]}}],"collection":[{"href":"https:\/\/mapospheres.eu\/fr\/wp-json\/wp\/v2\/product"}],"about":[{"href":"https:\/\/mapospheres.eu\/fr\/wp-json\/wp\/v2\/types\/product"}],"wp:featuredmedia":[{"embeddable":true,"href":"https:\/\/mapospheres.eu\/fr\/wp-json\/wp\/v2\/media\/16786"}],"wp:attachment":[{"href":"https:\/\/mapospheres.eu\/fr\/wp-json\/wp\/v2\/media?parent=14711"}],"wp:term":[{"taxonomy":"product_brand","embeddable":true,"href":"https:\/\/mapospheres.eu\/fr\/wp-json\/wp\/v2\/product_brand?post=14711"},{"taxonomy":"product_cat","embeddable":true,"href":"https:\/\/mapospheres.eu\/fr\/wp-json\/wp\/v2\/product_cat?post=14711"},{"taxonomy":"product_tag","embeddable":true,"href":"https:\/\/mapospheres.eu\/fr\/wp-json\/wp\/v2\/product_tag?post=14711"}],"curies":[{"name":"wp","href":"https:\/\/api.w.org\/{rel}","templated":true}]}}