{"id":14712,"date":"2026-02-12T14:52:13","date_gmt":"2026-02-12T14:52:13","guid":{"rendered":"https:\/\/mapospheres.eu\/product\/love-maps-poster-custom-your-maps\/"},"modified":"2026-02-18T10:30:34","modified_gmt":"2026-02-18T10:30:34","slug":"love-maps-poster-custom-your-maps","status":"publish","type":"product","link":"https:\/\/mapospheres.eu\/fr\/product\/poster-personnalise-love-map\/","title":{"rendered":"Poster personnalis\u00e9 | Love Map"},"content":{"rendered":"<p>Merci de l&rsquo;int\u00e9r\u00eat que vous portez \u00e0 notre travail\u00a0! \ud83d\ude42 <\/p>\n<p>Mapospheres est un savant m\u00e9lange de cartographie et de design pour refl\u00e9ter votre diversit\u00e9 et exprimer votre amour ! Nous avons cr\u00e9\u00e9 une s\u00e9rie de designs artistiques uniques qui mettent en valeur les villes d\u2019origine de chaque membre d\u2019un couple et les combinent sur de grandes cartes urbaines. Des cartes grand format, imprim\u00e9es \u00e0 la demande et faciles \u00e0 commander !<\/p>\n<p> Choisissez n&rsquo;importe quelle ville du monde pour d\u00e9corer votre int\u00e9rieur, que ce soit \u00e0 la maison ou au bureau. Cartographiez vos destinations de voyage \u00ab\u00a0coup de c\u0153ur\u00a0\u00bb, affichez votre ville de naissance sur votre lieu de travail ou exposez m\u00eame un endroit o\u00f9 vous n&rsquo;\u00eates jamais (encore\u00a0!) all\u00e9s !<\/p>\n<p> Veuillez consulter la rubrique<a title=\"FAQ\" href=\"https:\/\/mapospheres.eu\/fr\/faq\/\" target=\"_blank\">FAQ<\/a> et n&rsquo;h\u00e9sitez pas \u00e0 me <a title=\"contact\" href=\"https:\/\/mapospheres.eu\/fr\/contact\/\" target=\"_blank\">contacter<\/a> si vous avez des questions\u00a0!<\/p>\n","protected":false},"excerpt":{"rendered":"<p>Obtenez ce poster Love Map &#8211; Carte d&rsquo;amour &#8211; en version carte murale. Vous pouvez choisir la taille de votre carte, puis laissez-nous une note avec les noms des villes que vous souhaitez combiner au moment de finaliser votre commande !<\/p>\n","protected":false},"featured_media":16748,"template":"","meta":{"_uag_custom_page_level_css":"","_monsterinsights_skip_tracking":false,"_monsterinsights_sitenote_active":false,"_monsterinsights_sitenote_note":"","_monsterinsights_sitenote_category":0,"site-sidebar-layout":"default","site-content-layout":"","ast-site-content-layout":"default","site-content-style":"default","site-sidebar-style":"default","ast-global-header-display":"","ast-banner-title-visibility":"","ast-main-header-display":"","ast-hfb-above-header-display":"","ast-hfb-below-header-display":"","ast-hfb-mobile-header-display":"","site-post-title":"","ast-breadcrumbs-content":"","ast-featured-img":"","footer-sml-layout":"","ast-disable-related-posts":"","theme-transparent-header-meta":"default","adv-header-id-meta":"","stick-header-meta":"","header-above-stick-meta":"","header-main-stick-meta":"","header-below-stick-meta":"","astra-migrate-meta-layouts":"set","ast-page-background-enabled":"default","ast-page-background-meta":{"desktop":{"background-color":"","background-image":"","background-repeat":"repeat","background-position":"center center","background-size":"auto","background-attachment":"scroll","background-type":"","background-media":"","overlay-type":"","overlay-color":"","overlay-opacity":"","overlay-gradient":""},"tablet":{"background-color":"","background-image":"","background-repeat":"repeat","background-position":"center center","background-size":"auto","background-attachment":"scroll","background-type":"","background-media":"","overlay-type":"","overlay-color":"","overlay-opacity":"","overlay-gradient":""},"mobile":{"background-color":"","background-image":"","background-repeat":"repeat","background-position":"center center","background-size":"auto","background-attachment":"scroll","background-type":"","background-media":"","overlay-type":"","overlay-color":"","overlay-opacity":"","overlay-gradient":""}},"ast-content-background-meta":{"desktop":{"background-color":"var(--ast-global-color-5)","background-image":"","background-repeat":"repeat","background-position":"center center","background-size":"auto","background-attachment":"scroll","background-type":"","background-media":"","overlay-type":"","overlay-color":"","overlay-opacity":"","overlay-gradient":""},"tablet":{"background-color":"var(--ast-global-color-5)","background-image":"","background-repeat":"repeat","background-position":"center center","background-size":"auto","background-attachment":"scroll","background-type":"","background-media":"","overlay-type":"","overlay-color":"","overlay-opacity":"","overlay-gradient":""},"mobile":{"background-color":"var(--ast-global-color-5)","background-image":"","background-repeat":"repeat","background-position":"center center","background-size":"auto","background-attachment":"scroll","background-type":"","background-media":"","overlay-type":"","overlay-color":"","overlay-opacity":"","overlay-gradient":""}}},"product_brand":[],"product_cat":[265,112],"product_tag":[34,35,36,37,243,39,246,114],"class_list":{"0":"post-14712","1":"product","2":"type-product","3":"status-publish","4":"has-post-thumbnail","6":"product_cat-custom-your-maps","7":"product_cat-love-maps","8":"product_tag-30x40","9":"product_tag-40x50","10":"product_tag-50x70","11":"product_tag-70x100","12":"product_tag-80x60","13":"product_tag-canvas","14":"product_tag-custom-map","15":"product_tag-love-maps","16":"desktop-align-left","17":"tablet-align-left","18":"mobile-align-left","20":"first","21":"instock","22":"shipping-taxable","23":"purchasable","24":"product-type-variable"},"aioseo_notices":[],"uagb_featured_image_src":{"full":["https:\/\/mapospheres.eu\/wp-content\/uploads\/2026\/02\/ZZ_MAINPIC__LOVEMAP_CUSTOM.jpg",1000,1000,false],"thumbnail":["https:\/\/mapospheres.eu\/wp-content\/uploads\/2026\/02\/ZZ_MAINPIC__LOVEMAP_CUSTOM-150x150.jpg",150,150,true],"medium":["https:\/\/mapospheres.eu\/wp-content\/uploads\/2026\/02\/ZZ_MAINPIC__LOVEMAP_CUSTOM-300x300.jpg",300,300,true],"medium_large":["https:\/\/mapospheres.eu\/wp-content\/uploads\/2026\/02\/ZZ_MAINPIC__LOVEMAP_CUSTOM-768x768.jpg",768,768,true],"large":["https:\/\/mapospheres.eu\/wp-content\/uploads\/2026\/02\/ZZ_MAINPIC__LOVEMAP_CUSTOM.jpg",1000,1000,false],"1536x1536":["https:\/\/mapospheres.eu\/wp-content\/uploads\/2026\/02\/ZZ_MAINPIC__LOVEMAP_CUSTOM.jpg",1000,1000,false],"2048x2048":["https:\/\/mapospheres.eu\/wp-content\/uploads\/2026\/02\/ZZ_MAINPIC__LOVEMAP_CUSTOM.jpg",1000,1000,false],"woocommerce_thumbnail":["https:\/\/mapospheres.eu\/wp-content\/uploads\/2026\/02\/ZZ_MAINPIC__LOVEMAP_CUSTOM-300x300.jpg",300,300,true],"woocommerce_single":["https:\/\/mapospheres.eu\/wp-content\/uploads\/2026\/02\/ZZ_MAINPIC__LOVEMAP_CUSTOM-600x600.jpg",600,600,true],"woocommerce_gallery_thumbnail":["https:\/\/mapospheres.eu\/wp-content\/uploads\/2026\/02\/ZZ_MAINPIC__LOVEMAP_CUSTOM-100x100.jpg",100,100,true]},"uagb_author_info":{"display_name":"sgainot04@gmail.com","author_link":"https:\/\/mapospheres.eu\/fr\/author\/"},"uagb_comment_info":0,"uagb_excerpt":"Obtenez ce poster Love Map - Carte d'amour - en version carte murale. Vous pouvez choisir la taille de votre carte, puis laissez-nous une note avec les noms des villes que vous souhaitez combiner au moment de finaliser votre commande !","_links":{"self":[{"href":"https:\/\/mapospheres.eu\/fr\/wp-json\/wp\/v2\/product\/14712","targetHints":{"allow":["GET"]}}],"collection":[{"href":"https:\/\/mapospheres.eu\/fr\/wp-json\/wp\/v2\/product"}],"about":[{"href":"https:\/\/mapospheres.eu\/fr\/wp-json\/wp\/v2\/types\/product"}],"wp:featuredmedia":[{"embeddable":true,"href":"https:\/\/mapospheres.eu\/fr\/wp-json\/wp\/v2\/media\/16748"}],"wp:attachment":[{"href":"https:\/\/mapospheres.eu\/fr\/wp-json\/wp\/v2\/media?parent=14712"}],"wp:term":[{"taxonomy":"product_brand","embeddable":true,"href":"https:\/\/mapospheres.eu\/fr\/wp-json\/wp\/v2\/product_brand?post=14712"},{"taxonomy":"product_cat","embeddable":true,"href":"https:\/\/mapospheres.eu\/fr\/wp-json\/wp\/v2\/product_cat?post=14712"},{"taxonomy":"product_tag","embeddable":true,"href":"https:\/\/mapospheres.eu\/fr\/wp-json\/wp\/v2\/product_tag?post=14712"}],"curies":[{"name":"wp","href":"https:\/\/api.w.org\/{rel}","templated":true}]}}