{"id":14713,"date":"2026-02-12T14:52:16","date_gmt":"2026-02-12T14:52:16","guid":{"rendered":"https:\/\/mapospheres.eu\/product\/poster-of-algiers-algeria\/"},"modified":"2026-02-18T10:30:39","modified_gmt":"2026-02-18T10:30:39","slug":"poster-of-algiers-algeria","status":"publish","type":"product","link":"https:\/\/mapospheres.eu\/fr\/product\/poster-dalger-algerie\/","title":{"rendered":"Poster d'Alger | Alg\u00e9rie"},"content":{"rendered":"<p><strong>Poster City map d&rsquo;Alger, Alg\u00e9rie: Alger est une ville o\u00f9 les vagues m\u00e9diterran\u00e9ennes viennent caresser les pieds de collines escarp\u00e9es, cr\u00e9ant un paysage qui semble \u00e0 la fois intemporel et vivant.<\/strong><\/p>\n<p>Cette carte d&rsquo;Alger capture la topographie unique de la ville, o\u00f9 des pentes abruptes s&rsquo;\u00e9l\u00e8vent de mani\u00e8re spectaculaire depuis la mer, offrant des vues imprenables sur la c\u00f4te et au-del\u00e0. Les b\u00e2timents blancs embl\u00e9matiques de la ville, surnomm\u00e9s \u00ab\u00a0Alger la Blanche\u00a0\u00bb, sont dispers\u00e9s sur ces collines comme des perles scintillant sous le soleil, faisant du paysage une \u0153uvre d&rsquo;art autant que la carte elle-m\u00eame. En explorant cette carte, vous remarquerez les routes sinueuses et les rues \u00e9troites de la Casbah, le vieux quartier, un d\u00e9dale d&rsquo;histoire o\u00f9 chaque coin murmure des r\u00e9cits du r\u00e8gne ottoman et du colonialisme fran\u00e7ais. La Casbah, perch\u00e9e sur les collines, \u00e9tait autrefois le c\u0153ur de la ville, ses ruelles remplies d&rsquo;histoires de pirates, de commer\u00e7ants et de r\u00e9volutionnaires. Aujourd&rsquo;hui, elle demeure un site du patrimoine mondial de l&rsquo;UNESCO, un magnifique m\u00e9lange d&rsquo;architecture ancienne et un t\u00e9moignage de la r\u00e9silience de la ville. En parcourant davantage la carte, les espaces verts de la ville ressortent, offrant un contraste rafra\u00eechissant avec l&rsquo;\u00e9talement urbain. Le luxuriant Jardin d&rsquo;Essai, un jardin botanique avec une riche vari\u00e9t\u00e9 de plantes du monde entier, offre un refuge paisible en plein c\u0153ur de la ville. Cette oasis verte est un endroit o\u00f9 les habitants et les visiteurs viennent \u00e9chapper \u00e0 l&rsquo;agitation, se promenant parmi les arbres et les fleurs, comme ils le font depuis plus d&rsquo;un si\u00e8cle.<\/p>\n","protected":false},"excerpt":{"rendered":"<p>Obtenez une City Map \u2013 Carte de ville murale &#8211; imprim\u00e9e de la ville d&rsquo;Alger, Alg\u00e9rie.<br \/>\nChoisissez ci-dessous la taille, la couleur et le design de votre carte !<\/p>\n","protected":false},"featured_media":16777,"template":"","meta":{"_uag_custom_page_level_css":"","_monsterinsights_skip_tracking":false,"_monsterinsights_sitenote_active":false,"_monsterinsights_sitenote_note":"","_monsterinsights_sitenote_category":0,"site-sidebar-layout":"default","site-content-layout":"","ast-site-content-layout":"default","site-content-style":"default","site-sidebar-style":"default","ast-global-header-display":"","ast-banner-title-visibility":"","ast-main-header-display":"","ast-hfb-above-header-display":"","ast-hfb-below-header-display":"","ast-hfb-mobile-header-display":"","site-post-title":"","ast-breadcrumbs-content":"","ast-featured-img":"","footer-sml-layout":"","ast-disable-related-posts":"","theme-transparent-header-meta":"default","adv-header-id-meta":"","stick-header-meta":"","header-above-stick-meta":"","header-main-stick-meta":"","header-below-stick-meta":"","astra-migrate-meta-layouts":"set","ast-page-background-enabled":"default","ast-page-background-meta":{"desktop":{"background-color":"","background-image":"","background-repeat":"repeat","background-position":"center center","background-size":"auto","background-attachment":"scroll","background-type":"","background-media":"","overlay-type":"","overlay-color":"","overlay-opacity":"","overlay-gradient":""},"tablet":{"background-color":"","background-image":"","background-repeat":"repeat","background-position":"center center","background-size":"auto","background-attachment":"scroll","background-type":"","background-media":"","overlay-type":"","overlay-color":"","overlay-opacity":"","overlay-gradient":""},"mobile":{"background-color":"","background-image":"","background-repeat":"repeat","background-position":"center center","background-size":"auto","background-attachment":"scroll","background-type":"","background-media":"","overlay-type":"","overlay-color":"","overlay-opacity":"","overlay-gradient":""}},"ast-content-background-meta":{"desktop":{"background-color":"var(--ast-global-color-5)","background-image":"","background-repeat":"repeat","background-position":"center center","background-size":"auto","background-attachment":"scroll","background-type":"","background-media":"","overlay-type":"","overlay-color":"","overlay-opacity":"","overlay-gradient":""},"tablet":{"background-color":"var(--ast-global-color-5)","background-image":"","background-repeat":"repeat","background-position":"center center","background-size":"auto","background-attachment":"scroll","background-type":"","background-media":"","overlay-type":"","overlay-color":"","overlay-opacity":"","overlay-gradient":""},"mobile":{"background-color":"var(--ast-global-color-5)","background-image":"","background-repeat":"repeat","background-position":"center center","background-size":"auto","background-attachment":"scroll","background-type":"","background-media":"","overlay-type":"","overlay-color":"","overlay-opacity":"","overlay-gradient":""}}},"product_brand":[],"product_cat":[18,464],"product_tag":[34,35,36,97,678,679,680,40],"class_list":{"0":"post-14713","1":"product","2":"type-product","3":"status-publish","4":"has-post-thumbnail","6":"product_cat-city-maps","7":"product_cat-featured_fr","8":"product_tag-30x40","9":"product_tag-40x50","10":"product_tag-50x70","11":"product_tag-africa","12":"product_tag-alger","13":"product_tag-algeria","14":"product_tag-algiers","15":"product_tag-city-map","16":"desktop-align-left","17":"tablet-align-left","18":"mobile-align-left","20":"first","21":"instock","22":"shipping-taxable","23":"purchasable","24":"product-type-variable"},"aioseo_notices":[],"uagb_featured_image_src":{"full":["https:\/\/mapospheres.eu\/wp-content\/uploads\/2026\/02\/CANVAS_16_BW_2ND_ALGIERS.jpg",1000,1000,false],"thumbnail":["https:\/\/mapospheres.eu\/wp-content\/uploads\/2026\/02\/CANVAS_16_BW_2ND_ALGIERS-150x150.jpg",150,150,true],"medium":["https:\/\/mapospheres.eu\/wp-content\/uploads\/2026\/02\/CANVAS_16_BW_2ND_ALGIERS-300x300.jpg",300,300,true],"medium_large":["https:\/\/mapospheres.eu\/wp-content\/uploads\/2026\/02\/CANVAS_16_BW_2ND_ALGIERS-768x768.jpg",768,768,true],"large":["https:\/\/mapospheres.eu\/wp-content\/uploads\/2026\/02\/CANVAS_16_BW_2ND_ALGIERS.jpg",1000,1000,false],"1536x1536":["https:\/\/mapospheres.eu\/wp-content\/uploads\/2026\/02\/CANVAS_16_BW_2ND_ALGIERS.jpg",1000,1000,false],"2048x2048":["https:\/\/mapospheres.eu\/wp-content\/uploads\/2026\/02\/CANVAS_16_BW_2ND_ALGIERS.jpg",1000,1000,false],"woocommerce_thumbnail":["https:\/\/mapospheres.eu\/wp-content\/uploads\/2026\/02\/CANVAS_16_BW_2ND_ALGIERS-300x300.jpg",300,300,true],"woocommerce_single":["https:\/\/mapospheres.eu\/wp-content\/uploads\/2026\/02\/CANVAS_16_BW_2ND_ALGIERS-600x600.jpg",600,600,true],"woocommerce_gallery_thumbnail":["https:\/\/mapospheres.eu\/wp-content\/uploads\/2026\/02\/CANVAS_16_BW_2ND_ALGIERS-100x100.jpg",100,100,true]},"uagb_author_info":{"display_name":"sgainot04@gmail.com","author_link":"https:\/\/mapospheres.eu\/fr\/author\/"},"uagb_comment_info":0,"uagb_excerpt":"Obtenez une City Map \u2013 Carte de ville murale - imprim\u00e9e de la ville d'Alger, Alg\u00e9rie. Choisissez ci-dessous la taille, la couleur et le design de votre carte !","_links":{"self":[{"href":"https:\/\/mapospheres.eu\/fr\/wp-json\/wp\/v2\/product\/14713","targetHints":{"allow":["GET"]}}],"collection":[{"href":"https:\/\/mapospheres.eu\/fr\/wp-json\/wp\/v2\/product"}],"about":[{"href":"https:\/\/mapospheres.eu\/fr\/wp-json\/wp\/v2\/types\/product"}],"wp:featuredmedia":[{"embeddable":true,"href":"https:\/\/mapospheres.eu\/fr\/wp-json\/wp\/v2\/media\/16777"}],"wp:attachment":[{"href":"https:\/\/mapospheres.eu\/fr\/wp-json\/wp\/v2\/media?parent=14713"}],"wp:term":[{"taxonomy":"product_brand","embeddable":true,"href":"https:\/\/mapospheres.eu\/fr\/wp-json\/wp\/v2\/product_brand?post=14713"},{"taxonomy":"product_cat","embeddable":true,"href":"https:\/\/mapospheres.eu\/fr\/wp-json\/wp\/v2\/product_cat?post=14713"},{"taxonomy":"product_tag","embeddable":true,"href":"https:\/\/mapospheres.eu\/fr\/wp-json\/wp\/v2\/product_tag?post=14713"}],"curies":[{"name":"wp","href":"https:\/\/api.w.org\/{rel}","templated":true}]}}