{"id":14715,"date":"2026-02-12T14:52:21","date_gmt":"2026-02-12T14:52:21","guid":{"rendered":"https:\/\/mapospheres.eu\/product\/poster-of-tunis-tunisia\/"},"modified":"2026-02-18T10:31:01","modified_gmt":"2026-02-18T10:31:01","slug":"poster-of-tunis-tunisia","status":"publish","type":"product","link":"https:\/\/mapospheres.eu\/fr\/product\/poster-de-tunis-tunisie\/","title":{"rendered":"Poster de Tunis | Tunisie"},"content":{"rendered":"<p><strong>Poster City map de Tunis, Tunisie: Cette carte de Tunis r\u00e9v\u00e8le une ville au pass\u00e9 riche, o\u00f9 les anciennes ruines romaines se m\u00ealent harmonieusement \u00e0 la vie moderne.<\/strong><\/p>\n<p>Le terrain de la ville est un magnifique m\u00e9lange de collines basses et de plaines c\u00f4ti\u00e8res plates, avec les verts luxuriants des parcs voisins et la c\u00e9l\u00e8bre colline du Belv\u00e9d\u00e8re offrant des vues \u00e0 couper le souffle sur la ville et la mer. Depuis cette colline, on peut presque imaginer les jours o\u00f9 les Ph\u00e9niciens, puis les Romains, regardaient la m\u00eame \u00e9tendue, m\u00e9ditant sur leur prochaine grande aventure. En suivant la carte, vous remarquerez les rues sinueuses de la M\u00e9dina, le c\u0153ur de Tunis, o\u00f9 le pass\u00e9 est toujours vivant sous la forme de ruelles \u00e9troites, de souks anim\u00e9s et de mosqu\u00e9es centenaires. La ville abrite \u00e9galement plusieurs espaces verts qui offrent une \u00e9chapp\u00e9e paisible du tumulte urbain. Le Jardin de l&rsquo;Universit\u00e9 de Tunis, par exemple, offre des sentiers ombrag\u00e9s o\u00f9 l&rsquo;on peut s&rsquo;asseoir et r\u00e9fl\u00e9chir\u2014peut-\u00eatre dans un moment de contemplation silencieuse, comme cela a pu \u00eatre le cas pendant des g\u00e9n\u00e9rations. La carte met \u00e9galement en valeur les grands boulevards et larges avenues de la ville, comme l&rsquo;Avenue Habib Bourguiba, bord\u00e9e de caf\u00e9s et de boutiques, offrant un aper\u00e7u de la culture tunisienne moderne et de son histoire coloniale. On peut presque entendre les rires des habitants et le tintement des tasses de caf\u00e9, m\u00ealant le pr\u00e9sent aux \u00e9chos du pass\u00e9. \u00c0 ne pas n\u00e9gliger, la proximit\u00e9 de la ville avec la mer M\u00e9diterran\u00e9e conf\u00e8re \u00e0 Tunis son caract\u00e8re unique. La zone portuaire et la Goulette toute proche offrent une porte d&rsquo;entr\u00e9e vers la mer, autrefois une route commerciale majeure pour les empires, aujourd&rsquo;hui un lieu o\u00f9 les habitants peuvent d\u00e9guster des fruits de mer frais et se promener le long de l&rsquo;eau. Les ruines de Carthage, situ\u00e9es \u00e0 une courte distance de la ville, nous rappellent la grandeur d&rsquo;une civilisation antique qui domina autrefois la M\u00e9diterran\u00e9e.<\/p>\n","protected":false},"excerpt":{"rendered":"<p>Obtenez une City Map \u2013 Carte de ville murale &#8211; imprim\u00e9e de la ville de Tunis, Tunisie.<br \/>\nChoisissez ci-dessous la taille, la couleur et le design de votre carte !<\/p>\n","protected":false},"featured_media":16762,"template":"","meta":{"_uag_custom_page_level_css":"","_monsterinsights_skip_tracking":false,"_monsterinsights_sitenote_active":false,"_monsterinsights_sitenote_note":"","_monsterinsights_sitenote_category":0,"site-sidebar-layout":"default","site-content-layout":"","ast-site-content-layout":"default","site-content-style":"default","site-sidebar-style":"default","ast-global-header-display":"","ast-banner-title-visibility":"","ast-main-header-display":"","ast-hfb-above-header-display":"","ast-hfb-below-header-display":"","ast-hfb-mobile-header-display":"","site-post-title":"","ast-breadcrumbs-content":"","ast-featured-img":"","footer-sml-layout":"","ast-disable-related-posts":"","theme-transparent-header-meta":"default","adv-header-id-meta":"","stick-header-meta":"","header-above-stick-meta":"","header-main-stick-meta":"","header-below-stick-meta":"","astra-migrate-meta-layouts":"set","ast-page-background-enabled":"default","ast-page-background-meta":{"desktop":{"background-color":"","background-image":"","background-repeat":"repeat","background-position":"center center","background-size":"auto","background-attachment":"scroll","background-type":"","background-media":"","overlay-type":"","overlay-color":"","overlay-opacity":"","overlay-gradient":""},"tablet":{"background-color":"","background-image":"","background-repeat":"repeat","background-position":"center center","background-size":"auto","background-attachment":"scroll","background-type":"","background-media":"","overlay-type":"","overlay-color":"","overlay-opacity":"","overlay-gradient":""},"mobile":{"background-color":"","background-image":"","background-repeat":"repeat","background-position":"center center","background-size":"auto","background-attachment":"scroll","background-type":"","background-media":"","overlay-type":"","overlay-color":"","overlay-opacity":"","overlay-gradient":""}},"ast-content-background-meta":{"desktop":{"background-color":"var(--ast-global-color-5)","background-image":"","background-repeat":"repeat","background-position":"center center","background-size":"auto","background-attachment":"scroll","background-type":"","background-media":"","overlay-type":"","overlay-color":"","overlay-opacity":"","overlay-gradient":""},"tablet":{"background-color":"var(--ast-global-color-5)","background-image":"","background-repeat":"repeat","background-position":"center center","background-size":"auto","background-attachment":"scroll","background-type":"","background-media":"","overlay-type":"","overlay-color":"","overlay-opacity":"","overlay-gradient":""},"mobile":{"background-color":"var(--ast-global-color-5)","background-image":"","background-repeat":"repeat","background-position":"center center","background-size":"auto","background-attachment":"scroll","background-type":"","background-media":"","overlay-type":"","overlay-color":"","overlay-opacity":"","overlay-gradient":""}}},"product_brand":[],"product_cat":[18,464],"product_tag":[34,35,36,97,40,676,677],"class_list":{"0":"post-14715","1":"product","2":"type-product","3":"status-publish","4":"has-post-thumbnail","6":"product_cat-city-maps","7":"product_cat-featured_fr","8":"product_tag-30x40","9":"product_tag-40x50","10":"product_tag-50x70","11":"product_tag-africa","12":"product_tag-city-map","13":"product_tag-tunis","14":"product_tag-tunisia","15":"desktop-align-left","16":"tablet-align-left","17":"mobile-align-left","19":"first","20":"instock","21":"shipping-taxable","22":"purchasable","23":"product-type-variable"},"aioseo_notices":[],"uagb_featured_image_src":{"full":["https:\/\/mapospheres.eu\/wp-content\/uploads\/2026\/02\/CANVAS_13_NIGHT_MP_TUNIS.jpg",1000,1000,false],"thumbnail":["https:\/\/mapospheres.eu\/wp-content\/uploads\/2026\/02\/CANVAS_13_NIGHT_MP_TUNIS-150x150.jpg",150,150,true],"medium":["https:\/\/mapospheres.eu\/wp-content\/uploads\/2026\/02\/CANVAS_13_NIGHT_MP_TUNIS-300x300.jpg",300,300,true],"medium_large":["https:\/\/mapospheres.eu\/wp-content\/uploads\/2026\/02\/CANVAS_13_NIGHT_MP_TUNIS-768x768.jpg",768,768,true],"large":["https:\/\/mapospheres.eu\/wp-content\/uploads\/2026\/02\/CANVAS_13_NIGHT_MP_TUNIS.jpg",1000,1000,false],"1536x1536":["https:\/\/mapospheres.eu\/wp-content\/uploads\/2026\/02\/CANVAS_13_NIGHT_MP_TUNIS.jpg",1000,1000,false],"2048x2048":["https:\/\/mapospheres.eu\/wp-content\/uploads\/2026\/02\/CANVAS_13_NIGHT_MP_TUNIS.jpg",1000,1000,false],"woocommerce_thumbnail":["https:\/\/mapospheres.eu\/wp-content\/uploads\/2026\/02\/CANVAS_13_NIGHT_MP_TUNIS-300x300.jpg",300,300,true],"woocommerce_single":["https:\/\/mapospheres.eu\/wp-content\/uploads\/2026\/02\/CANVAS_13_NIGHT_MP_TUNIS-600x600.jpg",600,600,true],"woocommerce_gallery_thumbnail":["https:\/\/mapospheres.eu\/wp-content\/uploads\/2026\/02\/CANVAS_13_NIGHT_MP_TUNIS-100x100.jpg",100,100,true]},"uagb_author_info":{"display_name":"sgainot04@gmail.com","author_link":"https:\/\/mapospheres.eu\/fr\/author\/"},"uagb_comment_info":0,"uagb_excerpt":"Obtenez une City Map \u2013 Carte de ville murale - imprim\u00e9e de la ville de Tunis, Tunisie. Choisissez ci-dessous la taille, la couleur et le design de votre carte !","_links":{"self":[{"href":"https:\/\/mapospheres.eu\/fr\/wp-json\/wp\/v2\/product\/14715","targetHints":{"allow":["GET"]}}],"collection":[{"href":"https:\/\/mapospheres.eu\/fr\/wp-json\/wp\/v2\/product"}],"about":[{"href":"https:\/\/mapospheres.eu\/fr\/wp-json\/wp\/v2\/types\/product"}],"wp:featuredmedia":[{"embeddable":true,"href":"https:\/\/mapospheres.eu\/fr\/wp-json\/wp\/v2\/media\/16762"}],"wp:attachment":[{"href":"https:\/\/mapospheres.eu\/fr\/wp-json\/wp\/v2\/media?parent=14715"}],"wp:term":[{"taxonomy":"product_brand","embeddable":true,"href":"https:\/\/mapospheres.eu\/fr\/wp-json\/wp\/v2\/product_brand?post=14715"},{"taxonomy":"product_cat","embeddable":true,"href":"https:\/\/mapospheres.eu\/fr\/wp-json\/wp\/v2\/product_cat?post=14715"},{"taxonomy":"product_tag","embeddable":true,"href":"https:\/\/mapospheres.eu\/fr\/wp-json\/wp\/v2\/product_tag?post=14715"}],"curies":[{"name":"wp","href":"https:\/\/api.w.org\/{rel}","templated":true}]}}