{"id":14716,"date":"2026-02-12T14:52:36","date_gmt":"2026-02-12T14:52:36","guid":{"rendered":"https:\/\/mapospheres.eu\/product\/poster-of-chicago-illinois\/"},"modified":"2026-03-06T15:45:22","modified_gmt":"2026-03-06T15:45:22","slug":"poster-of-chicago-illinois","status":"publish","type":"product","link":"https:\/\/mapospheres.eu\/fr\/product\/poster-de-chicago-illinois-fr\/","title":{"rendered":"Poster de Chicago | Illinois, US"},"content":{"rendered":"<p><strong>Poster City Map de Chicago, Illinois : La carte montre comment la ville est construite de fond en comble, avec des quartiers comme le Loop offrant un m\u00e9lange d&rsquo;ancien et de nouveau, tandis que la Gold Coast et les zones r\u00e9sidentielles verdoyantes du c\u00f4t\u00e9 nord offrent un c\u00f4t\u00e9 plus calme du pouls vibrant de la ville.<\/strong><\/p>\n<p>Install\u00e9e le long des rives du lac Michigan, cette carte de Chicago capte non seulement les rues et les b\u00e2timents, mais aussi l&rsquo;\u00e2me m\u00eame de la ville, o\u00f9 les prairies plates de l&rsquo;Illinois laissent place aux eaux scintillantes du lac. La ville est un patchwork de vie urbaine et d&rsquo;espaces verts luxuriants, et il est difficile de ne pas remarquer les chemins sinueux de la rivi\u00e8re Chicago coupant en deux son c\u0153ur. Autrefois mar\u00e9cageuse, l&#8217;emplacement de la ville sur cette rivi\u00e8re a \u00e9t\u00e9 un coup de chance, et il n&rsquo;est pas surprenant qu&rsquo;elle soit devenue un carrefour anim\u00e9 du commerce et de l&rsquo;innovation. Lorsque vous regardez la carte, vous apercevrez le r\u00e9seau impressionnant de parcs chers \u00e0 Chicago \u2014 Grant Park, souvent appel\u00e9 \u00ab\u00a0le jardin de devant de Chicago\u00a0\u00bb, et Lincoln Park, qui s&rsquo;\u00e9tend le long du lac comme un ruban vert. Ces espaces sont les poumons de la ville, o\u00f9 les habitants s&rsquo;\u00e9chappent de la jungle de b\u00e9ton pour une bouff\u00e9e d&rsquo;air frais. Et n&rsquo;oubliez pas le c\u00e9l\u00e8bre Jackson Park, o\u00f9 a eu lieu l&rsquo;Exposition universelle de 1893, un \u00e9v\u00e9nement qui a laiss\u00e9 son empreinte sur la ville, non seulement par son architecture grandiose, mais aussi par la cr\u00e9ation du Museum of Science and Industry.<\/p>\n","protected":false},"excerpt":{"rendered":"<p>Obtenez une City Map \u2013 Carte de ville murale &#8211; imprim\u00e9e de la ville de Chicago, Illinois.<br \/>\nChoisissez ci-dessous la taille, la couleur et le design de votre carte !<\/p>\n","protected":false},"featured_media":16750,"template":"","meta":{"_uag_custom_page_level_css":"","_monsterinsights_skip_tracking":false,"_monsterinsights_sitenote_active":false,"_monsterinsights_sitenote_note":"","_monsterinsights_sitenote_category":0,"site-sidebar-layout":"default","site-content-layout":"","ast-site-content-layout":"default","site-content-style":"default","site-sidebar-style":"default","ast-global-header-display":"","ast-banner-title-visibility":"","ast-main-header-display":"","ast-hfb-above-header-display":"","ast-hfb-below-header-display":"","ast-hfb-mobile-header-display":"","site-post-title":"","ast-breadcrumbs-content":"","ast-featured-img":"","footer-sml-layout":"","ast-disable-related-posts":"","theme-transparent-header-meta":"default","adv-header-id-meta":"","stick-header-meta":"","header-above-stick-meta":"","header-main-stick-meta":"","header-below-stick-meta":"","astra-migrate-meta-layouts":"set","ast-page-background-enabled":"default","ast-page-background-meta":{"desktop":{"background-color":"","background-image":"","background-repeat":"repeat","background-position":"center center","background-size":"auto","background-attachment":"scroll","background-type":"","background-media":"","overlay-type":"","overlay-color":"","overlay-opacity":"","overlay-gradient":""},"tablet":{"background-color":"","background-image":"","background-repeat":"repeat","background-position":"center center","background-size":"auto","background-attachment":"scroll","background-type":"","background-media":"","overlay-type":"","overlay-color":"","overlay-opacity":"","overlay-gradient":""},"mobile":{"background-color":"","background-image":"","background-repeat":"repeat","background-position":"center center","background-size":"auto","background-attachment":"scroll","background-type":"","background-media":"","overlay-type":"","overlay-color":"","overlay-opacity":"","overlay-gradient":""}},"ast-content-background-meta":{"desktop":{"background-color":"var(--ast-global-color-5)","background-image":"","background-repeat":"repeat","background-position":"center center","background-size":"auto","background-attachment":"scroll","background-type":"","background-media":"","overlay-type":"","overlay-color":"","overlay-opacity":"","overlay-gradient":""},"tablet":{"background-color":"var(--ast-global-color-5)","background-image":"","background-repeat":"repeat","background-position":"center center","background-size":"auto","background-attachment":"scroll","background-type":"","background-media":"","overlay-type":"","overlay-color":"","overlay-opacity":"","overlay-gradient":""},"mobile":{"background-color":"var(--ast-global-color-5)","background-image":"","background-repeat":"repeat","background-position":"center center","background-size":"auto","background-attachment":"scroll","background-type":"","background-media":"","overlay-type":"","overlay-color":"","overlay-opacity":"","overlay-gradient":""}}},"product_brand":[],"product_cat":[18,338],"product_tag":[34,35,36,674,40,675,323,168],"class_list":{"0":"post-14716","1":"product","2":"type-product","3":"status-publish","4":"has-post-thumbnail","6":"product_cat-city-maps","7":"product_cat-featured_eng","8":"product_tag-30x40","9":"product_tag-40x50","10":"product_tag-50x70","11":"product_tag-chicago","12":"product_tag-city-map","13":"product_tag-illinois","14":"product_tag-north-america","15":"product_tag-us","16":"desktop-align-left","17":"tablet-align-left","18":"mobile-align-left","20":"first","21":"instock","22":"shipping-taxable","23":"purchasable","24":"product-type-variable"},"aioseo_notices":[],"uagb_featured_image_src":{"full":["https:\/\/mapospheres.eu\/wp-content\/uploads\/2026\/02\/CANVAS_13_NIGHT_MP_CHICAGO.jpg",1000,1000,false],"thumbnail":["https:\/\/mapospheres.eu\/wp-content\/uploads\/2026\/02\/CANVAS_13_NIGHT_MP_CHICAGO-150x150.jpg",150,150,true],"medium":["https:\/\/mapospheres.eu\/wp-content\/uploads\/2026\/02\/CANVAS_13_NIGHT_MP_CHICAGO-300x300.jpg",300,300,true],"medium_large":["https:\/\/mapospheres.eu\/wp-content\/uploads\/2026\/02\/CANVAS_13_NIGHT_MP_CHICAGO-768x768.jpg",768,768,true],"large":["https:\/\/mapospheres.eu\/wp-content\/uploads\/2026\/02\/CANVAS_13_NIGHT_MP_CHICAGO.jpg",1000,1000,false],"1536x1536":["https:\/\/mapospheres.eu\/wp-content\/uploads\/2026\/02\/CANVAS_13_NIGHT_MP_CHICAGO.jpg",1000,1000,false],"2048x2048":["https:\/\/mapospheres.eu\/wp-content\/uploads\/2026\/02\/CANVAS_13_NIGHT_MP_CHICAGO.jpg",1000,1000,false],"woocommerce_thumbnail":["https:\/\/mapospheres.eu\/wp-content\/uploads\/2026\/02\/CANVAS_13_NIGHT_MP_CHICAGO-300x300.jpg",300,300,true],"woocommerce_single":["https:\/\/mapospheres.eu\/wp-content\/uploads\/2026\/02\/CANVAS_13_NIGHT_MP_CHICAGO-600x600.jpg",600,600,true],"woocommerce_gallery_thumbnail":["https:\/\/mapospheres.eu\/wp-content\/uploads\/2026\/02\/CANVAS_13_NIGHT_MP_CHICAGO-100x100.jpg",100,100,true]},"uagb_author_info":{"display_name":"sgainot04@gmail.com","author_link":"https:\/\/mapospheres.eu\/fr\/author\/"},"uagb_comment_info":0,"uagb_excerpt":"Obtenez une City Map \u2013 Carte de ville murale - imprim\u00e9e de la ville de Chicago, Illinois. Choisissez ci-dessous la taille, la couleur et le design de votre carte !","_links":{"self":[{"href":"https:\/\/mapospheres.eu\/fr\/wp-json\/wp\/v2\/product\/14716","targetHints":{"allow":["GET"]}}],"collection":[{"href":"https:\/\/mapospheres.eu\/fr\/wp-json\/wp\/v2\/product"}],"about":[{"href":"https:\/\/mapospheres.eu\/fr\/wp-json\/wp\/v2\/types\/product"}],"wp:featuredmedia":[{"embeddable":true,"href":"https:\/\/mapospheres.eu\/fr\/wp-json\/wp\/v2\/media\/16750"}],"wp:attachment":[{"href":"https:\/\/mapospheres.eu\/fr\/wp-json\/wp\/v2\/media?parent=14716"}],"wp:term":[{"taxonomy":"product_brand","embeddable":true,"href":"https:\/\/mapospheres.eu\/fr\/wp-json\/wp\/v2\/product_brand?post=14716"},{"taxonomy":"product_cat","embeddable":true,"href":"https:\/\/mapospheres.eu\/fr\/wp-json\/wp\/v2\/product_cat?post=14716"},{"taxonomy":"product_tag","embeddable":true,"href":"https:\/\/mapospheres.eu\/fr\/wp-json\/wp\/v2\/product_tag?post=14716"}],"curies":[{"name":"wp","href":"https:\/\/api.w.org\/{rel}","templated":true}]}}