{"id":14723,"date":"2026-02-12T14:52:58","date_gmt":"2026-02-12T14:52:58","guid":{"rendered":"https:\/\/mapospheres.eu\/product\/poster-of-los-angeles-california\/"},"modified":"2026-02-17T15:00:12","modified_gmt":"2026-02-17T15:00:12","slug":"poster-of-los-angeles-california","status":"publish","type":"product","link":"https:\/\/mapospheres.eu\/fr\/product\/poster-de-los-angeles-californie\/","title":{"rendered":"Poster de Los Angeles | Californie, US"},"content":{"rendered":"<p><strong>Poster City map de Los Angeles, Californie : Cette carte r\u00e9v\u00e8le le terrain qui a fa\u00e7onn\u00e9 Los Angeles, de ses collines escarp\u00e9es aux vastes \u00e9tendues s&rsquo;\u00e9tendant vers le Pacifique.<\/strong><\/p>\n<p>Les c\u00e9l\u00e8bres Hollywood Hills surplombent la ville, apportant \u00e0 la carte une touche de c\u00e9l\u00e9brit\u00e9 et de flair cin\u00e9matographique, tandis que les montagnes de San Gabriel se dressent au loin, t\u00e9moins silencieux de la croissance de la ville. En dessous, la terre s&rsquo;incline et se courbe, marqu\u00e9e par les rues sinueuses du centre-ville et les quartiers baign\u00e9s de soleil qui s&rsquo;\u00e9tendent vers l&rsquo;oc\u00e9an. Les espaces verts comme Griffith Park \u2014 l&rsquo;un des plus grands parcs urbains du pays \u2014 apportent un peu de r\u00e9pit \u00e0 la jungle urbaine. Cela rappelle que m\u00eame dans la ville des stars, la nature a sa place pour briller. La carte met \u00e9galement en valeur des lieux comme Echo Park, avec son lac paisible entour\u00e9 du bourdonnement urbain, et les montagnes de Santa Monica, qui forment une fronti\u00e8re naturelle entre la ville et les paysages sauvages au-del\u00e0. Que vous soyez amateur de design urbain, passionn\u00e9 d&rsquo;histoire, ou tout simplement fan de l&rsquo;ambiance ensoleill\u00e9e de LA, cette carte offre un aper\u00e7u unique d&rsquo;une ville o\u00f9 chaque rue raconte une histoire.<\/p>\n","protected":false},"excerpt":{"rendered":"<p>Obtenez une City Map \u2013 Carte de ville murale &#8211; imprim\u00e9e de la ville de Los Angeles, Californie.<br \/>\nChoisissez ci-dessous la taille, la couleur et le design de votre carte !<\/p>\n","protected":false},"featured_media":16539,"template":"","meta":{"_uag_custom_page_level_css":"","_monsterinsights_skip_tracking":false,"_monsterinsights_sitenote_active":false,"_monsterinsights_sitenote_note":"","_monsterinsights_sitenote_category":0,"site-sidebar-layout":"default","site-content-layout":"","ast-site-content-layout":"default","site-content-style":"default","site-sidebar-style":"default","ast-global-header-display":"","ast-banner-title-visibility":"","ast-main-header-display":"","ast-hfb-above-header-display":"","ast-hfb-below-header-display":"","ast-hfb-mobile-header-display":"","site-post-title":"","ast-breadcrumbs-content":"","ast-featured-img":"","footer-sml-layout":"","ast-disable-related-posts":"","theme-transparent-header-meta":"default","adv-header-id-meta":"","stick-header-meta":"","header-above-stick-meta":"","header-main-stick-meta":"","header-below-stick-meta":"","astra-migrate-meta-layouts":"set","ast-page-background-enabled":"default","ast-page-background-meta":{"desktop":{"background-color":"","background-image":"","background-repeat":"repeat","background-position":"center center","background-size":"auto","background-attachment":"scroll","background-type":"","background-media":"","overlay-type":"","overlay-color":"","overlay-opacity":"","overlay-gradient":""},"tablet":{"background-color":"","background-image":"","background-repeat":"repeat","background-position":"center center","background-size":"auto","background-attachment":"scroll","background-type":"","background-media":"","overlay-type":"","overlay-color":"","overlay-opacity":"","overlay-gradient":""},"mobile":{"background-color":"","background-image":"","background-repeat":"repeat","background-position":"center center","background-size":"auto","background-attachment":"scroll","background-type":"","background-media":"","overlay-type":"","overlay-color":"","overlay-opacity":"","overlay-gradient":""}},"ast-content-background-meta":{"desktop":{"background-color":"var(--ast-global-color-5)","background-image":"","background-repeat":"repeat","background-position":"center center","background-size":"auto","background-attachment":"scroll","background-type":"","background-media":"","overlay-type":"","overlay-color":"","overlay-opacity":"","overlay-gradient":""},"tablet":{"background-color":"var(--ast-global-color-5)","background-image":"","background-repeat":"repeat","background-position":"center center","background-size":"auto","background-attachment":"scroll","background-type":"","background-media":"","overlay-type":"","overlay-color":"","overlay-opacity":"","overlay-gradient":""},"mobile":{"background-color":"var(--ast-global-color-5)","background-image":"","background-repeat":"repeat","background-position":"center center","background-size":"auto","background-attachment":"scroll","background-type":"","background-media":"","overlay-type":"","overlay-color":"","overlay-opacity":"","overlay-gradient":""}}},"product_brand":[],"product_cat":[18,338],"product_tag":[34,35,36,37,616,39,40,666,323,168],"class_list":{"0":"post-14723","1":"product","2":"type-product","3":"status-publish","4":"has-post-thumbnail","6":"product_cat-city-maps","7":"product_cat-featured_eng","8":"product_tag-30x40","9":"product_tag-40x50","10":"product_tag-50x70","11":"product_tag-70x100","12":"product_tag-california","13":"product_tag-canvas","14":"product_tag-city-map","15":"product_tag-los-angeles","16":"product_tag-north-america","17":"product_tag-us","18":"desktop-align-left","19":"tablet-align-left","20":"mobile-align-left","22":"first","23":"instock","24":"shipping-taxable","25":"purchasable","26":"product-type-variable"},"aioseo_notices":[],"uagb_featured_image_src":{"full":["https:\/\/mapospheres.eu\/wp-content\/uploads\/2026\/02\/Z21_NIGHT_FULL__LOSANGELES.jpg",1000,1000,false],"thumbnail":["https:\/\/mapospheres.eu\/wp-content\/uploads\/2026\/02\/Z21_NIGHT_FULL__LOSANGELES-150x150.jpg",150,150,true],"medium":["https:\/\/mapospheres.eu\/wp-content\/uploads\/2026\/02\/Z21_NIGHT_FULL__LOSANGELES-300x300.jpg",300,300,true],"medium_large":["https:\/\/mapospheres.eu\/wp-content\/uploads\/2026\/02\/Z21_NIGHT_FULL__LOSANGELES-768x768.jpg",768,768,true],"large":["https:\/\/mapospheres.eu\/wp-content\/uploads\/2026\/02\/Z21_NIGHT_FULL__LOSANGELES.jpg",1000,1000,false],"1536x1536":["https:\/\/mapospheres.eu\/wp-content\/uploads\/2026\/02\/Z21_NIGHT_FULL__LOSANGELES.jpg",1000,1000,false],"2048x2048":["https:\/\/mapospheres.eu\/wp-content\/uploads\/2026\/02\/Z21_NIGHT_FULL__LOSANGELES.jpg",1000,1000,false],"woocommerce_thumbnail":["https:\/\/mapospheres.eu\/wp-content\/uploads\/2026\/02\/Z21_NIGHT_FULL__LOSANGELES-300x300.jpg",300,300,true],"woocommerce_single":["https:\/\/mapospheres.eu\/wp-content\/uploads\/2026\/02\/Z21_NIGHT_FULL__LOSANGELES-600x600.jpg",600,600,true],"woocommerce_gallery_thumbnail":["https:\/\/mapospheres.eu\/wp-content\/uploads\/2026\/02\/Z21_NIGHT_FULL__LOSANGELES-100x100.jpg",100,100,true]},"uagb_author_info":{"display_name":"sgainot04@gmail.com","author_link":"https:\/\/mapospheres.eu\/fr\/author\/"},"uagb_comment_info":0,"uagb_excerpt":"Obtenez une City Map \u2013 Carte de ville murale - imprim\u00e9e de la ville de Los Angeles, Californie. Choisissez ci-dessous la taille, la couleur et le design de votre carte !","_links":{"self":[{"href":"https:\/\/mapospheres.eu\/fr\/wp-json\/wp\/v2\/product\/14723","targetHints":{"allow":["GET"]}}],"collection":[{"href":"https:\/\/mapospheres.eu\/fr\/wp-json\/wp\/v2\/product"}],"about":[{"href":"https:\/\/mapospheres.eu\/fr\/wp-json\/wp\/v2\/types\/product"}],"wp:featuredmedia":[{"embeddable":true,"href":"https:\/\/mapospheres.eu\/fr\/wp-json\/wp\/v2\/media\/16539"}],"wp:attachment":[{"href":"https:\/\/mapospheres.eu\/fr\/wp-json\/wp\/v2\/media?parent=14723"}],"wp:term":[{"taxonomy":"product_brand","embeddable":true,"href":"https:\/\/mapospheres.eu\/fr\/wp-json\/wp\/v2\/product_brand?post=14723"},{"taxonomy":"product_cat","embeddable":true,"href":"https:\/\/mapospheres.eu\/fr\/wp-json\/wp\/v2\/product_cat?post=14723"},{"taxonomy":"product_tag","embeddable":true,"href":"https:\/\/mapospheres.eu\/fr\/wp-json\/wp\/v2\/product_tag?post=14723"}],"curies":[{"name":"wp","href":"https:\/\/api.w.org\/{rel}","templated":true}]}}