{"id":14725,"date":"2026-02-12T14:53:06","date_gmt":"2026-02-12T14:53:06","guid":{"rendered":"https:\/\/mapospheres.eu\/product\/poster-of-ouagadougou-burkina-faso\/"},"modified":"2026-02-17T15:00:34","modified_gmt":"2026-02-17T15:00:34","slug":"poster-of-ouagadougou-burkina-faso","status":"publish","type":"product","link":"https:\/\/mapospheres.eu\/fr\/product\/poster-de-ouagadougou-burkina-faso\/","title":{"rendered":"Poster de Ouagadougou | Burkina Faso"},"content":{"rendered":"<p><strong>Poster City map de Ouagadougou, Burkina Faso : Cette carte de Ouagadougou est une fen\u00eatre unique sur une ville o\u00f9 la vie moderne et la tradition coexistent harmonieusement.<\/strong><\/p>\n<p>Situ\u00e9e dans la partie centrale du pays, Ouagadougou repose sur un terrain relativement plat, bien que ses collines douces et la rivi\u00e8re Nakamb\u00e9 toute proche apportent une subtile variation au paysage. La rivi\u00e8re, serpentant \u00e0 travers les p\u00e9riph\u00e9ries, a \u00e9t\u00e9 une bou\u00e9e de sauvetage pour la ville, et sa pr\u00e9sence sur la carte ajoute une sensation de calme au tumulte environnant. En ce qui concerne les points de rep\u00e8re, la carte de Ouagadougou met en valeur \u00e0 la fois le moderne et le traditionnel. L&#8217;embl\u00e9matique Place de la Nation, c\u0153ur de la ville, se dresse comme un centre d&rsquo;activit\u00e9s, entour\u00e9e de b\u00e2timents gouvernementaux et de lieux culturels. Le Mus\u00e9e National du Burkina Faso, avec sa collection d&rsquo;artefacts historiques et culturels, refl\u00e8te le riche patrimoine du pays et se pr\u00e9sente comme un rappel du r\u00f4le de Ouagadougou en tant que centre culturel. Au sud, la magnifique et ancienne Grande Mosqu\u00e9e, avec son design simple mais saisissant, rend hommage \u00e0 l&rsquo;histoire islamique de longue date de la ville.<\/p>\n","protected":false},"excerpt":{"rendered":"<p>Obtenez une City Map \u2013 Carte de ville murale &#8211; imprim\u00e9e de la ville de Ouagadougou, Burkina Faso.<br \/>\nChoisissez ci-dessous la taille, la couleur et le design de votre carte !<\/p>\n","protected":false},"featured_media":16315,"template":"","meta":{"_uag_custom_page_level_css":"","_monsterinsights_skip_tracking":false,"_monsterinsights_sitenote_active":false,"_monsterinsights_sitenote_note":"","_monsterinsights_sitenote_category":0,"site-sidebar-layout":"default","site-content-layout":"","ast-site-content-layout":"default","site-content-style":"default","site-sidebar-style":"default","ast-global-header-display":"","ast-banner-title-visibility":"","ast-main-header-display":"","ast-hfb-above-header-display":"","ast-hfb-below-header-display":"","ast-hfb-mobile-header-display":"","site-post-title":"","ast-breadcrumbs-content":"","ast-featured-img":"","footer-sml-layout":"","ast-disable-related-posts":"","theme-transparent-header-meta":"default","adv-header-id-meta":"","stick-header-meta":"","header-above-stick-meta":"","header-main-stick-meta":"","header-below-stick-meta":"","astra-migrate-meta-layouts":"set","ast-page-background-enabled":"default","ast-page-background-meta":{"desktop":{"background-color":"","background-image":"","background-repeat":"repeat","background-position":"center center","background-size":"auto","background-attachment":"scroll","background-type":"","background-media":"","overlay-type":"","overlay-color":"","overlay-opacity":"","overlay-gradient":""},"tablet":{"background-color":"","background-image":"","background-repeat":"repeat","background-position":"center center","background-size":"auto","background-attachment":"scroll","background-type":"","background-media":"","overlay-type":"","overlay-color":"","overlay-opacity":"","overlay-gradient":""},"mobile":{"background-color":"","background-image":"","background-repeat":"repeat","background-position":"center center","background-size":"auto","background-attachment":"scroll","background-type":"","background-media":"","overlay-type":"","overlay-color":"","overlay-opacity":"","overlay-gradient":""}},"ast-content-background-meta":{"desktop":{"background-color":"var(--ast-global-color-5)","background-image":"","background-repeat":"repeat","background-position":"center center","background-size":"auto","background-attachment":"scroll","background-type":"","background-media":"","overlay-type":"","overlay-color":"","overlay-opacity":"","overlay-gradient":""},"tablet":{"background-color":"var(--ast-global-color-5)","background-image":"","background-repeat":"repeat","background-position":"center center","background-size":"auto","background-attachment":"scroll","background-type":"","background-media":"","overlay-type":"","overlay-color":"","overlay-opacity":"","overlay-gradient":""},"mobile":{"background-color":"var(--ast-global-color-5)","background-image":"","background-repeat":"repeat","background-position":"center center","background-size":"auto","background-attachment":"scroll","background-type":"","background-media":"","overlay-type":"","overlay-color":"","overlay-opacity":"","overlay-gradient":""}}},"product_brand":[],"product_cat":[18],"product_tag":[34,35,36,37,97,663,39,40,664],"class_list":{"0":"post-14725","1":"product","2":"type-product","3":"status-publish","4":"has-post-thumbnail","6":"product_cat-city-maps","7":"product_tag-30x40","8":"product_tag-40x50","9":"product_tag-50x70","10":"product_tag-70x100","11":"product_tag-africa","12":"product_tag-burkina-faso","13":"product_tag-canvas","14":"product_tag-city-map","15":"product_tag-ouagadougou","16":"desktop-align-left","17":"tablet-align-left","18":"mobile-align-left","20":"first","21":"instock","22":"shipping-taxable","23":"purchasable","24":"product-type-variable"},"aioseo_notices":[],"uagb_featured_image_src":{"full":["https:\/\/mapospheres.eu\/wp-content\/uploads\/2026\/02\/CANVAS_13_NIGHT_MP_OUAGADOUGOU.jpg",1000,1000,false],"thumbnail":["https:\/\/mapospheres.eu\/wp-content\/uploads\/2026\/02\/CANVAS_13_NIGHT_MP_OUAGADOUGOU-150x150.jpg",150,150,true],"medium":["https:\/\/mapospheres.eu\/wp-content\/uploads\/2026\/02\/CANVAS_13_NIGHT_MP_OUAGADOUGOU-300x300.jpg",300,300,true],"medium_large":["https:\/\/mapospheres.eu\/wp-content\/uploads\/2026\/02\/CANVAS_13_NIGHT_MP_OUAGADOUGOU-768x768.jpg",768,768,true],"large":["https:\/\/mapospheres.eu\/wp-content\/uploads\/2026\/02\/CANVAS_13_NIGHT_MP_OUAGADOUGOU.jpg",1000,1000,false],"1536x1536":["https:\/\/mapospheres.eu\/wp-content\/uploads\/2026\/02\/CANVAS_13_NIGHT_MP_OUAGADOUGOU.jpg",1000,1000,false],"2048x2048":["https:\/\/mapospheres.eu\/wp-content\/uploads\/2026\/02\/CANVAS_13_NIGHT_MP_OUAGADOUGOU.jpg",1000,1000,false],"woocommerce_thumbnail":["https:\/\/mapospheres.eu\/wp-content\/uploads\/2026\/02\/CANVAS_13_NIGHT_MP_OUAGADOUGOU-300x300.jpg",300,300,true],"woocommerce_single":["https:\/\/mapospheres.eu\/wp-content\/uploads\/2026\/02\/CANVAS_13_NIGHT_MP_OUAGADOUGOU-600x600.jpg",600,600,true],"woocommerce_gallery_thumbnail":["https:\/\/mapospheres.eu\/wp-content\/uploads\/2026\/02\/CANVAS_13_NIGHT_MP_OUAGADOUGOU-100x100.jpg",100,100,true]},"uagb_author_info":{"display_name":"sgainot04@gmail.com","author_link":"https:\/\/mapospheres.eu\/fr\/author\/"},"uagb_comment_info":0,"uagb_excerpt":"Obtenez une City Map \u2013 Carte de ville murale - imprim\u00e9e de la ville de Ouagadougou, Burkina Faso. Choisissez ci-dessous la taille, la couleur et le design de votre carte !","_links":{"self":[{"href":"https:\/\/mapospheres.eu\/fr\/wp-json\/wp\/v2\/product\/14725","targetHints":{"allow":["GET"]}}],"collection":[{"href":"https:\/\/mapospheres.eu\/fr\/wp-json\/wp\/v2\/product"}],"about":[{"href":"https:\/\/mapospheres.eu\/fr\/wp-json\/wp\/v2\/types\/product"}],"wp:featuredmedia":[{"embeddable":true,"href":"https:\/\/mapospheres.eu\/fr\/wp-json\/wp\/v2\/media\/16315"}],"wp:attachment":[{"href":"https:\/\/mapospheres.eu\/fr\/wp-json\/wp\/v2\/media?parent=14725"}],"wp:term":[{"taxonomy":"product_brand","embeddable":true,"href":"https:\/\/mapospheres.eu\/fr\/wp-json\/wp\/v2\/product_brand?post=14725"},{"taxonomy":"product_cat","embeddable":true,"href":"https:\/\/mapospheres.eu\/fr\/wp-json\/wp\/v2\/product_cat?post=14725"},{"taxonomy":"product_tag","embeddable":true,"href":"https:\/\/mapospheres.eu\/fr\/wp-json\/wp\/v2\/product_tag?post=14725"}],"curies":[{"name":"wp","href":"https:\/\/api.w.org\/{rel}","templated":true}]}}