{"id":14726,"date":"2026-02-12T14:53:15","date_gmt":"2026-02-12T14:53:15","guid":{"rendered":"https:\/\/mapospheres.eu\/product\/poster-of-shanghai-china\/"},"modified":"2026-02-17T15:00:45","modified_gmt":"2026-02-17T15:00:45","slug":"poster-of-shanghai-china","status":"publish","type":"product","link":"https:\/\/mapospheres.eu\/fr\/product\/poster-de-shanghai-chine\/","title":{"rendered":"Poster de Shanghai | Chine"},"content":{"rendered":"<p><strong>Poster City map de Shanghai, Chine : La carte de Shanghai offre un aper\u00e7u fascinant d&rsquo;une ville o\u00f9 les gratte-ciel modernes et les traditions anciennes coexistent, fa\u00e7onn\u00e9e par le flux sinueux du fleuve Huangpu.<\/strong><\/p>\n<p>Situ\u00e9e sur la c\u00f4te est de la Chine, cette vaste m\u00e9tropole se trouve \u00e0 l&#8217;embouchure du fleuve Yangts\u00e9, en faisant une porte d&rsquo;entr\u00e9e vers la terre et la mer. Le terrain de la ville est principalement plat, avec quelques l\u00e9g\u00e8res \u00e9l\u00e9vations en p\u00e9riph\u00e9rie, mais c&rsquo;est le fleuve qui d\u00e9finit v\u00e9ritablement la g\u00e9ographie de Shanghai, divisant la ville en deux zones distinctes : Puxi \u00e0 l&rsquo;ouest et Pudong \u00e0 l&rsquo;est. Shanghai abrite un nombre surprenant d&rsquo;espaces verts qui offrent un contraste paisible avec sa vie urbaine effervescente. Le c\u00e9l\u00e8bre Century Park, vaste et serein, offre \u00e0 la fois aux habitants et aux visiteurs un refuge verdoyant avec des lacs et des sentiers de promenade, en faisant un lieu privil\u00e9gi\u00e9 pour les pique-niques et la d\u00e9tente. Des parcs plus petits, comme le calme Jardin Yuyuan, offrent une retraite dans la nature tout en \u00e9tant entour\u00e9s par l&rsquo;agitation de la ville. Sur la carte, ces espaces verdoyants pars\u00e8ment la ville, offrant des havres de paix au milieu de l&rsquo;\u00e9nergie sans fin de Shanghai. En explorant cette carte, les monuments remarquables sautent aux yeux. La ligne d&rsquo;horizon de Pudong, avec ses b\u00e2timents futuristes et \u00e9pur\u00e9s comme la Shanghai Tower et la Tour de la Perle de l&rsquo;Orient, contraste nettement avec les b\u00e2timents historiques du Bund de l&rsquo;autre c\u00f4t\u00e9 du fleuve. Le Bund lui-m\u00eame, une \u00e9tendue de front de mer qui longe le fleuve Huangpu, est le lieu o\u00f9 l&rsquo;histoire rencontre le pr\u00e9sent, avec une architecture coloniale europ\u00e9enne d&rsquo;un c\u00f4t\u00e9 et la silhouette moderne de la ville de l&rsquo;autre. Les anciens temples et pagodes, comme ceux trouv\u00e9s dans le Temple Jing\u2019an, rappellent la riche histoire de Shanghai, tandis que les rues tendance de Xintiandi illustrent l&rsquo;esprit avant-gardiste de la ville.<\/p>\n","protected":false},"excerpt":{"rendered":"<p>Obtenez une City Map \u2013 Carte de ville murale &#8211; imprim\u00e9e de la ville de Shanghai, Chine.<br \/>\nChoisissez ci-dessous la taille, la couleur et le design de votre carte !<\/p>\n","protected":false},"featured_media":16313,"template":"","meta":{"_uag_custom_page_level_css":"","_monsterinsights_skip_tracking":false,"_monsterinsights_sitenote_active":false,"_monsterinsights_sitenote_note":"","_monsterinsights_sitenote_category":0,"site-sidebar-layout":"default","site-content-layout":"","ast-site-content-layout":"default","site-content-style":"default","site-sidebar-style":"default","ast-global-header-display":"","ast-banner-title-visibility":"","ast-main-header-display":"","ast-hfb-above-header-display":"","ast-hfb-below-header-display":"","ast-hfb-mobile-header-display":"","site-post-title":"","ast-breadcrumbs-content":"","ast-featured-img":"","footer-sml-layout":"","ast-disable-related-posts":"","theme-transparent-header-meta":"default","adv-header-id-meta":"","stick-header-meta":"","header-above-stick-meta":"","header-main-stick-meta":"","header-below-stick-meta":"","astra-migrate-meta-layouts":"set","ast-page-background-enabled":"default","ast-page-background-meta":{"desktop":{"background-color":"","background-image":"","background-repeat":"repeat","background-position":"center center","background-size":"auto","background-attachment":"scroll","background-type":"","background-media":"","overlay-type":"","overlay-color":"","overlay-opacity":"","overlay-gradient":""},"tablet":{"background-color":"","background-image":"","background-repeat":"repeat","background-position":"center center","background-size":"auto","background-attachment":"scroll","background-type":"","background-media":"","overlay-type":"","overlay-color":"","overlay-opacity":"","overlay-gradient":""},"mobile":{"background-color":"","background-image":"","background-repeat":"repeat","background-position":"center center","background-size":"auto","background-attachment":"scroll","background-type":"","background-media":"","overlay-type":"","overlay-color":"","overlay-opacity":"","overlay-gradient":""}},"ast-content-background-meta":{"desktop":{"background-color":"var(--ast-global-color-5)","background-image":"","background-repeat":"repeat","background-position":"center center","background-size":"auto","background-attachment":"scroll","background-type":"","background-media":"","overlay-type":"","overlay-color":"","overlay-opacity":"","overlay-gradient":""},"tablet":{"background-color":"var(--ast-global-color-5)","background-image":"","background-repeat":"repeat","background-position":"center center","background-size":"auto","background-attachment":"scroll","background-type":"","background-media":"","overlay-type":"","overlay-color":"","overlay-opacity":"","overlay-gradient":""},"mobile":{"background-color":"var(--ast-global-color-5)","background-image":"","background-repeat":"repeat","background-position":"center center","background-size":"auto","background-attachment":"scroll","background-type":"","background-media":"","overlay-type":"","overlay-color":"","overlay-opacity":"","overlay-gradient":""}}},"product_brand":[],"product_cat":[18],"product_tag":[34,35,36,37,226,39,661,40,662],"class_list":{"0":"post-14726","1":"product","2":"type-product","3":"status-publish","4":"has-post-thumbnail","6":"product_cat-city-maps","7":"product_tag-30x40","8":"product_tag-40x50","9":"product_tag-50x70","10":"product_tag-70x100","11":"product_tag-asia","12":"product_tag-canvas","13":"product_tag-china","14":"product_tag-city-map","15":"product_tag-shanghai","16":"desktop-align-left","17":"tablet-align-left","18":"mobile-align-left","20":"first","21":"instock","22":"shipping-taxable","23":"purchasable","24":"product-type-variable"},"aioseo_notices":[],"uagb_featured_image_src":{"full":["https:\/\/mapospheres.eu\/wp-content\/uploads\/2026\/02\/Z27_BW_ROUND__SHANGHAI.jpg",1000,1000,false],"thumbnail":["https:\/\/mapospheres.eu\/wp-content\/uploads\/2026\/02\/Z27_BW_ROUND__SHANGHAI-150x150.jpg",150,150,true],"medium":["https:\/\/mapospheres.eu\/wp-content\/uploads\/2026\/02\/Z27_BW_ROUND__SHANGHAI-300x300.jpg",300,300,true],"medium_large":["https:\/\/mapospheres.eu\/wp-content\/uploads\/2026\/02\/Z27_BW_ROUND__SHANGHAI-768x768.jpg",768,768,true],"large":["https:\/\/mapospheres.eu\/wp-content\/uploads\/2026\/02\/Z27_BW_ROUND__SHANGHAI.jpg",1000,1000,false],"1536x1536":["https:\/\/mapospheres.eu\/wp-content\/uploads\/2026\/02\/Z27_BW_ROUND__SHANGHAI.jpg",1000,1000,false],"2048x2048":["https:\/\/mapospheres.eu\/wp-content\/uploads\/2026\/02\/Z27_BW_ROUND__SHANGHAI.jpg",1000,1000,false],"woocommerce_thumbnail":["https:\/\/mapospheres.eu\/wp-content\/uploads\/2026\/02\/Z27_BW_ROUND__SHANGHAI-300x300.jpg",300,300,true],"woocommerce_single":["https:\/\/mapospheres.eu\/wp-content\/uploads\/2026\/02\/Z27_BW_ROUND__SHANGHAI-600x600.jpg",600,600,true],"woocommerce_gallery_thumbnail":["https:\/\/mapospheres.eu\/wp-content\/uploads\/2026\/02\/Z27_BW_ROUND__SHANGHAI-100x100.jpg",100,100,true]},"uagb_author_info":{"display_name":"sgainot04@gmail.com","author_link":"https:\/\/mapospheres.eu\/fr\/author\/"},"uagb_comment_info":0,"uagb_excerpt":"Obtenez une City Map \u2013 Carte de ville murale - imprim\u00e9e de la ville de Shanghai, Chine. Choisissez ci-dessous la taille, la couleur et le design de votre carte !","_links":{"self":[{"href":"https:\/\/mapospheres.eu\/fr\/wp-json\/wp\/v2\/product\/14726","targetHints":{"allow":["GET"]}}],"collection":[{"href":"https:\/\/mapospheres.eu\/fr\/wp-json\/wp\/v2\/product"}],"about":[{"href":"https:\/\/mapospheres.eu\/fr\/wp-json\/wp\/v2\/types\/product"}],"wp:featuredmedia":[{"embeddable":true,"href":"https:\/\/mapospheres.eu\/fr\/wp-json\/wp\/v2\/media\/16313"}],"wp:attachment":[{"href":"https:\/\/mapospheres.eu\/fr\/wp-json\/wp\/v2\/media?parent=14726"}],"wp:term":[{"taxonomy":"product_brand","embeddable":true,"href":"https:\/\/mapospheres.eu\/fr\/wp-json\/wp\/v2\/product_brand?post=14726"},{"taxonomy":"product_cat","embeddable":true,"href":"https:\/\/mapospheres.eu\/fr\/wp-json\/wp\/v2\/product_cat?post=14726"},{"taxonomy":"product_tag","embeddable":true,"href":"https:\/\/mapospheres.eu\/fr\/wp-json\/wp\/v2\/product_tag?post=14726"}],"curies":[{"name":"wp","href":"https:\/\/api.w.org\/{rel}","templated":true}]}}