{"id":14732,"date":"2026-02-12T14:53:50","date_gmt":"2026-02-12T14:53:50","guid":{"rendered":"https:\/\/mapospheres.eu\/product\/poster-of-tel-aviv-yafo-israel\/"},"modified":"2026-02-17T15:00:55","modified_gmt":"2026-02-17T15:00:55","slug":"poster-of-tel-aviv-yafo-israel","status":"publish","type":"product","link":"https:\/\/mapospheres.eu\/fr\/product\/poster-de-tel-aviv-israel\/","title":{"rendered":"Poster de Tel Aviv | Isra\u00ebl"},"content":{"rendered":"<p><strong>Poster City map de Tel Aviv, Isra\u00ebl : Cette carte, pr\u00e9sent\u00e9e avec une touche artistique, capture l\u2019essence d&rsquo;une ville qui est pass\u00e9e d&rsquo;un petit \u00e9tablissement c\u00f4tier \u00e0 la m\u00e9tropole anim\u00e9e qu&rsquo;elle est aujourd&rsquo;hui.<\/strong><\/p>\n<p> Nich\u00e9e le long de la mer M\u00e9diterran\u00e9e, la carte met en valeur le m\u00e9lange unique de modernit\u00e9 et d\u2019histoire de Tel Aviv. Vous remarquerez la douce courbe de la c\u00f4te s&rsquo;\u00e9tendant des plages de sable blanc au pittoresque port de Jaffa, une porte historique qui a vu des si\u00e8cles de commerce, de r\u00e9cits et m\u00eame quelques pirates. La carte r\u00e9v\u00e8le les riches espaces verts de la ville, tels que le c\u00e9l\u00e8bre parc Yarkon, un havre de paix qui offre aux habitants comme aux visiteurs une \u00e9vasion tranquille avec ses rives paisibles, ses all\u00e9es ombrag\u00e9es et ses champs ouverts. \u00c0 l&rsquo;est, vous trouverez la beaut\u00e9 urbaine du quartier Neve Tzedek, qui ressemble \u00e0 une petite \u00eele pittoresque au c\u0153ur moderne de la ville, offrant un aper\u00e7u du vieux Tel Aviv avec ses rues charmantes et ses b\u00e2timents color\u00e9s. Au centre, vous ne pouvez pas manquer la monumentale Ville Blanche\u2014un site du patrimoine mondial de l&rsquo;UNESCO avec son architecture de style Bauhaus\u2014o\u00f9 les lignes droites et les angles vifs de ces b\u00e2timents contrastent avec les courbes plus organiques du terrain lui-m\u00eame. Autour de la carte, les nombreuses autoroutes et rues de la ville serpentent comme des veines, menant \u00e0 des points de rep\u00e8re majeurs comme les embl\u00e9matiques tours Azrieli et le march\u00e9 anim\u00e9 de Carmel, t\u00e9moignant toutes deux du dynamisme de Tel Aviv. En regardant le terrain unique de la ville, la carte capture la plaine c\u00f4ti\u00e8re plate qui s\u2019\u00e9tend doucement vers les collines basses \u00e0 l\u2019est, montrant comment cette g\u00e9ographie a fa\u00e7onn\u00e9 l\u2019expansion de la ville.<\/p>\n","protected":false},"excerpt":{"rendered":"<p>Obtenez une City Map \u2013 Carte de ville murale &#8211; imprim\u00e9e de la ville de Tel Aviv, Isra\u00ebl.<br \/>\nChoisissez ci-dessous la taille, la couleur et le design de votre carte !<\/p>\n","protected":false},"featured_media":16066,"template":"","meta":{"_uag_custom_page_level_css":"","_monsterinsights_skip_tracking":false,"_monsterinsights_sitenote_active":false,"_monsterinsights_sitenote_note":"","_monsterinsights_sitenote_category":0,"site-sidebar-layout":"default","site-content-layout":"","ast-site-content-layout":"default","site-content-style":"default","site-sidebar-style":"default","ast-global-header-display":"","ast-banner-title-visibility":"","ast-main-header-display":"","ast-hfb-above-header-display":"","ast-hfb-below-header-display":"","ast-hfb-mobile-header-display":"","site-post-title":"","ast-breadcrumbs-content":"","ast-featured-img":"","footer-sml-layout":"","ast-disable-related-posts":"","theme-transparent-header-meta":"default","adv-header-id-meta":"","stick-header-meta":"","header-above-stick-meta":"","header-main-stick-meta":"","header-below-stick-meta":"","astra-migrate-meta-layouts":"set","ast-page-background-enabled":"default","ast-page-background-meta":{"desktop":{"background-color":"","background-image":"","background-repeat":"repeat","background-position":"center center","background-size":"auto","background-attachment":"scroll","background-type":"","background-media":"","overlay-type":"","overlay-color":"","overlay-opacity":"","overlay-gradient":""},"tablet":{"background-color":"","background-image":"","background-repeat":"repeat","background-position":"center center","background-size":"auto","background-attachment":"scroll","background-type":"","background-media":"","overlay-type":"","overlay-color":"","overlay-opacity":"","overlay-gradient":""},"mobile":{"background-color":"","background-image":"","background-repeat":"repeat","background-position":"center center","background-size":"auto","background-attachment":"scroll","background-type":"","background-media":"","overlay-type":"","overlay-color":"","overlay-opacity":"","overlay-gradient":""}},"ast-content-background-meta":{"desktop":{"background-color":"var(--ast-global-color-5)","background-image":"","background-repeat":"repeat","background-position":"center center","background-size":"auto","background-attachment":"scroll","background-type":"","background-media":"","overlay-type":"","overlay-color":"","overlay-opacity":"","overlay-gradient":""},"tablet":{"background-color":"var(--ast-global-color-5)","background-image":"","background-repeat":"repeat","background-position":"center center","background-size":"auto","background-attachment":"scroll","background-type":"","background-media":"","overlay-type":"","overlay-color":"","overlay-opacity":"","overlay-gradient":""},"mobile":{"background-color":"var(--ast-global-color-5)","background-image":"","background-repeat":"repeat","background-position":"center center","background-size":"auto","background-attachment":"scroll","background-type":"","background-media":"","overlay-type":"","overlay-color":"","overlay-opacity":"","overlay-gradient":""}}},"product_brand":[],"product_cat":[18],"product_tag":[34,35,36,37,226,39,40,651,652,653,654],"class_list":{"0":"post-14732","1":"product","2":"type-product","3":"status-publish","4":"has-post-thumbnail","6":"product_cat-city-maps","7":"product_tag-30x40","8":"product_tag-40x50","9":"product_tag-50x70","10":"product_tag-70x100","11":"product_tag-asia","12":"product_tag-canvas","13":"product_tag-city-map","14":"product_tag-israel","15":"product_tag-middle-east","16":"product_tag-tel-aviv","17":"product_tag-yafo","18":"desktop-align-left","19":"tablet-align-left","20":"mobile-align-left","22":"first","23":"instock","24":"shipping-taxable","25":"purchasable","26":"product-type-variable"},"aioseo_notices":[],"uagb_featured_image_src":{"full":["https:\/\/mapospheres.eu\/wp-content\/uploads\/2026\/02\/Z27_BW_ROUND__TELAVIV.jpg",1000,1000,false],"thumbnail":["https:\/\/mapospheres.eu\/wp-content\/uploads\/2026\/02\/Z27_BW_ROUND__TELAVIV-150x150.jpg",150,150,true],"medium":["https:\/\/mapospheres.eu\/wp-content\/uploads\/2026\/02\/Z27_BW_ROUND__TELAVIV-300x300.jpg",300,300,true],"medium_large":["https:\/\/mapospheres.eu\/wp-content\/uploads\/2026\/02\/Z27_BW_ROUND__TELAVIV-768x768.jpg",768,768,true],"large":["https:\/\/mapospheres.eu\/wp-content\/uploads\/2026\/02\/Z27_BW_ROUND__TELAVIV.jpg",1000,1000,false],"1536x1536":["https:\/\/mapospheres.eu\/wp-content\/uploads\/2026\/02\/Z27_BW_ROUND__TELAVIV.jpg",1000,1000,false],"2048x2048":["https:\/\/mapospheres.eu\/wp-content\/uploads\/2026\/02\/Z27_BW_ROUND__TELAVIV.jpg",1000,1000,false],"woocommerce_thumbnail":["https:\/\/mapospheres.eu\/wp-content\/uploads\/2026\/02\/Z27_BW_ROUND__TELAVIV-300x300.jpg",300,300,true],"woocommerce_single":["https:\/\/mapospheres.eu\/wp-content\/uploads\/2026\/02\/Z27_BW_ROUND__TELAVIV-600x600.jpg",600,600,true],"woocommerce_gallery_thumbnail":["https:\/\/mapospheres.eu\/wp-content\/uploads\/2026\/02\/Z27_BW_ROUND__TELAVIV-100x100.jpg",100,100,true]},"uagb_author_info":{"display_name":"sgainot04@gmail.com","author_link":"https:\/\/mapospheres.eu\/fr\/author\/"},"uagb_comment_info":0,"uagb_excerpt":"Obtenez une City Map \u2013 Carte de ville murale - imprim\u00e9e de la ville de Tel Aviv, Isra\u00ebl. Choisissez ci-dessous la taille, la couleur et le design de votre carte !","_links":{"self":[{"href":"https:\/\/mapospheres.eu\/fr\/wp-json\/wp\/v2\/product\/14732","targetHints":{"allow":["GET"]}}],"collection":[{"href":"https:\/\/mapospheres.eu\/fr\/wp-json\/wp\/v2\/product"}],"about":[{"href":"https:\/\/mapospheres.eu\/fr\/wp-json\/wp\/v2\/types\/product"}],"wp:featuredmedia":[{"embeddable":true,"href":"https:\/\/mapospheres.eu\/fr\/wp-json\/wp\/v2\/media\/16066"}],"wp:attachment":[{"href":"https:\/\/mapospheres.eu\/fr\/wp-json\/wp\/v2\/media?parent=14732"}],"wp:term":[{"taxonomy":"product_brand","embeddable":true,"href":"https:\/\/mapospheres.eu\/fr\/wp-json\/wp\/v2\/product_brand?post=14732"},{"taxonomy":"product_cat","embeddable":true,"href":"https:\/\/mapospheres.eu\/fr\/wp-json\/wp\/v2\/product_cat?post=14732"},{"taxonomy":"product_tag","embeddable":true,"href":"https:\/\/mapospheres.eu\/fr\/wp-json\/wp\/v2\/product_tag?post=14732"}],"curies":[{"name":"wp","href":"https:\/\/api.w.org\/{rel}","templated":true}]}}