{"id":14733,"date":"2026-02-12T14:53:58","date_gmt":"2026-02-12T14:53:58","guid":{"rendered":"https:\/\/mapospheres.eu\/product\/poster-of-bangkok-thailand\/"},"modified":"2026-02-17T14:59:43","modified_gmt":"2026-02-17T14:59:43","slug":"poster-of-bangkok-thailand","status":"publish","type":"product","link":"https:\/\/mapospheres.eu\/fr\/product\/poster-de-bangkok-thailande\/","title":{"rendered":"Poster de Bangkok | Tha\u00eflande"},"content":{"rendered":"<p><strong>Poster City map de Bangkok, Tha\u00eflande : La carte capture le r\u00e9seau complexe de canaux, connus localement sous le nom de \u00ab\u00a0khlongs\u00a0\u00bb, qui \u00e9taient autrefois les principales art\u00e8res de la ville.<\/strong><\/p>\n<p> Situ\u00e9e sur les rives du fleuve Chao Phraya, la carte attire l&rsquo;attention sur le flux sinueux du fleuve, qui a fa\u00e7onn\u00e9 le d\u00e9veloppement de la ville pendant des si\u00e8cles. En suivant ses courbes, vous d\u00e9couvrirez comment le fleuve a \u00e9t\u00e9 \u00e0 la fois une ligne de vie pour le commerce et un th\u00e9\u00e2tre pour les courses de bateaux color\u00e9es qui ont toujours lieu aujourd&rsquo;hui. Le terrain est principalement plat, la ville s\u2019\u00e9tendant sur un delta peu \u00e9lev\u00e9. Les voies navigables des khlongs serpentent \u00e0 travers les quartiers, offrant un aper\u00e7u du pass\u00e9 lorsque Bangkok \u00e9tait souvent surnomm\u00e9e \u00ab\u00a0Venise de l&rsquo;Est\u00a0\u00bb. Bien que de nombreux canaux aient \u00e9t\u00e9 remplac\u00e9s par des routes, quelques-uns subsistent, ajoutant une touche de charme ancien aux caract\u00e9ristiques plus modernes de la carte. Les espaces verts comme le parc Lumpini se distinguent comme des lieux sereins au milieu du rythme effr\u00e9n\u00e9 de la ville. Nich\u00e9 au c\u0153ur de Bangkok, ce parc est l\u2019endroit o\u00f9 les habitants viennent \u00e9chapper au bruit, en courant sur ses sentiers ou en se d\u00e9tendant pr\u00e8s du lac. C\u2019est un contraste parfait avec l\u2019\u00e9talement urbain qui l\u2019entoure, o\u00f9 vous pouvez apercevoir des gratte-ciel qui semblent surgir presque du jour au lendemain. Des sites embl\u00e9matiques tels que le Grand Palais et le Wat Arun, avec leurs fl\u00e8ches distinctives s\u2019\u00e9levant vers le ciel, rendent hommage \u00e0 la riche histoire de la ville. Ces sites se dressent sur la carte comme des rep\u00e8res anciens, nous rappelant que Bangkok n&rsquo;est pas seulement une ville moderne, mais aussi une ville aux racines culturelles profondes qui remontent \u00e0 sa fondation \u00e0 la fin du XVIIIe si\u00e8cle. Pendant ce temps, les rues anim\u00e9es autour de Khao San Road et Siam Square captent l&rsquo;\u00e9nergie vibrante de la ville, o\u00f9 tradition et tendance se croisent.<\/p>\n","protected":false},"excerpt":{"rendered":"<p>Obtenez une City Map \u2013 Carte de ville murale &#8211; imprim\u00e9e de la ville de Bangkok, Tha\u00eflande.<br \/>\nChoisissez ci-dessous la taille, la couleur et le design de votre carte !<\/p>\n","protected":false},"featured_media":16045,"template":"","meta":{"_uag_custom_page_level_css":"","_monsterinsights_skip_tracking":false,"_monsterinsights_sitenote_active":false,"_monsterinsights_sitenote_note":"","_monsterinsights_sitenote_category":0,"site-sidebar-layout":"default","site-content-layout":"","ast-site-content-layout":"default","site-content-style":"default","site-sidebar-style":"default","ast-global-header-display":"","ast-banner-title-visibility":"","ast-main-header-display":"","ast-hfb-above-header-display":"","ast-hfb-below-header-display":"","ast-hfb-mobile-header-display":"","site-post-title":"","ast-breadcrumbs-content":"","ast-featured-img":"","footer-sml-layout":"","ast-disable-related-posts":"","theme-transparent-header-meta":"default","adv-header-id-meta":"","stick-header-meta":"","header-above-stick-meta":"","header-main-stick-meta":"","header-below-stick-meta":"","astra-migrate-meta-layouts":"set","ast-page-background-enabled":"default","ast-page-background-meta":{"desktop":{"background-color":"","background-image":"","background-repeat":"repeat","background-position":"center center","background-size":"auto","background-attachment":"scroll","background-type":"","background-media":"","overlay-type":"","overlay-color":"","overlay-opacity":"","overlay-gradient":""},"tablet":{"background-color":"","background-image":"","background-repeat":"repeat","background-position":"center center","background-size":"auto","background-attachment":"scroll","background-type":"","background-media":"","overlay-type":"","overlay-color":"","overlay-opacity":"","overlay-gradient":""},"mobile":{"background-color":"","background-image":"","background-repeat":"repeat","background-position":"center center","background-size":"auto","background-attachment":"scroll","background-type":"","background-media":"","overlay-type":"","overlay-color":"","overlay-opacity":"","overlay-gradient":""}},"ast-content-background-meta":{"desktop":{"background-color":"var(--ast-global-color-5)","background-image":"","background-repeat":"repeat","background-position":"center center","background-size":"auto","background-attachment":"scroll","background-type":"","background-media":"","overlay-type":"","overlay-color":"","overlay-opacity":"","overlay-gradient":""},"tablet":{"background-color":"var(--ast-global-color-5)","background-image":"","background-repeat":"repeat","background-position":"center center","background-size":"auto","background-attachment":"scroll","background-type":"","background-media":"","overlay-type":"","overlay-color":"","overlay-opacity":"","overlay-gradient":""},"mobile":{"background-color":"var(--ast-global-color-5)","background-image":"","background-repeat":"repeat","background-position":"center center","background-size":"auto","background-attachment":"scroll","background-type":"","background-media":"","overlay-type":"","overlay-color":"","overlay-opacity":"","overlay-gradient":""}}},"product_brand":[],"product_cat":[18,338],"product_tag":[34,35,36,37,226,650,39,40,382],"class_list":{"0":"post-14733","1":"product","2":"type-product","3":"status-publish","4":"has-post-thumbnail","6":"product_cat-city-maps","7":"product_cat-featured_eng","8":"product_tag-30x40","9":"product_tag-40x50","10":"product_tag-50x70","11":"product_tag-70x100","12":"product_tag-asia","13":"product_tag-bangkok","14":"product_tag-canvas","15":"product_tag-city-map","16":"product_tag-thailand","17":"desktop-align-left","18":"tablet-align-left","19":"mobile-align-left","21":"first","22":"instock","23":"shipping-taxable","24":"purchasable","25":"product-type-variable"},"aioseo_notices":[],"uagb_featured_image_src":{"full":["https:\/\/mapospheres.eu\/wp-content\/uploads\/2026\/02\/CANVAS_16_NIGHT_2ND_BANGKOK.jpg",1000,1000,false],"thumbnail":["https:\/\/mapospheres.eu\/wp-content\/uploads\/2026\/02\/CANVAS_16_NIGHT_2ND_BANGKOK-150x150.jpg",150,150,true],"medium":["https:\/\/mapospheres.eu\/wp-content\/uploads\/2026\/02\/CANVAS_16_NIGHT_2ND_BANGKOK-300x300.jpg",300,300,true],"medium_large":["https:\/\/mapospheres.eu\/wp-content\/uploads\/2026\/02\/CANVAS_16_NIGHT_2ND_BANGKOK-768x768.jpg",768,768,true],"large":["https:\/\/mapospheres.eu\/wp-content\/uploads\/2026\/02\/CANVAS_16_NIGHT_2ND_BANGKOK.jpg",1000,1000,false],"1536x1536":["https:\/\/mapospheres.eu\/wp-content\/uploads\/2026\/02\/CANVAS_16_NIGHT_2ND_BANGKOK.jpg",1000,1000,false],"2048x2048":["https:\/\/mapospheres.eu\/wp-content\/uploads\/2026\/02\/CANVAS_16_NIGHT_2ND_BANGKOK.jpg",1000,1000,false],"woocommerce_thumbnail":["https:\/\/mapospheres.eu\/wp-content\/uploads\/2026\/02\/CANVAS_16_NIGHT_2ND_BANGKOK-300x300.jpg",300,300,true],"woocommerce_single":["https:\/\/mapospheres.eu\/wp-content\/uploads\/2026\/02\/CANVAS_16_NIGHT_2ND_BANGKOK-600x600.jpg",600,600,true],"woocommerce_gallery_thumbnail":["https:\/\/mapospheres.eu\/wp-content\/uploads\/2026\/02\/CANVAS_16_NIGHT_2ND_BANGKOK-100x100.jpg",100,100,true]},"uagb_author_info":{"display_name":"sgainot04@gmail.com","author_link":"https:\/\/mapospheres.eu\/fr\/author\/"},"uagb_comment_info":0,"uagb_excerpt":"Obtenez une City Map \u2013 Carte de ville murale - imprim\u00e9e de la ville de Bangkok, Tha\u00eflande. Choisissez ci-dessous la taille, la couleur et le design de votre carte !","_links":{"self":[{"href":"https:\/\/mapospheres.eu\/fr\/wp-json\/wp\/v2\/product\/14733","targetHints":{"allow":["GET"]}}],"collection":[{"href":"https:\/\/mapospheres.eu\/fr\/wp-json\/wp\/v2\/product"}],"about":[{"href":"https:\/\/mapospheres.eu\/fr\/wp-json\/wp\/v2\/types\/product"}],"wp:featuredmedia":[{"embeddable":true,"href":"https:\/\/mapospheres.eu\/fr\/wp-json\/wp\/v2\/media\/16045"}],"wp:attachment":[{"href":"https:\/\/mapospheres.eu\/fr\/wp-json\/wp\/v2\/media?parent=14733"}],"wp:term":[{"taxonomy":"product_brand","embeddable":true,"href":"https:\/\/mapospheres.eu\/fr\/wp-json\/wp\/v2\/product_brand?post=14733"},{"taxonomy":"product_cat","embeddable":true,"href":"https:\/\/mapospheres.eu\/fr\/wp-json\/wp\/v2\/product_cat?post=14733"},{"taxonomy":"product_tag","embeddable":true,"href":"https:\/\/mapospheres.eu\/fr\/wp-json\/wp\/v2\/product_tag?post=14733"}],"curies":[{"name":"wp","href":"https:\/\/api.w.org\/{rel}","templated":true}]}}