{"id":14735,"date":"2026-02-12T14:54:10","date_gmt":"2026-02-12T14:54:10","guid":{"rendered":"https:\/\/mapospheres.eu\/product\/poster-of-kuala-lumpur-malaysia\/"},"modified":"2026-02-17T15:00:08","modified_gmt":"2026-02-17T15:00:08","slug":"poster-of-kuala-lumpur-malaysia","status":"publish","type":"product","link":"https:\/\/mapospheres.eu\/fr\/product\/poster-de-kuala-lumpur-malaisie\/","title":{"rendered":"Poster de Kuala Lumpur | Malaisie"},"content":{"rendered":"<p><strong>Poster City map de Kuala Lumpur, Malaisie : Cette carte offre un aper\u00e7u d&rsquo;une ville en constante \u00e9volution, chaque courbe et chaque point de rep\u00e8re racontant l&rsquo;histoire d&rsquo;une m\u00e9tropole jeune mais fi\u00e8re qui n&rsquo;oublie jamais ses racines.<\/strong><\/p>\n<p> G\u00e9ographiquement, Kuala Lumpur se trouve nich\u00e9e dans une vall\u00e9e entre les montagnes Titiwangsa \u00e0 l&rsquo;est et les collines calcaires \u00e0 l&rsquo;ouest. La carte met magnifiquement en valeur les rivi\u00e8res sinueuses qui ont jadis fa\u00e7onn\u00e9 la ville \u2014 principalement les rivi\u00e8res Klang et Gombak \u2014 qui se rencontrent au c\u0153ur m\u00eame de l&rsquo;expansion urbaine, o\u00f9 les embl\u00e9matiques tours jumelles Petronas s&rsquo;\u00e9l\u00e8vent aujourd&rsquo;hui. Le terrain de la ville est un m\u00e9lange de d\u00e9veloppement urbain et de verdure surprenante. Au milieu des gratte-ciel, des parcs luxuriants comme les Lake Gardens (ou Taman Tasik Perdana) offrent une \u00e9vasion paisible, avec ses lacs tranquilles et ses sentiers ombrag\u00e9s. La carte met en avant ces espaces verts, apportant un \u00e9quilibre \u00e0 la silhouette de plus en plus grande de la ville. Au loin, la r\u00e9serve foresti\u00e8re de Bukit Nanas rappelle la jungle tropicale qui couvrait autrefois la terre, d\u00e9sormais pr\u00e9serv\u00e9e au c\u0153ur de l&rsquo;agitation urbaine. Il est impossible de ne pas remarquer la pr\u00e9sence imposante des tours Petronas sur la carte, symbolisant l&rsquo;ascension de la Malaisie en tant que puissance \u00e9conomique.<\/p>\n","protected":false},"excerpt":{"rendered":"<p>Obtenez une City Map \u2013 Carte de ville murale &#8211; imprim\u00e9e de la ville de Kuala Lumpur, Malaisie.<br \/>\nChoisissez ci-dessous la taille, la couleur et le design de votre carte !<\/p>\n","protected":false},"featured_media":15837,"template":"","meta":{"_uag_custom_page_level_css":"","_monsterinsights_skip_tracking":false,"_monsterinsights_sitenote_active":false,"_monsterinsights_sitenote_note":"","_monsterinsights_sitenote_category":0,"site-sidebar-layout":"default","site-content-layout":"","ast-site-content-layout":"default","site-content-style":"default","site-sidebar-style":"default","ast-global-header-display":"","ast-banner-title-visibility":"","ast-main-header-display":"","ast-hfb-above-header-display":"","ast-hfb-below-header-display":"","ast-hfb-mobile-header-display":"","site-post-title":"","ast-breadcrumbs-content":"","ast-featured-img":"","footer-sml-layout":"","ast-disable-related-posts":"","theme-transparent-header-meta":"default","adv-header-id-meta":"","stick-header-meta":"","header-above-stick-meta":"","header-main-stick-meta":"","header-below-stick-meta":"","astra-migrate-meta-layouts":"set","ast-page-background-enabled":"default","ast-page-background-meta":{"desktop":{"background-color":"","background-image":"","background-repeat":"repeat","background-position":"center center","background-size":"auto","background-attachment":"scroll","background-type":"","background-media":"","overlay-type":"","overlay-color":"","overlay-opacity":"","overlay-gradient":""},"tablet":{"background-color":"","background-image":"","background-repeat":"repeat","background-position":"center center","background-size":"auto","background-attachment":"scroll","background-type":"","background-media":"","overlay-type":"","overlay-color":"","overlay-opacity":"","overlay-gradient":""},"mobile":{"background-color":"","background-image":"","background-repeat":"repeat","background-position":"center center","background-size":"auto","background-attachment":"scroll","background-type":"","background-media":"","overlay-type":"","overlay-color":"","overlay-opacity":"","overlay-gradient":""}},"ast-content-background-meta":{"desktop":{"background-color":"var(--ast-global-color-5)","background-image":"","background-repeat":"repeat","background-position":"center center","background-size":"auto","background-attachment":"scroll","background-type":"","background-media":"","overlay-type":"","overlay-color":"","overlay-opacity":"","overlay-gradient":""},"tablet":{"background-color":"var(--ast-global-color-5)","background-image":"","background-repeat":"repeat","background-position":"center center","background-size":"auto","background-attachment":"scroll","background-type":"","background-media":"","overlay-type":"","overlay-color":"","overlay-opacity":"","overlay-gradient":""},"mobile":{"background-color":"var(--ast-global-color-5)","background-image":"","background-repeat":"repeat","background-position":"center center","background-size":"auto","background-attachment":"scroll","background-type":"","background-media":"","overlay-type":"","overlay-color":"","overlay-opacity":"","overlay-gradient":""}}},"product_brand":[],"product_cat":[18,338],"product_tag":[34,35,36,37,226,39,40,646,647,648],"class_list":{"0":"post-14735","1":"product","2":"type-product","3":"status-publish","4":"has-post-thumbnail","6":"product_cat-city-maps","7":"product_cat-featured_eng","8":"product_tag-30x40","9":"product_tag-40x50","10":"product_tag-50x70","11":"product_tag-70x100","12":"product_tag-asia","13":"product_tag-canvas","14":"product_tag-city-map","15":"product_tag-kl","16":"product_tag-kuala-lumpur","17":"product_tag-malaysia","18":"desktop-align-left","19":"tablet-align-left","20":"mobile-align-left","22":"first","23":"instock","24":"shipping-taxable","25":"purchasable","26":"product-type-variable"},"aioseo_notices":[],"uagb_featured_image_src":{"full":["https:\/\/mapospheres.eu\/wp-content\/uploads\/2026\/02\/CANVAS_12_RED_2_KUALALUMPUR.jpg",1000,1000,false],"thumbnail":["https:\/\/mapospheres.eu\/wp-content\/uploads\/2026\/02\/CANVAS_12_RED_2_KUALALUMPUR-150x150.jpg",150,150,true],"medium":["https:\/\/mapospheres.eu\/wp-content\/uploads\/2026\/02\/CANVAS_12_RED_2_KUALALUMPUR-300x300.jpg",300,300,true],"medium_large":["https:\/\/mapospheres.eu\/wp-content\/uploads\/2026\/02\/CANVAS_12_RED_2_KUALALUMPUR-768x768.jpg",768,768,true],"large":["https:\/\/mapospheres.eu\/wp-content\/uploads\/2026\/02\/CANVAS_12_RED_2_KUALALUMPUR.jpg",1000,1000,false],"1536x1536":["https:\/\/mapospheres.eu\/wp-content\/uploads\/2026\/02\/CANVAS_12_RED_2_KUALALUMPUR.jpg",1000,1000,false],"2048x2048":["https:\/\/mapospheres.eu\/wp-content\/uploads\/2026\/02\/CANVAS_12_RED_2_KUALALUMPUR.jpg",1000,1000,false],"woocommerce_thumbnail":["https:\/\/mapospheres.eu\/wp-content\/uploads\/2026\/02\/CANVAS_12_RED_2_KUALALUMPUR-300x300.jpg",300,300,true],"woocommerce_single":["https:\/\/mapospheres.eu\/wp-content\/uploads\/2026\/02\/CANVAS_12_RED_2_KUALALUMPUR-600x600.jpg",600,600,true],"woocommerce_gallery_thumbnail":["https:\/\/mapospheres.eu\/wp-content\/uploads\/2026\/02\/CANVAS_12_RED_2_KUALALUMPUR-100x100.jpg",100,100,true]},"uagb_author_info":{"display_name":"sgainot04@gmail.com","author_link":"https:\/\/mapospheres.eu\/fr\/author\/"},"uagb_comment_info":0,"uagb_excerpt":"Obtenez une City Map \u2013 Carte de ville murale - imprim\u00e9e de la ville de Kuala Lumpur, Malaisie. Choisissez ci-dessous la taille, la couleur et le design de votre carte !","_links":{"self":[{"href":"https:\/\/mapospheres.eu\/fr\/wp-json\/wp\/v2\/product\/14735","targetHints":{"allow":["GET"]}}],"collection":[{"href":"https:\/\/mapospheres.eu\/fr\/wp-json\/wp\/v2\/product"}],"about":[{"href":"https:\/\/mapospheres.eu\/fr\/wp-json\/wp\/v2\/types\/product"}],"wp:featuredmedia":[{"embeddable":true,"href":"https:\/\/mapospheres.eu\/fr\/wp-json\/wp\/v2\/media\/15837"}],"wp:attachment":[{"href":"https:\/\/mapospheres.eu\/fr\/wp-json\/wp\/v2\/media?parent=14735"}],"wp:term":[{"taxonomy":"product_brand","embeddable":true,"href":"https:\/\/mapospheres.eu\/fr\/wp-json\/wp\/v2\/product_brand?post=14735"},{"taxonomy":"product_cat","embeddable":true,"href":"https:\/\/mapospheres.eu\/fr\/wp-json\/wp\/v2\/product_cat?post=14735"},{"taxonomy":"product_tag","embeddable":true,"href":"https:\/\/mapospheres.eu\/fr\/wp-json\/wp\/v2\/product_tag?post=14735"}],"curies":[{"name":"wp","href":"https:\/\/api.w.org\/{rel}","templated":true}]}}