{"id":14737,"date":"2026-02-12T14:54:18","date_gmt":"2026-02-12T14:54:18","guid":{"rendered":"https:\/\/mapospheres.eu\/product\/poster-of-singapore-republic-of-singapore\/"},"modified":"2026-02-17T15:00:49","modified_gmt":"2026-02-17T15:00:49","slug":"poster-of-singapore-republic-of-singapore","status":"publish","type":"product","link":"https:\/\/mapospheres.eu\/fr\/product\/poster-de-singapour-republique-de-singapour\/","title":{"rendered":"Poster de Singapour | R\u00e9publique de Singapour"},"content":{"rendered":"<p><strong>Poster City map de Singapour, R\u00e9publique de Singapour : Cette carte sert non seulement de repr\u00e9sentation g\u00e9ographique, mais aussi de rappel de l&rsquo;\u00e9quilibre d\u00e9licat entre la nature et la vie urbaine dans cette nation insulaire.<\/strong><\/p>\n<p>Cette carte capture le c\u0153ur g\u00e9ographique de Singapour, une \u00eele connue pour son contraste marqu\u00e9 entre les espaces verts luxuriants et l&rsquo;architecture moderne. Des contours doucement incurv\u00e9s de la c\u00f4te de l&rsquo;\u00eele aux collines subtiles qui s&rsquo;\u00e9l\u00e8vent au-dessus de la ville, la carte met en valeur magnifiquement le terrain vari\u00e9. Singapour, bien que petite, regorge de caract\u00e9ristiques remarquables. La carte montre la sinueuse rivi\u00e8re Singapour, qui fut autrefois l&rsquo;art\u00e8re vitale du commerce et est maintenant un souvenir pittoresque du pass\u00e9 colonial de la ville. Les courbes de la rivi\u00e8re dirigent le regard vers l&#8217;embl\u00e9matique Marina Bay, abritant des points de rep\u00e8re comme le futuriste Marina Bay Sands et les vastes Gardens by the Bay, o\u00f9 des arbres futuristes s&rsquo;\u00e9l\u00e8vent au-dessus des jardins botaniques. Pour une touche de verdure en plein c\u0153ur de la ville, la carte donne une place de choix aux vastes r\u00e9serves naturelles comme la r\u00e9serve naturelle de Bukit Timah, o\u00f9 les visiteurs peuvent se perdre dans la paisible for\u00eat tropicale. \u00c0 ne pas n\u00e9gliger, les nombreux parcs et coins verdoyants qui pars\u00e8ment la ville offrent un contraste parfait avec le paysage urbain en acier et en verre. La carte sugg\u00e8re \u00e9galement les quartiers historiques de Chinatown, Little India et Kampong Glam, chacun impr\u00e9gn\u00e9 de culture et d&rsquo;histoires issues de l&rsquo;histoire riche de Singapour, du commerce et de la migration.<\/p>\n","protected":false},"excerpt":{"rendered":"<p>Obtenez une City Map \u2013 Carte de ville murale &#8211; imprim\u00e9e de la ville de Singapour, R\u00e9publique de Singapour.<br \/>\nChoisissez ci-dessous la taille, la couleur et le design de votre carte !<\/p>\n","protected":false},"featured_media":15814,"template":"","meta":{"_uag_custom_page_level_css":"","_monsterinsights_skip_tracking":false,"_monsterinsights_sitenote_active":false,"_monsterinsights_sitenote_note":"","_monsterinsights_sitenote_category":0,"site-sidebar-layout":"default","site-content-layout":"","ast-site-content-layout":"default","site-content-style":"default","site-sidebar-style":"default","ast-global-header-display":"","ast-banner-title-visibility":"","ast-main-header-display":"","ast-hfb-above-header-display":"","ast-hfb-below-header-display":"","ast-hfb-mobile-header-display":"","site-post-title":"","ast-breadcrumbs-content":"","ast-featured-img":"","footer-sml-layout":"","ast-disable-related-posts":"","theme-transparent-header-meta":"default","adv-header-id-meta":"","stick-header-meta":"","header-above-stick-meta":"","header-main-stick-meta":"","header-below-stick-meta":"","astra-migrate-meta-layouts":"set","ast-page-background-enabled":"default","ast-page-background-meta":{"desktop":{"background-color":"","background-image":"","background-repeat":"repeat","background-position":"center center","background-size":"auto","background-attachment":"scroll","background-type":"","background-media":"","overlay-type":"","overlay-color":"","overlay-opacity":"","overlay-gradient":""},"tablet":{"background-color":"","background-image":"","background-repeat":"repeat","background-position":"center center","background-size":"auto","background-attachment":"scroll","background-type":"","background-media":"","overlay-type":"","overlay-color":"","overlay-opacity":"","overlay-gradient":""},"mobile":{"background-color":"","background-image":"","background-repeat":"repeat","background-position":"center center","background-size":"auto","background-attachment":"scroll","background-type":"","background-media":"","overlay-type":"","overlay-color":"","overlay-opacity":"","overlay-gradient":""}},"ast-content-background-meta":{"desktop":{"background-color":"var(--ast-global-color-5)","background-image":"","background-repeat":"repeat","background-position":"center center","background-size":"auto","background-attachment":"scroll","background-type":"","background-media":"","overlay-type":"","overlay-color":"","overlay-opacity":"","overlay-gradient":""},"tablet":{"background-color":"var(--ast-global-color-5)","background-image":"","background-repeat":"repeat","background-position":"center center","background-size":"auto","background-attachment":"scroll","background-type":"","background-media":"","overlay-type":"","overlay-color":"","overlay-opacity":"","overlay-gradient":""},"mobile":{"background-color":"var(--ast-global-color-5)","background-image":"","background-repeat":"repeat","background-position":"center center","background-size":"auto","background-attachment":"scroll","background-type":"","background-media":"","overlay-type":"","overlay-color":"","overlay-opacity":"","overlay-gradient":""}}},"product_brand":[],"product_cat":[18,338],"product_tag":[34,35,36,37,226,39,40,644],"class_list":{"0":"post-14737","1":"product","2":"type-product","3":"status-publish","4":"has-post-thumbnail","6":"product_cat-city-maps","7":"product_cat-featured_eng","8":"product_tag-30x40","9":"product_tag-40x50","10":"product_tag-50x70","11":"product_tag-70x100","12":"product_tag-asia","13":"product_tag-canvas","14":"product_tag-city-map","15":"product_tag-singapore","16":"desktop-align-left","17":"tablet-align-left","18":"mobile-align-left","20":"first","21":"instock","22":"shipping-taxable","23":"purchasable","24":"product-type-variable"},"aioseo_notices":[],"uagb_featured_image_src":{"full":["https:\/\/mapospheres.eu\/wp-content\/uploads\/2026\/02\/CANVAS_13_BW_MP_3_SINGAPORE.jpg",1000,1000,false],"thumbnail":["https:\/\/mapospheres.eu\/wp-content\/uploads\/2026\/02\/CANVAS_13_BW_MP_3_SINGAPORE-150x150.jpg",150,150,true],"medium":["https:\/\/mapospheres.eu\/wp-content\/uploads\/2026\/02\/CANVAS_13_BW_MP_3_SINGAPORE-300x300.jpg",300,300,true],"medium_large":["https:\/\/mapospheres.eu\/wp-content\/uploads\/2026\/02\/CANVAS_13_BW_MP_3_SINGAPORE-768x768.jpg",768,768,true],"large":["https:\/\/mapospheres.eu\/wp-content\/uploads\/2026\/02\/CANVAS_13_BW_MP_3_SINGAPORE.jpg",1000,1000,false],"1536x1536":["https:\/\/mapospheres.eu\/wp-content\/uploads\/2026\/02\/CANVAS_13_BW_MP_3_SINGAPORE.jpg",1000,1000,false],"2048x2048":["https:\/\/mapospheres.eu\/wp-content\/uploads\/2026\/02\/CANVAS_13_BW_MP_3_SINGAPORE.jpg",1000,1000,false],"woocommerce_thumbnail":["https:\/\/mapospheres.eu\/wp-content\/uploads\/2026\/02\/CANVAS_13_BW_MP_3_SINGAPORE-300x300.jpg",300,300,true],"woocommerce_single":["https:\/\/mapospheres.eu\/wp-content\/uploads\/2026\/02\/CANVAS_13_BW_MP_3_SINGAPORE-600x600.jpg",600,600,true],"woocommerce_gallery_thumbnail":["https:\/\/mapospheres.eu\/wp-content\/uploads\/2026\/02\/CANVAS_13_BW_MP_3_SINGAPORE-100x100.jpg",100,100,true]},"uagb_author_info":{"display_name":"sgainot04@gmail.com","author_link":"https:\/\/mapospheres.eu\/fr\/author\/"},"uagb_comment_info":0,"uagb_excerpt":"Obtenez une City Map \u2013 Carte de ville murale - imprim\u00e9e de la ville de Singapour, R\u00e9publique de Singapour. Choisissez ci-dessous la taille, la couleur et le design de votre carte !","_links":{"self":[{"href":"https:\/\/mapospheres.eu\/fr\/wp-json\/wp\/v2\/product\/14737","targetHints":{"allow":["GET"]}}],"collection":[{"href":"https:\/\/mapospheres.eu\/fr\/wp-json\/wp\/v2\/product"}],"about":[{"href":"https:\/\/mapospheres.eu\/fr\/wp-json\/wp\/v2\/types\/product"}],"wp:featuredmedia":[{"embeddable":true,"href":"https:\/\/mapospheres.eu\/fr\/wp-json\/wp\/v2\/media\/15814"}],"wp:attachment":[{"href":"https:\/\/mapospheres.eu\/fr\/wp-json\/wp\/v2\/media?parent=14737"}],"wp:term":[{"taxonomy":"product_brand","embeddable":true,"href":"https:\/\/mapospheres.eu\/fr\/wp-json\/wp\/v2\/product_brand?post=14737"},{"taxonomy":"product_cat","embeddable":true,"href":"https:\/\/mapospheres.eu\/fr\/wp-json\/wp\/v2\/product_cat?post=14737"},{"taxonomy":"product_tag","embeddable":true,"href":"https:\/\/mapospheres.eu\/fr\/wp-json\/wp\/v2\/product_tag?post=14737"}],"curies":[{"name":"wp","href":"https:\/\/api.w.org\/{rel}","templated":true}]}}