{"id":14738,"date":"2026-02-12T14:54:23","date_gmt":"2026-02-12T14:54:23","guid":{"rendered":"https:\/\/mapospheres.eu\/product\/poster-of-caracas-venezuela\/"},"modified":"2026-02-17T14:59:52","modified_gmt":"2026-02-17T14:59:52","slug":"poster-of-caracas-venezuela","status":"publish","type":"product","link":"https:\/\/mapospheres.eu\/fr\/product\/poster-de-caracas-venezuela-fr\/","title":{"rendered":"Poster de Caracas | V\u00e9n\u00e9zuela"},"content":{"rendered":"<p><strong>Poster City map de Caracas, Venezuela\u00a0: Cette carte de Caracas ne se limite pas aux rues et aux b\u00e2timents\u00a0; elle vise \u00e0 capturer le pouls d\u2019une ville qui vit en harmonie avec son paysage extraordinaire.<\/strong><\/p>\n<p>Caracas, la capitale vibrante du Venezuela, se niche entre les sommets imposants des Andes et les vall\u00e9es tropicales luxuriantes en contrebas, offrant un paysage urbain aussi spectaculaire que magnifique. Cette carte illustre la g\u00e9ographie unique de Caracas, o\u00f9 la ville semble d\u00e9valer les flancs des montagnes, la v\u00e9g\u00e9tation luxuriante des environs traversant l&rsquo;\u00e9tendue urbaine comme des veines de nature irriguant une ville vivante. L&rsquo;une des caract\u00e9ristiques marquantes de Caracas est sa topographie spectaculaire. L&#8217;embl\u00e9matique mont \u00c1vila, dominant la ville, est un \u00e9l\u00e9ment constant du quotidien de ses habitants, offrant un d\u00e9cor qui change au fil des saisons, des matins brumeux aux apr\u00e8s-midis lumineux et clairs. Caracas est \u00e9galement une ville charg\u00e9e d&rsquo;histoire, avec des monuments tels que l&rsquo;imposant Palacio de Miraflores, si\u00e8ge de la pr\u00e9sidence v\u00e9n\u00e9zu\u00e9lienne, et la charmante cath\u00e9drale de Caracas, de style colonial, qui t\u00e9moigne avec discr\u00e9tion des profondes racines de la ville. Du centre historique et ses b\u00e2timents coloniaux aux gratte-ciel modernes qui dessinent aujourd&rsquo;hui l&rsquo;horizon, la carte r\u00e9v\u00e8le une ville qui m\u00eale l&rsquo;ancien et le nouveau de fa\u00e7on fascinante.<\/p>\n","protected":false},"excerpt":{"rendered":"<p>Obtenez une City Map \u2013 Carte de ville murale &#8211; imprim\u00e9e de la ville de Caracas, V\u00e9n\u00e9zuela.<br \/>\nChoisissez ci-dessous la taille, la couleur et le design de votre carte !<\/p>\n","protected":false},"featured_media":15800,"template":"","meta":{"_uag_custom_page_level_css":"","_monsterinsights_skip_tracking":false,"_monsterinsights_sitenote_active":false,"_monsterinsights_sitenote_note":"","_monsterinsights_sitenote_category":0,"site-sidebar-layout":"default","site-content-layout":"","ast-site-content-layout":"default","site-content-style":"default","site-sidebar-style":"default","ast-global-header-display":"","ast-banner-title-visibility":"","ast-main-header-display":"","ast-hfb-above-header-display":"","ast-hfb-below-header-display":"","ast-hfb-mobile-header-display":"","site-post-title":"","ast-breadcrumbs-content":"","ast-featured-img":"","footer-sml-layout":"","ast-disable-related-posts":"","theme-transparent-header-meta":"default","adv-header-id-meta":"","stick-header-meta":"","header-above-stick-meta":"","header-main-stick-meta":"","header-below-stick-meta":"","astra-migrate-meta-layouts":"set","ast-page-background-enabled":"default","ast-page-background-meta":{"desktop":{"background-color":"","background-image":"","background-repeat":"repeat","background-position":"center center","background-size":"auto","background-attachment":"scroll","background-type":"","background-media":"","overlay-type":"","overlay-color":"","overlay-opacity":"","overlay-gradient":""},"tablet":{"background-color":"","background-image":"","background-repeat":"repeat","background-position":"center center","background-size":"auto","background-attachment":"scroll","background-type":"","background-media":"","overlay-type":"","overlay-color":"","overlay-opacity":"","overlay-gradient":""},"mobile":{"background-color":"","background-image":"","background-repeat":"repeat","background-position":"center center","background-size":"auto","background-attachment":"scroll","background-type":"","background-media":"","overlay-type":"","overlay-color":"","overlay-opacity":"","overlay-gradient":""}},"ast-content-background-meta":{"desktop":{"background-color":"var(--ast-global-color-5)","background-image":"","background-repeat":"repeat","background-position":"center center","background-size":"auto","background-attachment":"scroll","background-type":"","background-media":"","overlay-type":"","overlay-color":"","overlay-opacity":"","overlay-gradient":""},"tablet":{"background-color":"var(--ast-global-color-5)","background-image":"","background-repeat":"repeat","background-position":"center center","background-size":"auto","background-attachment":"scroll","background-type":"","background-media":"","overlay-type":"","overlay-color":"","overlay-opacity":"","overlay-gradient":""},"mobile":{"background-color":"var(--ast-global-color-5)","background-image":"","background-repeat":"repeat","background-position":"center center","background-size":"auto","background-attachment":"scroll","background-type":"","background-media":"","overlay-type":"","overlay-color":"","overlay-opacity":"","overlay-gradient":""}}},"product_brand":[],"product_cat":[18,465],"product_tag":[34,35,36,37,39,642,40,42,643],"class_list":{"0":"post-14738","1":"product","2":"type-product","3":"status-publish","4":"has-post-thumbnail","6":"product_cat-city-maps","7":"product_cat-featured_esp","8":"product_tag-30x40","9":"product_tag-40x50","10":"product_tag-50x70","11":"product_tag-70x100","12":"product_tag-canvas","13":"product_tag-caracas","14":"product_tag-city-map","15":"product_tag-south-america","16":"product_tag-venezuela","17":"desktop-align-left","18":"tablet-align-left","19":"mobile-align-left","21":"first","22":"instock","23":"shipping-taxable","24":"purchasable","25":"product-type-variable"},"aioseo_notices":[],"uagb_featured_image_src":{"full":["https:\/\/mapospheres.eu\/wp-content\/uploads\/2026\/02\/CANVAS_11_NIGHT_3RD_1_CARACAS.jpg",1000,1000,false],"thumbnail":["https:\/\/mapospheres.eu\/wp-content\/uploads\/2026\/02\/CANVAS_11_NIGHT_3RD_1_CARACAS-150x150.jpg",150,150,true],"medium":["https:\/\/mapospheres.eu\/wp-content\/uploads\/2026\/02\/CANVAS_11_NIGHT_3RD_1_CARACAS-300x300.jpg",300,300,true],"medium_large":["https:\/\/mapospheres.eu\/wp-content\/uploads\/2026\/02\/CANVAS_11_NIGHT_3RD_1_CARACAS-768x768.jpg",768,768,true],"large":["https:\/\/mapospheres.eu\/wp-content\/uploads\/2026\/02\/CANVAS_11_NIGHT_3RD_1_CARACAS.jpg",1000,1000,false],"1536x1536":["https:\/\/mapospheres.eu\/wp-content\/uploads\/2026\/02\/CANVAS_11_NIGHT_3RD_1_CARACAS.jpg",1000,1000,false],"2048x2048":["https:\/\/mapospheres.eu\/wp-content\/uploads\/2026\/02\/CANVAS_11_NIGHT_3RD_1_CARACAS.jpg",1000,1000,false],"woocommerce_thumbnail":["https:\/\/mapospheres.eu\/wp-content\/uploads\/2026\/02\/CANVAS_11_NIGHT_3RD_1_CARACAS-300x300.jpg",300,300,true],"woocommerce_single":["https:\/\/mapospheres.eu\/wp-content\/uploads\/2026\/02\/CANVAS_11_NIGHT_3RD_1_CARACAS-600x600.jpg",600,600,true],"woocommerce_gallery_thumbnail":["https:\/\/mapospheres.eu\/wp-content\/uploads\/2026\/02\/CANVAS_11_NIGHT_3RD_1_CARACAS-100x100.jpg",100,100,true]},"uagb_author_info":{"display_name":"sgainot04@gmail.com","author_link":"https:\/\/mapospheres.eu\/fr\/author\/"},"uagb_comment_info":0,"uagb_excerpt":"Obtenez une City Map \u2013 Carte de ville murale - imprim\u00e9e de la ville de Caracas, V\u00e9n\u00e9zuela. Choisissez ci-dessous la taille, la couleur et le design de votre carte !","_links":{"self":[{"href":"https:\/\/mapospheres.eu\/fr\/wp-json\/wp\/v2\/product\/14738","targetHints":{"allow":["GET"]}}],"collection":[{"href":"https:\/\/mapospheres.eu\/fr\/wp-json\/wp\/v2\/product"}],"about":[{"href":"https:\/\/mapospheres.eu\/fr\/wp-json\/wp\/v2\/types\/product"}],"wp:featuredmedia":[{"embeddable":true,"href":"https:\/\/mapospheres.eu\/fr\/wp-json\/wp\/v2\/media\/15800"}],"wp:attachment":[{"href":"https:\/\/mapospheres.eu\/fr\/wp-json\/wp\/v2\/media?parent=14738"}],"wp:term":[{"taxonomy":"product_brand","embeddable":true,"href":"https:\/\/mapospheres.eu\/fr\/wp-json\/wp\/v2\/product_brand?post=14738"},{"taxonomy":"product_cat","embeddable":true,"href":"https:\/\/mapospheres.eu\/fr\/wp-json\/wp\/v2\/product_cat?post=14738"},{"taxonomy":"product_tag","embeddable":true,"href":"https:\/\/mapospheres.eu\/fr\/wp-json\/wp\/v2\/product_tag?post=14738"}],"curies":[{"name":"wp","href":"https:\/\/api.w.org\/{rel}","templated":true}]}}