{"id":14740,"date":"2026-02-12T14:54:32","date_gmt":"2026-02-12T14:54:32","guid":{"rendered":"https:\/\/mapospheres.eu\/product\/poster-of-caen-france\/"},"modified":"2026-02-19T09:24:10","modified_gmt":"2026-02-19T09:24:10","slug":"poster-of-caen-france","status":"publish","type":"product","link":"https:\/\/mapospheres.eu\/fr\/product\/poster-de-caen-france\/","title":{"rendered":"Poster de Caen | France"},"content":{"rendered":"<p><strong>Poster City map de Caen, France : ses b\u00e2timents racontent l\u2019histoire d\u2019une ville qui a travers\u00e9 les \u00e2ges, de la gloire m\u00e9di\u00e9vale aux d\u00e9fis de la Seconde Guerre mondiale<\/strong><\/p>\n<p>Cette carte capture l\u2019essence du paysage de Caen, o\u00f9 le doux flot de l\u2019Orne rencontre les vastes espaces verts de la ville, cr\u00e9ant un contraste apaisant avec les rues anim\u00e9es. La repr\u00e9sentation de la rivi\u00e8re sur la carte, serpentant \u00e0 travers la ville, rappelle subtilement comment l&rsquo;eau a fa\u00e7onn\u00e9 Caen au fil des si\u00e8cles, servant autrefois de route vitale pour le commerce et le transport. La silhouette imposante du Ch\u00e2teau de Caen, perch\u00e9 sur une colline, domine l\u2019horizon de la ville. Construit par Guillaume le Conqu\u00e9rant au XIe si\u00e8cle, cette forteresse a \u00e9t\u00e9 t\u00e9moin de l\u2019ascension et de la chute des empires, mais aujourd\u2019hui elle reste un gardien silencieux du pass\u00e9 de la ville. Non loin du Ch\u00e2teau, le paisible Jardin des Plantes offre un souffle d\u2019air frais avec ses pelouses soigneusement entretenues et ses chemins tranquilles, invitant les visiteurs \u00e0 fl\u00e2ner \u00e0 travers ses \u00e9tendues vertes. Plus au sud, la carte met en \u00e9vidence la vaste \u00e9tendue du Parc Michel d&rsquo;Ornano, un parfait exemple de la fa\u00e7on dont Caen marie nature et vie urbaine. C\u2019est ici que l\u2019on peut trouver des habitants en train de faire du jogging, de pique-niquer, ou tout simplement de profiter du calme au milieu de l\u2019agitation de la vie citadine. La carte pr\u00e9sente \u00e9galement le vieux Caen avec ses rues \u00e9troites et ses places pittoresques, o\u00f9 les caf\u00e9s s&rsquo;\u00e9tendent sur les trottoirs, servant un caf\u00e9 au lait \u00e0 ceux qui appr\u00e9cient le rythme tranquille de la vie.<\/p>\n","protected":false},"excerpt":{"rendered":"<p>Obtenez une City Map \u2013 Carte de ville murale &#8211; imprim\u00e9e de la ville de Caen, France .<br \/>\nChoisissez ci-dessous la taille, la couleur et le design de votre carte !<\/p>\n","protected":false},"featured_media":15535,"template":"","meta":{"_uag_custom_page_level_css":"","_monsterinsights_skip_tracking":false,"_monsterinsights_sitenote_active":false,"_monsterinsights_sitenote_note":"","_monsterinsights_sitenote_category":0,"site-sidebar-layout":"default","site-content-layout":"","ast-site-content-layout":"default","site-content-style":"default","site-sidebar-style":"default","ast-global-header-display":"","ast-banner-title-visibility":"","ast-main-header-display":"","ast-hfb-above-header-display":"","ast-hfb-below-header-display":"","ast-hfb-mobile-header-display":"","site-post-title":"","ast-breadcrumbs-content":"","ast-featured-img":"","footer-sml-layout":"","ast-disable-related-posts":"","theme-transparent-header-meta":"default","adv-header-id-meta":"","stick-header-meta":"","header-above-stick-meta":"","header-main-stick-meta":"","header-below-stick-meta":"","astra-migrate-meta-layouts":"set","ast-page-background-enabled":"default","ast-page-background-meta":{"desktop":{"background-color":"","background-image":"","background-repeat":"repeat","background-position":"center center","background-size":"auto","background-attachment":"scroll","background-type":"","background-media":"","overlay-type":"","overlay-color":"","overlay-opacity":"","overlay-gradient":""},"tablet":{"background-color":"","background-image":"","background-repeat":"repeat","background-position":"center center","background-size":"auto","background-attachment":"scroll","background-type":"","background-media":"","overlay-type":"","overlay-color":"","overlay-opacity":"","overlay-gradient":""},"mobile":{"background-color":"","background-image":"","background-repeat":"repeat","background-position":"center center","background-size":"auto","background-attachment":"scroll","background-type":"","background-media":"","overlay-type":"","overlay-color":"","overlay-opacity":"","overlay-gradient":""}},"ast-content-background-meta":{"desktop":{"background-color":"var(--ast-global-color-5)","background-image":"","background-repeat":"repeat","background-position":"center center","background-size":"auto","background-attachment":"scroll","background-type":"","background-media":"","overlay-type":"","overlay-color":"","overlay-opacity":"","overlay-gradient":""},"tablet":{"background-color":"var(--ast-global-color-5)","background-image":"","background-repeat":"repeat","background-position":"center center","background-size":"auto","background-attachment":"scroll","background-type":"","background-media":"","overlay-type":"","overlay-color":"","overlay-opacity":"","overlay-gradient":""},"mobile":{"background-color":"var(--ast-global-color-5)","background-image":"","background-repeat":"repeat","background-position":"center center","background-size":"auto","background-attachment":"scroll","background-type":"","background-media":"","overlay-type":"","overlay-color":"","overlay-opacity":"","overlay-gradient":""}}},"product_brand":[],"product_cat":[18,464],"product_tag":[34,35,36,37,640,39,40,93,100],"class_list":{"0":"post-14740","1":"product","2":"type-product","3":"status-publish","4":"has-post-thumbnail","6":"product_cat-city-maps","7":"product_cat-featured_fr","8":"product_tag-30x40","9":"product_tag-40x50","10":"product_tag-50x70","11":"product_tag-70x100","12":"product_tag-caen","13":"product_tag-canvas","14":"product_tag-city-map","15":"product_tag-europe","16":"product_tag-france","17":"desktop-align-left","18":"tablet-align-left","19":"mobile-align-left","21":"first","22":"instock","23":"shipping-taxable","24":"purchasable","25":"product-type-variable"},"aioseo_notices":[],"uagb_featured_image_src":{"full":["https:\/\/mapospheres.eu\/wp-content\/uploads\/2026\/02\/CANVAS_13_BW_MP_3_CAEN.jpg",1000,1000,false],"thumbnail":["https:\/\/mapospheres.eu\/wp-content\/uploads\/2026\/02\/CANVAS_13_BW_MP_3_CAEN-150x150.jpg",150,150,true],"medium":["https:\/\/mapospheres.eu\/wp-content\/uploads\/2026\/02\/CANVAS_13_BW_MP_3_CAEN-300x300.jpg",300,300,true],"medium_large":["https:\/\/mapospheres.eu\/wp-content\/uploads\/2026\/02\/CANVAS_13_BW_MP_3_CAEN-768x768.jpg",768,768,true],"large":["https:\/\/mapospheres.eu\/wp-content\/uploads\/2026\/02\/CANVAS_13_BW_MP_3_CAEN.jpg",1000,1000,false],"1536x1536":["https:\/\/mapospheres.eu\/wp-content\/uploads\/2026\/02\/CANVAS_13_BW_MP_3_CAEN.jpg",1000,1000,false],"2048x2048":["https:\/\/mapospheres.eu\/wp-content\/uploads\/2026\/02\/CANVAS_13_BW_MP_3_CAEN.jpg",1000,1000,false],"woocommerce_thumbnail":["https:\/\/mapospheres.eu\/wp-content\/uploads\/2026\/02\/CANVAS_13_BW_MP_3_CAEN-300x300.jpg",300,300,true],"woocommerce_single":["https:\/\/mapospheres.eu\/wp-content\/uploads\/2026\/02\/CANVAS_13_BW_MP_3_CAEN-600x600.jpg",600,600,true],"woocommerce_gallery_thumbnail":["https:\/\/mapospheres.eu\/wp-content\/uploads\/2026\/02\/CANVAS_13_BW_MP_3_CAEN-100x100.jpg",100,100,true]},"uagb_author_info":{"display_name":"sgainot04@gmail.com","author_link":"https:\/\/mapospheres.eu\/fr\/author\/"},"uagb_comment_info":0,"uagb_excerpt":"Obtenez une City Map \u2013 Carte de ville murale - imprim\u00e9e de la ville de Caen, France . Choisissez ci-dessous la taille, la couleur et le design de votre carte !","_links":{"self":[{"href":"https:\/\/mapospheres.eu\/fr\/wp-json\/wp\/v2\/product\/14740","targetHints":{"allow":["GET"]}}],"collection":[{"href":"https:\/\/mapospheres.eu\/fr\/wp-json\/wp\/v2\/product"}],"about":[{"href":"https:\/\/mapospheres.eu\/fr\/wp-json\/wp\/v2\/types\/product"}],"wp:featuredmedia":[{"embeddable":true,"href":"https:\/\/mapospheres.eu\/fr\/wp-json\/wp\/v2\/media\/15535"}],"wp:attachment":[{"href":"https:\/\/mapospheres.eu\/fr\/wp-json\/wp\/v2\/media?parent=14740"}],"wp:term":[{"taxonomy":"product_brand","embeddable":true,"href":"https:\/\/mapospheres.eu\/fr\/wp-json\/wp\/v2\/product_brand?post=14740"},{"taxonomy":"product_cat","embeddable":true,"href":"https:\/\/mapospheres.eu\/fr\/wp-json\/wp\/v2\/product_cat?post=14740"},{"taxonomy":"product_tag","embeddable":true,"href":"https:\/\/mapospheres.eu\/fr\/wp-json\/wp\/v2\/product_tag?post=14740"}],"curies":[{"name":"wp","href":"https:\/\/api.w.org\/{rel}","templated":true}]}}