{"id":14743,"date":"2026-02-12T14:54:45","date_gmt":"2026-02-12T14:54:45","guid":{"rendered":"https:\/\/mapospheres.eu\/product\/poster-of-izmir-turkiye\/"},"modified":"2026-02-16T14:04:08","modified_gmt":"2026-02-16T14:04:08","slug":"poster-of-izmir-turkiye","status":"publish","type":"product","link":"https:\/\/mapospheres.eu\/fr\/product\/poster-d-izmir-turquie\/","title":{"rendered":"Poster d'Izmir | Turquie"},"content":{"rendered":"<p><strong>Poster City map d&rsquo;Izmir, Turquie : Le c\u00e9l\u00e8bre Kadifekale, perch\u00e9 haut au-dessus de la ville, murmure des histoires de son pass\u00e9 byzantin et ottoman, tandis que le front de mer modernis\u00e9, avec ses march\u00e9s anim\u00e9s et ses caf\u00e9s, montre une ville qui embrasse \u00e0 la fois l&rsquo;histoire et la modernit\u00e9.<\/strong><\/p>\n<p> Le terrain de la ville est fa\u00e7onn\u00e9 par la beaut\u00e9 naturelle de ses collines et la vaste \u00e9tendue de la baie. Izmir se trouve sur une s\u00e9rie de pentes, les collines s&rsquo;\u00e9levant derri\u00e8re la ville, offrant des vues spectaculaires sur la mer en contrebas. La carte capture la fa\u00e7on dont la terre et l&rsquo;eau se rencontrent, la ville s&rsquo;\u00e9tendant le long de la c\u00f4te comme un bras accueillant, vous invitant \u00e0 explorer ses rues et ses monuments. En termes d&rsquo;espaces verts, Izmir se distingue avec des parcs luxuriants comme le K\u00fclt\u00fcrpark, un lieu pris\u00e9 des habitants et des visiteurs, offrant une escapade paisible loin des rues anim\u00e9es. Les promenades c\u00f4ti\u00e8res de la ville, o\u00f9 le parfum de la mer se m\u00eale au bourdonnement de la vie urbaine, ajoutent au charme unique d&rsquo;Izmir. Des monuments notables tels que l&rsquo;ancienne Agora et la majestueuse Horloge se d\u00e9marquent, refl\u00e9tant la longue histoire de la ville\u2014autrefois connue sous le nom de Smyrne, un acteur cl\u00e9 des civilisations antiques.<\/p>\n","protected":false},"excerpt":{"rendered":"<p>Obtenez une City Map \u2013 Carte de ville murale &#8211; imprim\u00e9e de la ville d&rsquo;Izmir, Turquie.<br \/>\nChoisissez ci-dessous la taille, la couleur et le design de votre carte !<\/p>\n","protected":false},"featured_media":15503,"template":"","meta":{"_uag_custom_page_level_css":"","_monsterinsights_skip_tracking":false,"_monsterinsights_sitenote_active":false,"_monsterinsights_sitenote_note":"","_monsterinsights_sitenote_category":0,"site-sidebar-layout":"default","site-content-layout":"","ast-site-content-layout":"default","site-content-style":"default","site-sidebar-style":"default","ast-global-header-display":"","ast-banner-title-visibility":"","ast-main-header-display":"","ast-hfb-above-header-display":"","ast-hfb-below-header-display":"","ast-hfb-mobile-header-display":"","site-post-title":"","ast-breadcrumbs-content":"","ast-featured-img":"","footer-sml-layout":"","ast-disable-related-posts":"","theme-transparent-header-meta":"default","adv-header-id-meta":"","stick-header-meta":"","header-above-stick-meta":"","header-main-stick-meta":"","header-below-stick-meta":"","astra-migrate-meta-layouts":"set","ast-page-background-enabled":"default","ast-page-background-meta":{"desktop":{"background-color":"","background-image":"","background-repeat":"repeat","background-position":"center center","background-size":"auto","background-attachment":"scroll","background-type":"","background-media":"","overlay-type":"","overlay-color":"","overlay-opacity":"","overlay-gradient":""},"tablet":{"background-color":"","background-image":"","background-repeat":"repeat","background-position":"center center","background-size":"auto","background-attachment":"scroll","background-type":"","background-media":"","overlay-type":"","overlay-color":"","overlay-opacity":"","overlay-gradient":""},"mobile":{"background-color":"","background-image":"","background-repeat":"repeat","background-position":"center center","background-size":"auto","background-attachment":"scroll","background-type":"","background-media":"","overlay-type":"","overlay-color":"","overlay-opacity":"","overlay-gradient":""}},"ast-content-background-meta":{"desktop":{"background-color":"var(--ast-global-color-5)","background-image":"","background-repeat":"repeat","background-position":"center center","background-size":"auto","background-attachment":"scroll","background-type":"","background-media":"","overlay-type":"","overlay-color":"","overlay-opacity":"","overlay-gradient":""},"tablet":{"background-color":"var(--ast-global-color-5)","background-image":"","background-repeat":"repeat","background-position":"center center","background-size":"auto","background-attachment":"scroll","background-type":"","background-media":"","overlay-type":"","overlay-color":"","overlay-opacity":"","overlay-gradient":""},"mobile":{"background-color":"var(--ast-global-color-5)","background-image":"","background-repeat":"repeat","background-position":"center center","background-size":"auto","background-attachment":"scroll","background-type":"","background-media":"","overlay-type":"","overlay-color":"","overlay-opacity":"","overlay-gradient":""}}},"product_brand":[],"product_cat":[18],"product_tag":[34,35,36,37,226,39,40,93,636,325],"class_list":{"0":"post-14743","1":"product","2":"type-product","3":"status-publish","4":"has-post-thumbnail","6":"product_cat-city-maps","7":"product_tag-30x40","8":"product_tag-40x50","9":"product_tag-50x70","10":"product_tag-70x100","11":"product_tag-asia","12":"product_tag-canvas","13":"product_tag-city-map","14":"product_tag-europe","15":"product_tag-izmir","16":"product_tag-turkey","17":"desktop-align-left","18":"tablet-align-left","19":"mobile-align-left","21":"first","22":"instock","23":"shipping-taxable","24":"purchasable","25":"product-type-variable"},"aioseo_notices":[],"uagb_featured_image_src":{"full":["https:\/\/mapospheres.eu\/wp-content\/uploads\/2026\/02\/Z21_NIGHT_FULL__IZMIR.jpg",1000,1000,false],"thumbnail":["https:\/\/mapospheres.eu\/wp-content\/uploads\/2026\/02\/Z21_NIGHT_FULL__IZMIR-150x150.jpg",150,150,true],"medium":["https:\/\/mapospheres.eu\/wp-content\/uploads\/2026\/02\/Z21_NIGHT_FULL__IZMIR-300x300.jpg",300,300,true],"medium_large":["https:\/\/mapospheres.eu\/wp-content\/uploads\/2026\/02\/Z21_NIGHT_FULL__IZMIR-768x768.jpg",768,768,true],"large":["https:\/\/mapospheres.eu\/wp-content\/uploads\/2026\/02\/Z21_NIGHT_FULL__IZMIR.jpg",1000,1000,false],"1536x1536":["https:\/\/mapospheres.eu\/wp-content\/uploads\/2026\/02\/Z21_NIGHT_FULL__IZMIR.jpg",1000,1000,false],"2048x2048":["https:\/\/mapospheres.eu\/wp-content\/uploads\/2026\/02\/Z21_NIGHT_FULL__IZMIR.jpg",1000,1000,false],"woocommerce_thumbnail":["https:\/\/mapospheres.eu\/wp-content\/uploads\/2026\/02\/Z21_NIGHT_FULL__IZMIR-300x300.jpg",300,300,true],"woocommerce_single":["https:\/\/mapospheres.eu\/wp-content\/uploads\/2026\/02\/Z21_NIGHT_FULL__IZMIR-600x600.jpg",600,600,true],"woocommerce_gallery_thumbnail":["https:\/\/mapospheres.eu\/wp-content\/uploads\/2026\/02\/Z21_NIGHT_FULL__IZMIR-100x100.jpg",100,100,true]},"uagb_author_info":{"display_name":"sgainot04@gmail.com","author_link":"https:\/\/mapospheres.eu\/fr\/author\/"},"uagb_comment_info":0,"uagb_excerpt":"Obtenez une City Map \u2013 Carte de ville murale - imprim\u00e9e de la ville d'Izmir, Turquie. Choisissez ci-dessous la taille, la couleur et le design de votre carte !","_links":{"self":[{"href":"https:\/\/mapospheres.eu\/fr\/wp-json\/wp\/v2\/product\/14743","targetHints":{"allow":["GET"]}}],"collection":[{"href":"https:\/\/mapospheres.eu\/fr\/wp-json\/wp\/v2\/product"}],"about":[{"href":"https:\/\/mapospheres.eu\/fr\/wp-json\/wp\/v2\/types\/product"}],"wp:featuredmedia":[{"embeddable":true,"href":"https:\/\/mapospheres.eu\/fr\/wp-json\/wp\/v2\/media\/15503"}],"wp:attachment":[{"href":"https:\/\/mapospheres.eu\/fr\/wp-json\/wp\/v2\/media?parent=14743"}],"wp:term":[{"taxonomy":"product_brand","embeddable":true,"href":"https:\/\/mapospheres.eu\/fr\/wp-json\/wp\/v2\/product_brand?post=14743"},{"taxonomy":"product_cat","embeddable":true,"href":"https:\/\/mapospheres.eu\/fr\/wp-json\/wp\/v2\/product_cat?post=14743"},{"taxonomy":"product_tag","embeddable":true,"href":"https:\/\/mapospheres.eu\/fr\/wp-json\/wp\/v2\/product_tag?post=14743"}],"curies":[{"name":"wp","href":"https:\/\/api.w.org\/{rel}","templated":true}]}}