{"id":14744,"date":"2026-02-12T14:54:49","date_gmt":"2026-02-12T14:54:49","guid":{"rendered":"https:\/\/mapospheres.eu\/product\/poster-of-saint-petersburg-russia\/"},"modified":"2026-02-16T14:04:38","modified_gmt":"2026-02-16T14:04:38","slug":"poster-of-saint-petersburg-russia","status":"publish","type":"product","link":"https:\/\/mapospheres.eu\/fr\/product\/poster-de-saint-petersbourg-russie\/","title":{"rendered":"Poster de Saint-P\u00e9tersbourg | Russie"},"content":{"rendered":"<p><strong>Poster City map de Saint-P\u00e9tersbourg, Russie : Cette carte est un livre d&rsquo;histoires vivant de l&rsquo;\u00e9volution de la ville, de la vision de Pierre le Grand \u00e0 sa vibrante culture actuelle.<\/strong><\/p>\n<p>La rivi\u00e8re Neva, serpentant \u00e0 travers la ville, se dresse comme le c\u0153ur battant de Saint-P\u00e9tersbourg, divisant la ville en ses \u00eeles historiques. Les c\u00e9l\u00e8bres canaux qui d\u00e9bordent de ses rives, autrefois art\u00e8res du commerce, offrent d\u00e9sormais un charme pittoresque, serpentant \u00e0 travers les quartiers comme une toile d\u00e9licate. Cette carte met en \u00e9vidence le terrain signature de la ville : plat, avec une s\u00e9rie de zones basses et de mar\u00e9cages qui furent autrefois drain\u00e9s pour construire cette grande m\u00e9tropole. Vous trouverez des espaces verts s&rsquo;\u00e9tendant le long des rives de la Neva, offrant un r\u00e9pit au tumulte urbain. Les vastes \u00e9tendues du Jardin d&rsquo;\u00c9t\u00e9 et l&rsquo;immensit\u00e9 du parc Catherine invitent \u00e0 une promenade paisible \u00e0 travers l\u2019histoire, \u00e9cho des murmures des tsars et de leur cour. Les points de rep\u00e8re majeurs, comme la grandeur du Palais d&rsquo;Hiver et la silhouette iconique de la forteresse Pierre-et-Paul, dominent la carte, nous rappelant que Saint-P\u00e9tersbourg fut autrefois une ville fa\u00e7onn\u00e9e pour les empereurs. Et qui pourrait oublier l&rsquo;histoire des Nuits Blanches, o\u00f9 la ville ne dort jamais vraiment sous le soleil d&rsquo;\u00e9t\u00e9 ?<\/p>\n","protected":false},"excerpt":{"rendered":"<p>Obtenez une City Map \u2013 Carte de ville murale &#8211; imprim\u00e9e de la ville de Saint-P\u00e9tersbourg, Russie.<br \/>\nChoisissez ci-dessous la taille, la couleur et le design de votre carte !<\/p>\n","protected":false},"featured_media":15490,"template":"","meta":{"_uag_custom_page_level_css":"","_monsterinsights_skip_tracking":false,"_monsterinsights_sitenote_active":false,"_monsterinsights_sitenote_note":"","_monsterinsights_sitenote_category":0,"site-sidebar-layout":"default","site-content-layout":"","ast-site-content-layout":"default","site-content-style":"default","site-sidebar-style":"default","ast-global-header-display":"","ast-banner-title-visibility":"","ast-main-header-display":"","ast-hfb-above-header-display":"","ast-hfb-below-header-display":"","ast-hfb-mobile-header-display":"","site-post-title":"","ast-breadcrumbs-content":"","ast-featured-img":"","footer-sml-layout":"","ast-disable-related-posts":"","theme-transparent-header-meta":"default","adv-header-id-meta":"","stick-header-meta":"","header-above-stick-meta":"","header-main-stick-meta":"","header-below-stick-meta":"","astra-migrate-meta-layouts":"set","ast-page-background-enabled":"default","ast-page-background-meta":{"desktop":{"background-color":"","background-image":"","background-repeat":"repeat","background-position":"center center","background-size":"auto","background-attachment":"scroll","background-type":"","background-media":"","overlay-type":"","overlay-color":"","overlay-opacity":"","overlay-gradient":""},"tablet":{"background-color":"","background-image":"","background-repeat":"repeat","background-position":"center center","background-size":"auto","background-attachment":"scroll","background-type":"","background-media":"","overlay-type":"","overlay-color":"","overlay-opacity":"","overlay-gradient":""},"mobile":{"background-color":"","background-image":"","background-repeat":"repeat","background-position":"center center","background-size":"auto","background-attachment":"scroll","background-type":"","background-media":"","overlay-type":"","overlay-color":"","overlay-opacity":"","overlay-gradient":""}},"ast-content-background-meta":{"desktop":{"background-color":"var(--ast-global-color-5)","background-image":"","background-repeat":"repeat","background-position":"center center","background-size":"auto","background-attachment":"scroll","background-type":"","background-media":"","overlay-type":"","overlay-color":"","overlay-opacity":"","overlay-gradient":""},"tablet":{"background-color":"var(--ast-global-color-5)","background-image":"","background-repeat":"repeat","background-position":"center center","background-size":"auto","background-attachment":"scroll","background-type":"","background-media":"","overlay-type":"","overlay-color":"","overlay-opacity":"","overlay-gradient":""},"mobile":{"background-color":"var(--ast-global-color-5)","background-image":"","background-repeat":"repeat","background-position":"center center","background-size":"auto","background-attachment":"scroll","background-type":"","background-media":"","overlay-type":"","overlay-color":"","overlay-opacity":"","overlay-gradient":""}}},"product_brand":[],"product_cat":[18],"product_tag":[34,35,36,37,39,40,93,634,635],"class_list":{"0":"post-14744","1":"product","2":"type-product","3":"status-publish","4":"has-post-thumbnail","6":"product_cat-city-maps","7":"product_tag-30x40","8":"product_tag-40x50","9":"product_tag-50x70","10":"product_tag-70x100","11":"product_tag-canvas","12":"product_tag-city-map","13":"product_tag-europe","14":"product_tag-russie","15":"product_tag-saint-petersburg","16":"desktop-align-left","17":"tablet-align-left","18":"mobile-align-left","20":"first","21":"instock","22":"shipping-taxable","23":"purchasable","24":"product-type-variable"},"aioseo_notices":[],"uagb_featured_image_src":{"full":["https:\/\/mapospheres.eu\/wp-content\/uploads\/2026\/02\/CANVAS_16_BWROUND_2ND_6_STPETERSBOURG.jpg",1000,1000,false],"thumbnail":["https:\/\/mapospheres.eu\/wp-content\/uploads\/2026\/02\/CANVAS_16_BWROUND_2ND_6_STPETERSBOURG-150x150.jpg",150,150,true],"medium":["https:\/\/mapospheres.eu\/wp-content\/uploads\/2026\/02\/CANVAS_16_BWROUND_2ND_6_STPETERSBOURG-300x300.jpg",300,300,true],"medium_large":["https:\/\/mapospheres.eu\/wp-content\/uploads\/2026\/02\/CANVAS_16_BWROUND_2ND_6_STPETERSBOURG-768x768.jpg",768,768,true],"large":["https:\/\/mapospheres.eu\/wp-content\/uploads\/2026\/02\/CANVAS_16_BWROUND_2ND_6_STPETERSBOURG.jpg",1000,1000,false],"1536x1536":["https:\/\/mapospheres.eu\/wp-content\/uploads\/2026\/02\/CANVAS_16_BWROUND_2ND_6_STPETERSBOURG.jpg",1000,1000,false],"2048x2048":["https:\/\/mapospheres.eu\/wp-content\/uploads\/2026\/02\/CANVAS_16_BWROUND_2ND_6_STPETERSBOURG.jpg",1000,1000,false],"woocommerce_thumbnail":["https:\/\/mapospheres.eu\/wp-content\/uploads\/2026\/02\/CANVAS_16_BWROUND_2ND_6_STPETERSBOURG-300x300.jpg",300,300,true],"woocommerce_single":["https:\/\/mapospheres.eu\/wp-content\/uploads\/2026\/02\/CANVAS_16_BWROUND_2ND_6_STPETERSBOURG-600x600.jpg",600,600,true],"woocommerce_gallery_thumbnail":["https:\/\/mapospheres.eu\/wp-content\/uploads\/2026\/02\/CANVAS_16_BWROUND_2ND_6_STPETERSBOURG-100x100.jpg",100,100,true]},"uagb_author_info":{"display_name":"sgainot04@gmail.com","author_link":"https:\/\/mapospheres.eu\/fr\/author\/"},"uagb_comment_info":0,"uagb_excerpt":"Obtenez une City Map \u2013 Carte de ville murale - imprim\u00e9e de la ville de Saint-P\u00e9tersbourg, Russie. Choisissez ci-dessous la taille, la couleur et le design de votre carte !","_links":{"self":[{"href":"https:\/\/mapospheres.eu\/fr\/wp-json\/wp\/v2\/product\/14744","targetHints":{"allow":["GET"]}}],"collection":[{"href":"https:\/\/mapospheres.eu\/fr\/wp-json\/wp\/v2\/product"}],"about":[{"href":"https:\/\/mapospheres.eu\/fr\/wp-json\/wp\/v2\/types\/product"}],"wp:featuredmedia":[{"embeddable":true,"href":"https:\/\/mapospheres.eu\/fr\/wp-json\/wp\/v2\/media\/15490"}],"wp:attachment":[{"href":"https:\/\/mapospheres.eu\/fr\/wp-json\/wp\/v2\/media?parent=14744"}],"wp:term":[{"taxonomy":"product_brand","embeddable":true,"href":"https:\/\/mapospheres.eu\/fr\/wp-json\/wp\/v2\/product_brand?post=14744"},{"taxonomy":"product_cat","embeddable":true,"href":"https:\/\/mapospheres.eu\/fr\/wp-json\/wp\/v2\/product_cat?post=14744"},{"taxonomy":"product_tag","embeddable":true,"href":"https:\/\/mapospheres.eu\/fr\/wp-json\/wp\/v2\/product_tag?post=14744"}],"curies":[{"name":"wp","href":"https:\/\/api.w.org\/{rel}","templated":true}]}}